{"id":102263,"date":"2020-12-24T13:29:43","date_gmt":"2020-12-24T12:29:43","guid":{"rendered":"https:\/\/peletizadoras.net\/blog\/"},"modified":"2025-12-16T19:01:25","modified_gmt":"2025-12-16T18:01:25","slug":"blog","status":"publish","type":"page","link":"https:\/\/peletizadoras.net\/es-ar\/blog\/","title":{"rendered":"BLOG"},"content":{"rendered":"<p>[et_pb_section fb_built=&#8221;1&#8243; next_background_color=&#8221;#ffffff&#8221; admin_label=&#8221;Hero Section&#8221; _builder_version=&#8221;4.27.4&#8243; background_color=&#8221;#efefef&#8221; use_background_color_gradient=&#8221;on&#8221; background_color_gradient_stops=&#8221;rgba(0,0,0,0.7) 0%|rgba(0,0,0,0) 100%&#8221; background_color_gradient_overlays_image=&#8221;on&#8221; background_image=&#8221;https:\/\/peletizadoras.net\/wp-content\/uploads\/2025\/05\/blog-noticias-peletizacion-biomasa-ecofricalia.jpg&#8221; background_position=&#8221;bottom_left&#8221; custom_padding=&#8221;||140px||false|false&#8221; bottom_divider_style=&#8221;curve&#8221; bottom_divider_height_tablet=&#8221;40px&#8221; bottom_divider_height_phone=&#8221;25px&#8221; bottom_divider_height_last_edited=&#8221;on|tablet&#8221; locked=&#8221;off&#8221; global_colors_info=&#8221;{}&#8221;][et_pb_row column_structure=&#8221;1_2,1_2&#8243; make_equal=&#8221;on&#8221; module_class=&#8221;inline-buttons-row&#8221; _builder_version=&#8221;4.16&#8243; width=&#8221;90%&#8221; max_width=&#8221;90%&#8221; custom_css_main_element=&#8221;display:flex;||flex-wrap:wrap;&#8221; global_colors_info=&#8221;{}&#8221;][et_pb_column type=&#8221;1_2&#8243; _builder_version=&#8221;4.16&#8243; global_colors_info=&#8221;{}&#8221; custom_css_main_element_last_edited=&#8221;on|tablet&#8221; custom_css_main_element_tablet=&#8221;order:2;&#8221; custom_css_main_element_phone=&#8221;order:2;&#8221;][et_pb_text _builder_version=&#8221;4.27.4&#8243; header_font=&#8221;|800|||||||&#8221; header_font_size=&#8221;40px&#8221; header_line_height=&#8221;1.4em&#8221; header_5_font=&#8221;|||on|||||&#8221; header_5_text_color=&#8221;#F7A633&#8243; background_color=&#8221;RGBA(255,255,255,0)&#8221; background_layout=&#8221;dark&#8221; width=&#8221;90%&#8221; custom_margin_tablet=&#8221;30px||||false|false&#8221; custom_margin_phone=&#8221;&#8221; custom_margin_last_edited=&#8221;on|tablet&#8221; header_font_size_tablet=&#8221;25px&#8221; header_font_size_phone=&#8221;&#8221; header_font_size_last_edited=&#8221;on|phone&#8221; global_colors_info=&#8221;{}&#8221;]<\/p>\n<h5 style=\"text-align: left;\">NUESTRO BLOG<\/h5>\n<h1 class=\"hero-1-title mb-4 font-weight-normal line-height-1_4\">Blog y Noticias de <span style=\"color: #f7a633;\">Peletizaci\u00f3n y Biomasa<\/span><\/h1>\n<p>[\/et_pb_text][\/et_pb_column][et_pb_column type=&#8221;1_2&#8243; _builder_version=&#8221;4.16&#8243; global_colors_info=&#8221;{}&#8221; custom_css_main_element_tablet=&#8221;order:1;&#8221; custom_css_main_element_last_edited=&#8221;on|tablet&#8221; custom_css_main_element_phone=&#8221;order:1;&#8221;][et_pb_search exclude_pages=&#8221;on&#8221; placeholder=&#8221;Buscar Art\u00edculos&#8221; button_color=&#8221;rgba(0,0,0,0)&#8221; _builder_version=&#8221;4.27.4&#8243; _module_preset=&#8221;default&#8221; form_field_background_color=&#8221;#ffffff&#8221; form_field_text_color=&#8221;rgba(0,0,0,0.43)&#8221; form_field_focus_background_color=&#8221;#ffffff&#8221; form_field_focus_text_color=&#8221;#000000&#8243; button_font=&#8221;|800||on|||||&#8221; button_text_color=&#8221;#ffffff&#8221; form_field_font=&#8221;|600|||||||&#8221; form_field_font_size=&#8221;16px&#8221; form_field_letter_spacing=&#8221;1px&#8221; background_color=&#8221;#ffffff&#8221; width=&#8221;85%&#8221; width_tablet=&#8221;100%&#8221; width_phone=&#8221;100%&#8221; width_last_edited=&#8221;on|phone&#8221; custom_margin=&#8221;||-2px|||&#8221; custom_padding=&#8221;20px|0.715em|20px|30px|true|false&#8221; button_font_size_tablet=&#8221;&#8221; button_font_size_phone=&#8221;11px&#8221; button_font_size_last_edited=&#8221;on|phone&#8221; form_field_font_size_tablet=&#8221;&#8221; form_field_font_size_phone=&#8221;12px&#8221; form_field_font_size_last_edited=&#8221;on|phone&#8221; custom_css_button=&#8221;  background-image: linear-gradient(151deg,#F7a633 38%,#ff5c26 100%);||  padding: 6px 25px;||  border-radius: 8px;||  margin-right: -5px;||\ttransition:.3s ease;||  letter-spacing:1px;||  transform:scale(0.85);||  z-index:999&#8243; border_radii=&#8221;on|8px|8px|8px|8px&#8221; border_width_all=&#8221;0px&#8221; box_shadow_style=&#8221;preset1&#8243; box_shadow_vertical=&#8221;13px&#8221; box_shadow_blur=&#8221;37px&#8221; box_shadow_color=&#8221;rgba(0,0,0,0.13)&#8221; global_colors_info=&#8221;{}&#8221; custom_css_button__hover_enabled=&#8221;on|desktop&#8221; custom_css_button__hover=&#8221;transform:scale(0.85) translate(0%,-5%);&#8221;][\/et_pb_search][\/et_pb_column][\/et_pb_row][\/et_pb_section][et_pb_section fb_built=&#8221;1&#8243; _builder_version=&#8221;4.16&#8243; _module_preset=&#8221;default&#8221; global_colors_info=&#8221;{}&#8221;][et_pb_row _builder_version=&#8221;4.16&#8243; _module_preset=&#8221;default&#8221; global_colors_info=&#8221;{}&#8221;][et_pb_column type=&#8221;4_4&#8243; _builder_version=&#8221;4.16&#8243; _module_preset=&#8221;default&#8221; global_colors_info=&#8221;{}&#8221;][et_pb_blog fullwidth=&#8221;off&#8221; posts_number=&#8221;20&#8243; include_categories=&#8221;all&#8221; meta_date=&#8221;M j&#8221; excerpt_length=&#8221;120&#8243; show_author=&#8221;off&#8221; module_class=&#8221;molti-blog-grid&#8221; _builder_version=&#8221;4.27.4&#8243; _module_preset=&#8221;default&#8221; header_font=&#8221;|700|||||||&#8221; header_font_size=&#8221;21px&#8221; header_line_height=&#8221;1.4em&#8221; body_text_color=&#8221;rgba(0,0,0,0.4)&#8221; body_font_size=&#8221;13px&#8221; hover_enabled=&#8221;0&#8243; custom_css_title=&#8221;margin-top:-35px&#8221; border_width_all=&#8221;0px&#8221; border_radii_image=&#8221;on|10px|10px|10px|10px&#8221; locked=&#8221;off&#8221; global_colors_info=&#8221;{}&#8221; header_text_color__hover_enabled=&#8221;on|hover&#8221; header_text_color__hover=&#8221;#F7A633&#8243; sticky_enabled=&#8221;0&#8243;][\/et_pb_blog][\/et_pb_column][\/et_pb_row][\/et_pb_section]<\/p>\n","protected":false},"excerpt":{"rendered":"<p>NUESTRO BLOG Blog y Noticias de Peletizaci\u00f3n y Biomasa<\/p>\n","protected":false},"author":1,"featured_media":0,"parent":0,"menu_order":0,"comment_status":"closed","ping_status":"closed","template":"","meta":{"_et_pb_use_builder":"on","_et_pb_old_content":"","_et_gb_content_width":"","footnotes":""},"class_list":["post-102263","page","type-page","status-publish","hentry"],"yoast_head":"<!-- This site is optimized with the Yoast SEO plugin v27.4 - https:\/\/yoast.com\/product\/yoast-seo-wordpress\/ -->\n<title>Blog y Noticias de Peletizaci\u00f3n y Biomasa | Tendencias, Gu\u00edas y Novedades<\/title>\n<meta name=\"description\" content=\"Mantente al d\u00eda con el blog de Ecofricalia: \u00faltimas noticias sobre peletizaci\u00f3n, biomasa y sostenibilidad; gu\u00edas pr\u00e1cticas, an\u00e1lisis de maquinaria y tendencias del sector\" \/>\n<meta name=\"robots\" content=\"index, follow, max-snippet:-1, max-image-preview:large, max-video-preview:-1\" \/>\n<link rel=\"canonical\" href=\"https:\/\/peletizadoras.net\/es-ar\/blog\/\" \/>\n<meta property=\"og:locale\" content=\"es_ES\" \/>\n<meta property=\"og:type\" content=\"article\" \/>\n<meta property=\"og:title\" content=\"Blog y Noticias de Peletizaci\u00f3n y Biomasa | Tendencias, Gu\u00edas y Novedades\" \/>\n<meta property=\"og:description\" content=\"Mantente al d\u00eda con el blog de Ecofricalia: \u00faltimas noticias sobre peletizaci\u00f3n, biomasa y sostenibilidad; gu\u00edas pr\u00e1cticas, an\u00e1lisis de maquinaria y tendencias del sector\" \/>\n<meta property=\"og:url\" content=\"https:\/\/peletizadoras.net\/es-ar\/blog\/\" \/>\n<meta property=\"og:site_name\" content=\"Ecofricalia. Soluciones Integrales para la Producci\u00f3n de Pellet\" \/>\n<meta property=\"article:publisher\" content=\"https:\/\/www.facebook.com\/EcofricaliaSostenible\" \/>\n<meta property=\"article:modified_time\" content=\"2025-12-16T18:01:25+00:00\" \/>\n<meta name=\"twitter:card\" content=\"summary_large_image\" \/>\n<meta name=\"twitter:site\" content=\"@_ecofricalia\" \/>\n<meta name=\"twitter:label1\" content=\"Tiempo de lectura\" \/>\n\t<meta name=\"twitter:data1\" content=\"3 minutos\" \/>\n<script type=\"application\/ld+json\" class=\"yoast-schema-graph\">{\"@context\":\"https:\\\/\\\/schema.org\",\"@graph\":[{\"@type\":\"WebPage\",\"@id\":\"https:\\\/\\\/peletizadoras.net\\\/es-ar\\\/blog\\\/\",\"url\":\"https:\\\/\\\/peletizadoras.net\\\/es-ar\\\/blog\\\/\",\"name\":\"Blog y Noticias de Peletizaci\u00f3n y Biomasa | Tendencias, Gu\u00edas y Novedades\",\"isPartOf\":{\"@id\":\"https:\\\/\\\/peletizadoras.net\\\/es-ar\\\/#website\"},\"datePublished\":\"2020-12-24T12:29:43+00:00\",\"dateModified\":\"2025-12-16T18:01:25+00:00\",\"description\":\"Mantente al d\u00eda con el blog de Ecofricalia: \u00faltimas noticias sobre peletizaci\u00f3n, biomasa y sostenibilidad; gu\u00edas pr\u00e1cticas, an\u00e1lisis de maquinaria y tendencias del sector\",\"breadcrumb\":{\"@id\":\"https:\\\/\\\/peletizadoras.net\\\/es-ar\\\/blog\\\/#breadcrumb\"},\"inLanguage\":\"es-AR\",\"potentialAction\":[{\"@type\":\"ReadAction\",\"target\":[\"https:\\\/\\\/peletizadoras.net\\\/es-ar\\\/blog\\\/\"]}]},{\"@type\":\"BreadcrumbList\",\"@id\":\"https:\\\/\\\/peletizadoras.net\\\/es-ar\\\/blog\\\/#breadcrumb\",\"itemListElement\":[{\"@type\":\"ListItem\",\"position\":1,\"name\":\"Portada\",\"item\":\"https:\\\/\\\/peletizadoras.net\\\/es-ar\\\/pagina-de-inicio\\\/\"},{\"@type\":\"ListItem\",\"position\":2,\"name\":\"BLOG\"}]},{\"@type\":\"WebSite\",\"@id\":\"https:\\\/\\\/peletizadoras.net\\\/es-ar\\\/#website\",\"url\":\"https:\\\/\\\/peletizadoras.net\\\/es-ar\\\/\",\"name\":\"Ecofricalia. Soluciones Integrales para la Producci\u00f3n de Pellet\",\"description\":\"Plantas y L\u00edneas industriales de peletizaci\u00f3n y m\u00e1quinas de fabricaci\u00f3n de pellet\",\"publisher\":{\"@id\":\"https:\\\/\\\/peletizadoras.net\\\/es-ar\\\/#organization\"},\"potentialAction\":[{\"@type\":\"SearchAction\",\"target\":{\"@type\":\"EntryPoint\",\"urlTemplate\":\"https:\\\/\\\/peletizadoras.net\\\/es-ar\\\/?s={search_term_string}\"},\"query-input\":{\"@type\":\"PropertyValueSpecification\",\"valueRequired\":true,\"valueName\":\"search_term_string\"}}],\"inLanguage\":\"es-AR\"},{\"@type\":\"Organization\",\"@id\":\"https:\\\/\\\/peletizadoras.net\\\/es-ar\\\/#organization\",\"name\":\"Ecofricalia. Soluciones Integrales para la Producci\u00f3n de Pellet\",\"url\":\"https:\\\/\\\/peletizadoras.net\\\/es-ar\\\/\",\"logo\":{\"@type\":\"ImageObject\",\"inLanguage\":\"es-AR\",\"@id\":\"https:\\\/\\\/peletizadoras.net\\\/es-ar\\\/#\\\/schema\\\/logo\\\/image\\\/\",\"url\":\"https:\\\/\\\/peletizadoras.net\\\/wp-content\\\/uploads\\\/2025\\\/05\\\/logo-ecofricalia-tapasweb.png\",\"contentUrl\":\"https:\\\/\\\/peletizadoras.net\\\/wp-content\\\/uploads\\\/2025\\\/05\\\/logo-ecofricalia-tapasweb.png\",\"width\":881,\"height\":418,\"caption\":\"Ecofricalia. Soluciones Integrales para la Producci\u00f3n de Pellet\"},\"image\":{\"@id\":\"https:\\\/\\\/peletizadoras.net\\\/es-ar\\\/#\\\/schema\\\/logo\\\/image\\\/\"},\"sameAs\":[\"https:\\\/\\\/www.facebook.com\\\/EcofricaliaSostenible\",\"https:\\\/\\\/x.com\\\/_ecofricalia\",\"https:\\\/\\\/www.youtube.com\\\/channel\\\/UCCvdG5pWUGvH4G5wP8TXuPw\",\"https:\\\/\\\/www.instagram.com\\\/ecofricalia_sostenible\\\/\"]}]}<\/script>\n<!-- \/ Yoast SEO plugin. -->","yoast_head_json":{"title":"Blog y Noticias de Peletizaci\u00f3n y Biomasa | Tendencias, Gu\u00edas y Novedades","description":"Mantente al d\u00eda con el blog de Ecofricalia: \u00faltimas noticias sobre peletizaci\u00f3n, biomasa y sostenibilidad; gu\u00edas pr\u00e1cticas, an\u00e1lisis de maquinaria y tendencias del sector","robots":{"index":"index","follow":"follow","max-snippet":"max-snippet:-1","max-image-preview":"max-image-preview:large","max-video-preview":"max-video-preview:-1"},"canonical":"https:\/\/peletizadoras.net\/es-ar\/blog\/","og_locale":"es_ES","og_type":"article","og_title":"Blog y Noticias de Peletizaci\u00f3n y Biomasa | Tendencias, Gu\u00edas y Novedades","og_description":"Mantente al d\u00eda con el blog de Ecofricalia: \u00faltimas noticias sobre peletizaci\u00f3n, biomasa y sostenibilidad; gu\u00edas pr\u00e1cticas, an\u00e1lisis de maquinaria y tendencias del sector","og_url":"https:\/\/peletizadoras.net\/es-ar\/blog\/","og_site_name":"Ecofricalia. Soluciones Integrales para la Producci\u00f3n de Pellet","article_publisher":"https:\/\/www.facebook.com\/EcofricaliaSostenible","article_modified_time":"2025-12-16T18:01:25+00:00","twitter_card":"summary_large_image","twitter_site":"@_ecofricalia","twitter_misc":{"Tiempo de lectura":"3 minutos"},"schema":{"@context":"https:\/\/schema.org","@graph":[{"@type":"WebPage","@id":"https:\/\/peletizadoras.net\/es-ar\/blog\/","url":"https:\/\/peletizadoras.net\/es-ar\/blog\/","name":"Blog y Noticias de Peletizaci\u00f3n y Biomasa | Tendencias, Gu\u00edas y Novedades","isPartOf":{"@id":"https:\/\/peletizadoras.net\/es-ar\/#website"},"datePublished":"2020-12-24T12:29:43+00:00","dateModified":"2025-12-16T18:01:25+00:00","description":"Mantente al d\u00eda con el blog de Ecofricalia: \u00faltimas noticias sobre peletizaci\u00f3n, biomasa y sostenibilidad; gu\u00edas pr\u00e1cticas, an\u00e1lisis de maquinaria y tendencias del sector","breadcrumb":{"@id":"https:\/\/peletizadoras.net\/es-ar\/blog\/#breadcrumb"},"inLanguage":"es-AR","potentialAction":[{"@type":"ReadAction","target":["https:\/\/peletizadoras.net\/es-ar\/blog\/"]}]},{"@type":"BreadcrumbList","@id":"https:\/\/peletizadoras.net\/es-ar\/blog\/#breadcrumb","itemListElement":[{"@type":"ListItem","position":1,"name":"Portada","item":"https:\/\/peletizadoras.net\/es-ar\/pagina-de-inicio\/"},{"@type":"ListItem","position":2,"name":"BLOG"}]},{"@type":"WebSite","@id":"https:\/\/peletizadoras.net\/es-ar\/#website","url":"https:\/\/peletizadoras.net\/es-ar\/","name":"Ecofricalia. Soluciones Integrales para la Producci\u00f3n de Pellet","description":"Plantas y L\u00edneas industriales de peletizaci\u00f3n y m\u00e1quinas de fabricaci\u00f3n de pellet","publisher":{"@id":"https:\/\/peletizadoras.net\/es-ar\/#organization"},"potentialAction":[{"@type":"SearchAction","target":{"@type":"EntryPoint","urlTemplate":"https:\/\/peletizadoras.net\/es-ar\/?s={search_term_string}"},"query-input":{"@type":"PropertyValueSpecification","valueRequired":true,"valueName":"search_term_string"}}],"inLanguage":"es-AR"},{"@type":"Organization","@id":"https:\/\/peletizadoras.net\/es-ar\/#organization","name":"Ecofricalia. Soluciones Integrales para la Producci\u00f3n de Pellet","url":"https:\/\/peletizadoras.net\/es-ar\/","logo":{"@type":"ImageObject","inLanguage":"es-AR","@id":"https:\/\/peletizadoras.net\/es-ar\/#\/schema\/logo\/image\/","url":"https:\/\/peletizadoras.net\/wp-content\/uploads\/2025\/05\/logo-ecofricalia-tapasweb.png","contentUrl":"https:\/\/peletizadoras.net\/wp-content\/uploads\/2025\/05\/logo-ecofricalia-tapasweb.png","width":881,"height":418,"caption":"Ecofricalia. Soluciones Integrales para la Producci\u00f3n de Pellet"},"image":{"@id":"https:\/\/peletizadoras.net\/es-ar\/#\/schema\/logo\/image\/"},"sameAs":["https:\/\/www.facebook.com\/EcofricaliaSostenible","https:\/\/x.com\/_ecofricalia","https:\/\/www.youtube.com\/channel\/UCCvdG5pWUGvH4G5wP8TXuPw","https:\/\/www.instagram.com\/ecofricalia_sostenible\/"]}]}},"_links":{"self":[{"href":"https:\/\/peletizadoras.net\/es-ar\/wp-json\/wp\/v2\/pages\/102263","targetHints":{"allow":["GET"]}}],"collection":[{"href":"https:\/\/peletizadoras.net\/es-ar\/wp-json\/wp\/v2\/pages"}],"about":[{"href":"https:\/\/peletizadoras.net\/es-ar\/wp-json\/wp\/v2\/types\/page"}],"author":[{"embeddable":true,"href":"https:\/\/peletizadoras.net\/es-ar\/wp-json\/wp\/v2\/users\/1"}],"replies":[{"embeddable":true,"href":"https:\/\/peletizadoras.net\/es-ar\/wp-json\/wp\/v2\/comments?post=102263"}],"version-history":[{"count":2,"href":"https:\/\/peletizadoras.net\/es-ar\/wp-json\/wp\/v2\/pages\/102263\/revisions"}],"predecessor-version":[{"id":102957,"href":"https:\/\/peletizadoras.net\/es-ar\/wp-json\/wp\/v2\/pages\/102263\/revisions\/102957"}],"wp:attachment":[{"href":"https:\/\/peletizadoras.net\/es-ar\/wp-json\/wp\/v2\/media?parent=102263"}],"curies":[{"name":"wp","href":"https:\/\/api.w.org\/{rel}","templated":true}]}}