{"id":102274,"date":"2025-02-23T14:05:12","date_gmt":"2025-02-23T13:05:12","guid":{"rendered":"https:\/\/peletizadoras.net\/catalogo-maquinas-proceso-peletizado\/sin%20categor\u00eda\/refinadores-rc\/"},"modified":"2025-12-03T12:14:16","modified_gmt":"2025-12-03T11:14:16","slug":"refinadores-rc","status":"publish","type":"product","link":"https:\/\/peletizadoras.net\/es-ar\/catalogo-maquinas-proceso-peletizado\/equipos-industriales\/equipos-individuales\/refinadores-rc\/","title":{"rendered":"Molinos Refinadores Serie RC"},"content":{"rendered":"","protected":false},"excerpt":{"rendered":"<p>SOLUCIONES COMPACTAS Y DE ALTO RENDIMIENTO PARA PELETIZACI\u00d3N O REDUCCI\u00d3N DE GRANULOMETR\u00cdA DEL MATERIAL PARA OTROS PROCESOS PRODUCTIVOS<\/p>\n<p>Los refinadores de la serie RC han sido dise\u00f1ados para optimizar la preparaci\u00f3n de material previa a procesos de peletizaci\u00f3n u otros procesos productivos en los que sea necesario reducir el tama\u00f1o del material, garantizando un tama\u00f1o homog\u00e9neo y un equilibrio ideal de humedad y aglomerantes (a\u00f1adidos previamente en los procesos de prepeletizaci\u00f3n).<\/p>\n<p>Su dise\u00f1o modular y robusto permite su incorporaci\u00f3n en configuraciones industriales de peque\u00f1a y mediana escala, adapt\u00e1ndose a las necesidades espec\u00edficas de cada cliente.<\/p>\n<p>Es imprescindible conectar los refinadores con sistemas de aspiraci\u00f3n adecuados a su capacidad para un correcta circulaci\u00f3n del material.<\/p>\n<h3>Caracter\u00edsticas principales:<\/h3>\n<ul>\n<li><strong>Versatilidad y Adaptabilidad:<\/strong> Equipados con rotores de alta calidad y una amplia gama de cribas intercambiables para ajustar el refinado seg\u00fan las caracter\u00edsticas del material.<\/li>\n<li><strong>Eficiencia en el Uso del Espacio:<\/strong> Su dise\u00f1o compacto en los modelos inferiores permite configuraciones en instalaciones reducidas sin comprometer el rendimiento.<\/li>\n<li><strong>Material Homog\u00e9neo y de Calidad:<\/strong> Transforman madera y otros materiales dando lugar a un producto final uniforme y de alta calidad, resultando un tama\u00f1o del material \u00f3ptimo para la peletizaci\u00f3n u otros procesos productivos (dependiendo de la criba o la finalidad del material).<\/li>\n<li><strong>Compatibilidad Industrial:<\/strong> Integraci\u00f3n eficiente con sistemas de transporte y carga en configuraciones de peletizado, como el Cargador CRT100.<\/li>\n<\/ul>\n<h3>Opciones Disponibles:<\/h3>\n<p>Cada modelo en la serie RC ofrece caracter\u00edsticas espec\u00edficas para diferentes escalas de producci\u00f3n:<\/p>\n<ul>\n<li><strong>RC300:<\/strong> El modelo m\u00e1s compacto de la gama, dise\u00f1ado con capacidad de producci\u00f3n adecuada para alimentar a la peletizadora PLT200 (Producci\u00f3n horaria entre 80 y 150 kg). Con su instalaci\u00f3n sobre el cargador CRT100 (conectado a aspiraci\u00f3n), es la soluci\u00f3n ideal para optimizar el espacio al m\u00e1ximo en instalaciones de producci\u00f3n media, facilitando la automatizaci\u00f3n del proceso. <\/li>\n<li><strong>RC400:<\/strong> dise\u00f1ado espec\u00edficamente para instalarse sobre el cargador CRT100, con una capacidad de producci\u00f3n para alimentar de material a las peletizadoras PLT400 \/ PLT800 (producciones de entre 150 y 400 kg por hora, ideal para Planta media 1, planta media 2 o planta media C). Es la soluci\u00f3n ideal para optimizar el espacio al m\u00e1ximo en instalaciones de media producci\u00f3n, facilitando la automatizaci\u00f3n del proceso. <\/li>\n<li><strong>RC1000:<\/strong> Dise\u00f1ado para operaciones de mayor capacidad (400-1500 kg\/h), compatible con plantas de peletizado completas, asegurando un alto rendimiento con las peletizadoras PLT1000 o PLT2000.<\/li>\n<\/ul>\n<p>*Las producciones informadas dependen del tipo de material, sus dimensiones y la criba utilizada.<\/p>\n<h3>Aplicaciones comunes:<\/h3>\n<ul>\n<li>Reducci\u00f3n de la granulometr\u00eda (refinado) en la preparaci\u00f3n previa de materiales como madera y otros, destinado a procesos de peletizaci\u00f3n (u otros usos industriales).<\/li>\n<li>Homogeneizaci\u00f3n del material con la humedad y el aditivo a\u00f1adidos previamente.<\/li>\n<li>Refinador imprescindible para el preacondicionado del material en una producci\u00f3n industrial de pellets destinados a diferentes usos (energ\u00e9ticos, agr\u00edcolas o industriales).<\/li>\n<\/ul>\n<h3>Ventajas Competitivas:<\/h3>\n<ul>\n<li>M\u00e1xima flexibilidad para adaptarse a diferentes tipos de materiales y necesidades.<\/li>\n<li>Respaldo t\u00e9cnico y soporte postventa garantizados por Ecofricalia.<\/li>\n<li>Cumplimiento con est\u00e1ndares de sostenibilidad, eficiencia energ\u00e9tica y calidad europea\u200b\u200b\u200b.<\/li>\n<\/ul>\n","protected":false},"featured_media":102879,"template":"","meta":{"_et_pb_use_builder":"","_et_pb_old_content":"","_et_gb_content_width":""},"product_brand":[],"product_cat":[100,102],"product_tag":[],"class_list":{"0":"post-102274","1":"product","2":"type-product","3":"status-publish","4":"has-post-thumbnail","6":"product_cat-equipos-industriales","7":"product_cat-equipos-individuales","9":"first","10":"instock","11":"shipping-taxable","12":"product-type-simple"},"yoast_head":"<!-- This site is optimized with the Yoast SEO plugin v27.4 - https:\/\/yoast.com\/product\/yoast-seo-wordpress\/ -->\n<title>Refinadores RC para Peletizaci\u00f3n | RC300, RC400 y RC1000 - Ecofricalia<\/title>\n<meta name=\"description\" content=\"Descubre los refinadores RC, incluyendo los modelos RC300, RC400 y RC1000. M\u00e1xima eficiencia y versatilidad en la preparaci\u00f3n de madera para peletizaci\u00f3n. Ideal para configuraciones compactas e industriales.\" \/>\n<meta name=\"robots\" content=\"index, follow, max-snippet:-1, max-image-preview:large, max-video-preview:-1\" \/>\n<link rel=\"canonical\" href=\"https:\/\/peletizadoras.net\/es-ar\/catalogo-maquinas-proceso-peletizado\/equipos-industriales\/equipos-individuales\/refinadores-rc\/\" \/>\n<meta property=\"og:locale\" content=\"es_ES\" \/>\n<meta property=\"og:type\" content=\"article\" \/>\n<meta property=\"og:title\" content=\"Refinadores RC para Peletizaci\u00f3n | RC300, RC400 y RC1000 - Ecofricalia\" \/>\n<meta property=\"og:description\" content=\"Descubre los refinadores RC, incluyendo los modelos RC300, RC400 y RC1000. M\u00e1xima eficiencia y versatilidad en la preparaci\u00f3n de madera para peletizaci\u00f3n. Ideal para configuraciones compactas e industriales.\" \/>\n<meta property=\"og:url\" content=\"https:\/\/peletizadoras.net\/es-ar\/catalogo-maquinas-proceso-peletizado\/equipos-industriales\/equipos-individuales\/refinadores-rc\/\" \/>\n<meta property=\"og:site_name\" content=\"Ecofricalia. Soluciones Integrales para la Producci\u00f3n de Pellet\" \/>\n<meta property=\"article:publisher\" content=\"https:\/\/www.facebook.com\/EcofricaliaSostenible\" \/>\n<meta property=\"article:modified_time\" content=\"2025-12-03T11:14:16+00:00\" \/>\n<meta property=\"og:image\" content=\"https:\/\/peletizadoras.net\/wp-content\/uploads\/2025\/02\/molinos-refinadores-serie-rc-ecofricalia.webp\" \/>\n\t<meta property=\"og:image:width\" content=\"1024\" \/>\n\t<meta property=\"og:image:height\" content=\"768\" \/>\n\t<meta property=\"og:image:type\" content=\"image\/webp\" \/>\n<meta name=\"twitter:card\" content=\"summary_large_image\" \/>\n<meta name=\"twitter:site\" content=\"@_ecofricalia\" \/>\n<meta name=\"twitter:label1\" content=\"Tiempo de lectura\" \/>\n\t<meta name=\"twitter:data1\" content=\"1 minuto\" \/>\n<script type=\"application\/ld+json\" class=\"yoast-schema-graph\">{\"@context\":\"https:\\\/\\\/schema.org\",\"@graph\":[{\"@type\":\"WebPage\",\"@id\":\"https:\\\/\\\/peletizadoras.net\\\/es-ar\\\/catalogo-maquinas-proceso-peletizado\\\/equipos-industriales\\\/equipos-individuales\\\/refinadores-rc\\\/\",\"url\":\"https:\\\/\\\/peletizadoras.net\\\/es-ar\\\/catalogo-maquinas-proceso-peletizado\\\/equipos-industriales\\\/equipos-individuales\\\/refinadores-rc\\\/\",\"name\":\"Refinadores RC para Peletizaci\u00f3n | RC300, RC400 y RC1000 - Ecofricalia\",\"isPartOf\":{\"@id\":\"https:\\\/\\\/peletizadoras.net\\\/es-ar\\\/#website\"},\"primaryImageOfPage\":{\"@id\":\"https:\\\/\\\/peletizadoras.net\\\/es-ar\\\/catalogo-maquinas-proceso-peletizado\\\/equipos-industriales\\\/equipos-individuales\\\/refinadores-rc\\\/#primaryimage\"},\"image\":{\"@id\":\"https:\\\/\\\/peletizadoras.net\\\/es-ar\\\/catalogo-maquinas-proceso-peletizado\\\/equipos-industriales\\\/equipos-individuales\\\/refinadores-rc\\\/#primaryimage\"},\"thumbnailUrl\":\"https:\\\/\\\/peletizadoras.net\\\/wp-content\\\/uploads\\\/2025\\\/02\\\/molinos-refinadores-serie-rc-ecofricalia.webp\",\"datePublished\":\"2025-02-23T13:05:12+00:00\",\"dateModified\":\"2025-12-03T11:14:16+00:00\",\"description\":\"Descubre los refinadores RC, incluyendo los modelos RC300, RC400 y RC1000. M\u00e1xima eficiencia y versatilidad en la preparaci\u00f3n de madera para peletizaci\u00f3n. Ideal para configuraciones compactas e industriales.\",\"breadcrumb\":{\"@id\":\"https:\\\/\\\/peletizadoras.net\\\/es-ar\\\/catalogo-maquinas-proceso-peletizado\\\/equipos-industriales\\\/equipos-individuales\\\/refinadores-rc\\\/#breadcrumb\"},\"inLanguage\":\"es-AR\",\"potentialAction\":[{\"@type\":\"ReadAction\",\"target\":[\"https:\\\/\\\/peletizadoras.net\\\/es-ar\\\/catalogo-maquinas-proceso-peletizado\\\/equipos-industriales\\\/equipos-individuales\\\/refinadores-rc\\\/\"]}]},{\"@type\":\"ImageObject\",\"inLanguage\":\"es-AR\",\"@id\":\"https:\\\/\\\/peletizadoras.net\\\/es-ar\\\/catalogo-maquinas-proceso-peletizado\\\/equipos-industriales\\\/equipos-individuales\\\/refinadores-rc\\\/#primaryimage\",\"url\":\"https:\\\/\\\/peletizadoras.net\\\/wp-content\\\/uploads\\\/2025\\\/02\\\/molinos-refinadores-serie-rc-ecofricalia.webp\",\"contentUrl\":\"https:\\\/\\\/peletizadoras.net\\\/wp-content\\\/uploads\\\/2025\\\/02\\\/molinos-refinadores-serie-rc-ecofricalia.webp\",\"width\":1024,\"height\":768,\"caption\":\"Molinos Refinadores Serie RC para peletizaci\u00f3n o reducci\u00f3n de granulometr\u00eda del material para otros procesos productivos\"},{\"@type\":\"BreadcrumbList\",\"@id\":\"https:\\\/\\\/peletizadoras.net\\\/es-ar\\\/catalogo-maquinas-proceso-peletizado\\\/equipos-industriales\\\/equipos-individuales\\\/refinadores-rc\\\/#breadcrumb\",\"itemListElement\":[{\"@type\":\"ListItem\",\"position\":1,\"name\":\"Portada\",\"item\":\"https:\\\/\\\/peletizadoras.net\\\/es-ar\\\/pagina-de-inicio\\\/\"},{\"@type\":\"ListItem\",\"position\":2,\"name\":\"Tienda\",\"item\":\"https:\\\/\\\/peletizadoras.net\\\/tienda\\\/\"},{\"@type\":\"ListItem\",\"position\":3,\"name\":\"Molinos Refinadores Serie RC\"}]},{\"@type\":\"WebSite\",\"@id\":\"https:\\\/\\\/peletizadoras.net\\\/es-ar\\\/#website\",\"url\":\"https:\\\/\\\/peletizadoras.net\\\/es-ar\\\/\",\"name\":\"Ecofricalia. Soluciones Integrales para la Producci\u00f3n de Pellet\",\"description\":\"Plantas y L\u00edneas industriales de peletizaci\u00f3n y m\u00e1quinas de fabricaci\u00f3n de pellet\",\"publisher\":{\"@id\":\"https:\\\/\\\/peletizadoras.net\\\/es-ar\\\/#organization\"},\"potentialAction\":[{\"@type\":\"SearchAction\",\"target\":{\"@type\":\"EntryPoint\",\"urlTemplate\":\"https:\\\/\\\/peletizadoras.net\\\/es-ar\\\/?s={search_term_string}\"},\"query-input\":{\"@type\":\"PropertyValueSpecification\",\"valueRequired\":true,\"valueName\":\"search_term_string\"}}],\"inLanguage\":\"es-AR\"},{\"@type\":\"Organization\",\"@id\":\"https:\\\/\\\/peletizadoras.net\\\/es-ar\\\/#organization\",\"name\":\"Ecofricalia. Soluciones Integrales para la Producci\u00f3n de Pellet\",\"url\":\"https:\\\/\\\/peletizadoras.net\\\/es-ar\\\/\",\"logo\":{\"@type\":\"ImageObject\",\"inLanguage\":\"es-AR\",\"@id\":\"https:\\\/\\\/peletizadoras.net\\\/es-ar\\\/#\\\/schema\\\/logo\\\/image\\\/\",\"url\":\"https:\\\/\\\/peletizadoras.net\\\/wp-content\\\/uploads\\\/2025\\\/05\\\/logo-ecofricalia-tapasweb.png\",\"contentUrl\":\"https:\\\/\\\/peletizadoras.net\\\/wp-content\\\/uploads\\\/2025\\\/05\\\/logo-ecofricalia-tapasweb.png\",\"width\":881,\"height\":418,\"caption\":\"Ecofricalia. Soluciones Integrales para la Producci\u00f3n de Pellet\"},\"image\":{\"@id\":\"https:\\\/\\\/peletizadoras.net\\\/es-ar\\\/#\\\/schema\\\/logo\\\/image\\\/\"},\"sameAs\":[\"https:\\\/\\\/www.facebook.com\\\/EcofricaliaSostenible\",\"https:\\\/\\\/x.com\\\/_ecofricalia\",\"https:\\\/\\\/www.youtube.com\\\/channel\\\/UCCvdG5pWUGvH4G5wP8TXuPw\",\"https:\\\/\\\/www.instagram.com\\\/ecofricalia_sostenible\\\/\"]}]}<\/script>\n<!-- \/ Yoast SEO plugin. -->","yoast_head_json":{"title":"Refinadores RC para Peletizaci\u00f3n | RC300, RC400 y RC1000 - Ecofricalia","description":"Descubre los refinadores RC, incluyendo los modelos RC300, RC400 y RC1000. M\u00e1xima eficiencia y versatilidad en la preparaci\u00f3n de madera para peletizaci\u00f3n. Ideal para configuraciones compactas e industriales.","robots":{"index":"index","follow":"follow","max-snippet":"max-snippet:-1","max-image-preview":"max-image-preview:large","max-video-preview":"max-video-preview:-1"},"canonical":"https:\/\/peletizadoras.net\/es-ar\/catalogo-maquinas-proceso-peletizado\/equipos-industriales\/equipos-individuales\/refinadores-rc\/","og_locale":"es_ES","og_type":"article","og_title":"Refinadores RC para Peletizaci\u00f3n | RC300, RC400 y RC1000 - Ecofricalia","og_description":"Descubre los refinadores RC, incluyendo los modelos RC300, RC400 y RC1000. M\u00e1xima eficiencia y versatilidad en la preparaci\u00f3n de madera para peletizaci\u00f3n. Ideal para configuraciones compactas e industriales.","og_url":"https:\/\/peletizadoras.net\/es-ar\/catalogo-maquinas-proceso-peletizado\/equipos-industriales\/equipos-individuales\/refinadores-rc\/","og_site_name":"Ecofricalia. Soluciones Integrales para la Producci\u00f3n de Pellet","article_publisher":"https:\/\/www.facebook.com\/EcofricaliaSostenible","article_modified_time":"2025-12-03T11:14:16+00:00","og_image":[{"width":1024,"height":768,"url":"https:\/\/peletizadoras.net\/wp-content\/uploads\/2025\/02\/molinos-refinadores-serie-rc-ecofricalia.webp","type":"image\/webp"}],"twitter_card":"summary_large_image","twitter_site":"@_ecofricalia","twitter_misc":{"Tiempo de lectura":"1 minuto"},"schema":{"@context":"https:\/\/schema.org","@graph":[{"@type":"WebPage","@id":"https:\/\/peletizadoras.net\/es-ar\/catalogo-maquinas-proceso-peletizado\/equipos-industriales\/equipos-individuales\/refinadores-rc\/","url":"https:\/\/peletizadoras.net\/es-ar\/catalogo-maquinas-proceso-peletizado\/equipos-industriales\/equipos-individuales\/refinadores-rc\/","name":"Refinadores RC para Peletizaci\u00f3n | RC300, RC400 y RC1000 - Ecofricalia","isPartOf":{"@id":"https:\/\/peletizadoras.net\/es-ar\/#website"},"primaryImageOfPage":{"@id":"https:\/\/peletizadoras.net\/es-ar\/catalogo-maquinas-proceso-peletizado\/equipos-industriales\/equipos-individuales\/refinadores-rc\/#primaryimage"},"image":{"@id":"https:\/\/peletizadoras.net\/es-ar\/catalogo-maquinas-proceso-peletizado\/equipos-industriales\/equipos-individuales\/refinadores-rc\/#primaryimage"},"thumbnailUrl":"https:\/\/peletizadoras.net\/wp-content\/uploads\/2025\/02\/molinos-refinadores-serie-rc-ecofricalia.webp","datePublished":"2025-02-23T13:05:12+00:00","dateModified":"2025-12-03T11:14:16+00:00","description":"Descubre los refinadores RC, incluyendo los modelos RC300, RC400 y RC1000. M\u00e1xima eficiencia y versatilidad en la preparaci\u00f3n de madera para peletizaci\u00f3n. Ideal para configuraciones compactas e industriales.","breadcrumb":{"@id":"https:\/\/peletizadoras.net\/es-ar\/catalogo-maquinas-proceso-peletizado\/equipos-industriales\/equipos-individuales\/refinadores-rc\/#breadcrumb"},"inLanguage":"es-AR","potentialAction":[{"@type":"ReadAction","target":["https:\/\/peletizadoras.net\/es-ar\/catalogo-maquinas-proceso-peletizado\/equipos-industriales\/equipos-individuales\/refinadores-rc\/"]}]},{"@type":"ImageObject","inLanguage":"es-AR","@id":"https:\/\/peletizadoras.net\/es-ar\/catalogo-maquinas-proceso-peletizado\/equipos-industriales\/equipos-individuales\/refinadores-rc\/#primaryimage","url":"https:\/\/peletizadoras.net\/wp-content\/uploads\/2025\/02\/molinos-refinadores-serie-rc-ecofricalia.webp","contentUrl":"https:\/\/peletizadoras.net\/wp-content\/uploads\/2025\/02\/molinos-refinadores-serie-rc-ecofricalia.webp","width":1024,"height":768,"caption":"Molinos Refinadores Serie RC para peletizaci\u00f3n o reducci\u00f3n de granulometr\u00eda del material para otros procesos productivos"},{"@type":"BreadcrumbList","@id":"https:\/\/peletizadoras.net\/es-ar\/catalogo-maquinas-proceso-peletizado\/equipos-industriales\/equipos-individuales\/refinadores-rc\/#breadcrumb","itemListElement":[{"@type":"ListItem","position":1,"name":"Portada","item":"https:\/\/peletizadoras.net\/es-ar\/pagina-de-inicio\/"},{"@type":"ListItem","position":2,"name":"Tienda","item":"https:\/\/peletizadoras.net\/tienda\/"},{"@type":"ListItem","position":3,"name":"Molinos Refinadores Serie RC"}]},{"@type":"WebSite","@id":"https:\/\/peletizadoras.net\/es-ar\/#website","url":"https:\/\/peletizadoras.net\/es-ar\/","name":"Ecofricalia. Soluciones Integrales para la Producci\u00f3n de Pellet","description":"Plantas y L\u00edneas industriales de peletizaci\u00f3n y m\u00e1quinas de fabricaci\u00f3n de pellet","publisher":{"@id":"https:\/\/peletizadoras.net\/es-ar\/#organization"},"potentialAction":[{"@type":"SearchAction","target":{"@type":"EntryPoint","urlTemplate":"https:\/\/peletizadoras.net\/es-ar\/?s={search_term_string}"},"query-input":{"@type":"PropertyValueSpecification","valueRequired":true,"valueName":"search_term_string"}}],"inLanguage":"es-AR"},{"@type":"Organization","@id":"https:\/\/peletizadoras.net\/es-ar\/#organization","name":"Ecofricalia. Soluciones Integrales para la Producci\u00f3n de Pellet","url":"https:\/\/peletizadoras.net\/es-ar\/","logo":{"@type":"ImageObject","inLanguage":"es-AR","@id":"https:\/\/peletizadoras.net\/es-ar\/#\/schema\/logo\/image\/","url":"https:\/\/peletizadoras.net\/wp-content\/uploads\/2025\/05\/logo-ecofricalia-tapasweb.png","contentUrl":"https:\/\/peletizadoras.net\/wp-content\/uploads\/2025\/05\/logo-ecofricalia-tapasweb.png","width":881,"height":418,"caption":"Ecofricalia. Soluciones Integrales para la Producci\u00f3n de Pellet"},"image":{"@id":"https:\/\/peletizadoras.net\/es-ar\/#\/schema\/logo\/image\/"},"sameAs":["https:\/\/www.facebook.com\/EcofricaliaSostenible","https:\/\/x.com\/_ecofricalia","https:\/\/www.youtube.com\/channel\/UCCvdG5pWUGvH4G5wP8TXuPw","https:\/\/www.instagram.com\/ecofricalia_sostenible\/"]}]}},"_links":{"self":[{"href":"https:\/\/peletizadoras.net\/es-ar\/wp-json\/wp\/v2\/product\/102274","targetHints":{"allow":["GET"]}}],"collection":[{"href":"https:\/\/peletizadoras.net\/es-ar\/wp-json\/wp\/v2\/product"}],"about":[{"href":"https:\/\/peletizadoras.net\/es-ar\/wp-json\/wp\/v2\/types\/product"}],"wp:featuredmedia":[{"embeddable":true,"href":"https:\/\/peletizadoras.net\/es-ar\/wp-json\/wp\/v2\/media\/102879"}],"wp:attachment":[{"href":"https:\/\/peletizadoras.net\/es-ar\/wp-json\/wp\/v2\/media?parent=102274"}],"wp:term":[{"taxonomy":"product_brand","embeddable":true,"href":"https:\/\/peletizadoras.net\/es-ar\/wp-json\/wp\/v2\/product_brand?post=102274"},{"taxonomy":"product_cat","embeddable":true,"href":"https:\/\/peletizadoras.net\/es-ar\/wp-json\/wp\/v2\/product_cat?post=102274"},{"taxonomy":"product_tag","embeddable":true,"href":"https:\/\/peletizadoras.net\/es-ar\/wp-json\/wp\/v2\/product_tag?post=102274"}],"curies":[{"name":"wp","href":"https:\/\/api.w.org\/{rel}","templated":true}]}}