{"id":102277,"date":"2025-02-23T14:04:48","date_gmt":"2025-02-23T13:04:48","guid":{"rendered":"https:\/\/peletizadoras.net\/catalogo-maquinas-proceso-peletizado\/sin%20categor\u00eda\/sistemas-de-aspiracion-filtros-de-mangas\/"},"modified":"2025-11-13T11:31:34","modified_gmt":"2025-11-13T10:31:34","slug":"sistemas-de-aspiracion-filtros-de-mangas","status":"publish","type":"product","link":"https:\/\/peletizadoras.net\/es-ar\/catalogo-maquinas-proceso-peletizado\/equipos-industriales\/equipos-individuales\/sistemas-de-aspiracion-filtros-de-mangas\/","title":{"rendered":"Sistemas de Aspiraci\u00f3n &#8211; Filtros de Mangas"},"content":{"rendered":"","protected":false},"excerpt":{"rendered":"<p>Estructura de acero galvanizado con mangas textiles en su interior cuya funci\u00f3n es recoger el polvo sobrante derivado de diversas m\u00e1quinas para poder ser devuelto al inicio del proceso. Existen varios modelos en funci\u00f3n del sistema que se implemente de 12, 32 y 48 mangas. <\/p>\n","protected":false},"featured_media":101780,"template":"","meta":{"_et_pb_use_builder":"","_et_pb_old_content":"","_et_gb_content_width":""},"product_brand":[],"product_cat":[102,100],"product_tag":[],"class_list":{"0":"post-102277","1":"product","2":"type-product","3":"status-publish","4":"has-post-thumbnail","6":"product_cat-equipos-individuales","7":"product_cat-equipos-industriales","9":"first","10":"instock","11":"shipping-taxable","12":"product-type-simple"},"yoast_head":"<!-- This site is optimized with the Yoast SEO plugin v27.4 - https:\/\/yoast.com\/product\/yoast-seo-wordpress\/ -->\n<title>Sistemas de Aspiraci\u00f3n - Filtros de Mangas - Ecofricalia. Soluciones Integrales para la Producci\u00f3n de Pellet<\/title>\n<meta name=\"description\" content=\"Descubre los sistemas de aspiraci\u00f3n con filtros de mangas de acero galvanizado, dise\u00f1ados para recoger polvo de m\u00e1quinas industriales y optimizar el proceso de producci\u00f3n. Diferentes modelos seg\u00fan las necesidades.\" \/>\n<meta name=\"robots\" content=\"index, follow, max-snippet:-1, max-image-preview:large, max-video-preview:-1\" \/>\n<link rel=\"canonical\" href=\"https:\/\/peletizadoras.net\/es-ar\/catalogo-maquinas-proceso-peletizado\/equipos-industriales\/equipos-individuales\/sistemas-de-aspiracion-filtros-de-mangas\/\" \/>\n<meta property=\"og:locale\" content=\"es_ES\" \/>\n<meta property=\"og:type\" content=\"article\" \/>\n<meta property=\"og:title\" content=\"Sistemas de Aspiraci\u00f3n - Filtros de Mangas - Ecofricalia. Soluciones Integrales para la Producci\u00f3n de Pellet\" \/>\n<meta property=\"og:description\" content=\"Descubre los sistemas de aspiraci\u00f3n con filtros de mangas de acero galvanizado, dise\u00f1ados para recoger polvo de m\u00e1quinas industriales y optimizar el proceso de producci\u00f3n. Diferentes modelos seg\u00fan las necesidades.\" \/>\n<meta property=\"og:url\" content=\"https:\/\/peletizadoras.net\/es-ar\/catalogo-maquinas-proceso-peletizado\/equipos-industriales\/equipos-individuales\/sistemas-de-aspiracion-filtros-de-mangas\/\" \/>\n<meta property=\"og:site_name\" content=\"Ecofricalia. Soluciones Integrales para la Producci\u00f3n de Pellet\" \/>\n<meta property=\"article:publisher\" content=\"https:\/\/www.facebook.com\/EcofricaliaSostenible\" \/>\n<meta property=\"article:modified_time\" content=\"2025-11-13T10:31:34+00:00\" \/>\n<meta property=\"og:image\" content=\"https:\/\/peletizadoras.net\/wp-content\/uploads\/2025\/02\/sistemas-aspiracion-filtros-mangas-12.jpg\" \/>\n\t<meta property=\"og:image:width\" content=\"1194\" \/>\n\t<meta property=\"og:image:height\" content=\"895\" \/>\n\t<meta property=\"og:image:type\" content=\"image\/jpeg\" \/>\n<meta name=\"twitter:card\" content=\"summary_large_image\" \/>\n<meta name=\"twitter:site\" content=\"@_ecofricalia\" \/>\n<script type=\"application\/ld+json\" class=\"yoast-schema-graph\">{\"@context\":\"https:\\\/\\\/schema.org\",\"@graph\":[{\"@type\":\"WebPage\",\"@id\":\"https:\\\/\\\/peletizadoras.net\\\/es-ar\\\/catalogo-maquinas-proceso-peletizado\\\/equipos-industriales\\\/equipos-individuales\\\/sistemas-de-aspiracion-filtros-de-mangas\\\/\",\"url\":\"https:\\\/\\\/peletizadoras.net\\\/es-ar\\\/catalogo-maquinas-proceso-peletizado\\\/equipos-industriales\\\/equipos-individuales\\\/sistemas-de-aspiracion-filtros-de-mangas\\\/\",\"name\":\"Sistemas de Aspiraci\u00f3n - Filtros de Mangas - Ecofricalia. Soluciones Integrales para la Producci\u00f3n de Pellet\",\"isPartOf\":{\"@id\":\"https:\\\/\\\/peletizadoras.net\\\/es-ar\\\/#website\"},\"primaryImageOfPage\":{\"@id\":\"https:\\\/\\\/peletizadoras.net\\\/es-ar\\\/catalogo-maquinas-proceso-peletizado\\\/equipos-industriales\\\/equipos-individuales\\\/sistemas-de-aspiracion-filtros-de-mangas\\\/#primaryimage\"},\"image\":{\"@id\":\"https:\\\/\\\/peletizadoras.net\\\/es-ar\\\/catalogo-maquinas-proceso-peletizado\\\/equipos-industriales\\\/equipos-individuales\\\/sistemas-de-aspiracion-filtros-de-mangas\\\/#primaryimage\"},\"thumbnailUrl\":\"https:\\\/\\\/peletizadoras.net\\\/wp-content\\\/uploads\\\/2025\\\/02\\\/sistemas-aspiracion-filtros-mangas-12.jpg\",\"datePublished\":\"2025-02-23T13:04:48+00:00\",\"dateModified\":\"2025-11-13T10:31:34+00:00\",\"description\":\"Descubre los sistemas de aspiraci\u00f3n con filtros de mangas de acero galvanizado, dise\u00f1ados para recoger polvo de m\u00e1quinas industriales y optimizar el proceso de producci\u00f3n. Diferentes modelos seg\u00fan las necesidades.\",\"breadcrumb\":{\"@id\":\"https:\\\/\\\/peletizadoras.net\\\/es-ar\\\/catalogo-maquinas-proceso-peletizado\\\/equipos-industriales\\\/equipos-individuales\\\/sistemas-de-aspiracion-filtros-de-mangas\\\/#breadcrumb\"},\"inLanguage\":\"es-AR\",\"potentialAction\":[{\"@type\":\"ReadAction\",\"target\":[\"https:\\\/\\\/peletizadoras.net\\\/es-ar\\\/catalogo-maquinas-proceso-peletizado\\\/equipos-industriales\\\/equipos-individuales\\\/sistemas-de-aspiracion-filtros-de-mangas\\\/\"]}]},{\"@type\":\"ImageObject\",\"inLanguage\":\"es-AR\",\"@id\":\"https:\\\/\\\/peletizadoras.net\\\/es-ar\\\/catalogo-maquinas-proceso-peletizado\\\/equipos-industriales\\\/equipos-individuales\\\/sistemas-de-aspiracion-filtros-de-mangas\\\/#primaryimage\",\"url\":\"https:\\\/\\\/peletizadoras.net\\\/wp-content\\\/uploads\\\/2025\\\/02\\\/sistemas-aspiracion-filtros-mangas-12.jpg\",\"contentUrl\":\"https:\\\/\\\/peletizadoras.net\\\/wp-content\\\/uploads\\\/2025\\\/02\\\/sistemas-aspiracion-filtros-mangas-12.jpg\",\"width\":1194,\"height\":895},{\"@type\":\"BreadcrumbList\",\"@id\":\"https:\\\/\\\/peletizadoras.net\\\/es-ar\\\/catalogo-maquinas-proceso-peletizado\\\/equipos-industriales\\\/equipos-individuales\\\/sistemas-de-aspiracion-filtros-de-mangas\\\/#breadcrumb\",\"itemListElement\":[{\"@type\":\"ListItem\",\"position\":1,\"name\":\"Portada\",\"item\":\"https:\\\/\\\/peletizadoras.net\\\/es-ar\\\/pagina-de-inicio\\\/\"},{\"@type\":\"ListItem\",\"position\":2,\"name\":\"Tienda\",\"item\":\"https:\\\/\\\/peletizadoras.net\\\/tienda\\\/\"},{\"@type\":\"ListItem\",\"position\":3,\"name\":\"Sistemas de Aspiraci\u00f3n &#8211; Filtros de Mangas\"}]},{\"@type\":\"WebSite\",\"@id\":\"https:\\\/\\\/peletizadoras.net\\\/es-ar\\\/#website\",\"url\":\"https:\\\/\\\/peletizadoras.net\\\/es-ar\\\/\",\"name\":\"Ecofricalia. Soluciones Integrales para la Producci\u00f3n de Pellet\",\"description\":\"Plantas y L\u00edneas industriales de peletizaci\u00f3n y m\u00e1quinas de fabricaci\u00f3n de pellet\",\"publisher\":{\"@id\":\"https:\\\/\\\/peletizadoras.net\\\/es-ar\\\/#organization\"},\"potentialAction\":[{\"@type\":\"SearchAction\",\"target\":{\"@type\":\"EntryPoint\",\"urlTemplate\":\"https:\\\/\\\/peletizadoras.net\\\/es-ar\\\/?s={search_term_string}\"},\"query-input\":{\"@type\":\"PropertyValueSpecification\",\"valueRequired\":true,\"valueName\":\"search_term_string\"}}],\"inLanguage\":\"es-AR\"},{\"@type\":\"Organization\",\"@id\":\"https:\\\/\\\/peletizadoras.net\\\/es-ar\\\/#organization\",\"name\":\"Ecofricalia. Soluciones Integrales para la Producci\u00f3n de Pellet\",\"url\":\"https:\\\/\\\/peletizadoras.net\\\/es-ar\\\/\",\"logo\":{\"@type\":\"ImageObject\",\"inLanguage\":\"es-AR\",\"@id\":\"https:\\\/\\\/peletizadoras.net\\\/es-ar\\\/#\\\/schema\\\/logo\\\/image\\\/\",\"url\":\"https:\\\/\\\/peletizadoras.net\\\/wp-content\\\/uploads\\\/2025\\\/05\\\/logo-ecofricalia-tapasweb.png\",\"contentUrl\":\"https:\\\/\\\/peletizadoras.net\\\/wp-content\\\/uploads\\\/2025\\\/05\\\/logo-ecofricalia-tapasweb.png\",\"width\":881,\"height\":418,\"caption\":\"Ecofricalia. Soluciones Integrales para la Producci\u00f3n de Pellet\"},\"image\":{\"@id\":\"https:\\\/\\\/peletizadoras.net\\\/es-ar\\\/#\\\/schema\\\/logo\\\/image\\\/\"},\"sameAs\":[\"https:\\\/\\\/www.facebook.com\\\/EcofricaliaSostenible\",\"https:\\\/\\\/x.com\\\/_ecofricalia\",\"https:\\\/\\\/www.youtube.com\\\/channel\\\/UCCvdG5pWUGvH4G5wP8TXuPw\",\"https:\\\/\\\/www.instagram.com\\\/ecofricalia_sostenible\\\/\"]}]}<\/script>\n<!-- \/ Yoast SEO plugin. -->","yoast_head_json":{"title":"Sistemas de Aspiraci\u00f3n - Filtros de Mangas - Ecofricalia. Soluciones Integrales para la Producci\u00f3n de Pellet","description":"Descubre los sistemas de aspiraci\u00f3n con filtros de mangas de acero galvanizado, dise\u00f1ados para recoger polvo de m\u00e1quinas industriales y optimizar el proceso de producci\u00f3n. Diferentes modelos seg\u00fan las necesidades.","robots":{"index":"index","follow":"follow","max-snippet":"max-snippet:-1","max-image-preview":"max-image-preview:large","max-video-preview":"max-video-preview:-1"},"canonical":"https:\/\/peletizadoras.net\/es-ar\/catalogo-maquinas-proceso-peletizado\/equipos-industriales\/equipos-individuales\/sistemas-de-aspiracion-filtros-de-mangas\/","og_locale":"es_ES","og_type":"article","og_title":"Sistemas de Aspiraci\u00f3n - Filtros de Mangas - Ecofricalia. Soluciones Integrales para la Producci\u00f3n de Pellet","og_description":"Descubre los sistemas de aspiraci\u00f3n con filtros de mangas de acero galvanizado, dise\u00f1ados para recoger polvo de m\u00e1quinas industriales y optimizar el proceso de producci\u00f3n. Diferentes modelos seg\u00fan las necesidades.","og_url":"https:\/\/peletizadoras.net\/es-ar\/catalogo-maquinas-proceso-peletizado\/equipos-industriales\/equipos-individuales\/sistemas-de-aspiracion-filtros-de-mangas\/","og_site_name":"Ecofricalia. Soluciones Integrales para la Producci\u00f3n de Pellet","article_publisher":"https:\/\/www.facebook.com\/EcofricaliaSostenible","article_modified_time":"2025-11-13T10:31:34+00:00","og_image":[{"width":1194,"height":895,"url":"https:\/\/peletizadoras.net\/wp-content\/uploads\/2025\/02\/sistemas-aspiracion-filtros-mangas-12.jpg","type":"image\/jpeg"}],"twitter_card":"summary_large_image","twitter_site":"@_ecofricalia","schema":{"@context":"https:\/\/schema.org","@graph":[{"@type":"WebPage","@id":"https:\/\/peletizadoras.net\/es-ar\/catalogo-maquinas-proceso-peletizado\/equipos-industriales\/equipos-individuales\/sistemas-de-aspiracion-filtros-de-mangas\/","url":"https:\/\/peletizadoras.net\/es-ar\/catalogo-maquinas-proceso-peletizado\/equipos-industriales\/equipos-individuales\/sistemas-de-aspiracion-filtros-de-mangas\/","name":"Sistemas de Aspiraci\u00f3n - Filtros de Mangas - Ecofricalia. Soluciones Integrales para la Producci\u00f3n de Pellet","isPartOf":{"@id":"https:\/\/peletizadoras.net\/es-ar\/#website"},"primaryImageOfPage":{"@id":"https:\/\/peletizadoras.net\/es-ar\/catalogo-maquinas-proceso-peletizado\/equipos-industriales\/equipos-individuales\/sistemas-de-aspiracion-filtros-de-mangas\/#primaryimage"},"image":{"@id":"https:\/\/peletizadoras.net\/es-ar\/catalogo-maquinas-proceso-peletizado\/equipos-industriales\/equipos-individuales\/sistemas-de-aspiracion-filtros-de-mangas\/#primaryimage"},"thumbnailUrl":"https:\/\/peletizadoras.net\/wp-content\/uploads\/2025\/02\/sistemas-aspiracion-filtros-mangas-12.jpg","datePublished":"2025-02-23T13:04:48+00:00","dateModified":"2025-11-13T10:31:34+00:00","description":"Descubre los sistemas de aspiraci\u00f3n con filtros de mangas de acero galvanizado, dise\u00f1ados para recoger polvo de m\u00e1quinas industriales y optimizar el proceso de producci\u00f3n. Diferentes modelos seg\u00fan las necesidades.","breadcrumb":{"@id":"https:\/\/peletizadoras.net\/es-ar\/catalogo-maquinas-proceso-peletizado\/equipos-industriales\/equipos-individuales\/sistemas-de-aspiracion-filtros-de-mangas\/#breadcrumb"},"inLanguage":"es-AR","potentialAction":[{"@type":"ReadAction","target":["https:\/\/peletizadoras.net\/es-ar\/catalogo-maquinas-proceso-peletizado\/equipos-industriales\/equipos-individuales\/sistemas-de-aspiracion-filtros-de-mangas\/"]}]},{"@type":"ImageObject","inLanguage":"es-AR","@id":"https:\/\/peletizadoras.net\/es-ar\/catalogo-maquinas-proceso-peletizado\/equipos-industriales\/equipos-individuales\/sistemas-de-aspiracion-filtros-de-mangas\/#primaryimage","url":"https:\/\/peletizadoras.net\/wp-content\/uploads\/2025\/02\/sistemas-aspiracion-filtros-mangas-12.jpg","contentUrl":"https:\/\/peletizadoras.net\/wp-content\/uploads\/2025\/02\/sistemas-aspiracion-filtros-mangas-12.jpg","width":1194,"height":895},{"@type":"BreadcrumbList","@id":"https:\/\/peletizadoras.net\/es-ar\/catalogo-maquinas-proceso-peletizado\/equipos-industriales\/equipos-individuales\/sistemas-de-aspiracion-filtros-de-mangas\/#breadcrumb","itemListElement":[{"@type":"ListItem","position":1,"name":"Portada","item":"https:\/\/peletizadoras.net\/es-ar\/pagina-de-inicio\/"},{"@type":"ListItem","position":2,"name":"Tienda","item":"https:\/\/peletizadoras.net\/tienda\/"},{"@type":"ListItem","position":3,"name":"Sistemas de Aspiraci\u00f3n &#8211; Filtros de Mangas"}]},{"@type":"WebSite","@id":"https:\/\/peletizadoras.net\/es-ar\/#website","url":"https:\/\/peletizadoras.net\/es-ar\/","name":"Ecofricalia. Soluciones Integrales para la Producci\u00f3n de Pellet","description":"Plantas y L\u00edneas industriales de peletizaci\u00f3n y m\u00e1quinas de fabricaci\u00f3n de pellet","publisher":{"@id":"https:\/\/peletizadoras.net\/es-ar\/#organization"},"potentialAction":[{"@type":"SearchAction","target":{"@type":"EntryPoint","urlTemplate":"https:\/\/peletizadoras.net\/es-ar\/?s={search_term_string}"},"query-input":{"@type":"PropertyValueSpecification","valueRequired":true,"valueName":"search_term_string"}}],"inLanguage":"es-AR"},{"@type":"Organization","@id":"https:\/\/peletizadoras.net\/es-ar\/#organization","name":"Ecofricalia. Soluciones Integrales para la Producci\u00f3n de Pellet","url":"https:\/\/peletizadoras.net\/es-ar\/","logo":{"@type":"ImageObject","inLanguage":"es-AR","@id":"https:\/\/peletizadoras.net\/es-ar\/#\/schema\/logo\/image\/","url":"https:\/\/peletizadoras.net\/wp-content\/uploads\/2025\/05\/logo-ecofricalia-tapasweb.png","contentUrl":"https:\/\/peletizadoras.net\/wp-content\/uploads\/2025\/05\/logo-ecofricalia-tapasweb.png","width":881,"height":418,"caption":"Ecofricalia. Soluciones Integrales para la Producci\u00f3n de Pellet"},"image":{"@id":"https:\/\/peletizadoras.net\/es-ar\/#\/schema\/logo\/image\/"},"sameAs":["https:\/\/www.facebook.com\/EcofricaliaSostenible","https:\/\/x.com\/_ecofricalia","https:\/\/www.youtube.com\/channel\/UCCvdG5pWUGvH4G5wP8TXuPw","https:\/\/www.instagram.com\/ecofricalia_sostenible\/"]}]}},"_links":{"self":[{"href":"https:\/\/peletizadoras.net\/es-ar\/wp-json\/wp\/v2\/product\/102277","targetHints":{"allow":["GET"]}}],"collection":[{"href":"https:\/\/peletizadoras.net\/es-ar\/wp-json\/wp\/v2\/product"}],"about":[{"href":"https:\/\/peletizadoras.net\/es-ar\/wp-json\/wp\/v2\/types\/product"}],"wp:featuredmedia":[{"embeddable":true,"href":"https:\/\/peletizadoras.net\/es-ar\/wp-json\/wp\/v2\/media\/101780"}],"wp:attachment":[{"href":"https:\/\/peletizadoras.net\/es-ar\/wp-json\/wp\/v2\/media?parent=102277"}],"wp:term":[{"taxonomy":"product_brand","embeddable":true,"href":"https:\/\/peletizadoras.net\/es-ar\/wp-json\/wp\/v2\/product_brand?post=102277"},{"taxonomy":"product_cat","embeddable":true,"href":"https:\/\/peletizadoras.net\/es-ar\/wp-json\/wp\/v2\/product_cat?post=102277"},{"taxonomy":"product_tag","embeddable":true,"href":"https:\/\/peletizadoras.net\/es-ar\/wp-json\/wp\/v2\/product_tag?post=102277"}],"curies":[{"name":"wp","href":"https:\/\/api.w.org\/{rel}","templated":true}]}}