{"id":102289,"date":"2025-05-14T17:42:46","date_gmt":"2025-05-14T15:42:46","guid":{"rendered":"https:\/\/peletizadoras.net\/catalogo-maquinas-proceso-peletizado\/sin%20categor\u00eda\/plt-25-peletizadora-de-mesa\/"},"modified":"2026-02-26T13:37:20","modified_gmt":"2026-02-26T12:37:20","slug":"plt-25-peletizadora-de-mesa","status":"publish","type":"product","link":"https:\/\/peletizadoras.net\/es-ar\/catalogo-maquinas-proceso-peletizado\/equipos-domesticos\/plt-25-peletizadora-de-mesa\/","title":{"rendered":"PLT-25 \u2013 Peletizadora de mesa"},"content":{"rendered":"<h3>PLT-25: la primera peletizadora de mesa del mundo &#8211; <span style=\"color: #ff0000;\"><strong>PR\u00d3XIMAMENTE<\/strong><\/span><\/h3>\n<p>La primera peletizadora de sobremesa, compacta, silenciosa y conectable a un enchufe dom\u00e9stico (220 V), la PLT-25 acerca la tecnolog\u00eda industrial de peletizaci\u00f3n a talleres, explotaciones agr\u00edcolas, centros de investigaci\u00f3n y aficionados avanzados.<\/p>\n<p>Ventajas clave:<\/p>\n<ul>\n<li>Versatilidad de materias primas: serr\u00edn, alfalfa, subproductos agr\u00edcolas, mixes arom\u00e1ticos e incluso formulaciones para I+D, etc.<\/li>\n<li>Matrices intercambiables de distinta compresi\u00f3n seg\u00fan el material a peletizar.<\/li>\n<li>Bajo consumo: solo 1,1 kW \u00b7 \u2264 0,25 kWh por kg de pellet.<\/li>\n<li>Dise\u00f1o plug-and-play: sin cuadro externo; basta con un enchufe monof\u00e1sico.<\/li>\n<li>Fabricaci\u00f3n europea y servicio Ecofricalia (formaci\u00f3n y recambios).<\/li>\n<\/ul>\n<h3>Especificaciones t\u00e9cnicas<\/h3>\n<table style=\"height: 230px; border: 1px; width: 437px;\">\n<tbody>\n<tr style=\"height: 23px;\">\n<td style=\"height: 23px; width: 181.172px;\">Producci\u00f3n<\/td>\n<td style=\"height: 23px; width: 241.828px;\">10 \u2013 20 kg\/h (seg\u00fan materia prima)<\/td>\n<\/tr>\n<tr style=\"height: 23px;\">\n<td style=\"height: 23px; width: 181.172px;\">Potencia instalada<\/td>\n<td style=\"height: 23px; width: 241.828px;\">1 100 W<\/td>\n<\/tr>\n<tr style=\"height: 23px;\">\n<td style=\"height: 23px; width: 181.172px;\">Alimentaci\u00f3n<\/td>\n<td style=\"height: 23px; width: 241.828px;\">220 V monof\u00e1sico \u00b7 50\/60 Hz<\/td>\n<\/tr>\n<tr style=\"height: 23px;\">\n<td style=\"height: 23px; width: 181.172px;\">Matriz<\/td>\n<td style=\"height: 23px; width: 241.828px;\">\u00d8 106 mm \u00b7 Acero templado<\/td>\n<\/tr>\n<tr style=\"height: 23px;\">\n<td style=\"height: 23px; width: 181.172px;\">Rodillos<\/td>\n<td style=\"height: 23px; width: 241.828px;\">\u00d8 70 mm doble rodillo<\/td>\n<\/tr>\n<tr style=\"height: 23px;\">\n<td style=\"height: 23px; width: 181.172px;\">Di\u00e1metro de pellet<\/td>\n<td style=\"height: 23px; width: 241.828px;\">6 mm (otros bajo pedido)<\/td>\n<\/tr>\n<tr style=\"height: 23px;\">\n<td style=\"height: 23px; width: 181.172px;\">Dimensiones (L \u00d7 P \u00d7 H)<\/td>\n<td style=\"height: 23px; width: 241.828px;\">314 \u00d7 455 \u00d7 582 mm<\/td>\n<\/tr>\n<tr style=\"height: 23px;\">\n<td style=\"height: 23px; width: 181.172px;\">Peso<\/td>\n<td style=\"height: 23px; width: 241.828px;\">30 kg<\/td>\n<\/tr>\n<tr style=\"height: 23px;\">\n<td style=\"height: 23px; width: 181.172px;\">Nivel sonoro<\/td>\n<td style=\"height: 23px; width: 241.828px;\">&lt; 75 dB (a 1 m)<\/td>\n<\/tr>\n<tr style=\"height: 23px;\">\n<td style=\"height: 23px; width: 181.172px;\">Certificaciones<\/td>\n<td style=\"height: 23px; width: 241.828px;\">CE \u00b7 Manual en ES\/IT<\/td>\n<\/tr>\n<\/tbody>\n<\/table>\n<p>&nbsp;<\/p>\n<h3>Casos de uso<\/h3>\n<ul>\n<li><strong>Calefacci\u00f3n dom\u00e9stica:<\/strong> produce el pellet de una estufa est\u00e1ndar para 24 h en solo 45 min.<\/li>\n<li><strong>Carpinter\u00edas:<\/strong> para aprovechar excedentes de serrin y convertirlos en biocombustible.<\/li>\n<li><strong>Laboratorios y universidades:<\/strong> ajusta compresiones y humedad para ensayos con diferentes materiales.<\/li>\n<li><strong>Agro-ganader\u00eda:<\/strong> fabrica peque\u00f1os lotes de pienso peletizado in situ.<\/li>\n<li><strong>Gourmet BBQ:<\/strong> pellets arom\u00e1ticos de madera noble para ahumado de carnes.<\/li>\n<li>Y otros muchos m\u00e1s\u2026<\/li>\n<\/ul>\n<h3>Contenido del suministro<\/h3>\n<ul>\n<li>Peletizadora PLT-25.<\/li>\n<li>Matriz est\u00e1ndar 6 mm di\u00e1metro (compresi\u00f3n media).<\/li>\n<li>Manual y checklist de puesta en marcha.<\/li>\n<li>Tubo grasa altas temperaturas.<\/li>\n<\/ul>\n","protected":false},"excerpt":{"rendered":"<h3><span style=\"color: #ff0000;\"><strong>PR\u00d3XIMAMENTE<\/strong><\/span><\/h3>\n<p>Dise\u00f1ada para quienes buscan una soluci\u00f3n ultraligera, pr\u00e1ctica y sorprendentemente eficaz para producir pellets en cantidades muy peque\u00f1as.<\/p>\n<p>Con motor monof\u00e1sico de 1 100 W y matrices intercambiables, la PLT-25 produce 10-20 kg\/h de pellet con \u00d8 de 6 mm y un consumo energ\u00e9tico m\u00ednimo.<\/p>\n<p>Ideal para:<\/p>\n<ul>\n<li>Autoconsumo (calefacci\u00f3n diaria en menos de 1 h).<\/li>\n<li>Estudios de viabilidad y ensayos de I+D.<\/li>\n<li>Elaboraci\u00f3n de p\u00e9lets con diferentes materiales para usos variados.<\/li>\n<\/ul>\n","protected":false},"featured_media":102117,"template":"","meta":{"_et_pb_use_builder":"","_et_pb_old_content":"","_et_gb_content_width":""},"product_brand":[],"product_cat":[99],"product_tag":[],"class_list":{"0":"post-102289","1":"product","2":"type-product","3":"status-publish","4":"has-post-thumbnail","6":"product_cat-equipos-domesticos","8":"first","9":"instock","10":"shipping-taxable","11":"product-type-simple"},"yoast_head":"<!-- This site is optimized with the Yoast SEO plugin v27.4 - https:\/\/yoast.com\/product\/yoast-seo-wordpress\/ -->\n<title>PLT-25 Peletizadora de mesa | 10-20 kg\/h | 220 V | Ecofricalia<\/title>\n<meta name=\"description\" content=\"Compra la PLT-25, la primera peletizadora de mesa: 10-20 kg\/h, bajo consumo 1 100 W, ideal para autoconsumo, laboratorio y piensos.\" \/>\n<meta name=\"robots\" content=\"index, follow, max-snippet:-1, max-image-preview:large, max-video-preview:-1\" \/>\n<link rel=\"canonical\" href=\"https:\/\/peletizadoras.net\/es-ar\/catalogo-maquinas-proceso-peletizado\/equipos-domesticos\/plt-25-peletizadora-de-mesa\/\" \/>\n<meta property=\"og:locale\" content=\"es_ES\" \/>\n<meta property=\"og:type\" content=\"article\" \/>\n<meta property=\"og:title\" content=\"PLT-25 Peletizadora de mesa | 10-20 kg\/h | 220 V | Ecofricalia\" \/>\n<meta property=\"og:description\" content=\"Compra la PLT-25, la primera peletizadora de mesa: 10-20 kg\/h, bajo consumo 1 100 W, ideal para autoconsumo, laboratorio y piensos.\" \/>\n<meta property=\"og:url\" content=\"https:\/\/peletizadoras.net\/es-ar\/catalogo-maquinas-proceso-peletizado\/equipos-domesticos\/plt-25-peletizadora-de-mesa\/\" \/>\n<meta property=\"og:site_name\" content=\"Ecofricalia. Soluciones Integrales para la Producci\u00f3n de Pellet\" \/>\n<meta property=\"article:publisher\" content=\"https:\/\/www.facebook.com\/EcofricaliaSostenible\" \/>\n<meta property=\"article:modified_time\" content=\"2026-02-26T12:37:20+00:00\" \/>\n<meta property=\"og:image\" content=\"https:\/\/peletizadoras.net\/wp-content\/uploads\/2025\/05\/peletizadora-autoconsumo-domestica-casera-laboratorio-plt25-fabricacion-pellet-pelet-mesa.jpg\" \/>\n\t<meta property=\"og:image:width\" content=\"1024\" \/>\n\t<meta property=\"og:image:height\" content=\"768\" \/>\n\t<meta property=\"og:image:type\" content=\"image\/jpeg\" \/>\n<meta name=\"twitter:card\" content=\"summary_large_image\" \/>\n<meta name=\"twitter:site\" content=\"@_ecofricalia\" \/>\n<meta name=\"twitter:label1\" content=\"Tiempo de lectura\" \/>\n\t<meta name=\"twitter:data1\" content=\"2 minutos\" \/>\n<script type=\"application\/ld+json\" class=\"yoast-schema-graph\">{\"@context\":\"https:\\\/\\\/schema.org\",\"@graph\":[{\"@type\":\"WebPage\",\"@id\":\"https:\\\/\\\/peletizadoras.net\\\/es-ar\\\/catalogo-maquinas-proceso-peletizado\\\/equipos-domesticos\\\/plt-25-peletizadora-de-mesa\\\/\",\"url\":\"https:\\\/\\\/peletizadoras.net\\\/es-ar\\\/catalogo-maquinas-proceso-peletizado\\\/equipos-domesticos\\\/plt-25-peletizadora-de-mesa\\\/\",\"name\":\"PLT-25 Peletizadora de mesa | 10-20 kg\\\/h | 220 V | Ecofricalia\",\"isPartOf\":{\"@id\":\"https:\\\/\\\/peletizadoras.net\\\/es-ar\\\/#website\"},\"primaryImageOfPage\":{\"@id\":\"https:\\\/\\\/peletizadoras.net\\\/es-ar\\\/catalogo-maquinas-proceso-peletizado\\\/equipos-domesticos\\\/plt-25-peletizadora-de-mesa\\\/#primaryimage\"},\"image\":{\"@id\":\"https:\\\/\\\/peletizadoras.net\\\/es-ar\\\/catalogo-maquinas-proceso-peletizado\\\/equipos-domesticos\\\/plt-25-peletizadora-de-mesa\\\/#primaryimage\"},\"thumbnailUrl\":\"https:\\\/\\\/peletizadoras.net\\\/wp-content\\\/uploads\\\/2025\\\/05\\\/peletizadora-autoconsumo-domestica-casera-laboratorio-plt25-fabricacion-pellet-pelet-mesa.jpg\",\"datePublished\":\"2025-05-14T15:42:46+00:00\",\"dateModified\":\"2026-02-26T12:37:20+00:00\",\"description\":\"Compra la PLT-25, la primera peletizadora de mesa: 10-20 kg\\\/h, bajo consumo 1 100 W, ideal para autoconsumo, laboratorio y piensos.\",\"breadcrumb\":{\"@id\":\"https:\\\/\\\/peletizadoras.net\\\/es-ar\\\/catalogo-maquinas-proceso-peletizado\\\/equipos-domesticos\\\/plt-25-peletizadora-de-mesa\\\/#breadcrumb\"},\"inLanguage\":\"es-AR\",\"potentialAction\":[{\"@type\":\"ReadAction\",\"target\":[\"https:\\\/\\\/peletizadoras.net\\\/es-ar\\\/catalogo-maquinas-proceso-peletizado\\\/equipos-domesticos\\\/plt-25-peletizadora-de-mesa\\\/\"]}]},{\"@type\":\"ImageObject\",\"inLanguage\":\"es-AR\",\"@id\":\"https:\\\/\\\/peletizadoras.net\\\/es-ar\\\/catalogo-maquinas-proceso-peletizado\\\/equipos-domesticos\\\/plt-25-peletizadora-de-mesa\\\/#primaryimage\",\"url\":\"https:\\\/\\\/peletizadoras.net\\\/wp-content\\\/uploads\\\/2025\\\/05\\\/peletizadora-autoconsumo-domestica-casera-laboratorio-plt25-fabricacion-pellet-pelet-mesa.jpg\",\"contentUrl\":\"https:\\\/\\\/peletizadoras.net\\\/wp-content\\\/uploads\\\/2025\\\/05\\\/peletizadora-autoconsumo-domestica-casera-laboratorio-plt25-fabricacion-pellet-pelet-mesa.jpg\",\"width\":1024,\"height\":768,\"caption\":\"Peletizadora Dom\u00e9stica, Autoconsumo, Casera para fabricaci\u00f3n de Pellet. M\u00e1quina de Mesa\"},{\"@type\":\"BreadcrumbList\",\"@id\":\"https:\\\/\\\/peletizadoras.net\\\/es-ar\\\/catalogo-maquinas-proceso-peletizado\\\/equipos-domesticos\\\/plt-25-peletizadora-de-mesa\\\/#breadcrumb\",\"itemListElement\":[{\"@type\":\"ListItem\",\"position\":1,\"name\":\"Portada\",\"item\":\"https:\\\/\\\/peletizadoras.net\\\/es-ar\\\/pagina-de-inicio\\\/\"},{\"@type\":\"ListItem\",\"position\":2,\"name\":\"Tienda\",\"item\":\"https:\\\/\\\/peletizadoras.net\\\/tienda\\\/\"},{\"@type\":\"ListItem\",\"position\":3,\"name\":\"PLT-25 \u2013 Peletizadora de mesa\"}]},{\"@type\":\"WebSite\",\"@id\":\"https:\\\/\\\/peletizadoras.net\\\/es-ar\\\/#website\",\"url\":\"https:\\\/\\\/peletizadoras.net\\\/es-ar\\\/\",\"name\":\"Ecofricalia. Soluciones Integrales para la Producci\u00f3n de Pellet\",\"description\":\"Plantas y L\u00edneas industriales de peletizaci\u00f3n y m\u00e1quinas de fabricaci\u00f3n de pellet\",\"publisher\":{\"@id\":\"https:\\\/\\\/peletizadoras.net\\\/es-ar\\\/#organization\"},\"potentialAction\":[{\"@type\":\"SearchAction\",\"target\":{\"@type\":\"EntryPoint\",\"urlTemplate\":\"https:\\\/\\\/peletizadoras.net\\\/es-ar\\\/?s={search_term_string}\"},\"query-input\":{\"@type\":\"PropertyValueSpecification\",\"valueRequired\":true,\"valueName\":\"search_term_string\"}}],\"inLanguage\":\"es-AR\"},{\"@type\":\"Organization\",\"@id\":\"https:\\\/\\\/peletizadoras.net\\\/es-ar\\\/#organization\",\"name\":\"Ecofricalia. Soluciones Integrales para la Producci\u00f3n de Pellet\",\"url\":\"https:\\\/\\\/peletizadoras.net\\\/es-ar\\\/\",\"logo\":{\"@type\":\"ImageObject\",\"inLanguage\":\"es-AR\",\"@id\":\"https:\\\/\\\/peletizadoras.net\\\/es-ar\\\/#\\\/schema\\\/logo\\\/image\\\/\",\"url\":\"https:\\\/\\\/peletizadoras.net\\\/wp-content\\\/uploads\\\/2025\\\/05\\\/logo-ecofricalia-tapasweb.png\",\"contentUrl\":\"https:\\\/\\\/peletizadoras.net\\\/wp-content\\\/uploads\\\/2025\\\/05\\\/logo-ecofricalia-tapasweb.png\",\"width\":881,\"height\":418,\"caption\":\"Ecofricalia. Soluciones Integrales para la Producci\u00f3n de Pellet\"},\"image\":{\"@id\":\"https:\\\/\\\/peletizadoras.net\\\/es-ar\\\/#\\\/schema\\\/logo\\\/image\\\/\"},\"sameAs\":[\"https:\\\/\\\/www.facebook.com\\\/EcofricaliaSostenible\",\"https:\\\/\\\/x.com\\\/_ecofricalia\",\"https:\\\/\\\/www.youtube.com\\\/channel\\\/UCCvdG5pWUGvH4G5wP8TXuPw\",\"https:\\\/\\\/www.instagram.com\\\/ecofricalia_sostenible\\\/\"]}]}<\/script>\n<!-- \/ Yoast SEO plugin. -->","yoast_head_json":{"title":"PLT-25 Peletizadora de mesa | 10-20 kg\/h | 220 V | Ecofricalia","description":"Compra la PLT-25, la primera peletizadora de mesa: 10-20 kg\/h, bajo consumo 1 100 W, ideal para autoconsumo, laboratorio y piensos.","robots":{"index":"index","follow":"follow","max-snippet":"max-snippet:-1","max-image-preview":"max-image-preview:large","max-video-preview":"max-video-preview:-1"},"canonical":"https:\/\/peletizadoras.net\/es-ar\/catalogo-maquinas-proceso-peletizado\/equipos-domesticos\/plt-25-peletizadora-de-mesa\/","og_locale":"es_ES","og_type":"article","og_title":"PLT-25 Peletizadora de mesa | 10-20 kg\/h | 220 V | Ecofricalia","og_description":"Compra la PLT-25, la primera peletizadora de mesa: 10-20 kg\/h, bajo consumo 1 100 W, ideal para autoconsumo, laboratorio y piensos.","og_url":"https:\/\/peletizadoras.net\/es-ar\/catalogo-maquinas-proceso-peletizado\/equipos-domesticos\/plt-25-peletizadora-de-mesa\/","og_site_name":"Ecofricalia. Soluciones Integrales para la Producci\u00f3n de Pellet","article_publisher":"https:\/\/www.facebook.com\/EcofricaliaSostenible","article_modified_time":"2026-02-26T12:37:20+00:00","og_image":[{"width":1024,"height":768,"url":"https:\/\/peletizadoras.net\/wp-content\/uploads\/2025\/05\/peletizadora-autoconsumo-domestica-casera-laboratorio-plt25-fabricacion-pellet-pelet-mesa.jpg","type":"image\/jpeg"}],"twitter_card":"summary_large_image","twitter_site":"@_ecofricalia","twitter_misc":{"Tiempo de lectura":"2 minutos"},"schema":{"@context":"https:\/\/schema.org","@graph":[{"@type":"WebPage","@id":"https:\/\/peletizadoras.net\/es-ar\/catalogo-maquinas-proceso-peletizado\/equipos-domesticos\/plt-25-peletizadora-de-mesa\/","url":"https:\/\/peletizadoras.net\/es-ar\/catalogo-maquinas-proceso-peletizado\/equipos-domesticos\/plt-25-peletizadora-de-mesa\/","name":"PLT-25 Peletizadora de mesa | 10-20 kg\/h | 220 V | Ecofricalia","isPartOf":{"@id":"https:\/\/peletizadoras.net\/es-ar\/#website"},"primaryImageOfPage":{"@id":"https:\/\/peletizadoras.net\/es-ar\/catalogo-maquinas-proceso-peletizado\/equipos-domesticos\/plt-25-peletizadora-de-mesa\/#primaryimage"},"image":{"@id":"https:\/\/peletizadoras.net\/es-ar\/catalogo-maquinas-proceso-peletizado\/equipos-domesticos\/plt-25-peletizadora-de-mesa\/#primaryimage"},"thumbnailUrl":"https:\/\/peletizadoras.net\/wp-content\/uploads\/2025\/05\/peletizadora-autoconsumo-domestica-casera-laboratorio-plt25-fabricacion-pellet-pelet-mesa.jpg","datePublished":"2025-05-14T15:42:46+00:00","dateModified":"2026-02-26T12:37:20+00:00","description":"Compra la PLT-25, la primera peletizadora de mesa: 10-20 kg\/h, bajo consumo 1 100 W, ideal para autoconsumo, laboratorio y piensos.","breadcrumb":{"@id":"https:\/\/peletizadoras.net\/es-ar\/catalogo-maquinas-proceso-peletizado\/equipos-domesticos\/plt-25-peletizadora-de-mesa\/#breadcrumb"},"inLanguage":"es-AR","potentialAction":[{"@type":"ReadAction","target":["https:\/\/peletizadoras.net\/es-ar\/catalogo-maquinas-proceso-peletizado\/equipos-domesticos\/plt-25-peletizadora-de-mesa\/"]}]},{"@type":"ImageObject","inLanguage":"es-AR","@id":"https:\/\/peletizadoras.net\/es-ar\/catalogo-maquinas-proceso-peletizado\/equipos-domesticos\/plt-25-peletizadora-de-mesa\/#primaryimage","url":"https:\/\/peletizadoras.net\/wp-content\/uploads\/2025\/05\/peletizadora-autoconsumo-domestica-casera-laboratorio-plt25-fabricacion-pellet-pelet-mesa.jpg","contentUrl":"https:\/\/peletizadoras.net\/wp-content\/uploads\/2025\/05\/peletizadora-autoconsumo-domestica-casera-laboratorio-plt25-fabricacion-pellet-pelet-mesa.jpg","width":1024,"height":768,"caption":"Peletizadora Dom\u00e9stica, Autoconsumo, Casera para fabricaci\u00f3n de Pellet. M\u00e1quina de Mesa"},{"@type":"BreadcrumbList","@id":"https:\/\/peletizadoras.net\/es-ar\/catalogo-maquinas-proceso-peletizado\/equipos-domesticos\/plt-25-peletizadora-de-mesa\/#breadcrumb","itemListElement":[{"@type":"ListItem","position":1,"name":"Portada","item":"https:\/\/peletizadoras.net\/es-ar\/pagina-de-inicio\/"},{"@type":"ListItem","position":2,"name":"Tienda","item":"https:\/\/peletizadoras.net\/tienda\/"},{"@type":"ListItem","position":3,"name":"PLT-25 \u2013 Peletizadora de mesa"}]},{"@type":"WebSite","@id":"https:\/\/peletizadoras.net\/es-ar\/#website","url":"https:\/\/peletizadoras.net\/es-ar\/","name":"Ecofricalia. Soluciones Integrales para la Producci\u00f3n de Pellet","description":"Plantas y L\u00edneas industriales de peletizaci\u00f3n y m\u00e1quinas de fabricaci\u00f3n de pellet","publisher":{"@id":"https:\/\/peletizadoras.net\/es-ar\/#organization"},"potentialAction":[{"@type":"SearchAction","target":{"@type":"EntryPoint","urlTemplate":"https:\/\/peletizadoras.net\/es-ar\/?s={search_term_string}"},"query-input":{"@type":"PropertyValueSpecification","valueRequired":true,"valueName":"search_term_string"}}],"inLanguage":"es-AR"},{"@type":"Organization","@id":"https:\/\/peletizadoras.net\/es-ar\/#organization","name":"Ecofricalia. Soluciones Integrales para la Producci\u00f3n de Pellet","url":"https:\/\/peletizadoras.net\/es-ar\/","logo":{"@type":"ImageObject","inLanguage":"es-AR","@id":"https:\/\/peletizadoras.net\/es-ar\/#\/schema\/logo\/image\/","url":"https:\/\/peletizadoras.net\/wp-content\/uploads\/2025\/05\/logo-ecofricalia-tapasweb.png","contentUrl":"https:\/\/peletizadoras.net\/wp-content\/uploads\/2025\/05\/logo-ecofricalia-tapasweb.png","width":881,"height":418,"caption":"Ecofricalia. Soluciones Integrales para la Producci\u00f3n de Pellet"},"image":{"@id":"https:\/\/peletizadoras.net\/es-ar\/#\/schema\/logo\/image\/"},"sameAs":["https:\/\/www.facebook.com\/EcofricaliaSostenible","https:\/\/x.com\/_ecofricalia","https:\/\/www.youtube.com\/channel\/UCCvdG5pWUGvH4G5wP8TXuPw","https:\/\/www.instagram.com\/ecofricalia_sostenible\/"]}]}},"_links":{"self":[{"href":"https:\/\/peletizadoras.net\/es-ar\/wp-json\/wp\/v2\/product\/102289","targetHints":{"allow":["GET"]}}],"collection":[{"href":"https:\/\/peletizadoras.net\/es-ar\/wp-json\/wp\/v2\/product"}],"about":[{"href":"https:\/\/peletizadoras.net\/es-ar\/wp-json\/wp\/v2\/types\/product"}],"wp:featuredmedia":[{"embeddable":true,"href":"https:\/\/peletizadoras.net\/es-ar\/wp-json\/wp\/v2\/media\/102117"}],"wp:attachment":[{"href":"https:\/\/peletizadoras.net\/es-ar\/wp-json\/wp\/v2\/media?parent=102289"}],"wp:term":[{"taxonomy":"product_brand","embeddable":true,"href":"https:\/\/peletizadoras.net\/es-ar\/wp-json\/wp\/v2\/product_brand?post=102289"},{"taxonomy":"product_cat","embeddable":true,"href":"https:\/\/peletizadoras.net\/es-ar\/wp-json\/wp\/v2\/product_cat?post=102289"},{"taxonomy":"product_tag","embeddable":true,"href":"https:\/\/peletizadoras.net\/es-ar\/wp-json\/wp\/v2\/product_tag?post=102289"}],"curies":[{"name":"wp","href":"https:\/\/api.w.org\/{rel}","templated":true}]}}