{"id":102297,"date":"2025-07-09T17:52:44","date_gmt":"2025-07-09T15:52:44","guid":{"rendered":"https:\/\/peletizadoras.net\/catalogo-maquinas-proceso-peletizado\/sin%20categor\u00eda\/trituradora-agricola-serie-a-2\/"},"modified":"2025-12-03T12:18:32","modified_gmt":"2025-12-03T11:18:32","slug":"trituradora-agricola-serie-a-2","status":"publish","type":"product","link":"https:\/\/peletizadoras.net\/es-ar\/catalogo-maquinas-proceso-peletizado\/equipos-complementarios\/trituradora-agricola-serie-a-2\/","title":{"rendered":"Trituradora Agr\u00edcola Serie A"},"content":{"rendered":"","protected":false},"excerpt":{"rendered":"<p data-prosemirror-content-type=\"node\" data-prosemirror-node-name=\"paragraph\" data-prosemirror-node-block=\"true\" data-pm-slice=\"1 3 []\"><em data-prosemirror-content-type=\"mark\" data-prosemirror-mark-name=\"em\">RECOGIDA Y ASTILLADO DE PODAS AGR\u00cdCOLAS.<\/em><\/p>\n<p data-prosemirror-content-type=\"node\" data-prosemirror-node-name=\"paragraph\" data-prosemirror-node-block=\"true\"><em data-prosemirror-content-type=\"mark\" data-prosemirror-mark-name=\"em\">La recogida de Biomasa se convierte en un verdadero recurso de las explotaciones.<\/em><\/p>\n<p data-prosemirror-content-type=\"node\" data-prosemirror-node-name=\"paragraph\" data-prosemirror-node-block=\"true\">Previo a su uso en la planta peletizadora, el residuo ha de ser astillado en tama\u00f1o homog\u00e9neo para conseguir los mejores resultados en la manipulaci\u00f3n y transformaci\u00f3n.<\/p>\n<p data-prosemirror-content-type=\"node\" data-prosemirror-node-name=\"paragraph\" data-prosemirror-node-block=\"true\">Esta maquinaria est\u00e1 destinada a la recogida y la trituraci\u00f3n de restos de poda para su aprovechamiento como Biomasa. El material es triturado con un acabado fino y cargado simult\u00e1neamente por la propia maquina a un caj\u00f3n acoplado abatible, de esta manera resulta ideal para su transporte y posterior descarga sobre un cami\u00f3n o en zonas destinadas para su acopio. <\/p>\n<p data-prosemirror-content-type=\"node\" data-prosemirror-node-name=\"paragraph\" data-prosemirror-node-block=\"true\">Ideales para la eliminaci\u00f3n de restos de poda en plantaciones de frutales, olivares, almendros y similares, dado que la quema en campo abierto estar\u00e1 regulada por normativas europeas para reducir las emisiones de CO2 y las part\u00edculas que generan su incineraci\u00f3n.<\/p>\n<p data-prosemirror-content-type=\"node\" data-prosemirror-node-name=\"paragraph\" data-prosemirror-node-block=\"true\">Este equipo compacto se adapta a terrenos complejos donde la manejabilidad es un factor importante en las labores agr\u00edcolas.<\/p>\n<p data-prosemirror-content-type=\"node\" data-prosemirror-node-name=\"paragraph\" data-prosemirror-node-block=\"true\">Trituradoras provistas de doble alimentaci\u00f3n hidr\u00e1ulico, de f\u00e1cil mantenimiento y accesibilidad. En su fabricaci\u00f3n se emplean componentes de primeras marcas para garantizar su durabilidad: Chasis central en chapa Strenx de 6 mm bajo refuerzo y ambos laterales en chapa de 12 mm. <\/p>\n<ul class=\"ak-ul\" data-prosemirror-content-type=\"node\" data-prosemirror-node-name=\"bulletList\" data-prosemirror-node-block=\"true\">\n<li data-prosemirror-content-type=\"node\" data-prosemirror-node-name=\"listItem\" data-prosemirror-node-block=\"true\">\n<p data-prosemirror-content-type=\"node\" data-prosemirror-node-name=\"paragraph\" data-prosemirror-node-block=\"true\">Rotor reforzado de martillos forestales oscilantes.<\/p>\n<\/li>\n<li data-prosemirror-content-type=\"node\" data-prosemirror-node-name=\"listItem\" data-prosemirror-node-block=\"true\">\n<p data-prosemirror-content-type=\"node\" data-prosemirror-node-name=\"paragraph\" data-prosemirror-node-block=\"true\">Rotor reforzado de dados tratados reversibles.<\/p>\n<\/li>\n<\/ul>\n","protected":false},"featured_media":102162,"template":"","meta":{"_et_pb_use_builder":"","_et_pb_old_content":"","_et_gb_content_width":""},"product_brand":[],"product_cat":[98],"product_tag":[],"class_list":{"0":"post-102297","1":"product","2":"type-product","3":"status-publish","4":"has-post-thumbnail","6":"product_cat-equipos-complementarios","8":"first","9":"instock","10":"shipping-taxable","11":"product-type-simple"},"yoast_head":"<!-- This site is optimized with the Yoast SEO plugin v27.5 - https:\/\/yoast.com\/product\/yoast-seo-wordpress\/ -->\n<title>Trituradora Agr\u00edcola Serie A - Ecofricalia. Soluciones Integrales para la Producci\u00f3n de Pellet<\/title>\n<meta name=\"robots\" content=\"index, follow, max-snippet:-1, max-image-preview:large, max-video-preview:-1\" \/>\n<link rel=\"canonical\" href=\"https:\/\/peletizadoras.net\/es-ar\/catalogo-maquinas-proceso-peletizado\/equipos-complementarios\/trituradora-agricola-serie-a-2\/\" \/>\n<meta property=\"og:locale\" content=\"es_ES\" \/>\n<meta property=\"og:type\" content=\"article\" \/>\n<meta property=\"og:title\" content=\"Trituradora Agr\u00edcola Serie A - Ecofricalia. Soluciones Integrales para la Producci\u00f3n de Pellet\" \/>\n<meta property=\"og:description\" content=\"RECOGIDA Y ASTILLADO DE PODAS AGR\u00cdCOLAS. La recogida de Biomasa se convierte en un verdadero recurso de las explotaciones. Previo a su uso en la planta peletizadora, el residuo ha de ser astillado en tama\u00f1o homog\u00e9neo para conseguir los mejores resultados en la manipulaci\u00f3n y transformaci\u00f3n. Esta maquinaria est\u00e1 destinada a la recogida y la trituraci\u00f3n de restos de poda para su aprovechamiento como Biomasa. El material es triturado con un acabado fino y cargado simult\u00e1neamente por la propia maquina a un caj\u00f3n acoplado abatible, de esta manera resulta ideal para su transporte y posterior descarga sobre un cami\u00f3n o en zonas destinadas para su acopio. Ideales para la eliminaci\u00f3n de restos de poda en plantaciones de frutales, olivares, almendros y similares, dado que la quema en campo abierto estar\u00e1 regulada por normativas europeas para reducir las emisiones de CO2 y las part\u00edculas que generan su incineraci\u00f3n. Este equipo compacto se adapta a terrenos complejos donde la manejabilidad es un factor importante en las labores agr\u00edcolas. Trituradoras provistas de doble alimentaci\u00f3n hidr\u00e1ulico, de f\u00e1cil mantenimiento y accesibilidad. En su fabricaci\u00f3n se emplean componentes de primeras marcas para garantizar su durabilidad: Chasis central en chapa Strenx de 6 mm bajo refuerzo y ambos laterales en chapa de 12 mm.    Rotor reforzado de martillos forestales oscilantes.   Rotor reforzado de dados tratados reversibles.\" \/>\n<meta property=\"og:url\" content=\"https:\/\/peletizadoras.net\/es-ar\/catalogo-maquinas-proceso-peletizado\/equipos-complementarios\/trituradora-agricola-serie-a-2\/\" \/>\n<meta property=\"og:site_name\" content=\"Ecofricalia. Soluciones Integrales para la Producci\u00f3n de Pellet\" \/>\n<meta property=\"article:publisher\" content=\"https:\/\/www.facebook.com\/EcofricaliaSostenible\" \/>\n<meta property=\"article:modified_time\" content=\"2025-12-03T11:18:32+00:00\" \/>\n<meta property=\"og:image\" content=\"https:\/\/peletizadoras.net\/wp-content\/uploads\/2025\/07\/trituradora-agricola-serie-A-basic-restos-poda-ecofricalia-destacada.jpg\" \/>\n\t<meta property=\"og:image:width\" content=\"1024\" \/>\n\t<meta property=\"og:image:height\" content=\"800\" \/>\n\t<meta property=\"og:image:type\" content=\"image\/jpeg\" \/>\n<meta name=\"twitter:card\" content=\"summary_large_image\" \/>\n<meta name=\"twitter:site\" content=\"@_ecofricalia\" \/>\n<script type=\"application\/ld+json\" class=\"yoast-schema-graph\">{\"@context\":\"https:\\\/\\\/schema.org\",\"@graph\":[{\"@type\":\"WebPage\",\"@id\":\"https:\\\/\\\/peletizadoras.net\\\/es-ar\\\/catalogo-maquinas-proceso-peletizado\\\/equipos-complementarios\\\/trituradora-agricola-serie-a-2\\\/\",\"url\":\"https:\\\/\\\/peletizadoras.net\\\/es-ar\\\/catalogo-maquinas-proceso-peletizado\\\/equipos-complementarios\\\/trituradora-agricola-serie-a-2\\\/\",\"name\":\"Trituradora Agr\u00edcola Serie A - Ecofricalia. Soluciones Integrales para la Producci\u00f3n de Pellet\",\"isPartOf\":{\"@id\":\"https:\\\/\\\/peletizadoras.net\\\/es-ar\\\/#website\"},\"primaryImageOfPage\":{\"@id\":\"https:\\\/\\\/peletizadoras.net\\\/es-ar\\\/catalogo-maquinas-proceso-peletizado\\\/equipos-complementarios\\\/trituradora-agricola-serie-a-2\\\/#primaryimage\"},\"image\":{\"@id\":\"https:\\\/\\\/peletizadoras.net\\\/es-ar\\\/catalogo-maquinas-proceso-peletizado\\\/equipos-complementarios\\\/trituradora-agricola-serie-a-2\\\/#primaryimage\"},\"thumbnailUrl\":\"https:\\\/\\\/peletizadoras.net\\\/wp-content\\\/uploads\\\/2025\\\/07\\\/trituradora-agricola-serie-A-basic-restos-poda-ecofricalia-destacada.jpg\",\"datePublished\":\"2025-07-09T15:52:44+00:00\",\"dateModified\":\"2025-12-03T11:18:32+00:00\",\"breadcrumb\":{\"@id\":\"https:\\\/\\\/peletizadoras.net\\\/es-ar\\\/catalogo-maquinas-proceso-peletizado\\\/equipos-complementarios\\\/trituradora-agricola-serie-a-2\\\/#breadcrumb\"},\"inLanguage\":\"es-AR\",\"potentialAction\":[{\"@type\":\"ReadAction\",\"target\":[\"https:\\\/\\\/peletizadoras.net\\\/es-ar\\\/catalogo-maquinas-proceso-peletizado\\\/equipos-complementarios\\\/trituradora-agricola-serie-a-2\\\/\"]}]},{\"@type\":\"ImageObject\",\"inLanguage\":\"es-AR\",\"@id\":\"https:\\\/\\\/peletizadoras.net\\\/es-ar\\\/catalogo-maquinas-proceso-peletizado\\\/equipos-complementarios\\\/trituradora-agricola-serie-a-2\\\/#primaryimage\",\"url\":\"https:\\\/\\\/peletizadoras.net\\\/wp-content\\\/uploads\\\/2025\\\/07\\\/trituradora-agricola-serie-A-basic-restos-poda-ecofricalia-destacada.jpg\",\"contentUrl\":\"https:\\\/\\\/peletizadoras.net\\\/wp-content\\\/uploads\\\/2025\\\/07\\\/trituradora-agricola-serie-A-basic-restos-poda-ecofricalia-destacada.jpg\",\"width\":1024,\"height\":800,\"caption\":\"Trituradora para Poda Agr\u00edcola Serie A\"},{\"@type\":\"BreadcrumbList\",\"@id\":\"https:\\\/\\\/peletizadoras.net\\\/es-ar\\\/catalogo-maquinas-proceso-peletizado\\\/equipos-complementarios\\\/trituradora-agricola-serie-a-2\\\/#breadcrumb\",\"itemListElement\":[{\"@type\":\"ListItem\",\"position\":1,\"name\":\"Portada\",\"item\":\"https:\\\/\\\/peletizadoras.net\\\/es-ar\\\/pagina-de-inicio\\\/\"},{\"@type\":\"ListItem\",\"position\":2,\"name\":\"Tienda\",\"item\":\"https:\\\/\\\/peletizadoras.net\\\/tienda\\\/\"},{\"@type\":\"ListItem\",\"position\":3,\"name\":\"Trituradora Agr\u00edcola Serie A\"}]},{\"@type\":\"WebSite\",\"@id\":\"https:\\\/\\\/peletizadoras.net\\\/es-ar\\\/#website\",\"url\":\"https:\\\/\\\/peletizadoras.net\\\/es-ar\\\/\",\"name\":\"Ecofricalia. Soluciones Integrales para la Producci\u00f3n de Pellet\",\"description\":\"Plantas y L\u00edneas industriales de peletizaci\u00f3n y m\u00e1quinas de fabricaci\u00f3n de pellet\",\"publisher\":{\"@id\":\"https:\\\/\\\/peletizadoras.net\\\/es-ar\\\/#organization\"},\"potentialAction\":[{\"@type\":\"SearchAction\",\"target\":{\"@type\":\"EntryPoint\",\"urlTemplate\":\"https:\\\/\\\/peletizadoras.net\\\/es-ar\\\/?s={search_term_string}\"},\"query-input\":{\"@type\":\"PropertyValueSpecification\",\"valueRequired\":true,\"valueName\":\"search_term_string\"}}],\"inLanguage\":\"es-AR\"},{\"@type\":\"Organization\",\"@id\":\"https:\\\/\\\/peletizadoras.net\\\/es-ar\\\/#organization\",\"name\":\"Ecofricalia. Soluciones Integrales para la Producci\u00f3n de Pellet\",\"url\":\"https:\\\/\\\/peletizadoras.net\\\/es-ar\\\/\",\"logo\":{\"@type\":\"ImageObject\",\"inLanguage\":\"es-AR\",\"@id\":\"https:\\\/\\\/peletizadoras.net\\\/es-ar\\\/#\\\/schema\\\/logo\\\/image\\\/\",\"url\":\"https:\\\/\\\/peletizadoras.net\\\/wp-content\\\/uploads\\\/2025\\\/05\\\/logo-ecofricalia-tapasweb.png\",\"contentUrl\":\"https:\\\/\\\/peletizadoras.net\\\/wp-content\\\/uploads\\\/2025\\\/05\\\/logo-ecofricalia-tapasweb.png\",\"width\":881,\"height\":418,\"caption\":\"Ecofricalia. Soluciones Integrales para la Producci\u00f3n de Pellet\"},\"image\":{\"@id\":\"https:\\\/\\\/peletizadoras.net\\\/es-ar\\\/#\\\/schema\\\/logo\\\/image\\\/\"},\"sameAs\":[\"https:\\\/\\\/www.facebook.com\\\/EcofricaliaSostenible\",\"https:\\\/\\\/x.com\\\/_ecofricalia\",\"https:\\\/\\\/www.youtube.com\\\/channel\\\/UCCvdG5pWUGvH4G5wP8TXuPw\",\"https:\\\/\\\/www.instagram.com\\\/ecofricalia_sostenible\\\/\"]}]}<\/script>\n<!-- \/ Yoast SEO plugin. -->","yoast_head_json":{"title":"Trituradora Agr\u00edcola Serie A - Ecofricalia. Soluciones Integrales para la Producci\u00f3n de Pellet","robots":{"index":"index","follow":"follow","max-snippet":"max-snippet:-1","max-image-preview":"max-image-preview:large","max-video-preview":"max-video-preview:-1"},"canonical":"https:\/\/peletizadoras.net\/es-ar\/catalogo-maquinas-proceso-peletizado\/equipos-complementarios\/trituradora-agricola-serie-a-2\/","og_locale":"es_ES","og_type":"article","og_title":"Trituradora Agr\u00edcola Serie A - Ecofricalia. Soluciones Integrales para la Producci\u00f3n de Pellet","og_description":"RECOGIDA Y ASTILLADO DE PODAS AGR\u00cdCOLAS. La recogida de Biomasa se convierte en un verdadero recurso de las explotaciones. Previo a su uso en la planta peletizadora, el residuo ha de ser astillado en tama\u00f1o homog\u00e9neo para conseguir los mejores resultados en la manipulaci\u00f3n y transformaci\u00f3n. Esta maquinaria est\u00e1 destinada a la recogida y la trituraci\u00f3n de restos de poda para su aprovechamiento como Biomasa. El material es triturado con un acabado fino y cargado simult\u00e1neamente por la propia maquina a un caj\u00f3n acoplado abatible, de esta manera resulta ideal para su transporte y posterior descarga sobre un cami\u00f3n o en zonas destinadas para su acopio. Ideales para la eliminaci\u00f3n de restos de poda en plantaciones de frutales, olivares, almendros y similares, dado que la quema en campo abierto estar\u00e1 regulada por normativas europeas para reducir las emisiones de CO2 y las part\u00edculas que generan su incineraci\u00f3n. Este equipo compacto se adapta a terrenos complejos donde la manejabilidad es un factor importante en las labores agr\u00edcolas. Trituradoras provistas de doble alimentaci\u00f3n hidr\u00e1ulico, de f\u00e1cil mantenimiento y accesibilidad. En su fabricaci\u00f3n se emplean componentes de primeras marcas para garantizar su durabilidad: Chasis central en chapa Strenx de 6 mm bajo refuerzo y ambos laterales en chapa de 12 mm.    Rotor reforzado de martillos forestales oscilantes.   Rotor reforzado de dados tratados reversibles.","og_url":"https:\/\/peletizadoras.net\/es-ar\/catalogo-maquinas-proceso-peletizado\/equipos-complementarios\/trituradora-agricola-serie-a-2\/","og_site_name":"Ecofricalia. Soluciones Integrales para la Producci\u00f3n de Pellet","article_publisher":"https:\/\/www.facebook.com\/EcofricaliaSostenible","article_modified_time":"2025-12-03T11:18:32+00:00","og_image":[{"width":1024,"height":800,"url":"https:\/\/peletizadoras.net\/wp-content\/uploads\/2025\/07\/trituradora-agricola-serie-A-basic-restos-poda-ecofricalia-destacada.jpg","type":"image\/jpeg"}],"twitter_card":"summary_large_image","twitter_site":"@_ecofricalia","schema":{"@context":"https:\/\/schema.org","@graph":[{"@type":"WebPage","@id":"https:\/\/peletizadoras.net\/es-ar\/catalogo-maquinas-proceso-peletizado\/equipos-complementarios\/trituradora-agricola-serie-a-2\/","url":"https:\/\/peletizadoras.net\/es-ar\/catalogo-maquinas-proceso-peletizado\/equipos-complementarios\/trituradora-agricola-serie-a-2\/","name":"Trituradora Agr\u00edcola Serie A - Ecofricalia. Soluciones Integrales para la Producci\u00f3n de Pellet","isPartOf":{"@id":"https:\/\/peletizadoras.net\/es-ar\/#website"},"primaryImageOfPage":{"@id":"https:\/\/peletizadoras.net\/es-ar\/catalogo-maquinas-proceso-peletizado\/equipos-complementarios\/trituradora-agricola-serie-a-2\/#primaryimage"},"image":{"@id":"https:\/\/peletizadoras.net\/es-ar\/catalogo-maquinas-proceso-peletizado\/equipos-complementarios\/trituradora-agricola-serie-a-2\/#primaryimage"},"thumbnailUrl":"https:\/\/peletizadoras.net\/wp-content\/uploads\/2025\/07\/trituradora-agricola-serie-A-basic-restos-poda-ecofricalia-destacada.jpg","datePublished":"2025-07-09T15:52:44+00:00","dateModified":"2025-12-03T11:18:32+00:00","breadcrumb":{"@id":"https:\/\/peletizadoras.net\/es-ar\/catalogo-maquinas-proceso-peletizado\/equipos-complementarios\/trituradora-agricola-serie-a-2\/#breadcrumb"},"inLanguage":"es-AR","potentialAction":[{"@type":"ReadAction","target":["https:\/\/peletizadoras.net\/es-ar\/catalogo-maquinas-proceso-peletizado\/equipos-complementarios\/trituradora-agricola-serie-a-2\/"]}]},{"@type":"ImageObject","inLanguage":"es-AR","@id":"https:\/\/peletizadoras.net\/es-ar\/catalogo-maquinas-proceso-peletizado\/equipos-complementarios\/trituradora-agricola-serie-a-2\/#primaryimage","url":"https:\/\/peletizadoras.net\/wp-content\/uploads\/2025\/07\/trituradora-agricola-serie-A-basic-restos-poda-ecofricalia-destacada.jpg","contentUrl":"https:\/\/peletizadoras.net\/wp-content\/uploads\/2025\/07\/trituradora-agricola-serie-A-basic-restos-poda-ecofricalia-destacada.jpg","width":1024,"height":800,"caption":"Trituradora para Poda Agr\u00edcola Serie A"},{"@type":"BreadcrumbList","@id":"https:\/\/peletizadoras.net\/es-ar\/catalogo-maquinas-proceso-peletizado\/equipos-complementarios\/trituradora-agricola-serie-a-2\/#breadcrumb","itemListElement":[{"@type":"ListItem","position":1,"name":"Portada","item":"https:\/\/peletizadoras.net\/es-ar\/pagina-de-inicio\/"},{"@type":"ListItem","position":2,"name":"Tienda","item":"https:\/\/peletizadoras.net\/tienda\/"},{"@type":"ListItem","position":3,"name":"Trituradora Agr\u00edcola Serie A"}]},{"@type":"WebSite","@id":"https:\/\/peletizadoras.net\/es-ar\/#website","url":"https:\/\/peletizadoras.net\/es-ar\/","name":"Ecofricalia. Soluciones Integrales para la Producci\u00f3n de Pellet","description":"Plantas y L\u00edneas industriales de peletizaci\u00f3n y m\u00e1quinas de fabricaci\u00f3n de pellet","publisher":{"@id":"https:\/\/peletizadoras.net\/es-ar\/#organization"},"potentialAction":[{"@type":"SearchAction","target":{"@type":"EntryPoint","urlTemplate":"https:\/\/peletizadoras.net\/es-ar\/?s={search_term_string}"},"query-input":{"@type":"PropertyValueSpecification","valueRequired":true,"valueName":"search_term_string"}}],"inLanguage":"es-AR"},{"@type":"Organization","@id":"https:\/\/peletizadoras.net\/es-ar\/#organization","name":"Ecofricalia. Soluciones Integrales para la Producci\u00f3n de Pellet","url":"https:\/\/peletizadoras.net\/es-ar\/","logo":{"@type":"ImageObject","inLanguage":"es-AR","@id":"https:\/\/peletizadoras.net\/es-ar\/#\/schema\/logo\/image\/","url":"https:\/\/peletizadoras.net\/wp-content\/uploads\/2025\/05\/logo-ecofricalia-tapasweb.png","contentUrl":"https:\/\/peletizadoras.net\/wp-content\/uploads\/2025\/05\/logo-ecofricalia-tapasweb.png","width":881,"height":418,"caption":"Ecofricalia. Soluciones Integrales para la Producci\u00f3n de Pellet"},"image":{"@id":"https:\/\/peletizadoras.net\/es-ar\/#\/schema\/logo\/image\/"},"sameAs":["https:\/\/www.facebook.com\/EcofricaliaSostenible","https:\/\/x.com\/_ecofricalia","https:\/\/www.youtube.com\/channel\/UCCvdG5pWUGvH4G5wP8TXuPw","https:\/\/www.instagram.com\/ecofricalia_sostenible\/"]}]}},"_links":{"self":[{"href":"https:\/\/peletizadoras.net\/es-ar\/wp-json\/wp\/v2\/product\/102297","targetHints":{"allow":["GET"]}}],"collection":[{"href":"https:\/\/peletizadoras.net\/es-ar\/wp-json\/wp\/v2\/product"}],"about":[{"href":"https:\/\/peletizadoras.net\/es-ar\/wp-json\/wp\/v2\/types\/product"}],"wp:featuredmedia":[{"embeddable":true,"href":"https:\/\/peletizadoras.net\/es-ar\/wp-json\/wp\/v2\/media\/102162"}],"wp:attachment":[{"href":"https:\/\/peletizadoras.net\/es-ar\/wp-json\/wp\/v2\/media?parent=102297"}],"wp:term":[{"taxonomy":"product_brand","embeddable":true,"href":"https:\/\/peletizadoras.net\/es-ar\/wp-json\/wp\/v2\/product_brand?post=102297"},{"taxonomy":"product_cat","embeddable":true,"href":"https:\/\/peletizadoras.net\/es-ar\/wp-json\/wp\/v2\/product_cat?post=102297"},{"taxonomy":"product_tag","embeddable":true,"href":"https:\/\/peletizadoras.net\/es-ar\/wp-json\/wp\/v2\/product_tag?post=102297"}],"curies":[{"name":"wp","href":"https:\/\/api.w.org\/{rel}","templated":true}]}}