{"id":102299,"date":"2025-02-23T14:05:12","date_gmt":"2025-02-23T13:05:12","guid":{"rendered":"https:\/\/peletizadoras.net\/catalogo-maquinas-proceso-peletizado\/sin%20categor\u00eda\/compresores\/"},"modified":"2025-11-13T16:55:23","modified_gmt":"2025-11-13T15:55:23","slug":"compresores","status":"publish","type":"product","link":"https:\/\/peletizadoras.net\/es-ar\/catalogo-maquinas-proceso-peletizado\/equipos-complementarios\/compresores\/","title":{"rendered":"Compresores"},"content":{"rendered":"","protected":false},"excerpt":{"rendered":"<p data-prosemirror-content-type=\"node\" data-prosemirror-node-name=\"paragraph\" data-prosemirror-node-block=\"true\" data-pm-slice=\"1 1 []\">Los compresores de aire son dispositivos disen\u0303ados para aumentar la presio\u0301n del aire mediante su reduccio\u0301n de volumen, lo que permite almacenarlo y utilizarlo como fuente de energi\u0301a en aplicaciones industriales. Se utilizan para alimentar herramientas neuma\u0301ticas, automatizar procesos o asistir en el funcionamiento de maquinaria que requiere presio\u0301n constante y controlada, como peletizadoras y sistemas de ensacado. Suelen integrar componentes como secadores y filtros para asegurar que el aire comprimido este\u0301 libre de humedad e impurezas, lo que prolonga la vida u\u0301til de los equipos conectados.  <\/p>\n<p data-prosemirror-content-type=\"node\" data-prosemirror-node-name=\"paragraph\" data-prosemirror-node-block=\"true\" data-pm-slice=\"1 1 []\">Cuando el compresor forma parte de una planta de peletizado es fundamental que incorpore:<\/p>\n<ul data-start=\"81\" data-end=\"264\">\n<li data-start=\"81\" data-end=\"161\">\n<p data-start=\"83\" data-end=\"161\"><strong data-start=\"83\" data-end=\"102\">Secador de aire<\/strong>: elimina la humedad y evita que el material se apelmace.<\/p>\n<\/li>\n<li data-start=\"162\" data-end=\"264\">\n<p data-start=\"164\" data-end=\"264\"><strong data-start=\"164\" data-end=\"184\">Filtro antipolvo<\/strong>: retiene part\u00edculas en suspensi\u00f3n, protege la maquinaria y alarga su vida \u00fatil.<\/p>\n<\/li>\n<\/ul>\n<p data-start=\"266\" data-end=\"385\" data-is-last-node=\"\" data-is-only-node=\"\">Con ambos sistemas integrados se mejora la calidad del pellet y se garantiza el funcionamiento \u00f3ptimo de toda la l\u00ednea.<\/p>\n","protected":false},"featured_media":101825,"template":"","meta":{"_et_pb_use_builder":"","_et_pb_old_content":"","_et_gb_content_width":""},"product_brand":[],"product_cat":[98],"product_tag":[],"class_list":{"0":"post-102299","1":"product","2":"type-product","3":"status-publish","4":"has-post-thumbnail","6":"product_cat-equipos-complementarios","8":"first","9":"instock","10":"shipping-taxable","11":"product-type-simple"},"yoast_head":"<!-- This site is optimized with the Yoast SEO plugin v27.5 - https:\/\/yoast.com\/product\/yoast-seo-wordpress\/ -->\n<title>Compresores para Peletizadoras y Ensacadoras | Bajo Ruido y Alta Eficiencia<\/title>\n<meta name=\"description\" content=\"Descubre compresores ideales para sistemas de peletizaci\u00f3n y ensacado, con bajo nivel sonoro, dep\u00f3sito vertical, secador de aire y filtro antipolvo. Optimiza tu maquinaria industrial con nuestras soluciones.\" \/>\n<meta name=\"robots\" content=\"index, follow, max-snippet:-1, max-image-preview:large, max-video-preview:-1\" \/>\n<link rel=\"canonical\" href=\"https:\/\/peletizadoras.net\/es-ar\/catalogo-maquinas-proceso-peletizado\/equipos-complementarios\/compresores\/\" \/>\n<meta property=\"og:locale\" content=\"es_ES\" \/>\n<meta property=\"og:type\" content=\"article\" \/>\n<meta property=\"og:title\" content=\"Compresores para Peletizadoras y Ensacadoras | Bajo Ruido y Alta Eficiencia\" \/>\n<meta property=\"og:description\" content=\"Descubre compresores ideales para sistemas de peletizaci\u00f3n y ensacado, con bajo nivel sonoro, dep\u00f3sito vertical, secador de aire y filtro antipolvo. Optimiza tu maquinaria industrial con nuestras soluciones.\" \/>\n<meta property=\"og:url\" content=\"https:\/\/peletizadoras.net\/es-ar\/catalogo-maquinas-proceso-peletizado\/equipos-complementarios\/compresores\/\" \/>\n<meta property=\"og:site_name\" content=\"Ecofricalia. Soluciones Integrales para la Producci\u00f3n de Pellet\" \/>\n<meta property=\"article:publisher\" content=\"https:\/\/www.facebook.com\/EcofricaliaSostenible\" \/>\n<meta property=\"article:modified_time\" content=\"2025-11-13T15:55:23+00:00\" \/>\n<meta property=\"og:image\" content=\"https:\/\/peletizadoras.net\/wp-content\/uploads\/2025\/02\/compresor-planta-peletizado-ecofricalia.jpg\" \/>\n\t<meta property=\"og:image:width\" content=\"597\" \/>\n\t<meta property=\"og:image:height\" content=\"449\" \/>\n\t<meta property=\"og:image:type\" content=\"image\/jpeg\" \/>\n<meta name=\"twitter:card\" content=\"summary_large_image\" \/>\n<meta name=\"twitter:site\" content=\"@_ecofricalia\" \/>\n<script type=\"application\/ld+json\" class=\"yoast-schema-graph\">{\"@context\":\"https:\\\/\\\/schema.org\",\"@graph\":[{\"@type\":\"WebPage\",\"@id\":\"https:\\\/\\\/peletizadoras.net\\\/es-ar\\\/catalogo-maquinas-proceso-peletizado\\\/equipos-complementarios\\\/compresores\\\/\",\"url\":\"https:\\\/\\\/peletizadoras.net\\\/es-ar\\\/catalogo-maquinas-proceso-peletizado\\\/equipos-complementarios\\\/compresores\\\/\",\"name\":\"Compresores para Peletizadoras y Ensacadoras | Bajo Ruido y Alta Eficiencia\",\"isPartOf\":{\"@id\":\"https:\\\/\\\/peletizadoras.net\\\/es-ar\\\/#website\"},\"primaryImageOfPage\":{\"@id\":\"https:\\\/\\\/peletizadoras.net\\\/es-ar\\\/catalogo-maquinas-proceso-peletizado\\\/equipos-complementarios\\\/compresores\\\/#primaryimage\"},\"image\":{\"@id\":\"https:\\\/\\\/peletizadoras.net\\\/es-ar\\\/catalogo-maquinas-proceso-peletizado\\\/equipos-complementarios\\\/compresores\\\/#primaryimage\"},\"thumbnailUrl\":\"https:\\\/\\\/peletizadoras.net\\\/wp-content\\\/uploads\\\/2025\\\/02\\\/compresor-planta-peletizado-ecofricalia.jpg\",\"datePublished\":\"2025-02-23T13:05:12+00:00\",\"dateModified\":\"2025-11-13T15:55:23+00:00\",\"description\":\"Descubre compresores ideales para sistemas de peletizaci\u00f3n y ensacado, con bajo nivel sonoro, dep\u00f3sito vertical, secador de aire y filtro antipolvo. Optimiza tu maquinaria industrial con nuestras soluciones.\",\"breadcrumb\":{\"@id\":\"https:\\\/\\\/peletizadoras.net\\\/es-ar\\\/catalogo-maquinas-proceso-peletizado\\\/equipos-complementarios\\\/compresores\\\/#breadcrumb\"},\"inLanguage\":\"es-AR\",\"potentialAction\":[{\"@type\":\"ReadAction\",\"target\":[\"https:\\\/\\\/peletizadoras.net\\\/es-ar\\\/catalogo-maquinas-proceso-peletizado\\\/equipos-complementarios\\\/compresores\\\/\"]}]},{\"@type\":\"ImageObject\",\"inLanguage\":\"es-AR\",\"@id\":\"https:\\\/\\\/peletizadoras.net\\\/es-ar\\\/catalogo-maquinas-proceso-peletizado\\\/equipos-complementarios\\\/compresores\\\/#primaryimage\",\"url\":\"https:\\\/\\\/peletizadoras.net\\\/wp-content\\\/uploads\\\/2025\\\/02\\\/compresor-planta-peletizado-ecofricalia.jpg\",\"contentUrl\":\"https:\\\/\\\/peletizadoras.net\\\/wp-content\\\/uploads\\\/2025\\\/02\\\/compresor-planta-peletizado-ecofricalia.jpg\",\"width\":597,\"height\":449},{\"@type\":\"BreadcrumbList\",\"@id\":\"https:\\\/\\\/peletizadoras.net\\\/es-ar\\\/catalogo-maquinas-proceso-peletizado\\\/equipos-complementarios\\\/compresores\\\/#breadcrumb\",\"itemListElement\":[{\"@type\":\"ListItem\",\"position\":1,\"name\":\"Portada\",\"item\":\"https:\\\/\\\/peletizadoras.net\\\/es-ar\\\/pagina-de-inicio\\\/\"},{\"@type\":\"ListItem\",\"position\":2,\"name\":\"Tienda\",\"item\":\"https:\\\/\\\/peletizadoras.net\\\/tienda\\\/\"},{\"@type\":\"ListItem\",\"position\":3,\"name\":\"Compresores\"}]},{\"@type\":\"WebSite\",\"@id\":\"https:\\\/\\\/peletizadoras.net\\\/es-ar\\\/#website\",\"url\":\"https:\\\/\\\/peletizadoras.net\\\/es-ar\\\/\",\"name\":\"Ecofricalia. Soluciones Integrales para la Producci\u00f3n de Pellet\",\"description\":\"Plantas y L\u00edneas industriales de peletizaci\u00f3n y m\u00e1quinas de fabricaci\u00f3n de pellet\",\"publisher\":{\"@id\":\"https:\\\/\\\/peletizadoras.net\\\/es-ar\\\/#organization\"},\"potentialAction\":[{\"@type\":\"SearchAction\",\"target\":{\"@type\":\"EntryPoint\",\"urlTemplate\":\"https:\\\/\\\/peletizadoras.net\\\/es-ar\\\/?s={search_term_string}\"},\"query-input\":{\"@type\":\"PropertyValueSpecification\",\"valueRequired\":true,\"valueName\":\"search_term_string\"}}],\"inLanguage\":\"es-AR\"},{\"@type\":\"Organization\",\"@id\":\"https:\\\/\\\/peletizadoras.net\\\/es-ar\\\/#organization\",\"name\":\"Ecofricalia. Soluciones Integrales para la Producci\u00f3n de Pellet\",\"url\":\"https:\\\/\\\/peletizadoras.net\\\/es-ar\\\/\",\"logo\":{\"@type\":\"ImageObject\",\"inLanguage\":\"es-AR\",\"@id\":\"https:\\\/\\\/peletizadoras.net\\\/es-ar\\\/#\\\/schema\\\/logo\\\/image\\\/\",\"url\":\"https:\\\/\\\/peletizadoras.net\\\/wp-content\\\/uploads\\\/2025\\\/05\\\/logo-ecofricalia-tapasweb.png\",\"contentUrl\":\"https:\\\/\\\/peletizadoras.net\\\/wp-content\\\/uploads\\\/2025\\\/05\\\/logo-ecofricalia-tapasweb.png\",\"width\":881,\"height\":418,\"caption\":\"Ecofricalia. Soluciones Integrales para la Producci\u00f3n de Pellet\"},\"image\":{\"@id\":\"https:\\\/\\\/peletizadoras.net\\\/es-ar\\\/#\\\/schema\\\/logo\\\/image\\\/\"},\"sameAs\":[\"https:\\\/\\\/www.facebook.com\\\/EcofricaliaSostenible\",\"https:\\\/\\\/x.com\\\/_ecofricalia\",\"https:\\\/\\\/www.youtube.com\\\/channel\\\/UCCvdG5pWUGvH4G5wP8TXuPw\",\"https:\\\/\\\/www.instagram.com\\\/ecofricalia_sostenible\\\/\"]}]}<\/script>\n<!-- \/ Yoast SEO plugin. -->","yoast_head_json":{"title":"Compresores para Peletizadoras y Ensacadoras | Bajo Ruido y Alta Eficiencia","description":"Descubre compresores ideales para sistemas de peletizaci\u00f3n y ensacado, con bajo nivel sonoro, dep\u00f3sito vertical, secador de aire y filtro antipolvo. Optimiza tu maquinaria industrial con nuestras soluciones.","robots":{"index":"index","follow":"follow","max-snippet":"max-snippet:-1","max-image-preview":"max-image-preview:large","max-video-preview":"max-video-preview:-1"},"canonical":"https:\/\/peletizadoras.net\/es-ar\/catalogo-maquinas-proceso-peletizado\/equipos-complementarios\/compresores\/","og_locale":"es_ES","og_type":"article","og_title":"Compresores para Peletizadoras y Ensacadoras | Bajo Ruido y Alta Eficiencia","og_description":"Descubre compresores ideales para sistemas de peletizaci\u00f3n y ensacado, con bajo nivel sonoro, dep\u00f3sito vertical, secador de aire y filtro antipolvo. Optimiza tu maquinaria industrial con nuestras soluciones.","og_url":"https:\/\/peletizadoras.net\/es-ar\/catalogo-maquinas-proceso-peletizado\/equipos-complementarios\/compresores\/","og_site_name":"Ecofricalia. Soluciones Integrales para la Producci\u00f3n de Pellet","article_publisher":"https:\/\/www.facebook.com\/EcofricaliaSostenible","article_modified_time":"2025-11-13T15:55:23+00:00","og_image":[{"width":597,"height":449,"url":"https:\/\/peletizadoras.net\/wp-content\/uploads\/2025\/02\/compresor-planta-peletizado-ecofricalia.jpg","type":"image\/jpeg"}],"twitter_card":"summary_large_image","twitter_site":"@_ecofricalia","schema":{"@context":"https:\/\/schema.org","@graph":[{"@type":"WebPage","@id":"https:\/\/peletizadoras.net\/es-ar\/catalogo-maquinas-proceso-peletizado\/equipos-complementarios\/compresores\/","url":"https:\/\/peletizadoras.net\/es-ar\/catalogo-maquinas-proceso-peletizado\/equipos-complementarios\/compresores\/","name":"Compresores para Peletizadoras y Ensacadoras | Bajo Ruido y Alta Eficiencia","isPartOf":{"@id":"https:\/\/peletizadoras.net\/es-ar\/#website"},"primaryImageOfPage":{"@id":"https:\/\/peletizadoras.net\/es-ar\/catalogo-maquinas-proceso-peletizado\/equipos-complementarios\/compresores\/#primaryimage"},"image":{"@id":"https:\/\/peletizadoras.net\/es-ar\/catalogo-maquinas-proceso-peletizado\/equipos-complementarios\/compresores\/#primaryimage"},"thumbnailUrl":"https:\/\/peletizadoras.net\/wp-content\/uploads\/2025\/02\/compresor-planta-peletizado-ecofricalia.jpg","datePublished":"2025-02-23T13:05:12+00:00","dateModified":"2025-11-13T15:55:23+00:00","description":"Descubre compresores ideales para sistemas de peletizaci\u00f3n y ensacado, con bajo nivel sonoro, dep\u00f3sito vertical, secador de aire y filtro antipolvo. Optimiza tu maquinaria industrial con nuestras soluciones.","breadcrumb":{"@id":"https:\/\/peletizadoras.net\/es-ar\/catalogo-maquinas-proceso-peletizado\/equipos-complementarios\/compresores\/#breadcrumb"},"inLanguage":"es-AR","potentialAction":[{"@type":"ReadAction","target":["https:\/\/peletizadoras.net\/es-ar\/catalogo-maquinas-proceso-peletizado\/equipos-complementarios\/compresores\/"]}]},{"@type":"ImageObject","inLanguage":"es-AR","@id":"https:\/\/peletizadoras.net\/es-ar\/catalogo-maquinas-proceso-peletizado\/equipos-complementarios\/compresores\/#primaryimage","url":"https:\/\/peletizadoras.net\/wp-content\/uploads\/2025\/02\/compresor-planta-peletizado-ecofricalia.jpg","contentUrl":"https:\/\/peletizadoras.net\/wp-content\/uploads\/2025\/02\/compresor-planta-peletizado-ecofricalia.jpg","width":597,"height":449},{"@type":"BreadcrumbList","@id":"https:\/\/peletizadoras.net\/es-ar\/catalogo-maquinas-proceso-peletizado\/equipos-complementarios\/compresores\/#breadcrumb","itemListElement":[{"@type":"ListItem","position":1,"name":"Portada","item":"https:\/\/peletizadoras.net\/es-ar\/pagina-de-inicio\/"},{"@type":"ListItem","position":2,"name":"Tienda","item":"https:\/\/peletizadoras.net\/tienda\/"},{"@type":"ListItem","position":3,"name":"Compresores"}]},{"@type":"WebSite","@id":"https:\/\/peletizadoras.net\/es-ar\/#website","url":"https:\/\/peletizadoras.net\/es-ar\/","name":"Ecofricalia. Soluciones Integrales para la Producci\u00f3n de Pellet","description":"Plantas y L\u00edneas industriales de peletizaci\u00f3n y m\u00e1quinas de fabricaci\u00f3n de pellet","publisher":{"@id":"https:\/\/peletizadoras.net\/es-ar\/#organization"},"potentialAction":[{"@type":"SearchAction","target":{"@type":"EntryPoint","urlTemplate":"https:\/\/peletizadoras.net\/es-ar\/?s={search_term_string}"},"query-input":{"@type":"PropertyValueSpecification","valueRequired":true,"valueName":"search_term_string"}}],"inLanguage":"es-AR"},{"@type":"Organization","@id":"https:\/\/peletizadoras.net\/es-ar\/#organization","name":"Ecofricalia. Soluciones Integrales para la Producci\u00f3n de Pellet","url":"https:\/\/peletizadoras.net\/es-ar\/","logo":{"@type":"ImageObject","inLanguage":"es-AR","@id":"https:\/\/peletizadoras.net\/es-ar\/#\/schema\/logo\/image\/","url":"https:\/\/peletizadoras.net\/wp-content\/uploads\/2025\/05\/logo-ecofricalia-tapasweb.png","contentUrl":"https:\/\/peletizadoras.net\/wp-content\/uploads\/2025\/05\/logo-ecofricalia-tapasweb.png","width":881,"height":418,"caption":"Ecofricalia. Soluciones Integrales para la Producci\u00f3n de Pellet"},"image":{"@id":"https:\/\/peletizadoras.net\/es-ar\/#\/schema\/logo\/image\/"},"sameAs":["https:\/\/www.facebook.com\/EcofricaliaSostenible","https:\/\/x.com\/_ecofricalia","https:\/\/www.youtube.com\/channel\/UCCvdG5pWUGvH4G5wP8TXuPw","https:\/\/www.instagram.com\/ecofricalia_sostenible\/"]}]}},"_links":{"self":[{"href":"https:\/\/peletizadoras.net\/es-ar\/wp-json\/wp\/v2\/product\/102299","targetHints":{"allow":["GET"]}}],"collection":[{"href":"https:\/\/peletizadoras.net\/es-ar\/wp-json\/wp\/v2\/product"}],"about":[{"href":"https:\/\/peletizadoras.net\/es-ar\/wp-json\/wp\/v2\/types\/product"}],"wp:featuredmedia":[{"embeddable":true,"href":"https:\/\/peletizadoras.net\/es-ar\/wp-json\/wp\/v2\/media\/101825"}],"wp:attachment":[{"href":"https:\/\/peletizadoras.net\/es-ar\/wp-json\/wp\/v2\/media?parent=102299"}],"wp:term":[{"taxonomy":"product_brand","embeddable":true,"href":"https:\/\/peletizadoras.net\/es-ar\/wp-json\/wp\/v2\/product_brand?post=102299"},{"taxonomy":"product_cat","embeddable":true,"href":"https:\/\/peletizadoras.net\/es-ar\/wp-json\/wp\/v2\/product_cat?post=102299"},{"taxonomy":"product_tag","embeddable":true,"href":"https:\/\/peletizadoras.net\/es-ar\/wp-json\/wp\/v2\/product_tag?post=102299"}],"curies":[{"name":"wp","href":"https:\/\/api.w.org\/{rel}","templated":true}]}}