{"id":102305,"date":"2025-02-23T14:04:20","date_gmt":"2025-02-23T13:04:20","guid":{"rendered":"https:\/\/peletizadoras.net\/catalogo-maquinas-proceso-peletizado\/sin%20categor\u00eda\/secaderos\/"},"modified":"2026-02-26T16:24:36","modified_gmt":"2026-02-26T15:24:36","slug":"secaderos","status":"publish","type":"product","link":"https:\/\/peletizadoras.net\/es-ar\/catalogo-maquinas-proceso-peletizado\/equipos-complementarios\/secaderos\/","title":{"rendered":"Secadero de Bandas para Biomasa y Astillas | KATRES y Ecofricalia"},"content":{"rendered":"<p>Un sistema de secado es esencial en la fabricaci\u00f3n de pellets cuando el residuo tiene un porcentaje de humedad superior al nivel necesario para peletizar. La elecci\u00f3n del secador adecuado depender\u00e1 de la producci\u00f3n requerida, de la humedad de entrada del material y las necesidades espec\u00edficas de cada cliente. <\/p>\n<p>Cada proyecto exige un equipo personalizado, teniendo en cuenta aspectos como la ubicaci\u00f3n, la altitud, el clima, el tipo y tama\u00f1o del residuo, y la producci\u00f3n estimada. En este sentido, los secadores se estudian de manera individualizada para garantizar el mejor rendimiento seg\u00fan las exigencias de cada proyecto. <\/p>\n<p>En <strong>Ecofricalia<\/strong> ofrecemos secaderos de cintas o bandas a partir de 300 kg\/h salida, adaptados a las necesidades espec\u00edficas de cada proyecto. No dude en consultarnos para encontrar la opci\u00f3n m\u00e1s adecuada para su caso. <\/p>\n<p>El Secadero de Cinta K est\u00e1 dise\u00f1ado para secar materiales a trav\u00e9s de convecci\u00f3n a baja temperatura, con un rango de 40 a 120\u00b0C. Es ideal para materiales sueltos como serr\u00edn, astillas de madera, paja, heno,cultivos forrajeros, frutas, verduras, trozos de remolacha, colza, cereales, ma\u00edz, forraje granulado y no granulado, fertilizantes, digestato de plantas de biog\u00e1s y combustibles s\u00f3lidos alternativos. <\/p>\n<p>Este secadero est\u00e1 fabricado con materiales de alta calidad, aluminio, acero inoxidable y acero galvanizado, lo que lo hace resistente tanto a las inclemencias clim\u00e1ticas como al ambiente agresivo generado durante el proceso de secado. Adem\u00e1s, se puede instalar al aire libre sin necesidad de protecci\u00f3n adicional. <\/p>\n<p>Dise\u00f1ado para un funcionamiento continuo durante todo el a\u00f1o, el secadero se controla mediante un sistema de control autom\u00e1tico, lo que garantiza una operaci\u00f3n eficiente y sin interrupciones.<\/p>\n<p>Su estructura modular, compuesta por componentes premontados, permite una r\u00e1pida instalaci\u00f3n y entrega, con la posibilidad de ampliar su capacidad en caso de ser necesario, a un costo m\u00ednimo.<\/p>\n<p>En <strong>Ecofricalia<\/strong> tambi\u00e9n ofrecemos asesoramiento y asistencia t\u00e9cnica, adem\u00e1s de un servicio \u00e1gil de entrega<br \/>\nde piezas de repuesto, asegurando el buen funcionamiento de sus instalaciones a lo largo del tiempo.<\/p>\n","protected":false},"excerpt":{"rendered":"<p data-pm-slice=\"1 1 []\">Sistema de secado industrial por convecci\u00f3n a baja temperatura (40-120\u00b0C), dise\u00f1ado para reducir la humedad de serr\u00edn, astillas y residuos org\u00e1nicos, garantizando un peletizado \u00f3ptimo. Estructura modular resistente a la intemperie (apta para exteriores), funcionamiento continuo 24\/7 y <strong>ahorro energ\u00e9tico del 40-50%<\/strong>. Capacidad adaptable a partir de 300 kg\/h.  <\/p>\n<p>En Ecofricalia le ayudamos en la selecci\u00f3n del secadero adecuado. PIDA INFORMACI\u00d3N O PRESUPUESTO SIN COMPROMISO. <\/p>\n","protected":false},"featured_media":102921,"template":"","meta":{"_et_pb_use_builder":"","_et_pb_old_content":"","_et_gb_content_width":""},"product_brand":[],"product_cat":[98],"product_tag":[],"class_list":{"0":"post-102305","1":"product","2":"type-product","3":"status-publish","4":"has-post-thumbnail","6":"product_cat-equipos-complementarios","8":"first","9":"instock","10":"shipping-taxable","11":"product-type-simple"},"yoast_head":"<!-- This site is optimized with the Yoast SEO plugin v27.5 - https:\/\/yoast.com\/product\/yoast-seo-wordpress\/ -->\n<title>Secadero de Biomasa y Astillas | Ahorro Energ\u00e9tico | Ecofricalia<\/title>\n<meta name=\"description\" content=\"Optimice su planta de pellets con el Secadero de Bandas Ecofricalia. Apto para exterior, ahorro del 50% de energ\u00eda y control autom\u00e1tico. \u00a1Solicite estudio!\" \/>\n<meta name=\"robots\" content=\"index, follow, max-snippet:-1, max-image-preview:large, max-video-preview:-1\" \/>\n<link rel=\"canonical\" href=\"https:\/\/peletizadoras.net\/es-ar\/catalogo-maquinas-proceso-peletizado\/equipos-complementarios\/secaderos\/\" \/>\n<meta property=\"og:locale\" content=\"es_ES\" \/>\n<meta property=\"og:type\" content=\"article\" \/>\n<meta property=\"og:title\" content=\"Secadero de Biomasa y Astillas | Ahorro Energ\u00e9tico | Ecofricalia\" \/>\n<meta property=\"og:description\" content=\"Optimice su planta de pellets con el Secadero de Bandas Ecofricalia. Apto para exterior, ahorro del 50% de energ\u00eda y control autom\u00e1tico. \u00a1Solicite estudio!\" \/>\n<meta property=\"og:url\" content=\"https:\/\/peletizadoras.net\/es-ar\/catalogo-maquinas-proceso-peletizado\/equipos-complementarios\/secaderos\/\" \/>\n<meta property=\"og:site_name\" content=\"Ecofricalia. Soluciones Integrales para la Producci\u00f3n de Pellet\" \/>\n<meta property=\"article:publisher\" content=\"https:\/\/www.facebook.com\/EcofricaliaSostenible\" \/>\n<meta property=\"article:modified_time\" content=\"2026-02-26T15:24:36+00:00\" \/>\n<meta property=\"og:image\" content=\"https:\/\/peletizadoras.net\/wp-content\/uploads\/2025\/02\/secadero-bandas-biomasa-exterior-ecofricalia.webp\" \/>\n\t<meta property=\"og:image:width\" content=\"1024\" \/>\n\t<meta property=\"og:image:height\" content=\"624\" \/>\n\t<meta property=\"og:image:type\" content=\"image\/webp\" \/>\n<meta name=\"twitter:card\" content=\"summary_large_image\" \/>\n<meta name=\"twitter:site\" content=\"@_ecofricalia\" \/>\n<meta name=\"twitter:label1\" content=\"Tiempo de lectura\" \/>\n\t<meta name=\"twitter:data1\" content=\"2 minutos\" \/>\n<script type=\"application\/ld+json\" class=\"yoast-schema-graph\">{\"@context\":\"https:\\\/\\\/schema.org\",\"@graph\":[{\"@type\":\"WebPage\",\"@id\":\"https:\\\/\\\/peletizadoras.net\\\/es-ar\\\/catalogo-maquinas-proceso-peletizado\\\/equipos-complementarios\\\/secaderos\\\/\",\"url\":\"https:\\\/\\\/peletizadoras.net\\\/es-ar\\\/catalogo-maquinas-proceso-peletizado\\\/equipos-complementarios\\\/secaderos\\\/\",\"name\":\"Secadero de Biomasa y Astillas | Ahorro Energ\u00e9tico | Ecofricalia\",\"isPartOf\":{\"@id\":\"https:\\\/\\\/peletizadoras.net\\\/es-ar\\\/#website\"},\"primaryImageOfPage\":{\"@id\":\"https:\\\/\\\/peletizadoras.net\\\/es-ar\\\/catalogo-maquinas-proceso-peletizado\\\/equipos-complementarios\\\/secaderos\\\/#primaryimage\"},\"image\":{\"@id\":\"https:\\\/\\\/peletizadoras.net\\\/es-ar\\\/catalogo-maquinas-proceso-peletizado\\\/equipos-complementarios\\\/secaderos\\\/#primaryimage\"},\"thumbnailUrl\":\"https:\\\/\\\/peletizadoras.net\\\/wp-content\\\/uploads\\\/2025\\\/02\\\/secadero-bandas-biomasa-exterior-ecofricalia.webp\",\"datePublished\":\"2025-02-23T13:04:20+00:00\",\"dateModified\":\"2026-02-26T15:24:36+00:00\",\"description\":\"Optimice su planta de pellets con el Secadero de Bandas Ecofricalia. Apto para exterior, ahorro del 50% de energ\u00eda y control autom\u00e1tico. \u00a1Solicite estudio!\",\"breadcrumb\":{\"@id\":\"https:\\\/\\\/peletizadoras.net\\\/es-ar\\\/catalogo-maquinas-proceso-peletizado\\\/equipos-complementarios\\\/secaderos\\\/#breadcrumb\"},\"inLanguage\":\"es-AR\",\"potentialAction\":[{\"@type\":\"ReadAction\",\"target\":[\"https:\\\/\\\/peletizadoras.net\\\/es-ar\\\/catalogo-maquinas-proceso-peletizado\\\/equipos-complementarios\\\/secaderos\\\/\"]}]},{\"@type\":\"ImageObject\",\"inLanguage\":\"es-AR\",\"@id\":\"https:\\\/\\\/peletizadoras.net\\\/es-ar\\\/catalogo-maquinas-proceso-peletizado\\\/equipos-complementarios\\\/secaderos\\\/#primaryimage\",\"url\":\"https:\\\/\\\/peletizadoras.net\\\/wp-content\\\/uploads\\\/2025\\\/02\\\/secadero-bandas-biomasa-exterior-ecofricalia.webp\",\"contentUrl\":\"https:\\\/\\\/peletizadoras.net\\\/wp-content\\\/uploads\\\/2025\\\/02\\\/secadero-bandas-biomasa-exterior-ecofricalia.webp\",\"width\":1024,\"height\":624,\"caption\":\"Secadero de bandas industrial para biomasa instalado al aire libre, estructura modular de acero galvanizado\"},{\"@type\":\"BreadcrumbList\",\"@id\":\"https:\\\/\\\/peletizadoras.net\\\/es-ar\\\/catalogo-maquinas-proceso-peletizado\\\/equipos-complementarios\\\/secaderos\\\/#breadcrumb\",\"itemListElement\":[{\"@type\":\"ListItem\",\"position\":1,\"name\":\"Portada\",\"item\":\"https:\\\/\\\/peletizadoras.net\\\/es-ar\\\/pagina-de-inicio\\\/\"},{\"@type\":\"ListItem\",\"position\":2,\"name\":\"Tienda\",\"item\":\"https:\\\/\\\/peletizadoras.net\\\/tienda\\\/\"},{\"@type\":\"ListItem\",\"position\":3,\"name\":\"Secadero de Bandas para Biomasa y Astillas | KATRES y Ecofricalia\"}]},{\"@type\":\"WebSite\",\"@id\":\"https:\\\/\\\/peletizadoras.net\\\/es-ar\\\/#website\",\"url\":\"https:\\\/\\\/peletizadoras.net\\\/es-ar\\\/\",\"name\":\"Ecofricalia. Soluciones Integrales para la Producci\u00f3n de Pellet\",\"description\":\"Plantas y L\u00edneas industriales de peletizaci\u00f3n y m\u00e1quinas de fabricaci\u00f3n de pellet\",\"publisher\":{\"@id\":\"https:\\\/\\\/peletizadoras.net\\\/es-ar\\\/#organization\"},\"potentialAction\":[{\"@type\":\"SearchAction\",\"target\":{\"@type\":\"EntryPoint\",\"urlTemplate\":\"https:\\\/\\\/peletizadoras.net\\\/es-ar\\\/?s={search_term_string}\"},\"query-input\":{\"@type\":\"PropertyValueSpecification\",\"valueRequired\":true,\"valueName\":\"search_term_string\"}}],\"inLanguage\":\"es-AR\"},{\"@type\":\"Organization\",\"@id\":\"https:\\\/\\\/peletizadoras.net\\\/es-ar\\\/#organization\",\"name\":\"Ecofricalia. Soluciones Integrales para la Producci\u00f3n de Pellet\",\"url\":\"https:\\\/\\\/peletizadoras.net\\\/es-ar\\\/\",\"logo\":{\"@type\":\"ImageObject\",\"inLanguage\":\"es-AR\",\"@id\":\"https:\\\/\\\/peletizadoras.net\\\/es-ar\\\/#\\\/schema\\\/logo\\\/image\\\/\",\"url\":\"https:\\\/\\\/peletizadoras.net\\\/wp-content\\\/uploads\\\/2025\\\/05\\\/logo-ecofricalia-tapasweb.png\",\"contentUrl\":\"https:\\\/\\\/peletizadoras.net\\\/wp-content\\\/uploads\\\/2025\\\/05\\\/logo-ecofricalia-tapasweb.png\",\"width\":881,\"height\":418,\"caption\":\"Ecofricalia. Soluciones Integrales para la Producci\u00f3n de Pellet\"},\"image\":{\"@id\":\"https:\\\/\\\/peletizadoras.net\\\/es-ar\\\/#\\\/schema\\\/logo\\\/image\\\/\"},\"sameAs\":[\"https:\\\/\\\/www.facebook.com\\\/EcofricaliaSostenible\",\"https:\\\/\\\/x.com\\\/_ecofricalia\",\"https:\\\/\\\/www.youtube.com\\\/channel\\\/UCCvdG5pWUGvH4G5wP8TXuPw\",\"https:\\\/\\\/www.instagram.com\\\/ecofricalia_sostenible\\\/\"]}]}<\/script>\n<!-- \/ Yoast SEO plugin. -->","yoast_head_json":{"title":"Secadero de Biomasa y Astillas | Ahorro Energ\u00e9tico | Ecofricalia","description":"Optimice su planta de pellets con el Secadero de Bandas Ecofricalia. Apto para exterior, ahorro del 50% de energ\u00eda y control autom\u00e1tico. \u00a1Solicite estudio!","robots":{"index":"index","follow":"follow","max-snippet":"max-snippet:-1","max-image-preview":"max-image-preview:large","max-video-preview":"max-video-preview:-1"},"canonical":"https:\/\/peletizadoras.net\/es-ar\/catalogo-maquinas-proceso-peletizado\/equipos-complementarios\/secaderos\/","og_locale":"es_ES","og_type":"article","og_title":"Secadero de Biomasa y Astillas | Ahorro Energ\u00e9tico | Ecofricalia","og_description":"Optimice su planta de pellets con el Secadero de Bandas Ecofricalia. Apto para exterior, ahorro del 50% de energ\u00eda y control autom\u00e1tico. \u00a1Solicite estudio!","og_url":"https:\/\/peletizadoras.net\/es-ar\/catalogo-maquinas-proceso-peletizado\/equipos-complementarios\/secaderos\/","og_site_name":"Ecofricalia. Soluciones Integrales para la Producci\u00f3n de Pellet","article_publisher":"https:\/\/www.facebook.com\/EcofricaliaSostenible","article_modified_time":"2026-02-26T15:24:36+00:00","og_image":[{"width":1024,"height":624,"url":"https:\/\/peletizadoras.net\/wp-content\/uploads\/2025\/02\/secadero-bandas-biomasa-exterior-ecofricalia.webp","type":"image\/webp"}],"twitter_card":"summary_large_image","twitter_site":"@_ecofricalia","twitter_misc":{"Tiempo de lectura":"2 minutos"},"schema":{"@context":"https:\/\/schema.org","@graph":[{"@type":"WebPage","@id":"https:\/\/peletizadoras.net\/es-ar\/catalogo-maquinas-proceso-peletizado\/equipos-complementarios\/secaderos\/","url":"https:\/\/peletizadoras.net\/es-ar\/catalogo-maquinas-proceso-peletizado\/equipos-complementarios\/secaderos\/","name":"Secadero de Biomasa y Astillas | Ahorro Energ\u00e9tico | Ecofricalia","isPartOf":{"@id":"https:\/\/peletizadoras.net\/es-ar\/#website"},"primaryImageOfPage":{"@id":"https:\/\/peletizadoras.net\/es-ar\/catalogo-maquinas-proceso-peletizado\/equipos-complementarios\/secaderos\/#primaryimage"},"image":{"@id":"https:\/\/peletizadoras.net\/es-ar\/catalogo-maquinas-proceso-peletizado\/equipos-complementarios\/secaderos\/#primaryimage"},"thumbnailUrl":"https:\/\/peletizadoras.net\/wp-content\/uploads\/2025\/02\/secadero-bandas-biomasa-exterior-ecofricalia.webp","datePublished":"2025-02-23T13:04:20+00:00","dateModified":"2026-02-26T15:24:36+00:00","description":"Optimice su planta de pellets con el Secadero de Bandas Ecofricalia. Apto para exterior, ahorro del 50% de energ\u00eda y control autom\u00e1tico. \u00a1Solicite estudio!","breadcrumb":{"@id":"https:\/\/peletizadoras.net\/es-ar\/catalogo-maquinas-proceso-peletizado\/equipos-complementarios\/secaderos\/#breadcrumb"},"inLanguage":"es-AR","potentialAction":[{"@type":"ReadAction","target":["https:\/\/peletizadoras.net\/es-ar\/catalogo-maquinas-proceso-peletizado\/equipos-complementarios\/secaderos\/"]}]},{"@type":"ImageObject","inLanguage":"es-AR","@id":"https:\/\/peletizadoras.net\/es-ar\/catalogo-maquinas-proceso-peletizado\/equipos-complementarios\/secaderos\/#primaryimage","url":"https:\/\/peletizadoras.net\/wp-content\/uploads\/2025\/02\/secadero-bandas-biomasa-exterior-ecofricalia.webp","contentUrl":"https:\/\/peletizadoras.net\/wp-content\/uploads\/2025\/02\/secadero-bandas-biomasa-exterior-ecofricalia.webp","width":1024,"height":624,"caption":"Secadero de bandas industrial para biomasa instalado al aire libre, estructura modular de acero galvanizado"},{"@type":"BreadcrumbList","@id":"https:\/\/peletizadoras.net\/es-ar\/catalogo-maquinas-proceso-peletizado\/equipos-complementarios\/secaderos\/#breadcrumb","itemListElement":[{"@type":"ListItem","position":1,"name":"Portada","item":"https:\/\/peletizadoras.net\/es-ar\/pagina-de-inicio\/"},{"@type":"ListItem","position":2,"name":"Tienda","item":"https:\/\/peletizadoras.net\/tienda\/"},{"@type":"ListItem","position":3,"name":"Secadero de Bandas para Biomasa y Astillas | KATRES y Ecofricalia"}]},{"@type":"WebSite","@id":"https:\/\/peletizadoras.net\/es-ar\/#website","url":"https:\/\/peletizadoras.net\/es-ar\/","name":"Ecofricalia. Soluciones Integrales para la Producci\u00f3n de Pellet","description":"Plantas y L\u00edneas industriales de peletizaci\u00f3n y m\u00e1quinas de fabricaci\u00f3n de pellet","publisher":{"@id":"https:\/\/peletizadoras.net\/es-ar\/#organization"},"potentialAction":[{"@type":"SearchAction","target":{"@type":"EntryPoint","urlTemplate":"https:\/\/peletizadoras.net\/es-ar\/?s={search_term_string}"},"query-input":{"@type":"PropertyValueSpecification","valueRequired":true,"valueName":"search_term_string"}}],"inLanguage":"es-AR"},{"@type":"Organization","@id":"https:\/\/peletizadoras.net\/es-ar\/#organization","name":"Ecofricalia. Soluciones Integrales para la Producci\u00f3n de Pellet","url":"https:\/\/peletizadoras.net\/es-ar\/","logo":{"@type":"ImageObject","inLanguage":"es-AR","@id":"https:\/\/peletizadoras.net\/es-ar\/#\/schema\/logo\/image\/","url":"https:\/\/peletizadoras.net\/wp-content\/uploads\/2025\/05\/logo-ecofricalia-tapasweb.png","contentUrl":"https:\/\/peletizadoras.net\/wp-content\/uploads\/2025\/05\/logo-ecofricalia-tapasweb.png","width":881,"height":418,"caption":"Ecofricalia. Soluciones Integrales para la Producci\u00f3n de Pellet"},"image":{"@id":"https:\/\/peletizadoras.net\/es-ar\/#\/schema\/logo\/image\/"},"sameAs":["https:\/\/www.facebook.com\/EcofricaliaSostenible","https:\/\/x.com\/_ecofricalia","https:\/\/www.youtube.com\/channel\/UCCvdG5pWUGvH4G5wP8TXuPw","https:\/\/www.instagram.com\/ecofricalia_sostenible\/"]}]}},"_links":{"self":[{"href":"https:\/\/peletizadoras.net\/es-ar\/wp-json\/wp\/v2\/product\/102305","targetHints":{"allow":["GET"]}}],"collection":[{"href":"https:\/\/peletizadoras.net\/es-ar\/wp-json\/wp\/v2\/product"}],"about":[{"href":"https:\/\/peletizadoras.net\/es-ar\/wp-json\/wp\/v2\/types\/product"}],"wp:featuredmedia":[{"embeddable":true,"href":"https:\/\/peletizadoras.net\/es-ar\/wp-json\/wp\/v2\/media\/102921"}],"wp:attachment":[{"href":"https:\/\/peletizadoras.net\/es-ar\/wp-json\/wp\/v2\/media?parent=102305"}],"wp:term":[{"taxonomy":"product_brand","embeddable":true,"href":"https:\/\/peletizadoras.net\/es-ar\/wp-json\/wp\/v2\/product_brand?post=102305"},{"taxonomy":"product_cat","embeddable":true,"href":"https:\/\/peletizadoras.net\/es-ar\/wp-json\/wp\/v2\/product_cat?post=102305"},{"taxonomy":"product_tag","embeddable":true,"href":"https:\/\/peletizadoras.net\/es-ar\/wp-json\/wp\/v2\/product_tag?post=102305"}],"curies":[{"name":"wp","href":"https:\/\/api.w.org\/{rel}","templated":true}]}}