{"id":102307,"date":"2025-02-23T14:04:49","date_gmt":"2025-02-23T13:04:49","guid":{"rendered":"https:\/\/peletizadoras.net\/catalogo-maquinas-proceso-peletizado\/sin%20categor\u00eda\/planta-media-2-plt400-reacondicionada-250-kg-h-y-sistema-ensacado-manual-pkg-vbr\/"},"modified":"2025-12-03T12:13:13","modified_gmt":"2025-12-03T11:13:13","slug":"planta-media-2-plt400-reacondicionada-250-kg-h-y-sistema-ensacado-manual-pkg-vbr","status":"publish","type":"product","link":"https:\/\/peletizadoras.net\/es-ar\/catalogo-maquinas-proceso-peletizado\/maquinaria-de-segunda-mano\/planta-media-2-plt400-reacondicionada-250-kg-h-y-sistema-ensacado-manual-pkg-vbr\/","title":{"rendered":"Planta Media 2 PLT400 Reacondicionada (250 kg\/h) y Sistema Ensacado Manual PKG-VBR"},"content":{"rendered":"<p data-pm-slice=\"1 1 []\">PLANTA MEDIA 2 PLT400 REACONDICIONADA (250 kg\/h) Y SISTEMA ENSACADO MANUAL PKG-VBR<\/p>\n<p>Posibilidad de compactar diferentes materiales y fabricar p\u00e9lets de madera, abono, pienso, etc para comercializaci\u00f3n o autoconsumo de grandes empresas.<\/p>\n<p>R\u00e1pida entrega e instalaci\u00f3n.<\/p>\n<p>MATERIALES Y\/O FORMATOS QUE SE PUEDEN UTILIZAR: SERR\u00cdN, VIRUTA Y ASTILLA &lt;3 cm.<\/p>\n<p>GARANT\u00cdA: 6 meses.<\/p>\n<p>POTENCIA INSTALADA NECESARIA: 55 kw a 50 Hz y 380-400 V. (En caso de necesidad es posible incorporar un grupo electr\u00f3geno como fuente de alimentaci\u00f3n).<\/p>\n<p>DIMENSIONES APROX.: 8 x 3 x 3 m. (Las medidas son aproximadas y depender\u00e1n de la disposici\u00f3n de las m\u00e1quinas. Diferentes posibilidades de instalaci\u00f3n (en l\u00ednea u otra forma para adaptarse al espacio).<\/p>\n<p>DISPONIBLES componentes para una mayor automatizaci\u00f3n del proceso.<\/p>\n<h3><\/h3>\n","protected":false},"excerpt":{"rendered":"<p>Planta media reacondicionada con peletizadora PLT400 (250 kg\/h) y sistema de ensacado manual. Ideal para producir p\u00e9lets de diversos materiales con r\u00e1pida instalaci\u00f3n. <\/p>\n<p>&nbsp;<\/p>\n<h3><span style=\"color: #ff0000;\"><strong>VENDIDA<\/strong><\/span><\/h3>\n","protected":false},"featured_media":102874,"template":"","meta":{"_et_pb_use_builder":"","_et_pb_old_content":"","_et_gb_content_width":""},"product_brand":[],"product_cat":[103],"product_tag":[],"class_list":{"0":"post-102307","1":"product","2":"type-product","3":"status-publish","4":"has-post-thumbnail","6":"product_cat-maquinaria-de-segunda-mano","8":"first","9":"instock","10":"shipping-taxable","11":"product-type-simple"},"yoast_head":"<!-- This site is optimized with the Yoast SEO plugin v27.3 - https:\/\/yoast.com\/product\/yoast-seo-wordpress\/ -->\n<title>Planta Media 2 PLT400 Reacondicionada (250 kg\/h) y Sistema Ensacado Manual PKG-VBR - Ecofricalia. Soluciones Integrales para la Producci\u00f3n de Pellet<\/title>\n<meta name=\"description\" content=\"Planta media reacondicionada con peletizadora PLT400 (250 kg\/h) y sistema de ensacado manual PKG-VBR. Incluye tolva, cintas, refinador, compresor y m\u00e1s. Garant\u00eda de 6 meses.\" \/>\n<meta name=\"robots\" content=\"index, follow, max-snippet:-1, max-image-preview:large, max-video-preview:-1\" \/>\n<link rel=\"canonical\" href=\"https:\/\/peletizadoras.net\/es-ar\/catalogo-maquinas-proceso-peletizado\/maquinaria-de-segunda-mano\/planta-media-2-plt400-reacondicionada-250-kg-h-y-sistema-ensacado-manual-pkg-vbr\/\" \/>\n<meta property=\"og:locale\" content=\"es_ES\" \/>\n<meta property=\"og:type\" content=\"article\" \/>\n<meta property=\"og:title\" content=\"Planta Media 2 PLT400 Reacondicionada (250 kg\/h) y Sistema Ensacado Manual PKG-VBR - Ecofricalia. Soluciones Integrales para la Producci\u00f3n de Pellet\" \/>\n<meta property=\"og:description\" content=\"Planta media reacondicionada con peletizadora PLT400 (250 kg\/h) y sistema de ensacado manual PKG-VBR. Incluye tolva, cintas, refinador, compresor y m\u00e1s. Garant\u00eda de 6 meses.\" \/>\n<meta property=\"og:url\" content=\"https:\/\/peletizadoras.net\/es-ar\/catalogo-maquinas-proceso-peletizado\/maquinaria-de-segunda-mano\/planta-media-2-plt400-reacondicionada-250-kg-h-y-sistema-ensacado-manual-pkg-vbr\/\" \/>\n<meta property=\"og:site_name\" content=\"Ecofricalia. Soluciones Integrales para la Producci\u00f3n de Pellet\" \/>\n<meta property=\"article:publisher\" content=\"https:\/\/www.facebook.com\/EcofricaliaSostenible\" \/>\n<meta property=\"article:modified_time\" content=\"2025-12-03T11:13:13+00:00\" \/>\n<meta property=\"og:image\" content=\"https:\/\/peletizadoras.net\/wp-content\/uploads\/2025\/02\/planta-media-2-plt400-segunda-mano-reacondicionada-1-VENDIDO.webp\" \/>\n\t<meta property=\"og:image:width\" content=\"1024\" \/>\n\t<meta property=\"og:image:height\" content=\"768\" \/>\n\t<meta property=\"og:image:type\" content=\"image\/webp\" \/>\n<meta name=\"twitter:card\" content=\"summary_large_image\" \/>\n<meta name=\"twitter:site\" content=\"@_ecofricalia\" \/>\n<meta name=\"twitter:label1\" content=\"Tiempo de lectura\" \/>\n\t<meta name=\"twitter:data1\" content=\"1 minuto\" \/>\n<script type=\"application\/ld+json\" class=\"yoast-schema-graph\">{\"@context\":\"https:\\\/\\\/schema.org\",\"@graph\":[{\"@type\":\"WebPage\",\"@id\":\"https:\\\/\\\/peletizadoras.net\\\/es-ar\\\/catalogo-maquinas-proceso-peletizado\\\/maquinaria-de-segunda-mano\\\/planta-media-2-plt400-reacondicionada-250-kg-h-y-sistema-ensacado-manual-pkg-vbr\\\/\",\"url\":\"https:\\\/\\\/peletizadoras.net\\\/es-ar\\\/catalogo-maquinas-proceso-peletizado\\\/maquinaria-de-segunda-mano\\\/planta-media-2-plt400-reacondicionada-250-kg-h-y-sistema-ensacado-manual-pkg-vbr\\\/\",\"name\":\"Planta Media 2 PLT400 Reacondicionada (250 kg\\\/h) y Sistema Ensacado Manual PKG-VBR - Ecofricalia. Soluciones Integrales para la Producci\u00f3n de Pellet\",\"isPartOf\":{\"@id\":\"https:\\\/\\\/peletizadoras.net\\\/es-ar\\\/#website\"},\"primaryImageOfPage\":{\"@id\":\"https:\\\/\\\/peletizadoras.net\\\/es-ar\\\/catalogo-maquinas-proceso-peletizado\\\/maquinaria-de-segunda-mano\\\/planta-media-2-plt400-reacondicionada-250-kg-h-y-sistema-ensacado-manual-pkg-vbr\\\/#primaryimage\"},\"image\":{\"@id\":\"https:\\\/\\\/peletizadoras.net\\\/es-ar\\\/catalogo-maquinas-proceso-peletizado\\\/maquinaria-de-segunda-mano\\\/planta-media-2-plt400-reacondicionada-250-kg-h-y-sistema-ensacado-manual-pkg-vbr\\\/#primaryimage\"},\"thumbnailUrl\":\"https:\\\/\\\/peletizadoras.net\\\/wp-content\\\/uploads\\\/2025\\\/02\\\/planta-media-2-plt400-segunda-mano-reacondicionada-1-VENDIDO.webp\",\"datePublished\":\"2025-02-23T13:04:49+00:00\",\"dateModified\":\"2025-12-03T11:13:13+00:00\",\"description\":\"Planta media reacondicionada con peletizadora PLT400 (250 kg\\\/h) y sistema de ensacado manual PKG-VBR. Incluye tolva, cintas, refinador, compresor y m\u00e1s. Garant\u00eda de 6 meses.\",\"breadcrumb\":{\"@id\":\"https:\\\/\\\/peletizadoras.net\\\/es-ar\\\/catalogo-maquinas-proceso-peletizado\\\/maquinaria-de-segunda-mano\\\/planta-media-2-plt400-reacondicionada-250-kg-h-y-sistema-ensacado-manual-pkg-vbr\\\/#breadcrumb\"},\"inLanguage\":\"es-AR\",\"potentialAction\":[{\"@type\":\"ReadAction\",\"target\":[\"https:\\\/\\\/peletizadoras.net\\\/es-ar\\\/catalogo-maquinas-proceso-peletizado\\\/maquinaria-de-segunda-mano\\\/planta-media-2-plt400-reacondicionada-250-kg-h-y-sistema-ensacado-manual-pkg-vbr\\\/\"]}]},{\"@type\":\"ImageObject\",\"inLanguage\":\"es-AR\",\"@id\":\"https:\\\/\\\/peletizadoras.net\\\/es-ar\\\/catalogo-maquinas-proceso-peletizado\\\/maquinaria-de-segunda-mano\\\/planta-media-2-plt400-reacondicionada-250-kg-h-y-sistema-ensacado-manual-pkg-vbr\\\/#primaryimage\",\"url\":\"https:\\\/\\\/peletizadoras.net\\\/wp-content\\\/uploads\\\/2025\\\/02\\\/planta-media-2-plt400-segunda-mano-reacondicionada-1-VENDIDO.webp\",\"contentUrl\":\"https:\\\/\\\/peletizadoras.net\\\/wp-content\\\/uploads\\\/2025\\\/02\\\/planta-media-2-plt400-segunda-mano-reacondicionada-1-VENDIDO.webp\",\"width\":1024,\"height\":768},{\"@type\":\"BreadcrumbList\",\"@id\":\"https:\\\/\\\/peletizadoras.net\\\/es-ar\\\/catalogo-maquinas-proceso-peletizado\\\/maquinaria-de-segunda-mano\\\/planta-media-2-plt400-reacondicionada-250-kg-h-y-sistema-ensacado-manual-pkg-vbr\\\/#breadcrumb\",\"itemListElement\":[{\"@type\":\"ListItem\",\"position\":1,\"name\":\"Portada\",\"item\":\"https:\\\/\\\/peletizadoras.net\\\/es-ar\\\/pagina-de-inicio\\\/\"},{\"@type\":\"ListItem\",\"position\":2,\"name\":\"Tienda\",\"item\":\"https:\\\/\\\/peletizadoras.net\\\/tienda\\\/\"},{\"@type\":\"ListItem\",\"position\":3,\"name\":\"Planta Media 2 PLT400 Reacondicionada (250 kg\\\/h) y Sistema Ensacado Manual PKG-VBR\"}]},{\"@type\":\"WebSite\",\"@id\":\"https:\\\/\\\/peletizadoras.net\\\/es-ar\\\/#website\",\"url\":\"https:\\\/\\\/peletizadoras.net\\\/es-ar\\\/\",\"name\":\"Ecofricalia. Soluciones Integrales para la Producci\u00f3n de Pellet\",\"description\":\"Plantas y L\u00edneas industriales de peletizaci\u00f3n y m\u00e1quinas de fabricaci\u00f3n de pellet\",\"publisher\":{\"@id\":\"https:\\\/\\\/peletizadoras.net\\\/es-ar\\\/#organization\"},\"potentialAction\":[{\"@type\":\"SearchAction\",\"target\":{\"@type\":\"EntryPoint\",\"urlTemplate\":\"https:\\\/\\\/peletizadoras.net\\\/es-ar\\\/?s={search_term_string}\"},\"query-input\":{\"@type\":\"PropertyValueSpecification\",\"valueRequired\":true,\"valueName\":\"search_term_string\"}}],\"inLanguage\":\"es-AR\"},{\"@type\":\"Organization\",\"@id\":\"https:\\\/\\\/peletizadoras.net\\\/es-ar\\\/#organization\",\"name\":\"Ecofricalia. Soluciones Integrales para la Producci\u00f3n de Pellet\",\"url\":\"https:\\\/\\\/peletizadoras.net\\\/es-ar\\\/\",\"logo\":{\"@type\":\"ImageObject\",\"inLanguage\":\"es-AR\",\"@id\":\"https:\\\/\\\/peletizadoras.net\\\/es-ar\\\/#\\\/schema\\\/logo\\\/image\\\/\",\"url\":\"https:\\\/\\\/peletizadoras.net\\\/wp-content\\\/uploads\\\/2025\\\/05\\\/logo-ecofricalia-tapasweb.png\",\"contentUrl\":\"https:\\\/\\\/peletizadoras.net\\\/wp-content\\\/uploads\\\/2025\\\/05\\\/logo-ecofricalia-tapasweb.png\",\"width\":881,\"height\":418,\"caption\":\"Ecofricalia. Soluciones Integrales para la Producci\u00f3n de Pellet\"},\"image\":{\"@id\":\"https:\\\/\\\/peletizadoras.net\\\/es-ar\\\/#\\\/schema\\\/logo\\\/image\\\/\"},\"sameAs\":[\"https:\\\/\\\/www.facebook.com\\\/EcofricaliaSostenible\",\"https:\\\/\\\/x.com\\\/_ecofricalia\",\"https:\\\/\\\/www.youtube.com\\\/channel\\\/UCCvdG5pWUGvH4G5wP8TXuPw\",\"https:\\\/\\\/www.instagram.com\\\/ecofricalia_sostenible\\\/\"]}]}<\/script>\n<!-- \/ Yoast SEO plugin. -->","yoast_head_json":{"title":"Planta Media 2 PLT400 Reacondicionada (250 kg\/h) y Sistema Ensacado Manual PKG-VBR - Ecofricalia. Soluciones Integrales para la Producci\u00f3n de Pellet","description":"Planta media reacondicionada con peletizadora PLT400 (250 kg\/h) y sistema de ensacado manual PKG-VBR. Incluye tolva, cintas, refinador, compresor y m\u00e1s. Garant\u00eda de 6 meses.","robots":{"index":"index","follow":"follow","max-snippet":"max-snippet:-1","max-image-preview":"max-image-preview:large","max-video-preview":"max-video-preview:-1"},"canonical":"https:\/\/peletizadoras.net\/es-ar\/catalogo-maquinas-proceso-peletizado\/maquinaria-de-segunda-mano\/planta-media-2-plt400-reacondicionada-250-kg-h-y-sistema-ensacado-manual-pkg-vbr\/","og_locale":"es_ES","og_type":"article","og_title":"Planta Media 2 PLT400 Reacondicionada (250 kg\/h) y Sistema Ensacado Manual PKG-VBR - Ecofricalia. Soluciones Integrales para la Producci\u00f3n de Pellet","og_description":"Planta media reacondicionada con peletizadora PLT400 (250 kg\/h) y sistema de ensacado manual PKG-VBR. Incluye tolva, cintas, refinador, compresor y m\u00e1s. Garant\u00eda de 6 meses.","og_url":"https:\/\/peletizadoras.net\/es-ar\/catalogo-maquinas-proceso-peletizado\/maquinaria-de-segunda-mano\/planta-media-2-plt400-reacondicionada-250-kg-h-y-sistema-ensacado-manual-pkg-vbr\/","og_site_name":"Ecofricalia. Soluciones Integrales para la Producci\u00f3n de Pellet","article_publisher":"https:\/\/www.facebook.com\/EcofricaliaSostenible","article_modified_time":"2025-12-03T11:13:13+00:00","og_image":[{"width":1024,"height":768,"url":"https:\/\/peletizadoras.net\/wp-content\/uploads\/2025\/02\/planta-media-2-plt400-segunda-mano-reacondicionada-1-VENDIDO.webp","type":"image\/webp"}],"twitter_card":"summary_large_image","twitter_site":"@_ecofricalia","twitter_misc":{"Tiempo de lectura":"1 minuto"},"schema":{"@context":"https:\/\/schema.org","@graph":[{"@type":"WebPage","@id":"https:\/\/peletizadoras.net\/es-ar\/catalogo-maquinas-proceso-peletizado\/maquinaria-de-segunda-mano\/planta-media-2-plt400-reacondicionada-250-kg-h-y-sistema-ensacado-manual-pkg-vbr\/","url":"https:\/\/peletizadoras.net\/es-ar\/catalogo-maquinas-proceso-peletizado\/maquinaria-de-segunda-mano\/planta-media-2-plt400-reacondicionada-250-kg-h-y-sistema-ensacado-manual-pkg-vbr\/","name":"Planta Media 2 PLT400 Reacondicionada (250 kg\/h) y Sistema Ensacado Manual PKG-VBR - Ecofricalia. Soluciones Integrales para la Producci\u00f3n de Pellet","isPartOf":{"@id":"https:\/\/peletizadoras.net\/es-ar\/#website"},"primaryImageOfPage":{"@id":"https:\/\/peletizadoras.net\/es-ar\/catalogo-maquinas-proceso-peletizado\/maquinaria-de-segunda-mano\/planta-media-2-plt400-reacondicionada-250-kg-h-y-sistema-ensacado-manual-pkg-vbr\/#primaryimage"},"image":{"@id":"https:\/\/peletizadoras.net\/es-ar\/catalogo-maquinas-proceso-peletizado\/maquinaria-de-segunda-mano\/planta-media-2-plt400-reacondicionada-250-kg-h-y-sistema-ensacado-manual-pkg-vbr\/#primaryimage"},"thumbnailUrl":"https:\/\/peletizadoras.net\/wp-content\/uploads\/2025\/02\/planta-media-2-plt400-segunda-mano-reacondicionada-1-VENDIDO.webp","datePublished":"2025-02-23T13:04:49+00:00","dateModified":"2025-12-03T11:13:13+00:00","description":"Planta media reacondicionada con peletizadora PLT400 (250 kg\/h) y sistema de ensacado manual PKG-VBR. Incluye tolva, cintas, refinador, compresor y m\u00e1s. Garant\u00eda de 6 meses.","breadcrumb":{"@id":"https:\/\/peletizadoras.net\/es-ar\/catalogo-maquinas-proceso-peletizado\/maquinaria-de-segunda-mano\/planta-media-2-plt400-reacondicionada-250-kg-h-y-sistema-ensacado-manual-pkg-vbr\/#breadcrumb"},"inLanguage":"es-AR","potentialAction":[{"@type":"ReadAction","target":["https:\/\/peletizadoras.net\/es-ar\/catalogo-maquinas-proceso-peletizado\/maquinaria-de-segunda-mano\/planta-media-2-plt400-reacondicionada-250-kg-h-y-sistema-ensacado-manual-pkg-vbr\/"]}]},{"@type":"ImageObject","inLanguage":"es-AR","@id":"https:\/\/peletizadoras.net\/es-ar\/catalogo-maquinas-proceso-peletizado\/maquinaria-de-segunda-mano\/planta-media-2-plt400-reacondicionada-250-kg-h-y-sistema-ensacado-manual-pkg-vbr\/#primaryimage","url":"https:\/\/peletizadoras.net\/wp-content\/uploads\/2025\/02\/planta-media-2-plt400-segunda-mano-reacondicionada-1-VENDIDO.webp","contentUrl":"https:\/\/peletizadoras.net\/wp-content\/uploads\/2025\/02\/planta-media-2-plt400-segunda-mano-reacondicionada-1-VENDIDO.webp","width":1024,"height":768},{"@type":"BreadcrumbList","@id":"https:\/\/peletizadoras.net\/es-ar\/catalogo-maquinas-proceso-peletizado\/maquinaria-de-segunda-mano\/planta-media-2-plt400-reacondicionada-250-kg-h-y-sistema-ensacado-manual-pkg-vbr\/#breadcrumb","itemListElement":[{"@type":"ListItem","position":1,"name":"Portada","item":"https:\/\/peletizadoras.net\/es-ar\/pagina-de-inicio\/"},{"@type":"ListItem","position":2,"name":"Tienda","item":"https:\/\/peletizadoras.net\/tienda\/"},{"@type":"ListItem","position":3,"name":"Planta Media 2 PLT400 Reacondicionada (250 kg\/h) y Sistema Ensacado Manual PKG-VBR"}]},{"@type":"WebSite","@id":"https:\/\/peletizadoras.net\/es-ar\/#website","url":"https:\/\/peletizadoras.net\/es-ar\/","name":"Ecofricalia. Soluciones Integrales para la Producci\u00f3n de Pellet","description":"Plantas y L\u00edneas industriales de peletizaci\u00f3n y m\u00e1quinas de fabricaci\u00f3n de pellet","publisher":{"@id":"https:\/\/peletizadoras.net\/es-ar\/#organization"},"potentialAction":[{"@type":"SearchAction","target":{"@type":"EntryPoint","urlTemplate":"https:\/\/peletizadoras.net\/es-ar\/?s={search_term_string}"},"query-input":{"@type":"PropertyValueSpecification","valueRequired":true,"valueName":"search_term_string"}}],"inLanguage":"es-AR"},{"@type":"Organization","@id":"https:\/\/peletizadoras.net\/es-ar\/#organization","name":"Ecofricalia. Soluciones Integrales para la Producci\u00f3n de Pellet","url":"https:\/\/peletizadoras.net\/es-ar\/","logo":{"@type":"ImageObject","inLanguage":"es-AR","@id":"https:\/\/peletizadoras.net\/es-ar\/#\/schema\/logo\/image\/","url":"https:\/\/peletizadoras.net\/wp-content\/uploads\/2025\/05\/logo-ecofricalia-tapasweb.png","contentUrl":"https:\/\/peletizadoras.net\/wp-content\/uploads\/2025\/05\/logo-ecofricalia-tapasweb.png","width":881,"height":418,"caption":"Ecofricalia. Soluciones Integrales para la Producci\u00f3n de Pellet"},"image":{"@id":"https:\/\/peletizadoras.net\/es-ar\/#\/schema\/logo\/image\/"},"sameAs":["https:\/\/www.facebook.com\/EcofricaliaSostenible","https:\/\/x.com\/_ecofricalia","https:\/\/www.youtube.com\/channel\/UCCvdG5pWUGvH4G5wP8TXuPw","https:\/\/www.instagram.com\/ecofricalia_sostenible\/"]}]}},"_links":{"self":[{"href":"https:\/\/peletizadoras.net\/es-ar\/wp-json\/wp\/v2\/product\/102307","targetHints":{"allow":["GET"]}}],"collection":[{"href":"https:\/\/peletizadoras.net\/es-ar\/wp-json\/wp\/v2\/product"}],"about":[{"href":"https:\/\/peletizadoras.net\/es-ar\/wp-json\/wp\/v2\/types\/product"}],"wp:featuredmedia":[{"embeddable":true,"href":"https:\/\/peletizadoras.net\/es-ar\/wp-json\/wp\/v2\/media\/102874"}],"wp:attachment":[{"href":"https:\/\/peletizadoras.net\/es-ar\/wp-json\/wp\/v2\/media?parent=102307"}],"wp:term":[{"taxonomy":"product_brand","embeddable":true,"href":"https:\/\/peletizadoras.net\/es-ar\/wp-json\/wp\/v2\/product_brand?post=102307"},{"taxonomy":"product_cat","embeddable":true,"href":"https:\/\/peletizadoras.net\/es-ar\/wp-json\/wp\/v2\/product_cat?post=102307"},{"taxonomy":"product_tag","embeddable":true,"href":"https:\/\/peletizadoras.net\/es-ar\/wp-json\/wp\/v2\/product_tag?post=102307"}],"curies":[{"name":"wp","href":"https:\/\/api.w.org\/{rel}","templated":true}]}}