{"id":102309,"date":"2025-02-23T14:04:49","date_gmt":"2025-02-23T13:04:49","guid":{"rendered":"https:\/\/peletizadoras.net\/catalogo-maquinas-proceso-peletizado\/sin%20categor\u00eda\/planta-media-sc-plt800-reacondicionada-350-kg-h\/"},"modified":"2025-12-03T12:15:14","modified_gmt":"2025-12-03T11:15:14","slug":"planta-media-sc-plt800-reacondicionada-350-kg-h","status":"publish","type":"product","link":"https:\/\/peletizadoras.net\/es-ar\/catalogo-maquinas-proceso-peletizado\/maquinaria-de-segunda-mano\/planta-media-sc-plt800-reacondicionada-350-kg-h\/","title":{"rendered":"Planta Media SC PLT800 Reacondicionada (350 kg\/h)"},"content":{"rendered":"<p data-pm-slice=\"1 1 []\">Posibilidad de compactar diferentes materiales y fabricar p\u00e9lets de madera, abono, pienso, etc para comercializaci\u00f3n o autoconsumo de grandes empresas.<\/p>\n<p>R\u00e1pida entrega e instalaci\u00f3n, maquinaria muy poco usada por necesidad de aumento de la producci\u00f3n.<\/p>\n<p>MATERIALES Y\/O FORMATOS QUE SE PUEDEN UTILIZAR: SERR\u00cdN, VIRUTA Y ASTILLA &lt;3 cm.<\/p>\n<p>GARANT\u00cdA: 6 meses.<\/p>\n<p>POTENCIA INSTALADA NECESARIA: 70 kw a 50 Hz y 380-400 V. (En caso de necesidad es posible incorporar un grupo electr\u00f3geno como fuente de alimentaci\u00f3n).<\/p>\n<p>DIMENSIONES APROX.: 9,9 x 5,7 x 3,5 m. (Las medidas son aproximadas y depender\u00e1n de la disposici\u00f3n de las m\u00e1quinas. Diferentes posibilidades de instalaci\u00f3n (en l\u00ednea u otra forma para adaptarse al espacio).<\/p>\n","protected":false},"excerpt":{"rendered":"<p>Planta media SC reacondicionada con peletizadora PLT800 (350 kg\/h). Compacta varios materiales y es ideal para grandes empresas. Incluye enfriador, tamiz y m\u00e1s.  <\/p>\n","protected":false},"featured_media":101800,"template":"","meta":{"_et_pb_use_builder":"","_et_pb_old_content":"","_et_gb_content_width":""},"product_brand":[],"product_cat":[103],"product_tag":[],"class_list":{"0":"post-102309","1":"product","2":"type-product","3":"status-publish","4":"has-post-thumbnail","6":"product_cat-maquinaria-de-segunda-mano","8":"first","9":"instock","10":"shipping-taxable","11":"product-type-simple"},"yoast_head":"<!-- This site is optimized with the Yoast SEO plugin v27.5 - https:\/\/yoast.com\/product\/yoast-seo-wordpress\/ -->\n<title>Planta Media SC PLT800 Reacondicionada \u2013 Producci\u00f3n 350 kg\/h<\/title>\n<meta name=\"description\" content=\"Planta media SC PLT800 reacondicionada, ideal para fabricar p\u00e9lets de madera, abono y pienso. Incluye tolva, compresor, tamiz y enfriador. Garant\u00eda de 6 meses.\" \/>\n<meta name=\"robots\" content=\"index, follow, max-snippet:-1, max-image-preview:large, max-video-preview:-1\" \/>\n<link rel=\"canonical\" href=\"https:\/\/peletizadoras.net\/es-ar\/catalogo-maquinas-proceso-peletizado\/maquinaria-de-segunda-mano\/planta-media-sc-plt800-reacondicionada-350-kg-h\/\" \/>\n<meta property=\"og:locale\" content=\"es_ES\" \/>\n<meta property=\"og:type\" content=\"article\" \/>\n<meta property=\"og:title\" content=\"Planta Media SC PLT800 Reacondicionada \u2013 Producci\u00f3n 350 kg\/h\" \/>\n<meta property=\"og:description\" content=\"Planta media SC PLT800 reacondicionada, ideal para fabricar p\u00e9lets de madera, abono y pienso. Incluye tolva, compresor, tamiz y enfriador. Garant\u00eda de 6 meses.\" \/>\n<meta property=\"og:url\" content=\"https:\/\/peletizadoras.net\/es-ar\/catalogo-maquinas-proceso-peletizado\/maquinaria-de-segunda-mano\/planta-media-sc-plt800-reacondicionada-350-kg-h\/\" \/>\n<meta property=\"og:site_name\" content=\"Ecofricalia. Soluciones Integrales para la Producci\u00f3n de Pellet\" \/>\n<meta property=\"article:publisher\" content=\"https:\/\/www.facebook.com\/EcofricaliaSostenible\" \/>\n<meta property=\"article:modified_time\" content=\"2025-12-03T11:15:14+00:00\" \/>\n<meta property=\"og:image\" content=\"https:\/\/peletizadoras.net\/wp-content\/uploads\/2025\/02\/planta-peletizacion-hacer-pellet-media-sc-plt800-industrial-reacondicionada-350kg-h.jpg\" \/>\n\t<meta property=\"og:image:width\" content=\"1024\" \/>\n\t<meta property=\"og:image:height\" content=\"768\" \/>\n\t<meta property=\"og:image:type\" content=\"image\/jpeg\" \/>\n<meta name=\"twitter:card\" content=\"summary_large_image\" \/>\n<meta name=\"twitter:site\" content=\"@_ecofricalia\" \/>\n<meta name=\"twitter:label1\" content=\"Tiempo de lectura\" \/>\n\t<meta name=\"twitter:data1\" content=\"1 minuto\" \/>\n<script type=\"application\/ld+json\" class=\"yoast-schema-graph\">{\"@context\":\"https:\\\/\\\/schema.org\",\"@graph\":[{\"@type\":\"WebPage\",\"@id\":\"https:\\\/\\\/peletizadoras.net\\\/es-ar\\\/catalogo-maquinas-proceso-peletizado\\\/maquinaria-de-segunda-mano\\\/planta-media-sc-plt800-reacondicionada-350-kg-h\\\/\",\"url\":\"https:\\\/\\\/peletizadoras.net\\\/es-ar\\\/catalogo-maquinas-proceso-peletizado\\\/maquinaria-de-segunda-mano\\\/planta-media-sc-plt800-reacondicionada-350-kg-h\\\/\",\"name\":\"Planta Media SC PLT800 Reacondicionada \u2013 Producci\u00f3n 350 kg\\\/h\",\"isPartOf\":{\"@id\":\"https:\\\/\\\/peletizadoras.net\\\/es-ar\\\/#website\"},\"primaryImageOfPage\":{\"@id\":\"https:\\\/\\\/peletizadoras.net\\\/es-ar\\\/catalogo-maquinas-proceso-peletizado\\\/maquinaria-de-segunda-mano\\\/planta-media-sc-plt800-reacondicionada-350-kg-h\\\/#primaryimage\"},\"image\":{\"@id\":\"https:\\\/\\\/peletizadoras.net\\\/es-ar\\\/catalogo-maquinas-proceso-peletizado\\\/maquinaria-de-segunda-mano\\\/planta-media-sc-plt800-reacondicionada-350-kg-h\\\/#primaryimage\"},\"thumbnailUrl\":\"https:\\\/\\\/peletizadoras.net\\\/wp-content\\\/uploads\\\/2025\\\/02\\\/planta-peletizacion-hacer-pellet-media-sc-plt800-industrial-reacondicionada-350kg-h.jpg\",\"datePublished\":\"2025-02-23T13:04:49+00:00\",\"dateModified\":\"2025-12-03T11:15:14+00:00\",\"description\":\"Planta media SC PLT800 reacondicionada, ideal para fabricar p\u00e9lets de madera, abono y pienso. Incluye tolva, compresor, tamiz y enfriador. Garant\u00eda de 6 meses.\",\"breadcrumb\":{\"@id\":\"https:\\\/\\\/peletizadoras.net\\\/es-ar\\\/catalogo-maquinas-proceso-peletizado\\\/maquinaria-de-segunda-mano\\\/planta-media-sc-plt800-reacondicionada-350-kg-h\\\/#breadcrumb\"},\"inLanguage\":\"es-AR\",\"potentialAction\":[{\"@type\":\"ReadAction\",\"target\":[\"https:\\\/\\\/peletizadoras.net\\\/es-ar\\\/catalogo-maquinas-proceso-peletizado\\\/maquinaria-de-segunda-mano\\\/planta-media-sc-plt800-reacondicionada-350-kg-h\\\/\"]}]},{\"@type\":\"ImageObject\",\"inLanguage\":\"es-AR\",\"@id\":\"https:\\\/\\\/peletizadoras.net\\\/es-ar\\\/catalogo-maquinas-proceso-peletizado\\\/maquinaria-de-segunda-mano\\\/planta-media-sc-plt800-reacondicionada-350-kg-h\\\/#primaryimage\",\"url\":\"https:\\\/\\\/peletizadoras.net\\\/wp-content\\\/uploads\\\/2025\\\/02\\\/planta-peletizacion-hacer-pellet-media-sc-plt800-industrial-reacondicionada-350kg-h.jpg\",\"contentUrl\":\"https:\\\/\\\/peletizadoras.net\\\/wp-content\\\/uploads\\\/2025\\\/02\\\/planta-peletizacion-hacer-pellet-media-sc-plt800-industrial-reacondicionada-350kg-h.jpg\",\"width\":1024,\"height\":768},{\"@type\":\"BreadcrumbList\",\"@id\":\"https:\\\/\\\/peletizadoras.net\\\/es-ar\\\/catalogo-maquinas-proceso-peletizado\\\/maquinaria-de-segunda-mano\\\/planta-media-sc-plt800-reacondicionada-350-kg-h\\\/#breadcrumb\",\"itemListElement\":[{\"@type\":\"ListItem\",\"position\":1,\"name\":\"Portada\",\"item\":\"https:\\\/\\\/peletizadoras.net\\\/es-ar\\\/pagina-de-inicio\\\/\"},{\"@type\":\"ListItem\",\"position\":2,\"name\":\"Tienda\",\"item\":\"https:\\\/\\\/peletizadoras.net\\\/tienda\\\/\"},{\"@type\":\"ListItem\",\"position\":3,\"name\":\"Planta Media SC PLT800 Reacondicionada (350 kg\\\/h)\"}]},{\"@type\":\"WebSite\",\"@id\":\"https:\\\/\\\/peletizadoras.net\\\/es-ar\\\/#website\",\"url\":\"https:\\\/\\\/peletizadoras.net\\\/es-ar\\\/\",\"name\":\"Ecofricalia. Soluciones Integrales para la Producci\u00f3n de Pellet\",\"description\":\"Plantas y L\u00edneas industriales de peletizaci\u00f3n y m\u00e1quinas de fabricaci\u00f3n de pellet\",\"publisher\":{\"@id\":\"https:\\\/\\\/peletizadoras.net\\\/es-ar\\\/#organization\"},\"potentialAction\":[{\"@type\":\"SearchAction\",\"target\":{\"@type\":\"EntryPoint\",\"urlTemplate\":\"https:\\\/\\\/peletizadoras.net\\\/es-ar\\\/?s={search_term_string}\"},\"query-input\":{\"@type\":\"PropertyValueSpecification\",\"valueRequired\":true,\"valueName\":\"search_term_string\"}}],\"inLanguage\":\"es-AR\"},{\"@type\":\"Organization\",\"@id\":\"https:\\\/\\\/peletizadoras.net\\\/es-ar\\\/#organization\",\"name\":\"Ecofricalia. Soluciones Integrales para la Producci\u00f3n de Pellet\",\"url\":\"https:\\\/\\\/peletizadoras.net\\\/es-ar\\\/\",\"logo\":{\"@type\":\"ImageObject\",\"inLanguage\":\"es-AR\",\"@id\":\"https:\\\/\\\/peletizadoras.net\\\/es-ar\\\/#\\\/schema\\\/logo\\\/image\\\/\",\"url\":\"https:\\\/\\\/peletizadoras.net\\\/wp-content\\\/uploads\\\/2025\\\/05\\\/logo-ecofricalia-tapasweb.png\",\"contentUrl\":\"https:\\\/\\\/peletizadoras.net\\\/wp-content\\\/uploads\\\/2025\\\/05\\\/logo-ecofricalia-tapasweb.png\",\"width\":881,\"height\":418,\"caption\":\"Ecofricalia. Soluciones Integrales para la Producci\u00f3n de Pellet\"},\"image\":{\"@id\":\"https:\\\/\\\/peletizadoras.net\\\/es-ar\\\/#\\\/schema\\\/logo\\\/image\\\/\"},\"sameAs\":[\"https:\\\/\\\/www.facebook.com\\\/EcofricaliaSostenible\",\"https:\\\/\\\/x.com\\\/_ecofricalia\",\"https:\\\/\\\/www.youtube.com\\\/channel\\\/UCCvdG5pWUGvH4G5wP8TXuPw\",\"https:\\\/\\\/www.instagram.com\\\/ecofricalia_sostenible\\\/\"]}]}<\/script>\n<!-- \/ Yoast SEO plugin. -->","yoast_head_json":{"title":"Planta Media SC PLT800 Reacondicionada \u2013 Producci\u00f3n 350 kg\/h","description":"Planta media SC PLT800 reacondicionada, ideal para fabricar p\u00e9lets de madera, abono y pienso. Incluye tolva, compresor, tamiz y enfriador. Garant\u00eda de 6 meses.","robots":{"index":"index","follow":"follow","max-snippet":"max-snippet:-1","max-image-preview":"max-image-preview:large","max-video-preview":"max-video-preview:-1"},"canonical":"https:\/\/peletizadoras.net\/es-ar\/catalogo-maquinas-proceso-peletizado\/maquinaria-de-segunda-mano\/planta-media-sc-plt800-reacondicionada-350-kg-h\/","og_locale":"es_ES","og_type":"article","og_title":"Planta Media SC PLT800 Reacondicionada \u2013 Producci\u00f3n 350 kg\/h","og_description":"Planta media SC PLT800 reacondicionada, ideal para fabricar p\u00e9lets de madera, abono y pienso. Incluye tolva, compresor, tamiz y enfriador. Garant\u00eda de 6 meses.","og_url":"https:\/\/peletizadoras.net\/es-ar\/catalogo-maquinas-proceso-peletizado\/maquinaria-de-segunda-mano\/planta-media-sc-plt800-reacondicionada-350-kg-h\/","og_site_name":"Ecofricalia. Soluciones Integrales para la Producci\u00f3n de Pellet","article_publisher":"https:\/\/www.facebook.com\/EcofricaliaSostenible","article_modified_time":"2025-12-03T11:15:14+00:00","og_image":[{"width":1024,"height":768,"url":"https:\/\/peletizadoras.net\/wp-content\/uploads\/2025\/02\/planta-peletizacion-hacer-pellet-media-sc-plt800-industrial-reacondicionada-350kg-h.jpg","type":"image\/jpeg"}],"twitter_card":"summary_large_image","twitter_site":"@_ecofricalia","twitter_misc":{"Tiempo de lectura":"1 minuto"},"schema":{"@context":"https:\/\/schema.org","@graph":[{"@type":"WebPage","@id":"https:\/\/peletizadoras.net\/es-ar\/catalogo-maquinas-proceso-peletizado\/maquinaria-de-segunda-mano\/planta-media-sc-plt800-reacondicionada-350-kg-h\/","url":"https:\/\/peletizadoras.net\/es-ar\/catalogo-maquinas-proceso-peletizado\/maquinaria-de-segunda-mano\/planta-media-sc-plt800-reacondicionada-350-kg-h\/","name":"Planta Media SC PLT800 Reacondicionada \u2013 Producci\u00f3n 350 kg\/h","isPartOf":{"@id":"https:\/\/peletizadoras.net\/es-ar\/#website"},"primaryImageOfPage":{"@id":"https:\/\/peletizadoras.net\/es-ar\/catalogo-maquinas-proceso-peletizado\/maquinaria-de-segunda-mano\/planta-media-sc-plt800-reacondicionada-350-kg-h\/#primaryimage"},"image":{"@id":"https:\/\/peletizadoras.net\/es-ar\/catalogo-maquinas-proceso-peletizado\/maquinaria-de-segunda-mano\/planta-media-sc-plt800-reacondicionada-350-kg-h\/#primaryimage"},"thumbnailUrl":"https:\/\/peletizadoras.net\/wp-content\/uploads\/2025\/02\/planta-peletizacion-hacer-pellet-media-sc-plt800-industrial-reacondicionada-350kg-h.jpg","datePublished":"2025-02-23T13:04:49+00:00","dateModified":"2025-12-03T11:15:14+00:00","description":"Planta media SC PLT800 reacondicionada, ideal para fabricar p\u00e9lets de madera, abono y pienso. Incluye tolva, compresor, tamiz y enfriador. Garant\u00eda de 6 meses.","breadcrumb":{"@id":"https:\/\/peletizadoras.net\/es-ar\/catalogo-maquinas-proceso-peletizado\/maquinaria-de-segunda-mano\/planta-media-sc-plt800-reacondicionada-350-kg-h\/#breadcrumb"},"inLanguage":"es-AR","potentialAction":[{"@type":"ReadAction","target":["https:\/\/peletizadoras.net\/es-ar\/catalogo-maquinas-proceso-peletizado\/maquinaria-de-segunda-mano\/planta-media-sc-plt800-reacondicionada-350-kg-h\/"]}]},{"@type":"ImageObject","inLanguage":"es-AR","@id":"https:\/\/peletizadoras.net\/es-ar\/catalogo-maquinas-proceso-peletizado\/maquinaria-de-segunda-mano\/planta-media-sc-plt800-reacondicionada-350-kg-h\/#primaryimage","url":"https:\/\/peletizadoras.net\/wp-content\/uploads\/2025\/02\/planta-peletizacion-hacer-pellet-media-sc-plt800-industrial-reacondicionada-350kg-h.jpg","contentUrl":"https:\/\/peletizadoras.net\/wp-content\/uploads\/2025\/02\/planta-peletizacion-hacer-pellet-media-sc-plt800-industrial-reacondicionada-350kg-h.jpg","width":1024,"height":768},{"@type":"BreadcrumbList","@id":"https:\/\/peletizadoras.net\/es-ar\/catalogo-maquinas-proceso-peletizado\/maquinaria-de-segunda-mano\/planta-media-sc-plt800-reacondicionada-350-kg-h\/#breadcrumb","itemListElement":[{"@type":"ListItem","position":1,"name":"Portada","item":"https:\/\/peletizadoras.net\/es-ar\/pagina-de-inicio\/"},{"@type":"ListItem","position":2,"name":"Tienda","item":"https:\/\/peletizadoras.net\/tienda\/"},{"@type":"ListItem","position":3,"name":"Planta Media SC PLT800 Reacondicionada (350 kg\/h)"}]},{"@type":"WebSite","@id":"https:\/\/peletizadoras.net\/es-ar\/#website","url":"https:\/\/peletizadoras.net\/es-ar\/","name":"Ecofricalia. Soluciones Integrales para la Producci\u00f3n de Pellet","description":"Plantas y L\u00edneas industriales de peletizaci\u00f3n y m\u00e1quinas de fabricaci\u00f3n de pellet","publisher":{"@id":"https:\/\/peletizadoras.net\/es-ar\/#organization"},"potentialAction":[{"@type":"SearchAction","target":{"@type":"EntryPoint","urlTemplate":"https:\/\/peletizadoras.net\/es-ar\/?s={search_term_string}"},"query-input":{"@type":"PropertyValueSpecification","valueRequired":true,"valueName":"search_term_string"}}],"inLanguage":"es-AR"},{"@type":"Organization","@id":"https:\/\/peletizadoras.net\/es-ar\/#organization","name":"Ecofricalia. Soluciones Integrales para la Producci\u00f3n de Pellet","url":"https:\/\/peletizadoras.net\/es-ar\/","logo":{"@type":"ImageObject","inLanguage":"es-AR","@id":"https:\/\/peletizadoras.net\/es-ar\/#\/schema\/logo\/image\/","url":"https:\/\/peletizadoras.net\/wp-content\/uploads\/2025\/05\/logo-ecofricalia-tapasweb.png","contentUrl":"https:\/\/peletizadoras.net\/wp-content\/uploads\/2025\/05\/logo-ecofricalia-tapasweb.png","width":881,"height":418,"caption":"Ecofricalia. Soluciones Integrales para la Producci\u00f3n de Pellet"},"image":{"@id":"https:\/\/peletizadoras.net\/es-ar\/#\/schema\/logo\/image\/"},"sameAs":["https:\/\/www.facebook.com\/EcofricaliaSostenible","https:\/\/x.com\/_ecofricalia","https:\/\/www.youtube.com\/channel\/UCCvdG5pWUGvH4G5wP8TXuPw","https:\/\/www.instagram.com\/ecofricalia_sostenible\/"]}]}},"_links":{"self":[{"href":"https:\/\/peletizadoras.net\/es-ar\/wp-json\/wp\/v2\/product\/102309","targetHints":{"allow":["GET"]}}],"collection":[{"href":"https:\/\/peletizadoras.net\/es-ar\/wp-json\/wp\/v2\/product"}],"about":[{"href":"https:\/\/peletizadoras.net\/es-ar\/wp-json\/wp\/v2\/types\/product"}],"wp:featuredmedia":[{"embeddable":true,"href":"https:\/\/peletizadoras.net\/es-ar\/wp-json\/wp\/v2\/media\/101800"}],"wp:attachment":[{"href":"https:\/\/peletizadoras.net\/es-ar\/wp-json\/wp\/v2\/media?parent=102309"}],"wp:term":[{"taxonomy":"product_brand","embeddable":true,"href":"https:\/\/peletizadoras.net\/es-ar\/wp-json\/wp\/v2\/product_brand?post=102309"},{"taxonomy":"product_cat","embeddable":true,"href":"https:\/\/peletizadoras.net\/es-ar\/wp-json\/wp\/v2\/product_cat?post=102309"},{"taxonomy":"product_tag","embeddable":true,"href":"https:\/\/peletizadoras.net\/es-ar\/wp-json\/wp\/v2\/product_tag?post=102309"}],"curies":[{"name":"wp","href":"https:\/\/api.w.org\/{rel}","templated":true}]}}