{"id":102310,"date":"2025-02-23T14:04:48","date_gmt":"2025-02-23T13:04:48","guid":{"rendered":"https:\/\/peletizadoras.net\/catalogo-maquinas-proceso-peletizado\/sin%20categor\u00eda\/astilladora-de-segunda-mano-tirex-pto\/"},"modified":"2025-09-17T18:24:37","modified_gmt":"2025-09-17T16:24:37","slug":"astilladora-de-segunda-mano-tirex-pto","status":"publish","type":"product","link":"https:\/\/peletizadoras.net\/es-ar\/catalogo-maquinas-proceso-peletizado\/maquinaria-de-segunda-mano\/astilladora-de-segunda-mano-tirex-pto\/","title":{"rendered":"Astilladora de Segunda Mano Tirex PTO"},"content":{"rendered":"<p data-pm-slice=\"1 1 []\">Tirex es una astilladora de construcci\u00f3n robusta y segura para ramas de hasta 17 cm de di\u00e1metro.<\/p>\n<p>Tiene un disco de 30 mm de espesor y 620 mm de di\u00e1metro, muy compacto. El disco rotor contiene 4 cuchillas templadas con posibilidad de afilado que permite un bajo consumo de energ\u00eda, bajos costes de funcionamiento, un funcionamiento silencioso y un alto rendimiento de corte con cualquier tipo de madera. <\/p>\n<p>Gracias al innovador sistema de accionamiento, se eliminan todos los posibles atascos durante el procesamiento mediante una cadena dentada hidr\u00e1ulica. El sistema No-Stress de serie, con contador de horas, garantiza una alimentaci\u00f3n correcta en funci\u00f3n de la potencia disponible. <\/p>\n<p>Los restos de poda se reducen a astillas muy finas y uniformes mediante accesorios opcionales. Las astillas de madera producidas por la Tirex pueden utilizarse no s\u00f3lo para acolchado y compostaje, sino tambi\u00e9n para sistemas de calefacci\u00f3n por biomasa. <\/p>\n<p>Alimentaci\u00f3n regulable y kit de cuchillas para un mayor control de la finura de la astilla (entre 2 y 4 cm)<\/p>\n<p>Para unas dimensiones compactas durante el transporte, se cierran la tolva de carga y el tubo de descarga.<\/p>\n<p>Barra de seguridad seg\u00fan normas CEE.<\/p>\n<p>Potencia necesaria: 40 &#8211; 80 HP &#8211; 30 &#8211; 60 KW<\/p>\n<p>Producci\u00f3n horaria de 8 a 16 m3.<\/p>\n","protected":false},"excerpt":{"rendered":"<p data-pm-slice=\"1 1 []\">La astilladora Tirex, de construcci\u00f3n robusta, procesa ramas de hasta 17 cm de di\u00e1metro con su disco de 4 cuchillas templadas y afilables. Incluye sistema No-Stress para una alimentaci\u00f3n continua y eficiente, reduciendo atascos y garantizando un funcionamiento silencioso y de alto rendimiento. Ideal para producir astillas uniformes para biomasa, acolchado o compostaje.  <\/p>\n<p><span style=\"font-size: 18px;\"><b>Precio: 8.500 \u20ac + IVA.<\/b><\/span><\/p>\n","protected":false},"featured_media":101783,"template":"","meta":{"_et_pb_use_builder":"","_et_pb_old_content":"","_et_gb_content_width":""},"product_brand":[],"product_cat":[103],"product_tag":[],"class_list":{"0":"post-102310","1":"product","2":"type-product","3":"status-publish","4":"has-post-thumbnail","6":"product_cat-maquinaria-de-segunda-mano","8":"first","9":"instock","10":"shipping-taxable","11":"product-type-simple"},"yoast_head":"<!-- This site is optimized with the Yoast SEO plugin v27.4 - https:\/\/yoast.com\/product\/yoast-seo-wordpress\/ -->\n<title>Astilladora de Segunda Mano Tirex PTO - Ecofricalia. Soluciones Integrales para la Producci\u00f3n de Pellet<\/title>\n<meta name=\"description\" content=\"Astilladora Tirex de segunda mano, procesa ramas hasta 17 cm con sistema No-Stress y cuchillas afilables. Ideal para biomasa. Precio: 8.500 \u20ac + IVA\" \/>\n<meta name=\"robots\" content=\"index, follow, max-snippet:-1, max-image-preview:large, max-video-preview:-1\" \/>\n<link rel=\"canonical\" href=\"https:\/\/peletizadoras.net\/es-ar\/catalogo-maquinas-proceso-peletizado\/maquinaria-de-segunda-mano\/astilladora-de-segunda-mano-tirex-pto\/\" \/>\n<meta property=\"og:locale\" content=\"es_ES\" \/>\n<meta property=\"og:type\" content=\"article\" \/>\n<meta property=\"og:title\" content=\"Astilladora de Segunda Mano Tirex PTO - Ecofricalia. Soluciones Integrales para la Producci\u00f3n de Pellet\" \/>\n<meta property=\"og:description\" content=\"Astilladora Tirex de segunda mano, procesa ramas hasta 17 cm con sistema No-Stress y cuchillas afilables. Ideal para biomasa. Precio: 8.500 \u20ac + IVA\" \/>\n<meta property=\"og:url\" content=\"https:\/\/peletizadoras.net\/es-ar\/catalogo-maquinas-proceso-peletizado\/maquinaria-de-segunda-mano\/astilladora-de-segunda-mano-tirex-pto\/\" \/>\n<meta property=\"og:site_name\" content=\"Ecofricalia. Soluciones Integrales para la Producci\u00f3n de Pellet\" \/>\n<meta property=\"article:publisher\" content=\"https:\/\/www.facebook.com\/EcofricaliaSostenible\" \/>\n<meta property=\"article:modified_time\" content=\"2025-09-17T16:24:37+00:00\" \/>\n<meta property=\"og:image\" content=\"https:\/\/peletizadoras.net\/wp-content\/uploads\/2025\/02\/astilladora-madera-segunda-mano-tirex-pto-destacada.jpg\" \/>\n\t<meta property=\"og:image:width\" content=\"768\" \/>\n\t<meta property=\"og:image:height\" content=\"1024\" \/>\n\t<meta property=\"og:image:type\" content=\"image\/jpeg\" \/>\n<meta name=\"twitter:card\" content=\"summary_large_image\" \/>\n<meta name=\"twitter:site\" content=\"@_ecofricalia\" \/>\n<meta name=\"twitter:label1\" content=\"Tiempo de lectura\" \/>\n\t<meta name=\"twitter:data1\" content=\"1 minuto\" \/>\n<script type=\"application\/ld+json\" class=\"yoast-schema-graph\">{\"@context\":\"https:\\\/\\\/schema.org\",\"@graph\":[{\"@type\":\"WebPage\",\"@id\":\"https:\\\/\\\/peletizadoras.net\\\/es-ar\\\/catalogo-maquinas-proceso-peletizado\\\/maquinaria-de-segunda-mano\\\/astilladora-de-segunda-mano-tirex-pto\\\/\",\"url\":\"https:\\\/\\\/peletizadoras.net\\\/es-ar\\\/catalogo-maquinas-proceso-peletizado\\\/maquinaria-de-segunda-mano\\\/astilladora-de-segunda-mano-tirex-pto\\\/\",\"name\":\"Astilladora de Segunda Mano Tirex PTO - Ecofricalia. Soluciones Integrales para la Producci\u00f3n de Pellet\",\"isPartOf\":{\"@id\":\"https:\\\/\\\/peletizadoras.net\\\/es-ar\\\/#website\"},\"primaryImageOfPage\":{\"@id\":\"https:\\\/\\\/peletizadoras.net\\\/es-ar\\\/catalogo-maquinas-proceso-peletizado\\\/maquinaria-de-segunda-mano\\\/astilladora-de-segunda-mano-tirex-pto\\\/#primaryimage\"},\"image\":{\"@id\":\"https:\\\/\\\/peletizadoras.net\\\/es-ar\\\/catalogo-maquinas-proceso-peletizado\\\/maquinaria-de-segunda-mano\\\/astilladora-de-segunda-mano-tirex-pto\\\/#primaryimage\"},\"thumbnailUrl\":\"https:\\\/\\\/peletizadoras.net\\\/wp-content\\\/uploads\\\/2025\\\/02\\\/astilladora-madera-segunda-mano-tirex-pto-destacada.jpg\",\"datePublished\":\"2025-02-23T13:04:48+00:00\",\"dateModified\":\"2025-09-17T16:24:37+00:00\",\"description\":\"Astilladora Tirex de segunda mano, procesa ramas hasta 17 cm con sistema No-Stress y cuchillas afilables. Ideal para biomasa. Precio: 8.500 \u20ac + IVA\",\"breadcrumb\":{\"@id\":\"https:\\\/\\\/peletizadoras.net\\\/es-ar\\\/catalogo-maquinas-proceso-peletizado\\\/maquinaria-de-segunda-mano\\\/astilladora-de-segunda-mano-tirex-pto\\\/#breadcrumb\"},\"inLanguage\":\"es-AR\",\"potentialAction\":[{\"@type\":\"ReadAction\",\"target\":[\"https:\\\/\\\/peletizadoras.net\\\/es-ar\\\/catalogo-maquinas-proceso-peletizado\\\/maquinaria-de-segunda-mano\\\/astilladora-de-segunda-mano-tirex-pto\\\/\"]}]},{\"@type\":\"ImageObject\",\"inLanguage\":\"es-AR\",\"@id\":\"https:\\\/\\\/peletizadoras.net\\\/es-ar\\\/catalogo-maquinas-proceso-peletizado\\\/maquinaria-de-segunda-mano\\\/astilladora-de-segunda-mano-tirex-pto\\\/#primaryimage\",\"url\":\"https:\\\/\\\/peletizadoras.net\\\/wp-content\\\/uploads\\\/2025\\\/02\\\/astilladora-madera-segunda-mano-tirex-pto-destacada.jpg\",\"contentUrl\":\"https:\\\/\\\/peletizadoras.net\\\/wp-content\\\/uploads\\\/2025\\\/02\\\/astilladora-madera-segunda-mano-tirex-pto-destacada.jpg\",\"width\":768,\"height\":1024},{\"@type\":\"BreadcrumbList\",\"@id\":\"https:\\\/\\\/peletizadoras.net\\\/es-ar\\\/catalogo-maquinas-proceso-peletizado\\\/maquinaria-de-segunda-mano\\\/astilladora-de-segunda-mano-tirex-pto\\\/#breadcrumb\",\"itemListElement\":[{\"@type\":\"ListItem\",\"position\":1,\"name\":\"Portada\",\"item\":\"https:\\\/\\\/peletizadoras.net\\\/es-ar\\\/pagina-de-inicio\\\/\"},{\"@type\":\"ListItem\",\"position\":2,\"name\":\"Tienda\",\"item\":\"https:\\\/\\\/peletizadoras.net\\\/tienda\\\/\"},{\"@type\":\"ListItem\",\"position\":3,\"name\":\"Astilladora de Segunda Mano Tirex PTO\"}]},{\"@type\":\"WebSite\",\"@id\":\"https:\\\/\\\/peletizadoras.net\\\/es-ar\\\/#website\",\"url\":\"https:\\\/\\\/peletizadoras.net\\\/es-ar\\\/\",\"name\":\"Ecofricalia. Soluciones Integrales para la Producci\u00f3n de Pellet\",\"description\":\"Plantas y L\u00edneas industriales de peletizaci\u00f3n y m\u00e1quinas de fabricaci\u00f3n de pellet\",\"publisher\":{\"@id\":\"https:\\\/\\\/peletizadoras.net\\\/es-ar\\\/#organization\"},\"potentialAction\":[{\"@type\":\"SearchAction\",\"target\":{\"@type\":\"EntryPoint\",\"urlTemplate\":\"https:\\\/\\\/peletizadoras.net\\\/es-ar\\\/?s={search_term_string}\"},\"query-input\":{\"@type\":\"PropertyValueSpecification\",\"valueRequired\":true,\"valueName\":\"search_term_string\"}}],\"inLanguage\":\"es-AR\"},{\"@type\":\"Organization\",\"@id\":\"https:\\\/\\\/peletizadoras.net\\\/es-ar\\\/#organization\",\"name\":\"Ecofricalia. Soluciones Integrales para la Producci\u00f3n de Pellet\",\"url\":\"https:\\\/\\\/peletizadoras.net\\\/es-ar\\\/\",\"logo\":{\"@type\":\"ImageObject\",\"inLanguage\":\"es-AR\",\"@id\":\"https:\\\/\\\/peletizadoras.net\\\/es-ar\\\/#\\\/schema\\\/logo\\\/image\\\/\",\"url\":\"https:\\\/\\\/peletizadoras.net\\\/wp-content\\\/uploads\\\/2025\\\/05\\\/logo-ecofricalia-tapasweb.png\",\"contentUrl\":\"https:\\\/\\\/peletizadoras.net\\\/wp-content\\\/uploads\\\/2025\\\/05\\\/logo-ecofricalia-tapasweb.png\",\"width\":881,\"height\":418,\"caption\":\"Ecofricalia. Soluciones Integrales para la Producci\u00f3n de Pellet\"},\"image\":{\"@id\":\"https:\\\/\\\/peletizadoras.net\\\/es-ar\\\/#\\\/schema\\\/logo\\\/image\\\/\"},\"sameAs\":[\"https:\\\/\\\/www.facebook.com\\\/EcofricaliaSostenible\",\"https:\\\/\\\/x.com\\\/_ecofricalia\",\"https:\\\/\\\/www.youtube.com\\\/channel\\\/UCCvdG5pWUGvH4G5wP8TXuPw\",\"https:\\\/\\\/www.instagram.com\\\/ecofricalia_sostenible\\\/\"]}]}<\/script>\n<!-- \/ Yoast SEO plugin. -->","yoast_head_json":{"title":"Astilladora de Segunda Mano Tirex PTO - Ecofricalia. Soluciones Integrales para la Producci\u00f3n de Pellet","description":"Astilladora Tirex de segunda mano, procesa ramas hasta 17 cm con sistema No-Stress y cuchillas afilables. Ideal para biomasa. Precio: 8.500 \u20ac + IVA","robots":{"index":"index","follow":"follow","max-snippet":"max-snippet:-1","max-image-preview":"max-image-preview:large","max-video-preview":"max-video-preview:-1"},"canonical":"https:\/\/peletizadoras.net\/es-ar\/catalogo-maquinas-proceso-peletizado\/maquinaria-de-segunda-mano\/astilladora-de-segunda-mano-tirex-pto\/","og_locale":"es_ES","og_type":"article","og_title":"Astilladora de Segunda Mano Tirex PTO - Ecofricalia. Soluciones Integrales para la Producci\u00f3n de Pellet","og_description":"Astilladora Tirex de segunda mano, procesa ramas hasta 17 cm con sistema No-Stress y cuchillas afilables. Ideal para biomasa. Precio: 8.500 \u20ac + IVA","og_url":"https:\/\/peletizadoras.net\/es-ar\/catalogo-maquinas-proceso-peletizado\/maquinaria-de-segunda-mano\/astilladora-de-segunda-mano-tirex-pto\/","og_site_name":"Ecofricalia. Soluciones Integrales para la Producci\u00f3n de Pellet","article_publisher":"https:\/\/www.facebook.com\/EcofricaliaSostenible","article_modified_time":"2025-09-17T16:24:37+00:00","og_image":[{"width":768,"height":1024,"url":"https:\/\/peletizadoras.net\/wp-content\/uploads\/2025\/02\/astilladora-madera-segunda-mano-tirex-pto-destacada.jpg","type":"image\/jpeg"}],"twitter_card":"summary_large_image","twitter_site":"@_ecofricalia","twitter_misc":{"Tiempo de lectura":"1 minuto"},"schema":{"@context":"https:\/\/schema.org","@graph":[{"@type":"WebPage","@id":"https:\/\/peletizadoras.net\/es-ar\/catalogo-maquinas-proceso-peletizado\/maquinaria-de-segunda-mano\/astilladora-de-segunda-mano-tirex-pto\/","url":"https:\/\/peletizadoras.net\/es-ar\/catalogo-maquinas-proceso-peletizado\/maquinaria-de-segunda-mano\/astilladora-de-segunda-mano-tirex-pto\/","name":"Astilladora de Segunda Mano Tirex PTO - Ecofricalia. Soluciones Integrales para la Producci\u00f3n de Pellet","isPartOf":{"@id":"https:\/\/peletizadoras.net\/es-ar\/#website"},"primaryImageOfPage":{"@id":"https:\/\/peletizadoras.net\/es-ar\/catalogo-maquinas-proceso-peletizado\/maquinaria-de-segunda-mano\/astilladora-de-segunda-mano-tirex-pto\/#primaryimage"},"image":{"@id":"https:\/\/peletizadoras.net\/es-ar\/catalogo-maquinas-proceso-peletizado\/maquinaria-de-segunda-mano\/astilladora-de-segunda-mano-tirex-pto\/#primaryimage"},"thumbnailUrl":"https:\/\/peletizadoras.net\/wp-content\/uploads\/2025\/02\/astilladora-madera-segunda-mano-tirex-pto-destacada.jpg","datePublished":"2025-02-23T13:04:48+00:00","dateModified":"2025-09-17T16:24:37+00:00","description":"Astilladora Tirex de segunda mano, procesa ramas hasta 17 cm con sistema No-Stress y cuchillas afilables. Ideal para biomasa. Precio: 8.500 \u20ac + IVA","breadcrumb":{"@id":"https:\/\/peletizadoras.net\/es-ar\/catalogo-maquinas-proceso-peletizado\/maquinaria-de-segunda-mano\/astilladora-de-segunda-mano-tirex-pto\/#breadcrumb"},"inLanguage":"es-AR","potentialAction":[{"@type":"ReadAction","target":["https:\/\/peletizadoras.net\/es-ar\/catalogo-maquinas-proceso-peletizado\/maquinaria-de-segunda-mano\/astilladora-de-segunda-mano-tirex-pto\/"]}]},{"@type":"ImageObject","inLanguage":"es-AR","@id":"https:\/\/peletizadoras.net\/es-ar\/catalogo-maquinas-proceso-peletizado\/maquinaria-de-segunda-mano\/astilladora-de-segunda-mano-tirex-pto\/#primaryimage","url":"https:\/\/peletizadoras.net\/wp-content\/uploads\/2025\/02\/astilladora-madera-segunda-mano-tirex-pto-destacada.jpg","contentUrl":"https:\/\/peletizadoras.net\/wp-content\/uploads\/2025\/02\/astilladora-madera-segunda-mano-tirex-pto-destacada.jpg","width":768,"height":1024},{"@type":"BreadcrumbList","@id":"https:\/\/peletizadoras.net\/es-ar\/catalogo-maquinas-proceso-peletizado\/maquinaria-de-segunda-mano\/astilladora-de-segunda-mano-tirex-pto\/#breadcrumb","itemListElement":[{"@type":"ListItem","position":1,"name":"Portada","item":"https:\/\/peletizadoras.net\/es-ar\/pagina-de-inicio\/"},{"@type":"ListItem","position":2,"name":"Tienda","item":"https:\/\/peletizadoras.net\/tienda\/"},{"@type":"ListItem","position":3,"name":"Astilladora de Segunda Mano Tirex PTO"}]},{"@type":"WebSite","@id":"https:\/\/peletizadoras.net\/es-ar\/#website","url":"https:\/\/peletizadoras.net\/es-ar\/","name":"Ecofricalia. Soluciones Integrales para la Producci\u00f3n de Pellet","description":"Plantas y L\u00edneas industriales de peletizaci\u00f3n y m\u00e1quinas de fabricaci\u00f3n de pellet","publisher":{"@id":"https:\/\/peletizadoras.net\/es-ar\/#organization"},"potentialAction":[{"@type":"SearchAction","target":{"@type":"EntryPoint","urlTemplate":"https:\/\/peletizadoras.net\/es-ar\/?s={search_term_string}"},"query-input":{"@type":"PropertyValueSpecification","valueRequired":true,"valueName":"search_term_string"}}],"inLanguage":"es-AR"},{"@type":"Organization","@id":"https:\/\/peletizadoras.net\/es-ar\/#organization","name":"Ecofricalia. Soluciones Integrales para la Producci\u00f3n de Pellet","url":"https:\/\/peletizadoras.net\/es-ar\/","logo":{"@type":"ImageObject","inLanguage":"es-AR","@id":"https:\/\/peletizadoras.net\/es-ar\/#\/schema\/logo\/image\/","url":"https:\/\/peletizadoras.net\/wp-content\/uploads\/2025\/05\/logo-ecofricalia-tapasweb.png","contentUrl":"https:\/\/peletizadoras.net\/wp-content\/uploads\/2025\/05\/logo-ecofricalia-tapasweb.png","width":881,"height":418,"caption":"Ecofricalia. Soluciones Integrales para la Producci\u00f3n de Pellet"},"image":{"@id":"https:\/\/peletizadoras.net\/es-ar\/#\/schema\/logo\/image\/"},"sameAs":["https:\/\/www.facebook.com\/EcofricaliaSostenible","https:\/\/x.com\/_ecofricalia","https:\/\/www.youtube.com\/channel\/UCCvdG5pWUGvH4G5wP8TXuPw","https:\/\/www.instagram.com\/ecofricalia_sostenible\/"]}]}},"_links":{"self":[{"href":"https:\/\/peletizadoras.net\/es-ar\/wp-json\/wp\/v2\/product\/102310","targetHints":{"allow":["GET"]}}],"collection":[{"href":"https:\/\/peletizadoras.net\/es-ar\/wp-json\/wp\/v2\/product"}],"about":[{"href":"https:\/\/peletizadoras.net\/es-ar\/wp-json\/wp\/v2\/types\/product"}],"wp:featuredmedia":[{"embeddable":true,"href":"https:\/\/peletizadoras.net\/es-ar\/wp-json\/wp\/v2\/media\/101783"}],"wp:attachment":[{"href":"https:\/\/peletizadoras.net\/es-ar\/wp-json\/wp\/v2\/media?parent=102310"}],"wp:term":[{"taxonomy":"product_brand","embeddable":true,"href":"https:\/\/peletizadoras.net\/es-ar\/wp-json\/wp\/v2\/product_brand?post=102310"},{"taxonomy":"product_cat","embeddable":true,"href":"https:\/\/peletizadoras.net\/es-ar\/wp-json\/wp\/v2\/product_cat?post=102310"},{"taxonomy":"product_tag","embeddable":true,"href":"https:\/\/peletizadoras.net\/es-ar\/wp-json\/wp\/v2\/product_tag?post=102310"}],"curies":[{"name":"wp","href":"https:\/\/api.w.org\/{rel}","templated":true}]}}