{"id":102630,"date":"2025-08-13T18:44:28","date_gmt":"2025-08-13T16:44:28","guid":{"rendered":"https:\/\/peletizadoras.net\/catalogo-maquinas-proceso-peletizado\/sin%20categor\u00eda\/termobalanza-analizador-humedad-biomasa-pellets\/"},"modified":"2025-09-04T17:53:44","modified_gmt":"2025-09-04T15:53:44","slug":"termobalanza-analizador-humedad-biomasa-pellets","status":"publish","type":"product","link":"https:\/\/peletizadoras.net\/es-ar\/catalogo-maquinas-proceso-peletizado\/equipos-laboratorio\/termobalanza-analizador-humedad-biomasa-pellets\/","title":{"rendered":"Termobalanza \u2013 Analizador de humedad para biomasa y pellets"},"content":{"rendered":"","protected":false},"excerpt":{"rendered":"<p>Termobalanza de laboratorio para biomasa y pellets con calentamiento <strong data-start=\"2798\" data-end=\"2819\">hal\u00f3geno de 400 W<\/strong>, control de temperatura <strong data-start=\"2844\" data-end=\"2857\">50\u2013160 \u00b0C<\/strong> (pasos de 1 \u00b0C) y resoluci\u00f3n de hasta <strong data-start=\"2896\" data-end=\"2927\">0,01 % de humedad \/ 0,001 g<\/strong>. Incluye <strong data-start=\"2937\" data-end=\"2973\">inicio autom\u00e1tico al cerrar tapa<\/strong>, <strong data-start=\"2975\" data-end=\"3006\">tres modos de calentamiento<\/strong> (est\u00e1ndar, r\u00e1pido y templado), gran <strong data-start=\"3043\" data-end=\"3050\">LCD<\/strong> y <strong data-start=\"3053\" data-end=\"3080\">conectividad USB\/RS-232<\/strong> para exportar datos e informes GLP. Ideal como <strong data-start=\"3128\" data-end=\"3152\">m\u00e9todo de referencia<\/strong> para ajustar procesos y validar lotes.<\/p>\n","protected":false},"featured_media":102557,"template":"","meta":{"_et_pb_use_builder":"","_et_pb_old_content":"","_et_gb_content_width":""},"product_brand":[],"product_cat":[123],"product_tag":[],"class_list":{"0":"post-102630","1":"product","2":"type-product","3":"status-publish","4":"has-post-thumbnail","6":"product_cat-equipos-laboratorio","8":"first","9":"instock","10":"shipping-taxable","11":"product-type-simple"},"yoast_head":"<!-- This site is optimized with the Yoast SEO plugin v27.5 - https:\/\/yoast.com\/product\/yoast-seo-wordpress\/ -->\n<title>Termobalanza \u2013 Analizador de humedad para biomasa y pellets<\/title>\n<meta name=\"description\" content=\"Controla el % de humedad con precisi\u00f3n de laboratorio. Capacidad 50 g y 200 g, resoluci\u00f3n hasta 0,01 % \/ 0,001 g, calentamiento hal\u00f3geno 400 W, 50\u2013160 \u00b0C y USB\/RS-232 para informes GLP.\" \/>\n<meta name=\"robots\" content=\"index, follow, max-snippet:-1, max-image-preview:large, max-video-preview:-1\" \/>\n<link rel=\"canonical\" href=\"https:\/\/peletizadoras.net\/es-ar\/catalogo-maquinas-proceso-peletizado\/equipos-laboratorio\/termobalanza-analizador-humedad-biomasa-pellets\/\" \/>\n<meta property=\"og:locale\" content=\"es_ES\" \/>\n<meta property=\"og:type\" content=\"article\" \/>\n<meta property=\"og:title\" content=\"Termobalanza \u2013 Analizador de humedad para biomasa y pellets\" \/>\n<meta property=\"og:description\" content=\"Controla el % de humedad con precisi\u00f3n de laboratorio. Capacidad 50 g y 200 g, resoluci\u00f3n hasta 0,01 % \/ 0,001 g, calentamiento hal\u00f3geno 400 W, 50\u2013160 \u00b0C y USB\/RS-232 para informes GLP.\" \/>\n<meta property=\"og:url\" content=\"https:\/\/peletizadoras.net\/es-ar\/catalogo-maquinas-proceso-peletizado\/equipos-laboratorio\/termobalanza-analizador-humedad-biomasa-pellets\/\" \/>\n<meta property=\"og:site_name\" content=\"Ecofricalia. Soluciones Integrales para la Producci\u00f3n de Pellet\" \/>\n<meta property=\"article:publisher\" content=\"https:\/\/www.facebook.com\/EcofricaliaSostenible\" \/>\n<meta property=\"article:modified_time\" content=\"2025-09-04T15:53:44+00:00\" \/>\n<meta property=\"og:image\" content=\"https:\/\/peletizadoras.net\/wp-content\/uploads\/2025\/08\/equipos-laboratorio-peletizacion-termobalanza-ecofricalia.webp\" \/>\n\t<meta property=\"og:image:width\" content=\"1024\" \/>\n\t<meta property=\"og:image:height\" content=\"852\" \/>\n\t<meta property=\"og:image:type\" content=\"image\/webp\" \/>\n<meta name=\"twitter:card\" content=\"summary_large_image\" \/>\n<meta name=\"twitter:site\" content=\"@_ecofricalia\" \/>\n<meta name=\"twitter:label1\" content=\"Tiempo de lectura\" \/>\n\t<meta name=\"twitter:data1\" content=\"1 minuto\" \/>\n<script type=\"application\/ld+json\" class=\"yoast-schema-graph\">{\"@context\":\"https:\\\/\\\/schema.org\",\"@graph\":[{\"@type\":\"WebPage\",\"@id\":\"https:\\\/\\\/peletizadoras.net\\\/es-ar\\\/catalogo-maquinas-proceso-peletizado\\\/equipos-laboratorio\\\/termobalanza-analizador-humedad-biomasa-pellets\\\/\",\"url\":\"https:\\\/\\\/peletizadoras.net\\\/es-ar\\\/catalogo-maquinas-proceso-peletizado\\\/equipos-laboratorio\\\/termobalanza-analizador-humedad-biomasa-pellets\\\/\",\"name\":\"Termobalanza \u2013 Analizador de humedad para biomasa y pellets\",\"isPartOf\":{\"@id\":\"https:\\\/\\\/peletizadoras.net\\\/es-ar\\\/#website\"},\"primaryImageOfPage\":{\"@id\":\"https:\\\/\\\/peletizadoras.net\\\/es-ar\\\/catalogo-maquinas-proceso-peletizado\\\/equipos-laboratorio\\\/termobalanza-analizador-humedad-biomasa-pellets\\\/#primaryimage\"},\"image\":{\"@id\":\"https:\\\/\\\/peletizadoras.net\\\/es-ar\\\/catalogo-maquinas-proceso-peletizado\\\/equipos-laboratorio\\\/termobalanza-analizador-humedad-biomasa-pellets\\\/#primaryimage\"},\"thumbnailUrl\":\"https:\\\/\\\/peletizadoras.net\\\/wp-content\\\/uploads\\\/2025\\\/08\\\/equipos-laboratorio-peletizacion-termobalanza-ecofricalia.webp\",\"datePublished\":\"2025-08-13T16:44:28+00:00\",\"dateModified\":\"2025-09-04T15:53:44+00:00\",\"description\":\"Controla el % de humedad con precisi\u00f3n de laboratorio. Capacidad 50 g y 200 g, resoluci\u00f3n hasta 0,01 % \\\/ 0,001 g, calentamiento hal\u00f3geno 400 W, 50\u2013160 \u00b0C y USB\\\/RS-232 para informes GLP.\",\"breadcrumb\":{\"@id\":\"https:\\\/\\\/peletizadoras.net\\\/es-ar\\\/catalogo-maquinas-proceso-peletizado\\\/equipos-laboratorio\\\/termobalanza-analizador-humedad-biomasa-pellets\\\/#breadcrumb\"},\"inLanguage\":\"es-AR\",\"potentialAction\":[{\"@type\":\"ReadAction\",\"target\":[\"https:\\\/\\\/peletizadoras.net\\\/es-ar\\\/catalogo-maquinas-proceso-peletizado\\\/equipos-laboratorio\\\/termobalanza-analizador-humedad-biomasa-pellets\\\/\"]}]},{\"@type\":\"ImageObject\",\"inLanguage\":\"es-AR\",\"@id\":\"https:\\\/\\\/peletizadoras.net\\\/es-ar\\\/catalogo-maquinas-proceso-peletizado\\\/equipos-laboratorio\\\/termobalanza-analizador-humedad-biomasa-pellets\\\/#primaryimage\",\"url\":\"https:\\\/\\\/peletizadoras.net\\\/wp-content\\\/uploads\\\/2025\\\/08\\\/equipos-laboratorio-peletizacion-termobalanza-ecofricalia.webp\",\"contentUrl\":\"https:\\\/\\\/peletizadoras.net\\\/wp-content\\\/uploads\\\/2025\\\/08\\\/equipos-laboratorio-peletizacion-termobalanza-ecofricalia.webp\",\"width\":1024,\"height\":852},{\"@type\":\"BreadcrumbList\",\"@id\":\"https:\\\/\\\/peletizadoras.net\\\/es-ar\\\/catalogo-maquinas-proceso-peletizado\\\/equipos-laboratorio\\\/termobalanza-analizador-humedad-biomasa-pellets\\\/#breadcrumb\",\"itemListElement\":[{\"@type\":\"ListItem\",\"position\":1,\"name\":\"Portada\",\"item\":\"https:\\\/\\\/peletizadoras.net\\\/es-ar\\\/pagina-de-inicio\\\/\"},{\"@type\":\"ListItem\",\"position\":2,\"name\":\"Tienda\",\"item\":\"https:\\\/\\\/peletizadoras.net\\\/tienda\\\/\"},{\"@type\":\"ListItem\",\"position\":3,\"name\":\"Termobalanza \u2013 Analizador de humedad para biomasa y pellets\"}]},{\"@type\":\"WebSite\",\"@id\":\"https:\\\/\\\/peletizadoras.net\\\/es-ar\\\/#website\",\"url\":\"https:\\\/\\\/peletizadoras.net\\\/es-ar\\\/\",\"name\":\"Ecofricalia. Soluciones Integrales para la Producci\u00f3n de Pellet\",\"description\":\"Plantas y L\u00edneas industriales de peletizaci\u00f3n y m\u00e1quinas de fabricaci\u00f3n de pellet\",\"publisher\":{\"@id\":\"https:\\\/\\\/peletizadoras.net\\\/es-ar\\\/#organization\"},\"potentialAction\":[{\"@type\":\"SearchAction\",\"target\":{\"@type\":\"EntryPoint\",\"urlTemplate\":\"https:\\\/\\\/peletizadoras.net\\\/es-ar\\\/?s={search_term_string}\"},\"query-input\":{\"@type\":\"PropertyValueSpecification\",\"valueRequired\":true,\"valueName\":\"search_term_string\"}}],\"inLanguage\":\"es-AR\"},{\"@type\":\"Organization\",\"@id\":\"https:\\\/\\\/peletizadoras.net\\\/es-ar\\\/#organization\",\"name\":\"Ecofricalia. Soluciones Integrales para la Producci\u00f3n de Pellet\",\"url\":\"https:\\\/\\\/peletizadoras.net\\\/es-ar\\\/\",\"logo\":{\"@type\":\"ImageObject\",\"inLanguage\":\"es-AR\",\"@id\":\"https:\\\/\\\/peletizadoras.net\\\/es-ar\\\/#\\\/schema\\\/logo\\\/image\\\/\",\"url\":\"https:\\\/\\\/peletizadoras.net\\\/wp-content\\\/uploads\\\/2025\\\/05\\\/logo-ecofricalia-tapasweb.png\",\"contentUrl\":\"https:\\\/\\\/peletizadoras.net\\\/wp-content\\\/uploads\\\/2025\\\/05\\\/logo-ecofricalia-tapasweb.png\",\"width\":881,\"height\":418,\"caption\":\"Ecofricalia. Soluciones Integrales para la Producci\u00f3n de Pellet\"},\"image\":{\"@id\":\"https:\\\/\\\/peletizadoras.net\\\/es-ar\\\/#\\\/schema\\\/logo\\\/image\\\/\"},\"sameAs\":[\"https:\\\/\\\/www.facebook.com\\\/EcofricaliaSostenible\",\"https:\\\/\\\/x.com\\\/_ecofricalia\",\"https:\\\/\\\/www.youtube.com\\\/channel\\\/UCCvdG5pWUGvH4G5wP8TXuPw\",\"https:\\\/\\\/www.instagram.com\\\/ecofricalia_sostenible\\\/\"]}]}<\/script>\n<!-- \/ Yoast SEO plugin. -->","yoast_head_json":{"title":"Termobalanza \u2013 Analizador de humedad para biomasa y pellets","description":"Controla el % de humedad con precisi\u00f3n de laboratorio. Capacidad 50 g y 200 g, resoluci\u00f3n hasta 0,01 % \/ 0,001 g, calentamiento hal\u00f3geno 400 W, 50\u2013160 \u00b0C y USB\/RS-232 para informes GLP.","robots":{"index":"index","follow":"follow","max-snippet":"max-snippet:-1","max-image-preview":"max-image-preview:large","max-video-preview":"max-video-preview:-1"},"canonical":"https:\/\/peletizadoras.net\/es-ar\/catalogo-maquinas-proceso-peletizado\/equipos-laboratorio\/termobalanza-analizador-humedad-biomasa-pellets\/","og_locale":"es_ES","og_type":"article","og_title":"Termobalanza \u2013 Analizador de humedad para biomasa y pellets","og_description":"Controla el % de humedad con precisi\u00f3n de laboratorio. Capacidad 50 g y 200 g, resoluci\u00f3n hasta 0,01 % \/ 0,001 g, calentamiento hal\u00f3geno 400 W, 50\u2013160 \u00b0C y USB\/RS-232 para informes GLP.","og_url":"https:\/\/peletizadoras.net\/es-ar\/catalogo-maquinas-proceso-peletizado\/equipos-laboratorio\/termobalanza-analizador-humedad-biomasa-pellets\/","og_site_name":"Ecofricalia. Soluciones Integrales para la Producci\u00f3n de Pellet","article_publisher":"https:\/\/www.facebook.com\/EcofricaliaSostenible","article_modified_time":"2025-09-04T15:53:44+00:00","og_image":[{"width":1024,"height":852,"url":"https:\/\/peletizadoras.net\/wp-content\/uploads\/2025\/08\/equipos-laboratorio-peletizacion-termobalanza-ecofricalia.webp","type":"image\/webp"}],"twitter_card":"summary_large_image","twitter_site":"@_ecofricalia","twitter_misc":{"Tiempo de lectura":"1 minuto"},"schema":{"@context":"https:\/\/schema.org","@graph":[{"@type":"WebPage","@id":"https:\/\/peletizadoras.net\/es-ar\/catalogo-maquinas-proceso-peletizado\/equipos-laboratorio\/termobalanza-analizador-humedad-biomasa-pellets\/","url":"https:\/\/peletizadoras.net\/es-ar\/catalogo-maquinas-proceso-peletizado\/equipos-laboratorio\/termobalanza-analizador-humedad-biomasa-pellets\/","name":"Termobalanza \u2013 Analizador de humedad para biomasa y pellets","isPartOf":{"@id":"https:\/\/peletizadoras.net\/es-ar\/#website"},"primaryImageOfPage":{"@id":"https:\/\/peletizadoras.net\/es-ar\/catalogo-maquinas-proceso-peletizado\/equipos-laboratorio\/termobalanza-analizador-humedad-biomasa-pellets\/#primaryimage"},"image":{"@id":"https:\/\/peletizadoras.net\/es-ar\/catalogo-maquinas-proceso-peletizado\/equipos-laboratorio\/termobalanza-analizador-humedad-biomasa-pellets\/#primaryimage"},"thumbnailUrl":"https:\/\/peletizadoras.net\/wp-content\/uploads\/2025\/08\/equipos-laboratorio-peletizacion-termobalanza-ecofricalia.webp","datePublished":"2025-08-13T16:44:28+00:00","dateModified":"2025-09-04T15:53:44+00:00","description":"Controla el % de humedad con precisi\u00f3n de laboratorio. Capacidad 50 g y 200 g, resoluci\u00f3n hasta 0,01 % \/ 0,001 g, calentamiento hal\u00f3geno 400 W, 50\u2013160 \u00b0C y USB\/RS-232 para informes GLP.","breadcrumb":{"@id":"https:\/\/peletizadoras.net\/es-ar\/catalogo-maquinas-proceso-peletizado\/equipos-laboratorio\/termobalanza-analizador-humedad-biomasa-pellets\/#breadcrumb"},"inLanguage":"es-AR","potentialAction":[{"@type":"ReadAction","target":["https:\/\/peletizadoras.net\/es-ar\/catalogo-maquinas-proceso-peletizado\/equipos-laboratorio\/termobalanza-analizador-humedad-biomasa-pellets\/"]}]},{"@type":"ImageObject","inLanguage":"es-AR","@id":"https:\/\/peletizadoras.net\/es-ar\/catalogo-maquinas-proceso-peletizado\/equipos-laboratorio\/termobalanza-analizador-humedad-biomasa-pellets\/#primaryimage","url":"https:\/\/peletizadoras.net\/wp-content\/uploads\/2025\/08\/equipos-laboratorio-peletizacion-termobalanza-ecofricalia.webp","contentUrl":"https:\/\/peletizadoras.net\/wp-content\/uploads\/2025\/08\/equipos-laboratorio-peletizacion-termobalanza-ecofricalia.webp","width":1024,"height":852},{"@type":"BreadcrumbList","@id":"https:\/\/peletizadoras.net\/es-ar\/catalogo-maquinas-proceso-peletizado\/equipos-laboratorio\/termobalanza-analizador-humedad-biomasa-pellets\/#breadcrumb","itemListElement":[{"@type":"ListItem","position":1,"name":"Portada","item":"https:\/\/peletizadoras.net\/es-ar\/pagina-de-inicio\/"},{"@type":"ListItem","position":2,"name":"Tienda","item":"https:\/\/peletizadoras.net\/tienda\/"},{"@type":"ListItem","position":3,"name":"Termobalanza \u2013 Analizador de humedad para biomasa y pellets"}]},{"@type":"WebSite","@id":"https:\/\/peletizadoras.net\/es-ar\/#website","url":"https:\/\/peletizadoras.net\/es-ar\/","name":"Ecofricalia. Soluciones Integrales para la Producci\u00f3n de Pellet","description":"Plantas y L\u00edneas industriales de peletizaci\u00f3n y m\u00e1quinas de fabricaci\u00f3n de pellet","publisher":{"@id":"https:\/\/peletizadoras.net\/es-ar\/#organization"},"potentialAction":[{"@type":"SearchAction","target":{"@type":"EntryPoint","urlTemplate":"https:\/\/peletizadoras.net\/es-ar\/?s={search_term_string}"},"query-input":{"@type":"PropertyValueSpecification","valueRequired":true,"valueName":"search_term_string"}}],"inLanguage":"es-AR"},{"@type":"Organization","@id":"https:\/\/peletizadoras.net\/es-ar\/#organization","name":"Ecofricalia. Soluciones Integrales para la Producci\u00f3n de Pellet","url":"https:\/\/peletizadoras.net\/es-ar\/","logo":{"@type":"ImageObject","inLanguage":"es-AR","@id":"https:\/\/peletizadoras.net\/es-ar\/#\/schema\/logo\/image\/","url":"https:\/\/peletizadoras.net\/wp-content\/uploads\/2025\/05\/logo-ecofricalia-tapasweb.png","contentUrl":"https:\/\/peletizadoras.net\/wp-content\/uploads\/2025\/05\/logo-ecofricalia-tapasweb.png","width":881,"height":418,"caption":"Ecofricalia. Soluciones Integrales para la Producci\u00f3n de Pellet"},"image":{"@id":"https:\/\/peletizadoras.net\/es-ar\/#\/schema\/logo\/image\/"},"sameAs":["https:\/\/www.facebook.com\/EcofricaliaSostenible","https:\/\/x.com\/_ecofricalia","https:\/\/www.youtube.com\/channel\/UCCvdG5pWUGvH4G5wP8TXuPw","https:\/\/www.instagram.com\/ecofricalia_sostenible\/"]}]}},"_links":{"self":[{"href":"https:\/\/peletizadoras.net\/es-ar\/wp-json\/wp\/v2\/product\/102630","targetHints":{"allow":["GET"]}}],"collection":[{"href":"https:\/\/peletizadoras.net\/es-ar\/wp-json\/wp\/v2\/product"}],"about":[{"href":"https:\/\/peletizadoras.net\/es-ar\/wp-json\/wp\/v2\/types\/product"}],"wp:featuredmedia":[{"embeddable":true,"href":"https:\/\/peletizadoras.net\/es-ar\/wp-json\/wp\/v2\/media\/102557"}],"wp:attachment":[{"href":"https:\/\/peletizadoras.net\/es-ar\/wp-json\/wp\/v2\/media?parent=102630"}],"wp:term":[{"taxonomy":"product_brand","embeddable":true,"href":"https:\/\/peletizadoras.net\/es-ar\/wp-json\/wp\/v2\/product_brand?post=102630"},{"taxonomy":"product_cat","embeddable":true,"href":"https:\/\/peletizadoras.net\/es-ar\/wp-json\/wp\/v2\/product_cat?post=102630"},{"taxonomy":"product_tag","embeddable":true,"href":"https:\/\/peletizadoras.net\/es-ar\/wp-json\/wp\/v2\/product_tag?post=102630"}],"curies":[{"name":"wp","href":"https:\/\/api.w.org\/{rel}","templated":true}]}}