{"id":102633,"date":"2025-08-13T19:33:59","date_gmt":"2025-08-13T17:33:59","guid":{"rendered":"https:\/\/peletizadoras.net\/catalogo-maquinas-proceso-peletizado\/sin%20categor\u00eda\/durabilimetro-ensayo-durabilidad-pdi-pellets\/"},"modified":"2025-09-04T17:54:20","modified_gmt":"2025-09-04T15:54:20","slug":"durabilimetro-ensayo-durabilidad-pdi-pellets","status":"publish","type":"product","link":"https:\/\/peletizadoras.net\/es-ar\/catalogo-maquinas-proceso-peletizado\/equipos-laboratorio\/durabilimetro-ensayo-durabilidad-pdi-pellets\/","title":{"rendered":"Durabil\u00edmetro para pellets \u2013 Ensayo de durabilidad (PDI)"},"content":{"rendered":"","protected":false},"excerpt":{"rendered":"<p>Durabil\u00edmetro de <strong data-start=\"1919\" data-end=\"1932\">sobremesa<\/strong> para determinar la <strong data-start=\"1952\" data-end=\"1984\">durabilidad de pellets (PDI)<\/strong> mediante ensayo de abrasi\u00f3n. Equipo de <strong data-start=\"2024\" data-end=\"2051\">f\u00e1cil manejo y limpieza<\/strong>, con <strong data-start=\"2057\" data-end=\"2082\">temporizador\/contador<\/strong>, arranque\/parada y <strong data-start=\"2102\" data-end=\"2126\">parada de emergencia<\/strong>. Requiere <strong data-start=\"2137\" data-end=\"2148\">balanza<\/strong> y <strong data-start=\"2151\" data-end=\"2168\">tamiz 3,15 mm<\/strong> para el control de finos. Ideal para control de calidad y comparativa de lotes en plantas de peletizaci\u00f3n.<\/p>\n<p>Este sistema de an\u00e1lisis de materiales se determina por comparaci\u00f3n.<br data-start=\"141\" data-end=\"144\" \/>La resistencia o consistencia a la abrasi\u00f3n de los pellets es un \u00edndice muy importante a la hora de determinar la calidad f\u00edsica de los peletizados.<br data-start=\"292\" data-end=\"295\" \/>Este analizador de pellets, es el medio para determinar la durabilidad del pellet, haciendo un an\u00e1lisis uniforme y sistem\u00e1tico de la resistencia o consistencia a la abrasi\u00f3n.<br data-start=\"469\" data-end=\"472\" \/>Con este analizador se puede establecer en forma objetiva, precisa y sencilla los factores que influyen en la consistencia de los pellets.<br data-start=\"610\" data-end=\"613\" data-is-only-node=\"\" \/>Para la ejecuci\u00f3n de este ensayo de abrasi\u00f3n (PDI) es necesario tambi\u00e9n, contar con una balanza con graduaci\u00f3n en gramos y mallas o cribas manuales acorde al calibre del pellet.<br data-start=\"790\" data-end=\"793\" \/>Es recomendable a nuestro criterio incorporar una balanza analizadora de humedad que nos permita hacer una relaci\u00f3n entre la humedad de la mezcla a peletizar y el \u00edndice del ensayo (PDI).<\/p>\n","protected":false},"featured_media":102568,"template":"","meta":{"_et_pb_use_builder":"","_et_pb_old_content":"","_et_gb_content_width":""},"product_brand":[],"product_cat":[123],"product_tag":[],"class_list":{"0":"post-102633","1":"product","2":"type-product","3":"status-publish","4":"has-post-thumbnail","6":"product_cat-equipos-laboratorio","8":"first","9":"instock","10":"shipping-taxable","11":"product-type-simple"},"yoast_head":"<!-- This site is optimized with the Yoast SEO plugin v27.5 - https:\/\/yoast.com\/product\/yoast-seo-wordpress\/ -->\n<title>Durabil\u00edmetro para pellets \u2013 Ensayo PDI (10 min \/ 500 vueltas)<\/title>\n<meta name=\"description\" content=\"Durabil\u00edmetro de sobremesa para medir la durabilidad de pellets (PDI). 0,25 CV, 50 r.p.m., prueba est\u00e1ndar 10 min\/500 vueltas. Acero inoxidable, 250 V monof\u00e1sica. Incluye malet\u00edn.\" \/>\n<meta name=\"robots\" content=\"index, follow, max-snippet:-1, max-image-preview:large, max-video-preview:-1\" \/>\n<link rel=\"canonical\" href=\"https:\/\/peletizadoras.net\/es-ar\/catalogo-maquinas-proceso-peletizado\/equipos-laboratorio\/durabilimetro-ensayo-durabilidad-pdi-pellets\/\" \/>\n<meta property=\"og:locale\" content=\"es_ES\" \/>\n<meta property=\"og:type\" content=\"article\" \/>\n<meta property=\"og:title\" content=\"Durabil\u00edmetro para pellets \u2013 Ensayo PDI (10 min \/ 500 vueltas)\" \/>\n<meta property=\"og:description\" content=\"Durabil\u00edmetro de sobremesa para medir la durabilidad de pellets (PDI). 0,25 CV, 50 r.p.m., prueba est\u00e1ndar 10 min\/500 vueltas. Acero inoxidable, 250 V monof\u00e1sica. Incluye malet\u00edn.\" \/>\n<meta property=\"og:url\" content=\"https:\/\/peletizadoras.net\/es-ar\/catalogo-maquinas-proceso-peletizado\/equipos-laboratorio\/durabilimetro-ensayo-durabilidad-pdi-pellets\/\" \/>\n<meta property=\"og:site_name\" content=\"Ecofricalia. Soluciones Integrales para la Producci\u00f3n de Pellet\" \/>\n<meta property=\"article:publisher\" content=\"https:\/\/www.facebook.com\/EcofricaliaSostenible\" \/>\n<meta property=\"article:modified_time\" content=\"2025-09-04T15:54:20+00:00\" \/>\n<meta property=\"og:image\" content=\"https:\/\/peletizadoras.net\/wp-content\/uploads\/2025\/08\/durabilimetro-pellets-pelet-ensayo-durabilidad-ecofricalia.webp\" \/>\n\t<meta property=\"og:image:width\" content=\"1024\" \/>\n\t<meta property=\"og:image:height\" content=\"1163\" \/>\n\t<meta property=\"og:image:type\" content=\"image\/webp\" \/>\n<meta name=\"twitter:card\" content=\"summary_large_image\" \/>\n<meta name=\"twitter:site\" content=\"@_ecofricalia\" \/>\n<meta name=\"twitter:label1\" content=\"Tiempo de lectura\" \/>\n\t<meta name=\"twitter:data1\" content=\"1 minuto\" \/>\n<script type=\"application\/ld+json\" class=\"yoast-schema-graph\">{\"@context\":\"https:\\\/\\\/schema.org\",\"@graph\":[{\"@type\":\"WebPage\",\"@id\":\"https:\\\/\\\/peletizadoras.net\\\/es-ar\\\/catalogo-maquinas-proceso-peletizado\\\/equipos-laboratorio\\\/durabilimetro-ensayo-durabilidad-pdi-pellets\\\/\",\"url\":\"https:\\\/\\\/peletizadoras.net\\\/es-ar\\\/catalogo-maquinas-proceso-peletizado\\\/equipos-laboratorio\\\/durabilimetro-ensayo-durabilidad-pdi-pellets\\\/\",\"name\":\"Durabil\u00edmetro para pellets \u2013 Ensayo PDI (10 min \\\/ 500 vueltas)\",\"isPartOf\":{\"@id\":\"https:\\\/\\\/peletizadoras.net\\\/es-ar\\\/#website\"},\"primaryImageOfPage\":{\"@id\":\"https:\\\/\\\/peletizadoras.net\\\/es-ar\\\/catalogo-maquinas-proceso-peletizado\\\/equipos-laboratorio\\\/durabilimetro-ensayo-durabilidad-pdi-pellets\\\/#primaryimage\"},\"image\":{\"@id\":\"https:\\\/\\\/peletizadoras.net\\\/es-ar\\\/catalogo-maquinas-proceso-peletizado\\\/equipos-laboratorio\\\/durabilimetro-ensayo-durabilidad-pdi-pellets\\\/#primaryimage\"},\"thumbnailUrl\":\"https:\\\/\\\/peletizadoras.net\\\/wp-content\\\/uploads\\\/2025\\\/08\\\/durabilimetro-pellets-pelet-ensayo-durabilidad-ecofricalia.webp\",\"datePublished\":\"2025-08-13T17:33:59+00:00\",\"dateModified\":\"2025-09-04T15:54:20+00:00\",\"description\":\"Durabil\u00edmetro de sobremesa para medir la durabilidad de pellets (PDI). 0,25 CV, 50 r.p.m., prueba est\u00e1ndar 10 min\\\/500 vueltas. Acero inoxidable, 250 V monof\u00e1sica. Incluye malet\u00edn.\",\"breadcrumb\":{\"@id\":\"https:\\\/\\\/peletizadoras.net\\\/es-ar\\\/catalogo-maquinas-proceso-peletizado\\\/equipos-laboratorio\\\/durabilimetro-ensayo-durabilidad-pdi-pellets\\\/#breadcrumb\"},\"inLanguage\":\"es-AR\",\"potentialAction\":[{\"@type\":\"ReadAction\",\"target\":[\"https:\\\/\\\/peletizadoras.net\\\/es-ar\\\/catalogo-maquinas-proceso-peletizado\\\/equipos-laboratorio\\\/durabilimetro-ensayo-durabilidad-pdi-pellets\\\/\"]}]},{\"@type\":\"ImageObject\",\"inLanguage\":\"es-AR\",\"@id\":\"https:\\\/\\\/peletizadoras.net\\\/es-ar\\\/catalogo-maquinas-proceso-peletizado\\\/equipos-laboratorio\\\/durabilimetro-ensayo-durabilidad-pdi-pellets\\\/#primaryimage\",\"url\":\"https:\\\/\\\/peletizadoras.net\\\/wp-content\\\/uploads\\\/2025\\\/08\\\/durabilimetro-pellets-pelet-ensayo-durabilidad-ecofricalia.webp\",\"contentUrl\":\"https:\\\/\\\/peletizadoras.net\\\/wp-content\\\/uploads\\\/2025\\\/08\\\/durabilimetro-pellets-pelet-ensayo-durabilidad-ecofricalia.webp\",\"width\":1024,\"height\":1163,\"caption\":\"Panel frontal con temporizador digital, arranque\\\/parada y pulsador de emergencia\"},{\"@type\":\"BreadcrumbList\",\"@id\":\"https:\\\/\\\/peletizadoras.net\\\/es-ar\\\/catalogo-maquinas-proceso-peletizado\\\/equipos-laboratorio\\\/durabilimetro-ensayo-durabilidad-pdi-pellets\\\/#breadcrumb\",\"itemListElement\":[{\"@type\":\"ListItem\",\"position\":1,\"name\":\"Portada\",\"item\":\"https:\\\/\\\/peletizadoras.net\\\/es-ar\\\/pagina-de-inicio\\\/\"},{\"@type\":\"ListItem\",\"position\":2,\"name\":\"Tienda\",\"item\":\"https:\\\/\\\/peletizadoras.net\\\/tienda\\\/\"},{\"@type\":\"ListItem\",\"position\":3,\"name\":\"Durabil\u00edmetro para pellets \u2013 Ensayo de durabilidad (PDI)\"}]},{\"@type\":\"WebSite\",\"@id\":\"https:\\\/\\\/peletizadoras.net\\\/es-ar\\\/#website\",\"url\":\"https:\\\/\\\/peletizadoras.net\\\/es-ar\\\/\",\"name\":\"Ecofricalia. Soluciones Integrales para la Producci\u00f3n de Pellet\",\"description\":\"Plantas y L\u00edneas industriales de peletizaci\u00f3n y m\u00e1quinas de fabricaci\u00f3n de pellet\",\"publisher\":{\"@id\":\"https:\\\/\\\/peletizadoras.net\\\/es-ar\\\/#organization\"},\"potentialAction\":[{\"@type\":\"SearchAction\",\"target\":{\"@type\":\"EntryPoint\",\"urlTemplate\":\"https:\\\/\\\/peletizadoras.net\\\/es-ar\\\/?s={search_term_string}\"},\"query-input\":{\"@type\":\"PropertyValueSpecification\",\"valueRequired\":true,\"valueName\":\"search_term_string\"}}],\"inLanguage\":\"es-AR\"},{\"@type\":\"Organization\",\"@id\":\"https:\\\/\\\/peletizadoras.net\\\/es-ar\\\/#organization\",\"name\":\"Ecofricalia. Soluciones Integrales para la Producci\u00f3n de Pellet\",\"url\":\"https:\\\/\\\/peletizadoras.net\\\/es-ar\\\/\",\"logo\":{\"@type\":\"ImageObject\",\"inLanguage\":\"es-AR\",\"@id\":\"https:\\\/\\\/peletizadoras.net\\\/es-ar\\\/#\\\/schema\\\/logo\\\/image\\\/\",\"url\":\"https:\\\/\\\/peletizadoras.net\\\/wp-content\\\/uploads\\\/2025\\\/05\\\/logo-ecofricalia-tapasweb.png\",\"contentUrl\":\"https:\\\/\\\/peletizadoras.net\\\/wp-content\\\/uploads\\\/2025\\\/05\\\/logo-ecofricalia-tapasweb.png\",\"width\":881,\"height\":418,\"caption\":\"Ecofricalia. Soluciones Integrales para la Producci\u00f3n de Pellet\"},\"image\":{\"@id\":\"https:\\\/\\\/peletizadoras.net\\\/es-ar\\\/#\\\/schema\\\/logo\\\/image\\\/\"},\"sameAs\":[\"https:\\\/\\\/www.facebook.com\\\/EcofricaliaSostenible\",\"https:\\\/\\\/x.com\\\/_ecofricalia\",\"https:\\\/\\\/www.youtube.com\\\/channel\\\/UCCvdG5pWUGvH4G5wP8TXuPw\",\"https:\\\/\\\/www.instagram.com\\\/ecofricalia_sostenible\\\/\"]}]}<\/script>\n<!-- \/ Yoast SEO plugin. -->","yoast_head_json":{"title":"Durabil\u00edmetro para pellets \u2013 Ensayo PDI (10 min \/ 500 vueltas)","description":"Durabil\u00edmetro de sobremesa para medir la durabilidad de pellets (PDI). 0,25 CV, 50 r.p.m., prueba est\u00e1ndar 10 min\/500 vueltas. Acero inoxidable, 250 V monof\u00e1sica. Incluye malet\u00edn.","robots":{"index":"index","follow":"follow","max-snippet":"max-snippet:-1","max-image-preview":"max-image-preview:large","max-video-preview":"max-video-preview:-1"},"canonical":"https:\/\/peletizadoras.net\/es-ar\/catalogo-maquinas-proceso-peletizado\/equipos-laboratorio\/durabilimetro-ensayo-durabilidad-pdi-pellets\/","og_locale":"es_ES","og_type":"article","og_title":"Durabil\u00edmetro para pellets \u2013 Ensayo PDI (10 min \/ 500 vueltas)","og_description":"Durabil\u00edmetro de sobremesa para medir la durabilidad de pellets (PDI). 0,25 CV, 50 r.p.m., prueba est\u00e1ndar 10 min\/500 vueltas. Acero inoxidable, 250 V monof\u00e1sica. Incluye malet\u00edn.","og_url":"https:\/\/peletizadoras.net\/es-ar\/catalogo-maquinas-proceso-peletizado\/equipos-laboratorio\/durabilimetro-ensayo-durabilidad-pdi-pellets\/","og_site_name":"Ecofricalia. Soluciones Integrales para la Producci\u00f3n de Pellet","article_publisher":"https:\/\/www.facebook.com\/EcofricaliaSostenible","article_modified_time":"2025-09-04T15:54:20+00:00","og_image":[{"width":1024,"height":1163,"url":"https:\/\/peletizadoras.net\/wp-content\/uploads\/2025\/08\/durabilimetro-pellets-pelet-ensayo-durabilidad-ecofricalia.webp","type":"image\/webp"}],"twitter_card":"summary_large_image","twitter_site":"@_ecofricalia","twitter_misc":{"Tiempo de lectura":"1 minuto"},"schema":{"@context":"https:\/\/schema.org","@graph":[{"@type":"WebPage","@id":"https:\/\/peletizadoras.net\/es-ar\/catalogo-maquinas-proceso-peletizado\/equipos-laboratorio\/durabilimetro-ensayo-durabilidad-pdi-pellets\/","url":"https:\/\/peletizadoras.net\/es-ar\/catalogo-maquinas-proceso-peletizado\/equipos-laboratorio\/durabilimetro-ensayo-durabilidad-pdi-pellets\/","name":"Durabil\u00edmetro para pellets \u2013 Ensayo PDI (10 min \/ 500 vueltas)","isPartOf":{"@id":"https:\/\/peletizadoras.net\/es-ar\/#website"},"primaryImageOfPage":{"@id":"https:\/\/peletizadoras.net\/es-ar\/catalogo-maquinas-proceso-peletizado\/equipos-laboratorio\/durabilimetro-ensayo-durabilidad-pdi-pellets\/#primaryimage"},"image":{"@id":"https:\/\/peletizadoras.net\/es-ar\/catalogo-maquinas-proceso-peletizado\/equipos-laboratorio\/durabilimetro-ensayo-durabilidad-pdi-pellets\/#primaryimage"},"thumbnailUrl":"https:\/\/peletizadoras.net\/wp-content\/uploads\/2025\/08\/durabilimetro-pellets-pelet-ensayo-durabilidad-ecofricalia.webp","datePublished":"2025-08-13T17:33:59+00:00","dateModified":"2025-09-04T15:54:20+00:00","description":"Durabil\u00edmetro de sobremesa para medir la durabilidad de pellets (PDI). 0,25 CV, 50 r.p.m., prueba est\u00e1ndar 10 min\/500 vueltas. Acero inoxidable, 250 V monof\u00e1sica. Incluye malet\u00edn.","breadcrumb":{"@id":"https:\/\/peletizadoras.net\/es-ar\/catalogo-maquinas-proceso-peletizado\/equipos-laboratorio\/durabilimetro-ensayo-durabilidad-pdi-pellets\/#breadcrumb"},"inLanguage":"es-AR","potentialAction":[{"@type":"ReadAction","target":["https:\/\/peletizadoras.net\/es-ar\/catalogo-maquinas-proceso-peletizado\/equipos-laboratorio\/durabilimetro-ensayo-durabilidad-pdi-pellets\/"]}]},{"@type":"ImageObject","inLanguage":"es-AR","@id":"https:\/\/peletizadoras.net\/es-ar\/catalogo-maquinas-proceso-peletizado\/equipos-laboratorio\/durabilimetro-ensayo-durabilidad-pdi-pellets\/#primaryimage","url":"https:\/\/peletizadoras.net\/wp-content\/uploads\/2025\/08\/durabilimetro-pellets-pelet-ensayo-durabilidad-ecofricalia.webp","contentUrl":"https:\/\/peletizadoras.net\/wp-content\/uploads\/2025\/08\/durabilimetro-pellets-pelet-ensayo-durabilidad-ecofricalia.webp","width":1024,"height":1163,"caption":"Panel frontal con temporizador digital, arranque\/parada y pulsador de emergencia"},{"@type":"BreadcrumbList","@id":"https:\/\/peletizadoras.net\/es-ar\/catalogo-maquinas-proceso-peletizado\/equipos-laboratorio\/durabilimetro-ensayo-durabilidad-pdi-pellets\/#breadcrumb","itemListElement":[{"@type":"ListItem","position":1,"name":"Portada","item":"https:\/\/peletizadoras.net\/es-ar\/pagina-de-inicio\/"},{"@type":"ListItem","position":2,"name":"Tienda","item":"https:\/\/peletizadoras.net\/tienda\/"},{"@type":"ListItem","position":3,"name":"Durabil\u00edmetro para pellets \u2013 Ensayo de durabilidad (PDI)"}]},{"@type":"WebSite","@id":"https:\/\/peletizadoras.net\/es-ar\/#website","url":"https:\/\/peletizadoras.net\/es-ar\/","name":"Ecofricalia. Soluciones Integrales para la Producci\u00f3n de Pellet","description":"Plantas y L\u00edneas industriales de peletizaci\u00f3n y m\u00e1quinas de fabricaci\u00f3n de pellet","publisher":{"@id":"https:\/\/peletizadoras.net\/es-ar\/#organization"},"potentialAction":[{"@type":"SearchAction","target":{"@type":"EntryPoint","urlTemplate":"https:\/\/peletizadoras.net\/es-ar\/?s={search_term_string}"},"query-input":{"@type":"PropertyValueSpecification","valueRequired":true,"valueName":"search_term_string"}}],"inLanguage":"es-AR"},{"@type":"Organization","@id":"https:\/\/peletizadoras.net\/es-ar\/#organization","name":"Ecofricalia. Soluciones Integrales para la Producci\u00f3n de Pellet","url":"https:\/\/peletizadoras.net\/es-ar\/","logo":{"@type":"ImageObject","inLanguage":"es-AR","@id":"https:\/\/peletizadoras.net\/es-ar\/#\/schema\/logo\/image\/","url":"https:\/\/peletizadoras.net\/wp-content\/uploads\/2025\/05\/logo-ecofricalia-tapasweb.png","contentUrl":"https:\/\/peletizadoras.net\/wp-content\/uploads\/2025\/05\/logo-ecofricalia-tapasweb.png","width":881,"height":418,"caption":"Ecofricalia. Soluciones Integrales para la Producci\u00f3n de Pellet"},"image":{"@id":"https:\/\/peletizadoras.net\/es-ar\/#\/schema\/logo\/image\/"},"sameAs":["https:\/\/www.facebook.com\/EcofricaliaSostenible","https:\/\/x.com\/_ecofricalia","https:\/\/www.youtube.com\/channel\/UCCvdG5pWUGvH4G5wP8TXuPw","https:\/\/www.instagram.com\/ecofricalia_sostenible\/"]}]}},"_links":{"self":[{"href":"https:\/\/peletizadoras.net\/es-ar\/wp-json\/wp\/v2\/product\/102633","targetHints":{"allow":["GET"]}}],"collection":[{"href":"https:\/\/peletizadoras.net\/es-ar\/wp-json\/wp\/v2\/product"}],"about":[{"href":"https:\/\/peletizadoras.net\/es-ar\/wp-json\/wp\/v2\/types\/product"}],"wp:featuredmedia":[{"embeddable":true,"href":"https:\/\/peletizadoras.net\/es-ar\/wp-json\/wp\/v2\/media\/102568"}],"wp:attachment":[{"href":"https:\/\/peletizadoras.net\/es-ar\/wp-json\/wp\/v2\/media?parent=102633"}],"wp:term":[{"taxonomy":"product_brand","embeddable":true,"href":"https:\/\/peletizadoras.net\/es-ar\/wp-json\/wp\/v2\/product_brand?post=102633"},{"taxonomy":"product_cat","embeddable":true,"href":"https:\/\/peletizadoras.net\/es-ar\/wp-json\/wp\/v2\/product_cat?post=102633"},{"taxonomy":"product_tag","embeddable":true,"href":"https:\/\/peletizadoras.net\/es-ar\/wp-json\/wp\/v2\/product_tag?post=102633"}],"curies":[{"name":"wp","href":"https:\/\/api.w.org\/{rel}","templated":true}]}}