{"id":102726,"date":"2025-11-03T13:55:56","date_gmt":"2025-11-03T12:55:56","guid":{"rendered":"https:\/\/peletizadoras.net\/catalogo-maquinas-proceso-peletizado\/sin%20categor\u00eda\/planta-media-c-con-peletizadora-plt800-300-400-kg-h-reacondicionada\/"},"modified":"2026-04-01T12:52:48","modified_gmt":"2026-04-01T10:52:48","slug":"planta-media-c-con-peletizadora-plt800-300-400-kg-h-reacondicionada","status":"publish","type":"product","link":"https:\/\/peletizadoras.net\/es-ar\/catalogo-maquinas-proceso-peletizado\/maquinaria-de-segunda-mano\/planta-media-c-con-peletizadora-plt800-300-400-kg-h-reacondicionada\/","title":{"rendered":"Planta Media C con Peletizadora PLT800 (300 &#8211; 400 kg\/h) &#8211; Reacondicionada"},"content":{"rendered":"","protected":false},"excerpt":{"rendered":"<p><strong data-start=\"1296\" data-end=\"1311\">OPORTUNIDAD<\/strong>. <strong>Planta Media C<\/strong> con <strong data-start=\"1335\" data-end=\"1358\">peletizadora PLT800<\/strong> (300\u2013400 kg\/h), <strong data-start=\"1375\" data-end=\"1416\">totalmente revisada y reacondicionada<\/strong>; principales elementos de desgaste <strong data-start=\"1452\" data-end=\"1462\">nuevos<\/strong>. <strong data-start=\"1464\" data-end=\"1497\">Entrega e instalaci\u00f3n r\u00e1pidas<\/strong>. Ideal para pellets de diversos materiales con <strong data-start=\"1545\" data-end=\"1571\">di\u00e1metro est\u00e1ndar 6 mm<\/strong> (bajo pedido, otras medidas). <\/p>\n<p>&nbsp;<\/p>\n<h3><span style=\"color: #ff0000;\"><strong>VENDIDA<\/strong><\/span><\/h3>\n","protected":false},"featured_media":103242,"template":"","meta":{"_et_pb_use_builder":"","_et_pb_old_content":"","_et_gb_content_width":""},"product_brand":[],"product_cat":[103],"product_tag":[],"class_list":{"0":"post-102726","1":"product","2":"type-product","3":"status-publish","4":"has-post-thumbnail","6":"product_cat-maquinaria-de-segunda-mano","8":"first","9":"instock","10":"shipping-taxable","11":"product-type-simple"},"yoast_head":"<!-- This site is optimized with the Yoast SEO plugin v27.5 - https:\/\/yoast.com\/product\/yoast-seo-wordpress\/ -->\n<title>Planta de peletizado Media C PLT800 (300\u2013400 kg\/h) \u2013 Segunda mano reacondicionada | Ecofricalia<\/title>\n<meta name=\"description\" content=\"Oportunidad: planta Media C con PLT800 (300\u2013400 kg\/h) revisada y reacondicionada, consumibles nuevos. Entrega e instalaci\u00f3n r\u00e1pidas con soporte integral.\" \/>\n<meta name=\"robots\" content=\"index, follow, max-snippet:-1, max-image-preview:large, max-video-preview:-1\" \/>\n<link rel=\"canonical\" href=\"https:\/\/peletizadoras.net\/es-ar\/catalogo-maquinas-proceso-peletizado\/maquinaria-de-segunda-mano\/planta-media-c-con-peletizadora-plt800-300-400-kg-h-reacondicionada\/\" \/>\n<meta property=\"og:locale\" content=\"es_ES\" \/>\n<meta property=\"og:type\" content=\"article\" \/>\n<meta property=\"og:title\" content=\"Planta de peletizado Media C PLT800 (300\u2013400 kg\/h) \u2013 Segunda mano reacondicionada | Ecofricalia\" \/>\n<meta property=\"og:description\" content=\"Oportunidad: planta Media C con PLT800 (300\u2013400 kg\/h) revisada y reacondicionada, consumibles nuevos. Entrega e instalaci\u00f3n r\u00e1pidas con soporte integral.\" \/>\n<meta property=\"og:url\" content=\"https:\/\/peletizadoras.net\/es-ar\/catalogo-maquinas-proceso-peletizado\/maquinaria-de-segunda-mano\/planta-media-c-con-peletizadora-plt800-300-400-kg-h-reacondicionada\/\" \/>\n<meta property=\"og:site_name\" content=\"Ecofricalia. Soluciones Integrales para la Producci\u00f3n de Pellet\" \/>\n<meta property=\"article:publisher\" content=\"https:\/\/www.facebook.com\/EcofricaliaSostenible\" \/>\n<meta property=\"article:modified_time\" content=\"2026-04-01T10:52:48+00:00\" \/>\n<meta property=\"og:image\" content=\"https:\/\/peletizadoras.net\/wp-content\/uploads\/2025\/11\/planta-media-c-segunda-mano-ocasion-readoncicionada-400-800-kg-h-destacada_VENDIDA.webp\" \/>\n\t<meta property=\"og:image:width\" content=\"1024\" \/>\n\t<meta property=\"og:image:height\" content=\"768\" \/>\n\t<meta property=\"og:image:type\" content=\"image\/webp\" \/>\n<meta name=\"twitter:card\" content=\"summary_large_image\" \/>\n<meta name=\"twitter:site\" content=\"@_ecofricalia\" \/>\n<script type=\"application\/ld+json\" class=\"yoast-schema-graph\">{\"@context\":\"https:\\\/\\\/schema.org\",\"@graph\":[{\"@type\":\"WebPage\",\"@id\":\"https:\\\/\\\/peletizadoras.net\\\/es-ar\\\/catalogo-maquinas-proceso-peletizado\\\/maquinaria-de-segunda-mano\\\/planta-media-c-con-peletizadora-plt800-300-400-kg-h-reacondicionada\\\/\",\"url\":\"https:\\\/\\\/peletizadoras.net\\\/es-ar\\\/catalogo-maquinas-proceso-peletizado\\\/maquinaria-de-segunda-mano\\\/planta-media-c-con-peletizadora-plt800-300-400-kg-h-reacondicionada\\\/\",\"name\":\"Planta de peletizado Media C PLT800 (300\u2013400 kg\\\/h) \u2013 Segunda mano reacondicionada | Ecofricalia\",\"isPartOf\":{\"@id\":\"https:\\\/\\\/peletizadoras.net\\\/es-ar\\\/#website\"},\"primaryImageOfPage\":{\"@id\":\"https:\\\/\\\/peletizadoras.net\\\/es-ar\\\/catalogo-maquinas-proceso-peletizado\\\/maquinaria-de-segunda-mano\\\/planta-media-c-con-peletizadora-plt800-300-400-kg-h-reacondicionada\\\/#primaryimage\"},\"image\":{\"@id\":\"https:\\\/\\\/peletizadoras.net\\\/es-ar\\\/catalogo-maquinas-proceso-peletizado\\\/maquinaria-de-segunda-mano\\\/planta-media-c-con-peletizadora-plt800-300-400-kg-h-reacondicionada\\\/#primaryimage\"},\"thumbnailUrl\":\"https:\\\/\\\/peletizadoras.net\\\/wp-content\\\/uploads\\\/2025\\\/11\\\/planta-media-c-segunda-mano-ocasion-readoncicionada-400-800-kg-h-destacada_VENDIDA.webp\",\"datePublished\":\"2025-11-03T12:55:56+00:00\",\"dateModified\":\"2026-04-01T10:52:48+00:00\",\"description\":\"Oportunidad: planta Media C con PLT800 (300\u2013400 kg\\\/h) revisada y reacondicionada, consumibles nuevos. Entrega e instalaci\u00f3n r\u00e1pidas con soporte integral.\",\"breadcrumb\":{\"@id\":\"https:\\\/\\\/peletizadoras.net\\\/es-ar\\\/catalogo-maquinas-proceso-peletizado\\\/maquinaria-de-segunda-mano\\\/planta-media-c-con-peletizadora-plt800-300-400-kg-h-reacondicionada\\\/#breadcrumb\"},\"inLanguage\":\"es-AR\",\"potentialAction\":[{\"@type\":\"ReadAction\",\"target\":[\"https:\\\/\\\/peletizadoras.net\\\/es-ar\\\/catalogo-maquinas-proceso-peletizado\\\/maquinaria-de-segunda-mano\\\/planta-media-c-con-peletizadora-plt800-300-400-kg-h-reacondicionada\\\/\"]}]},{\"@type\":\"ImageObject\",\"inLanguage\":\"es-AR\",\"@id\":\"https:\\\/\\\/peletizadoras.net\\\/es-ar\\\/catalogo-maquinas-proceso-peletizado\\\/maquinaria-de-segunda-mano\\\/planta-media-c-con-peletizadora-plt800-300-400-kg-h-reacondicionada\\\/#primaryimage\",\"url\":\"https:\\\/\\\/peletizadoras.net\\\/wp-content\\\/uploads\\\/2025\\\/11\\\/planta-media-c-segunda-mano-ocasion-readoncicionada-400-800-kg-h-destacada_VENDIDA.webp\",\"contentUrl\":\"https:\\\/\\\/peletizadoras.net\\\/wp-content\\\/uploads\\\/2025\\\/11\\\/planta-media-c-segunda-mano-ocasion-readoncicionada-400-800-kg-h-destacada_VENDIDA.webp\",\"width\":1024,\"height\":768,\"caption\":\"Planta de peletizado Media C con peletizadora PLT800 reacondicionada, vista general\"},{\"@type\":\"BreadcrumbList\",\"@id\":\"https:\\\/\\\/peletizadoras.net\\\/es-ar\\\/catalogo-maquinas-proceso-peletizado\\\/maquinaria-de-segunda-mano\\\/planta-media-c-con-peletizadora-plt800-300-400-kg-h-reacondicionada\\\/#breadcrumb\",\"itemListElement\":[{\"@type\":\"ListItem\",\"position\":1,\"name\":\"Portada\",\"item\":\"https:\\\/\\\/peletizadoras.net\\\/es-ar\\\/pagina-de-inicio\\\/\"},{\"@type\":\"ListItem\",\"position\":2,\"name\":\"Tienda\",\"item\":\"https:\\\/\\\/peletizadoras.net\\\/tienda\\\/\"},{\"@type\":\"ListItem\",\"position\":3,\"name\":\"Planta Media C con Peletizadora PLT800 (300 &#8211; 400 kg\\\/h) &#8211; Reacondicionada\"}]},{\"@type\":\"WebSite\",\"@id\":\"https:\\\/\\\/peletizadoras.net\\\/es-ar\\\/#website\",\"url\":\"https:\\\/\\\/peletizadoras.net\\\/es-ar\\\/\",\"name\":\"Ecofricalia. Soluciones Integrales para la Producci\u00f3n de Pellet\",\"description\":\"Plantas y L\u00edneas industriales de peletizaci\u00f3n y m\u00e1quinas de fabricaci\u00f3n de pellet\",\"publisher\":{\"@id\":\"https:\\\/\\\/peletizadoras.net\\\/es-ar\\\/#organization\"},\"potentialAction\":[{\"@type\":\"SearchAction\",\"target\":{\"@type\":\"EntryPoint\",\"urlTemplate\":\"https:\\\/\\\/peletizadoras.net\\\/es-ar\\\/?s={search_term_string}\"},\"query-input\":{\"@type\":\"PropertyValueSpecification\",\"valueRequired\":true,\"valueName\":\"search_term_string\"}}],\"inLanguage\":\"es-AR\"},{\"@type\":\"Organization\",\"@id\":\"https:\\\/\\\/peletizadoras.net\\\/es-ar\\\/#organization\",\"name\":\"Ecofricalia. Soluciones Integrales para la Producci\u00f3n de Pellet\",\"url\":\"https:\\\/\\\/peletizadoras.net\\\/es-ar\\\/\",\"logo\":{\"@type\":\"ImageObject\",\"inLanguage\":\"es-AR\",\"@id\":\"https:\\\/\\\/peletizadoras.net\\\/es-ar\\\/#\\\/schema\\\/logo\\\/image\\\/\",\"url\":\"https:\\\/\\\/peletizadoras.net\\\/wp-content\\\/uploads\\\/2025\\\/05\\\/logo-ecofricalia-tapasweb.png\",\"contentUrl\":\"https:\\\/\\\/peletizadoras.net\\\/wp-content\\\/uploads\\\/2025\\\/05\\\/logo-ecofricalia-tapasweb.png\",\"width\":881,\"height\":418,\"caption\":\"Ecofricalia. Soluciones Integrales para la Producci\u00f3n de Pellet\"},\"image\":{\"@id\":\"https:\\\/\\\/peletizadoras.net\\\/es-ar\\\/#\\\/schema\\\/logo\\\/image\\\/\"},\"sameAs\":[\"https:\\\/\\\/www.facebook.com\\\/EcofricaliaSostenible\",\"https:\\\/\\\/x.com\\\/_ecofricalia\",\"https:\\\/\\\/www.youtube.com\\\/channel\\\/UCCvdG5pWUGvH4G5wP8TXuPw\",\"https:\\\/\\\/www.instagram.com\\\/ecofricalia_sostenible\\\/\"]}]}<\/script>\n<!-- \/ Yoast SEO plugin. -->","yoast_head_json":{"title":"Planta de peletizado Media C PLT800 (300\u2013400 kg\/h) \u2013 Segunda mano reacondicionada | Ecofricalia","description":"Oportunidad: planta Media C con PLT800 (300\u2013400 kg\/h) revisada y reacondicionada, consumibles nuevos. Entrega e instalaci\u00f3n r\u00e1pidas con soporte integral.","robots":{"index":"index","follow":"follow","max-snippet":"max-snippet:-1","max-image-preview":"max-image-preview:large","max-video-preview":"max-video-preview:-1"},"canonical":"https:\/\/peletizadoras.net\/es-ar\/catalogo-maquinas-proceso-peletizado\/maquinaria-de-segunda-mano\/planta-media-c-con-peletizadora-plt800-300-400-kg-h-reacondicionada\/","og_locale":"es_ES","og_type":"article","og_title":"Planta de peletizado Media C PLT800 (300\u2013400 kg\/h) \u2013 Segunda mano reacondicionada | Ecofricalia","og_description":"Oportunidad: planta Media C con PLT800 (300\u2013400 kg\/h) revisada y reacondicionada, consumibles nuevos. Entrega e instalaci\u00f3n r\u00e1pidas con soporte integral.","og_url":"https:\/\/peletizadoras.net\/es-ar\/catalogo-maquinas-proceso-peletizado\/maquinaria-de-segunda-mano\/planta-media-c-con-peletizadora-plt800-300-400-kg-h-reacondicionada\/","og_site_name":"Ecofricalia. Soluciones Integrales para la Producci\u00f3n de Pellet","article_publisher":"https:\/\/www.facebook.com\/EcofricaliaSostenible","article_modified_time":"2026-04-01T10:52:48+00:00","og_image":[{"width":1024,"height":768,"url":"https:\/\/peletizadoras.net\/wp-content\/uploads\/2025\/11\/planta-media-c-segunda-mano-ocasion-readoncicionada-400-800-kg-h-destacada_VENDIDA.webp","type":"image\/webp"}],"twitter_card":"summary_large_image","twitter_site":"@_ecofricalia","schema":{"@context":"https:\/\/schema.org","@graph":[{"@type":"WebPage","@id":"https:\/\/peletizadoras.net\/es-ar\/catalogo-maquinas-proceso-peletizado\/maquinaria-de-segunda-mano\/planta-media-c-con-peletizadora-plt800-300-400-kg-h-reacondicionada\/","url":"https:\/\/peletizadoras.net\/es-ar\/catalogo-maquinas-proceso-peletizado\/maquinaria-de-segunda-mano\/planta-media-c-con-peletizadora-plt800-300-400-kg-h-reacondicionada\/","name":"Planta de peletizado Media C PLT800 (300\u2013400 kg\/h) \u2013 Segunda mano reacondicionada | Ecofricalia","isPartOf":{"@id":"https:\/\/peletizadoras.net\/es-ar\/#website"},"primaryImageOfPage":{"@id":"https:\/\/peletizadoras.net\/es-ar\/catalogo-maquinas-proceso-peletizado\/maquinaria-de-segunda-mano\/planta-media-c-con-peletizadora-plt800-300-400-kg-h-reacondicionada\/#primaryimage"},"image":{"@id":"https:\/\/peletizadoras.net\/es-ar\/catalogo-maquinas-proceso-peletizado\/maquinaria-de-segunda-mano\/planta-media-c-con-peletizadora-plt800-300-400-kg-h-reacondicionada\/#primaryimage"},"thumbnailUrl":"https:\/\/peletizadoras.net\/wp-content\/uploads\/2025\/11\/planta-media-c-segunda-mano-ocasion-readoncicionada-400-800-kg-h-destacada_VENDIDA.webp","datePublished":"2025-11-03T12:55:56+00:00","dateModified":"2026-04-01T10:52:48+00:00","description":"Oportunidad: planta Media C con PLT800 (300\u2013400 kg\/h) revisada y reacondicionada, consumibles nuevos. Entrega e instalaci\u00f3n r\u00e1pidas con soporte integral.","breadcrumb":{"@id":"https:\/\/peletizadoras.net\/es-ar\/catalogo-maquinas-proceso-peletizado\/maquinaria-de-segunda-mano\/planta-media-c-con-peletizadora-plt800-300-400-kg-h-reacondicionada\/#breadcrumb"},"inLanguage":"es-AR","potentialAction":[{"@type":"ReadAction","target":["https:\/\/peletizadoras.net\/es-ar\/catalogo-maquinas-proceso-peletizado\/maquinaria-de-segunda-mano\/planta-media-c-con-peletizadora-plt800-300-400-kg-h-reacondicionada\/"]}]},{"@type":"ImageObject","inLanguage":"es-AR","@id":"https:\/\/peletizadoras.net\/es-ar\/catalogo-maquinas-proceso-peletizado\/maquinaria-de-segunda-mano\/planta-media-c-con-peletizadora-plt800-300-400-kg-h-reacondicionada\/#primaryimage","url":"https:\/\/peletizadoras.net\/wp-content\/uploads\/2025\/11\/planta-media-c-segunda-mano-ocasion-readoncicionada-400-800-kg-h-destacada_VENDIDA.webp","contentUrl":"https:\/\/peletizadoras.net\/wp-content\/uploads\/2025\/11\/planta-media-c-segunda-mano-ocasion-readoncicionada-400-800-kg-h-destacada_VENDIDA.webp","width":1024,"height":768,"caption":"Planta de peletizado Media C con peletizadora PLT800 reacondicionada, vista general"},{"@type":"BreadcrumbList","@id":"https:\/\/peletizadoras.net\/es-ar\/catalogo-maquinas-proceso-peletizado\/maquinaria-de-segunda-mano\/planta-media-c-con-peletizadora-plt800-300-400-kg-h-reacondicionada\/#breadcrumb","itemListElement":[{"@type":"ListItem","position":1,"name":"Portada","item":"https:\/\/peletizadoras.net\/es-ar\/pagina-de-inicio\/"},{"@type":"ListItem","position":2,"name":"Tienda","item":"https:\/\/peletizadoras.net\/tienda\/"},{"@type":"ListItem","position":3,"name":"Planta Media C con Peletizadora PLT800 (300 &#8211; 400 kg\/h) &#8211; Reacondicionada"}]},{"@type":"WebSite","@id":"https:\/\/peletizadoras.net\/es-ar\/#website","url":"https:\/\/peletizadoras.net\/es-ar\/","name":"Ecofricalia. Soluciones Integrales para la Producci\u00f3n de Pellet","description":"Plantas y L\u00edneas industriales de peletizaci\u00f3n y m\u00e1quinas de fabricaci\u00f3n de pellet","publisher":{"@id":"https:\/\/peletizadoras.net\/es-ar\/#organization"},"potentialAction":[{"@type":"SearchAction","target":{"@type":"EntryPoint","urlTemplate":"https:\/\/peletizadoras.net\/es-ar\/?s={search_term_string}"},"query-input":{"@type":"PropertyValueSpecification","valueRequired":true,"valueName":"search_term_string"}}],"inLanguage":"es-AR"},{"@type":"Organization","@id":"https:\/\/peletizadoras.net\/es-ar\/#organization","name":"Ecofricalia. Soluciones Integrales para la Producci\u00f3n de Pellet","url":"https:\/\/peletizadoras.net\/es-ar\/","logo":{"@type":"ImageObject","inLanguage":"es-AR","@id":"https:\/\/peletizadoras.net\/es-ar\/#\/schema\/logo\/image\/","url":"https:\/\/peletizadoras.net\/wp-content\/uploads\/2025\/05\/logo-ecofricalia-tapasweb.png","contentUrl":"https:\/\/peletizadoras.net\/wp-content\/uploads\/2025\/05\/logo-ecofricalia-tapasweb.png","width":881,"height":418,"caption":"Ecofricalia. Soluciones Integrales para la Producci\u00f3n de Pellet"},"image":{"@id":"https:\/\/peletizadoras.net\/es-ar\/#\/schema\/logo\/image\/"},"sameAs":["https:\/\/www.facebook.com\/EcofricaliaSostenible","https:\/\/x.com\/_ecofricalia","https:\/\/www.youtube.com\/channel\/UCCvdG5pWUGvH4G5wP8TXuPw","https:\/\/www.instagram.com\/ecofricalia_sostenible\/"]}]}},"_links":{"self":[{"href":"https:\/\/peletizadoras.net\/es-ar\/wp-json\/wp\/v2\/product\/102726","targetHints":{"allow":["GET"]}}],"collection":[{"href":"https:\/\/peletizadoras.net\/es-ar\/wp-json\/wp\/v2\/product"}],"about":[{"href":"https:\/\/peletizadoras.net\/es-ar\/wp-json\/wp\/v2\/types\/product"}],"wp:featuredmedia":[{"embeddable":true,"href":"https:\/\/peletizadoras.net\/es-ar\/wp-json\/wp\/v2\/media\/103242"}],"wp:attachment":[{"href":"https:\/\/peletizadoras.net\/es-ar\/wp-json\/wp\/v2\/media?parent=102726"}],"wp:term":[{"taxonomy":"product_brand","embeddable":true,"href":"https:\/\/peletizadoras.net\/es-ar\/wp-json\/wp\/v2\/product_brand?post=102726"},{"taxonomy":"product_cat","embeddable":true,"href":"https:\/\/peletizadoras.net\/es-ar\/wp-json\/wp\/v2\/product_cat?post=102726"},{"taxonomy":"product_tag","embeddable":true,"href":"https:\/\/peletizadoras.net\/es-ar\/wp-json\/wp\/v2\/product_tag?post=102726"}],"curies":[{"name":"wp","href":"https:\/\/api.w.org\/{rel}","templated":true}]}}