{"id":102779,"date":"2025-11-11T16:41:55","date_gmt":"2025-11-11T15:41:55","guid":{"rendered":"https:\/\/peletizadoras.net\/catalogo-maquinas-proceso-peletizado\/sin categor\u00eda\/astilladora-tp-175-pto-de-segunda-mano-tp-chipper-ecofricalia\/"},"modified":"2025-11-11T16:41:55","modified_gmt":"2025-11-11T15:41:55","slug":"astilladora-tp-175-pto-de-segunda-mano-tp-chipper-ecofricalia","status":"publish","type":"product","link":"https:\/\/peletizadoras.net\/es-ar\/catalogo-maquinas-proceso-peletizado\/maquinaria-de-segunda-mano\/astilladora-tp-175-pto-de-segunda-mano-tp-chipper-ecofricalia\/","title":{"rendered":"Astilladora TP 175 PTO de segunda mano | TP Chipper | Ecofricalia"},"content":{"rendered":"","protected":false},"excerpt":{"rendered":"<p data-prosemirror-content-type=\"node\" data-prosemirror-node-name=\"paragraph\" data-prosemirror-node-block=\"true\" data-pm-slice=\"1 1 []\"><strong>CARACTER\u00cdSTICAS GENERALES DE LAS TRITURADORAS DE MADERA CON TOMA DE FUERZA<\/strong><\/p>\n<ul>\n<li>M\u00e1quinas fiables dise\u00f1adas y fabricadas en Dinamarca<\/li>\n<li>Garant\u00eda ampliada de 3 a\u00f1os<\/li>\n<li>Se entrega con eje de toma de fuerza con funcionamiento libre<\/li>\n<li>Potentes rodillos de alimentaci\u00f3n y sistema hidr\u00e1ulico integrado*<\/li>\n<li>Produce astillas de madera aptas para la combusti\u00f3n con calidad G30\/G50*<\/li>\n<li>Cumple con los m\u00e1s altos est\u00e1ndares de seguridad personal (EN 13525)<\/li>\n<li>El recubrimiento en polvo especialmente desarrollado garantiza una protecci\u00f3n eficaz contra el \u00f3xido (clase de corrosi\u00f3n C4)<\/li>\n<li>La boquilla de expulsi\u00f3n giratoria se puede extender tanto horizontal como verticalmente para adaptarse a la tarea<\/li>\n<\/ul>\n","protected":false},"featured_media":102775,"template":"","meta":{"_et_pb_use_builder":"","_et_pb_old_content":"","_et_gb_content_width":""},"product_brand":[],"product_cat":[103],"product_tag":[],"class_list":{"0":"post-102779","1":"product","2":"type-product","3":"status-publish","4":"has-post-thumbnail","6":"product_cat-maquinaria-de-segunda-mano","8":"first","9":"instock","10":"shipping-taxable","11":"product-type-simple"},"yoast_head":"<!-- This site is optimized with the Yoast SEO plugin v27.4 - https:\/\/yoast.com\/product\/yoast-seo-wordpress\/ -->\n<title>Astilladora TP 175 PTO de segunda mano | TP Chipper | Ecofricalia<\/title>\n<meta name=\"description\" content=\"Astilladora TP 175 PTO (TP Chipper) reacondicionada. PTO 1000 rpm, 66 kW, 523 kg. Lista para trabajar en biomasa y gesti\u00f3n de restos de poda. Instalaci\u00f3n, formaci\u00f3n y soporte Ecofricalia.\" \/>\n<meta name=\"robots\" content=\"index, follow, max-snippet:-1, max-image-preview:large, max-video-preview:-1\" \/>\n<link rel=\"canonical\" href=\"https:\/\/peletizadoras.net\/es-ar\/catalogo-maquinas-proceso-peletizado\/maquinaria-de-segunda-mano\/astilladora-tp-175-pto-de-segunda-mano-tp-chipper-ecofricalia\/\" \/>\n<meta property=\"og:locale\" content=\"es_ES\" \/>\n<meta property=\"og:type\" content=\"article\" \/>\n<meta property=\"og:title\" content=\"Astilladora TP 175 PTO de segunda mano | TP Chipper | Ecofricalia\" \/>\n<meta property=\"og:description\" content=\"Astilladora TP 175 PTO (TP Chipper) reacondicionada. PTO 1000 rpm, 66 kW, 523 kg. Lista para trabajar en biomasa y gesti\u00f3n de restos de poda. Instalaci\u00f3n, formaci\u00f3n y soporte Ecofricalia.\" \/>\n<meta property=\"og:url\" content=\"https:\/\/peletizadoras.net\/es-ar\/catalogo-maquinas-proceso-peletizado\/maquinaria-de-segunda-mano\/astilladora-tp-175-pto-de-segunda-mano-tp-chipper-ecofricalia\/\" \/>\n<meta property=\"og:site_name\" content=\"Ecofricalia. Soluciones Integrales para la Producci\u00f3n de Pellet\" \/>\n<meta property=\"article:publisher\" content=\"https:\/\/www.facebook.com\/EcofricaliaSostenible\" \/>\n<meta property=\"og:image\" content=\"https:\/\/peletizadoras.net\/wp-content\/uploads\/2025\/11\/astilladora-tp-175-pto-segunda-mano-tp-chipper-vista-3-4.webp\" \/>\n\t<meta property=\"og:image:width\" content=\"576\" \/>\n\t<meta property=\"og:image:height\" content=\"1024\" \/>\n\t<meta property=\"og:image:type\" content=\"image\/webp\" \/>\n<meta name=\"twitter:card\" content=\"summary_large_image\" \/>\n<meta name=\"twitter:site\" content=\"@_ecofricalia\" \/>\n<script type=\"application\/ld+json\" class=\"yoast-schema-graph\">{\"@context\":\"https:\\\/\\\/schema.org\",\"@graph\":[{\"@type\":\"WebPage\",\"@id\":\"https:\\\/\\\/peletizadoras.net\\\/es-ar\\\/catalogo-maquinas-proceso-peletizado\\\/maquinaria-de-segunda-mano\\\/astilladora-tp-175-pto-de-segunda-mano-tp-chipper-ecofricalia\\\/\",\"url\":\"https:\\\/\\\/peletizadoras.net\\\/es-ar\\\/catalogo-maquinas-proceso-peletizado\\\/maquinaria-de-segunda-mano\\\/astilladora-tp-175-pto-de-segunda-mano-tp-chipper-ecofricalia\\\/\",\"name\":\"Astilladora TP 175 PTO de segunda mano | TP Chipper | Ecofricalia\",\"isPartOf\":{\"@id\":\"https:\\\/\\\/peletizadoras.net\\\/es-ar\\\/#website\"},\"primaryImageOfPage\":{\"@id\":\"https:\\\/\\\/peletizadoras.net\\\/es-ar\\\/catalogo-maquinas-proceso-peletizado\\\/maquinaria-de-segunda-mano\\\/astilladora-tp-175-pto-de-segunda-mano-tp-chipper-ecofricalia\\\/#primaryimage\"},\"image\":{\"@id\":\"https:\\\/\\\/peletizadoras.net\\\/es-ar\\\/catalogo-maquinas-proceso-peletizado\\\/maquinaria-de-segunda-mano\\\/astilladora-tp-175-pto-de-segunda-mano-tp-chipper-ecofricalia\\\/#primaryimage\"},\"thumbnailUrl\":\"https:\\\/\\\/peletizadoras.net\\\/wp-content\\\/uploads\\\/2025\\\/11\\\/astilladora-tp-175-pto-segunda-mano-tp-chipper-vista-3-4.webp\",\"datePublished\":\"2025-11-11T15:41:55+00:00\",\"description\":\"Astilladora TP 175 PTO (TP Chipper) reacondicionada. PTO 1000 rpm, 66 kW, 523 kg. Lista para trabajar en biomasa y gesti\u00f3n de restos de poda. Instalaci\u00f3n, formaci\u00f3n y soporte Ecofricalia.\",\"breadcrumb\":{\"@id\":\"https:\\\/\\\/peletizadoras.net\\\/es-ar\\\/catalogo-maquinas-proceso-peletizado\\\/maquinaria-de-segunda-mano\\\/astilladora-tp-175-pto-de-segunda-mano-tp-chipper-ecofricalia\\\/#breadcrumb\"},\"inLanguage\":\"es-AR\",\"potentialAction\":[{\"@type\":\"ReadAction\",\"target\":[\"https:\\\/\\\/peletizadoras.net\\\/es-ar\\\/catalogo-maquinas-proceso-peletizado\\\/maquinaria-de-segunda-mano\\\/astilladora-tp-175-pto-de-segunda-mano-tp-chipper-ecofricalia\\\/\"]}]},{\"@type\":\"ImageObject\",\"inLanguage\":\"es-AR\",\"@id\":\"https:\\\/\\\/peletizadoras.net\\\/es-ar\\\/catalogo-maquinas-proceso-peletizado\\\/maquinaria-de-segunda-mano\\\/astilladora-tp-175-pto-de-segunda-mano-tp-chipper-ecofricalia\\\/#primaryimage\",\"url\":\"https:\\\/\\\/peletizadoras.net\\\/wp-content\\\/uploads\\\/2025\\\/11\\\/astilladora-tp-175-pto-segunda-mano-tp-chipper-vista-3-4.webp\",\"contentUrl\":\"https:\\\/\\\/peletizadoras.net\\\/wp-content\\\/uploads\\\/2025\\\/11\\\/astilladora-tp-175-pto-segunda-mano-tp-chipper-vista-3-4.webp\",\"width\":576,\"height\":1024,\"caption\":\"Astilladora TP 175 PTO usada \u2013 vista 3\\\/4 con chimenea de descarga\"},{\"@type\":\"BreadcrumbList\",\"@id\":\"https:\\\/\\\/peletizadoras.net\\\/es-ar\\\/catalogo-maquinas-proceso-peletizado\\\/maquinaria-de-segunda-mano\\\/astilladora-tp-175-pto-de-segunda-mano-tp-chipper-ecofricalia\\\/#breadcrumb\",\"itemListElement\":[{\"@type\":\"ListItem\",\"position\":1,\"name\":\"Portada\",\"item\":\"https:\\\/\\\/peletizadoras.net\\\/es-ar\\\/pagina-de-inicio\\\/\"},{\"@type\":\"ListItem\",\"position\":2,\"name\":\"Tienda\",\"item\":\"https:\\\/\\\/peletizadoras.net\\\/tienda\\\/\"},{\"@type\":\"ListItem\",\"position\":3,\"name\":\"Astilladora TP 175 PTO de segunda mano | TP Chipper | Ecofricalia\"}]},{\"@type\":\"WebSite\",\"@id\":\"https:\\\/\\\/peletizadoras.net\\\/es-ar\\\/#website\",\"url\":\"https:\\\/\\\/peletizadoras.net\\\/es-ar\\\/\",\"name\":\"Ecofricalia. Soluciones Integrales para la Producci\u00f3n de Pellet\",\"description\":\"Plantas y L\u00edneas industriales de peletizaci\u00f3n y m\u00e1quinas de fabricaci\u00f3n de pellet\",\"publisher\":{\"@id\":\"https:\\\/\\\/peletizadoras.net\\\/es-ar\\\/#organization\"},\"potentialAction\":[{\"@type\":\"SearchAction\",\"target\":{\"@type\":\"EntryPoint\",\"urlTemplate\":\"https:\\\/\\\/peletizadoras.net\\\/es-ar\\\/?s={search_term_string}\"},\"query-input\":{\"@type\":\"PropertyValueSpecification\",\"valueRequired\":true,\"valueName\":\"search_term_string\"}}],\"inLanguage\":\"es-AR\"},{\"@type\":\"Organization\",\"@id\":\"https:\\\/\\\/peletizadoras.net\\\/es-ar\\\/#organization\",\"name\":\"Ecofricalia. Soluciones Integrales para la Producci\u00f3n de Pellet\",\"url\":\"https:\\\/\\\/peletizadoras.net\\\/es-ar\\\/\",\"logo\":{\"@type\":\"ImageObject\",\"inLanguage\":\"es-AR\",\"@id\":\"https:\\\/\\\/peletizadoras.net\\\/es-ar\\\/#\\\/schema\\\/logo\\\/image\\\/\",\"url\":\"https:\\\/\\\/peletizadoras.net\\\/wp-content\\\/uploads\\\/2025\\\/05\\\/logo-ecofricalia-tapasweb.png\",\"contentUrl\":\"https:\\\/\\\/peletizadoras.net\\\/wp-content\\\/uploads\\\/2025\\\/05\\\/logo-ecofricalia-tapasweb.png\",\"width\":881,\"height\":418,\"caption\":\"Ecofricalia. Soluciones Integrales para la Producci\u00f3n de Pellet\"},\"image\":{\"@id\":\"https:\\\/\\\/peletizadoras.net\\\/es-ar\\\/#\\\/schema\\\/logo\\\/image\\\/\"},\"sameAs\":[\"https:\\\/\\\/www.facebook.com\\\/EcofricaliaSostenible\",\"https:\\\/\\\/x.com\\\/_ecofricalia\",\"https:\\\/\\\/www.youtube.com\\\/channel\\\/UCCvdG5pWUGvH4G5wP8TXuPw\",\"https:\\\/\\\/www.instagram.com\\\/ecofricalia_sostenible\\\/\"]}]}<\/script>\n<!-- \/ Yoast SEO plugin. -->","yoast_head_json":{"title":"Astilladora TP 175 PTO de segunda mano | TP Chipper | Ecofricalia","description":"Astilladora TP 175 PTO (TP Chipper) reacondicionada. PTO 1000 rpm, 66 kW, 523 kg. Lista para trabajar en biomasa y gesti\u00f3n de restos de poda. Instalaci\u00f3n, formaci\u00f3n y soporte Ecofricalia.","robots":{"index":"index","follow":"follow","max-snippet":"max-snippet:-1","max-image-preview":"max-image-preview:large","max-video-preview":"max-video-preview:-1"},"canonical":"https:\/\/peletizadoras.net\/es-ar\/catalogo-maquinas-proceso-peletizado\/maquinaria-de-segunda-mano\/astilladora-tp-175-pto-de-segunda-mano-tp-chipper-ecofricalia\/","og_locale":"es_ES","og_type":"article","og_title":"Astilladora TP 175 PTO de segunda mano | TP Chipper | Ecofricalia","og_description":"Astilladora TP 175 PTO (TP Chipper) reacondicionada. PTO 1000 rpm, 66 kW, 523 kg. Lista para trabajar en biomasa y gesti\u00f3n de restos de poda. Instalaci\u00f3n, formaci\u00f3n y soporte Ecofricalia.","og_url":"https:\/\/peletizadoras.net\/es-ar\/catalogo-maquinas-proceso-peletizado\/maquinaria-de-segunda-mano\/astilladora-tp-175-pto-de-segunda-mano-tp-chipper-ecofricalia\/","og_site_name":"Ecofricalia. Soluciones Integrales para la Producci\u00f3n de Pellet","article_publisher":"https:\/\/www.facebook.com\/EcofricaliaSostenible","og_image":[{"width":576,"height":1024,"url":"https:\/\/peletizadoras.net\/wp-content\/uploads\/2025\/11\/astilladora-tp-175-pto-segunda-mano-tp-chipper-vista-3-4.webp","type":"image\/webp"}],"twitter_card":"summary_large_image","twitter_site":"@_ecofricalia","schema":{"@context":"https:\/\/schema.org","@graph":[{"@type":"WebPage","@id":"https:\/\/peletizadoras.net\/es-ar\/catalogo-maquinas-proceso-peletizado\/maquinaria-de-segunda-mano\/astilladora-tp-175-pto-de-segunda-mano-tp-chipper-ecofricalia\/","url":"https:\/\/peletizadoras.net\/es-ar\/catalogo-maquinas-proceso-peletizado\/maquinaria-de-segunda-mano\/astilladora-tp-175-pto-de-segunda-mano-tp-chipper-ecofricalia\/","name":"Astilladora TP 175 PTO de segunda mano | TP Chipper | Ecofricalia","isPartOf":{"@id":"https:\/\/peletizadoras.net\/es-ar\/#website"},"primaryImageOfPage":{"@id":"https:\/\/peletizadoras.net\/es-ar\/catalogo-maquinas-proceso-peletizado\/maquinaria-de-segunda-mano\/astilladora-tp-175-pto-de-segunda-mano-tp-chipper-ecofricalia\/#primaryimage"},"image":{"@id":"https:\/\/peletizadoras.net\/es-ar\/catalogo-maquinas-proceso-peletizado\/maquinaria-de-segunda-mano\/astilladora-tp-175-pto-de-segunda-mano-tp-chipper-ecofricalia\/#primaryimage"},"thumbnailUrl":"https:\/\/peletizadoras.net\/wp-content\/uploads\/2025\/11\/astilladora-tp-175-pto-segunda-mano-tp-chipper-vista-3-4.webp","datePublished":"2025-11-11T15:41:55+00:00","description":"Astilladora TP 175 PTO (TP Chipper) reacondicionada. PTO 1000 rpm, 66 kW, 523 kg. Lista para trabajar en biomasa y gesti\u00f3n de restos de poda. Instalaci\u00f3n, formaci\u00f3n y soporte Ecofricalia.","breadcrumb":{"@id":"https:\/\/peletizadoras.net\/es-ar\/catalogo-maquinas-proceso-peletizado\/maquinaria-de-segunda-mano\/astilladora-tp-175-pto-de-segunda-mano-tp-chipper-ecofricalia\/#breadcrumb"},"inLanguage":"es-AR","potentialAction":[{"@type":"ReadAction","target":["https:\/\/peletizadoras.net\/es-ar\/catalogo-maquinas-proceso-peletizado\/maquinaria-de-segunda-mano\/astilladora-tp-175-pto-de-segunda-mano-tp-chipper-ecofricalia\/"]}]},{"@type":"ImageObject","inLanguage":"es-AR","@id":"https:\/\/peletizadoras.net\/es-ar\/catalogo-maquinas-proceso-peletizado\/maquinaria-de-segunda-mano\/astilladora-tp-175-pto-de-segunda-mano-tp-chipper-ecofricalia\/#primaryimage","url":"https:\/\/peletizadoras.net\/wp-content\/uploads\/2025\/11\/astilladora-tp-175-pto-segunda-mano-tp-chipper-vista-3-4.webp","contentUrl":"https:\/\/peletizadoras.net\/wp-content\/uploads\/2025\/11\/astilladora-tp-175-pto-segunda-mano-tp-chipper-vista-3-4.webp","width":576,"height":1024,"caption":"Astilladora TP 175 PTO usada \u2013 vista 3\/4 con chimenea de descarga"},{"@type":"BreadcrumbList","@id":"https:\/\/peletizadoras.net\/es-ar\/catalogo-maquinas-proceso-peletizado\/maquinaria-de-segunda-mano\/astilladora-tp-175-pto-de-segunda-mano-tp-chipper-ecofricalia\/#breadcrumb","itemListElement":[{"@type":"ListItem","position":1,"name":"Portada","item":"https:\/\/peletizadoras.net\/es-ar\/pagina-de-inicio\/"},{"@type":"ListItem","position":2,"name":"Tienda","item":"https:\/\/peletizadoras.net\/tienda\/"},{"@type":"ListItem","position":3,"name":"Astilladora TP 175 PTO de segunda mano | TP Chipper | Ecofricalia"}]},{"@type":"WebSite","@id":"https:\/\/peletizadoras.net\/es-ar\/#website","url":"https:\/\/peletizadoras.net\/es-ar\/","name":"Ecofricalia. Soluciones Integrales para la Producci\u00f3n de Pellet","description":"Plantas y L\u00edneas industriales de peletizaci\u00f3n y m\u00e1quinas de fabricaci\u00f3n de pellet","publisher":{"@id":"https:\/\/peletizadoras.net\/es-ar\/#organization"},"potentialAction":[{"@type":"SearchAction","target":{"@type":"EntryPoint","urlTemplate":"https:\/\/peletizadoras.net\/es-ar\/?s={search_term_string}"},"query-input":{"@type":"PropertyValueSpecification","valueRequired":true,"valueName":"search_term_string"}}],"inLanguage":"es-AR"},{"@type":"Organization","@id":"https:\/\/peletizadoras.net\/es-ar\/#organization","name":"Ecofricalia. Soluciones Integrales para la Producci\u00f3n de Pellet","url":"https:\/\/peletizadoras.net\/es-ar\/","logo":{"@type":"ImageObject","inLanguage":"es-AR","@id":"https:\/\/peletizadoras.net\/es-ar\/#\/schema\/logo\/image\/","url":"https:\/\/peletizadoras.net\/wp-content\/uploads\/2025\/05\/logo-ecofricalia-tapasweb.png","contentUrl":"https:\/\/peletizadoras.net\/wp-content\/uploads\/2025\/05\/logo-ecofricalia-tapasweb.png","width":881,"height":418,"caption":"Ecofricalia. Soluciones Integrales para la Producci\u00f3n de Pellet"},"image":{"@id":"https:\/\/peletizadoras.net\/es-ar\/#\/schema\/logo\/image\/"},"sameAs":["https:\/\/www.facebook.com\/EcofricaliaSostenible","https:\/\/x.com\/_ecofricalia","https:\/\/www.youtube.com\/channel\/UCCvdG5pWUGvH4G5wP8TXuPw","https:\/\/www.instagram.com\/ecofricalia_sostenible\/"]}]}},"_links":{"self":[{"href":"https:\/\/peletizadoras.net\/es-ar\/wp-json\/wp\/v2\/product\/102779","targetHints":{"allow":["GET"]}}],"collection":[{"href":"https:\/\/peletizadoras.net\/es-ar\/wp-json\/wp\/v2\/product"}],"about":[{"href":"https:\/\/peletizadoras.net\/es-ar\/wp-json\/wp\/v2\/types\/product"}],"wp:featuredmedia":[{"embeddable":true,"href":"https:\/\/peletizadoras.net\/es-ar\/wp-json\/wp\/v2\/media\/102775"}],"wp:attachment":[{"href":"https:\/\/peletizadoras.net\/es-ar\/wp-json\/wp\/v2\/media?parent=102779"}],"wp:term":[{"taxonomy":"product_brand","embeddable":true,"href":"https:\/\/peletizadoras.net\/es-ar\/wp-json\/wp\/v2\/product_brand?post=102779"},{"taxonomy":"product_cat","embeddable":true,"href":"https:\/\/peletizadoras.net\/es-ar\/wp-json\/wp\/v2\/product_cat?post=102779"},{"taxonomy":"product_tag","embeddable":true,"href":"https:\/\/peletizadoras.net\/es-ar\/wp-json\/wp\/v2\/product_tag?post=102779"}],"curies":[{"name":"wp","href":"https:\/\/api.w.org\/{rel}","templated":true}]}}