{"id":102887,"date":"2025-11-27T17:11:51","date_gmt":"2025-11-27T16:11:51","guid":{"rendered":"https:\/\/peletizadoras.net\/catalogo-maquinas-proceso-peletizado\/sin categor\u00eda\/greenloader\/"},"modified":"2025-11-27T17:11:51","modified_gmt":"2025-11-27T16:11:51","slug":"greenloader","status":"publish","type":"product","link":"https:\/\/peletizadoras.net\/es-ar\/catalogo-maquinas-proceso-peletizado\/mas-soluciones\/greenloader\/","title":{"rendered":"Greenloader"},"content":{"rendered":"","protected":false},"excerpt":{"rendered":"<h3>Sistema de Almacenamiento y Alimentaci\u00f3n de Biomasa con Transporte A\u00e9reo<\/h3>\n<p>Sistema de almacenamiento y alimentaci\u00f3n autom\u00e1tico para implementaci\u00f3n a equipo de producci\u00f3n de pellets o producci\u00f3n t\u00e9rmica.<\/p>\n<h3>Sistema de Arrastre<\/h3>\n<p>Para distribuci\u00f3n y apilado del combustible en la totalidad del silo. Compuesto por un equipo a\u00e9reo deslizante sobre gu\u00edas con basculante de distribuci\u00f3n fijado en estructura superior del silo de almacenamiento para un recorrido de 12 metros longitudinales posicionados para la m\u00e1xima efectividad y dar cobertura a los requerimientos de suministro del sistema de transporte previsto (acumulaci\u00f3n inclusive). <\/p>\n<p>El propio sistema se encarga de la detecci\u00f3n del estado de carga en toda la superficie y ajusta su funcionamiento seg\u00fan los registros transferidos (ya sea de forma conjunta o alterna en funci\u00f3n de la programaci\u00f3n realizada para el cliente).<\/p>\n<p>&nbsp;<\/p>\n<h3>Aplicaciones:<\/h3>\n<ul>\n<li>Almacenamiento de materia prima para producci\u00f3n de pellet para apilar en almacenes.<\/li>\n<li>Alimentaci\u00f3n de secaderos.<\/li>\n<li>Mejora la eficiencia del proceso al evitar interrupciones por falta de material.<\/li>\n<li>Optimiza el tiempo y reduce el esfuerzo del personal en procesos de carga del material.<\/li>\n<\/ul>\n","protected":false},"featured_media":102881,"template":"","meta":{"_et_pb_use_builder":"","_et_pb_old_content":"","_et_gb_content_width":""},"product_brand":[],"product_cat":[97],"product_tag":[],"class_list":{"0":"post-102887","1":"product","2":"type-product","3":"status-publish","4":"has-post-thumbnail","6":"product_cat-mas-soluciones","8":"first","9":"instock","10":"shipping-taxable","11":"product-type-simple"},"yoast_head":"<!-- This site is optimized with the Yoast SEO plugin v27.4 - https:\/\/yoast.com\/product\/yoast-seo-wordpress\/ -->\n<title>GreenLoader: Sistema Autom\u00e1tico de Almacenamiento de Biomasa | Ecofricalia<\/title>\n<meta name=\"description\" content=\"Descubre el GreenLoader, sistema de transporte a\u00e9reo para silos de biomasa. Automatiza la alimentaci\u00f3n de tu planta de pellets, optimiza espacio y reduce costes. Certificaci\u00f3n ATEX.\" \/>\n<meta name=\"robots\" content=\"index, follow, max-snippet:-1, max-image-preview:large, max-video-preview:-1\" \/>\n<link rel=\"canonical\" href=\"https:\/\/peletizadoras.net\/es-ar\/catalogo-maquinas-proceso-peletizado\/mas-soluciones\/greenloader\/\" \/>\n<meta property=\"og:locale\" content=\"es_ES\" \/>\n<meta property=\"og:type\" content=\"article\" \/>\n<meta property=\"og:title\" content=\"GreenLoader: Sistema Autom\u00e1tico de Almacenamiento de Biomasa | Ecofricalia\" \/>\n<meta property=\"og:description\" content=\"Descubre el GreenLoader, sistema de transporte a\u00e9reo para silos de biomasa. Automatiza la alimentaci\u00f3n de tu planta de pellets, optimiza espacio y reduce costes. Certificaci\u00f3n ATEX.\" \/>\n<meta property=\"og:url\" content=\"https:\/\/peletizadoras.net\/es-ar\/catalogo-maquinas-proceso-peletizado\/mas-soluciones\/greenloader\/\" \/>\n<meta property=\"og:site_name\" content=\"Ecofricalia. Soluciones Integrales para la Producci\u00f3n de Pellet\" \/>\n<meta property=\"article:publisher\" content=\"https:\/\/www.facebook.com\/EcofricaliaSostenible\" \/>\n<meta property=\"og:image\" content=\"https:\/\/peletizadoras.net\/wp-content\/uploads\/2025\/11\/sistema-transporte-aereo-biomasa-greenloader.webp\" \/>\n\t<meta property=\"og:image:width\" content=\"1024\" \/>\n\t<meta property=\"og:image:height\" content=\"768\" \/>\n\t<meta property=\"og:image:type\" content=\"image\/webp\" \/>\n<meta name=\"twitter:card\" content=\"summary_large_image\" \/>\n<meta name=\"twitter:site\" content=\"@_ecofricalia\" \/>\n<script type=\"application\/ld+json\" class=\"yoast-schema-graph\">{\"@context\":\"https:\\\/\\\/schema.org\",\"@graph\":[{\"@type\":\"WebPage\",\"@id\":\"https:\\\/\\\/peletizadoras.net\\\/es-ar\\\/catalogo-maquinas-proceso-peletizado\\\/mas-soluciones\\\/greenloader\\\/\",\"url\":\"https:\\\/\\\/peletizadoras.net\\\/es-ar\\\/catalogo-maquinas-proceso-peletizado\\\/mas-soluciones\\\/greenloader\\\/\",\"name\":\"GreenLoader: Sistema Autom\u00e1tico de Almacenamiento de Biomasa | Ecofricalia\",\"isPartOf\":{\"@id\":\"https:\\\/\\\/peletizadoras.net\\\/es-ar\\\/#website\"},\"primaryImageOfPage\":{\"@id\":\"https:\\\/\\\/peletizadoras.net\\\/es-ar\\\/catalogo-maquinas-proceso-peletizado\\\/mas-soluciones\\\/greenloader\\\/#primaryimage\"},\"image\":{\"@id\":\"https:\\\/\\\/peletizadoras.net\\\/es-ar\\\/catalogo-maquinas-proceso-peletizado\\\/mas-soluciones\\\/greenloader\\\/#primaryimage\"},\"thumbnailUrl\":\"https:\\\/\\\/peletizadoras.net\\\/wp-content\\\/uploads\\\/2025\\\/11\\\/sistema-transporte-aereo-biomasa-greenloader.webp\",\"datePublished\":\"2025-11-27T16:11:51+00:00\",\"description\":\"Descubre el GreenLoader, sistema de transporte a\u00e9reo para silos de biomasa. Automatiza la alimentaci\u00f3n de tu planta de pellets, optimiza espacio y reduce costes. Certificaci\u00f3n ATEX.\",\"breadcrumb\":{\"@id\":\"https:\\\/\\\/peletizadoras.net\\\/es-ar\\\/catalogo-maquinas-proceso-peletizado\\\/mas-soluciones\\\/greenloader\\\/#breadcrumb\"},\"inLanguage\":\"es-AR\",\"potentialAction\":[{\"@type\":\"ReadAction\",\"target\":[\"https:\\\/\\\/peletizadoras.net\\\/es-ar\\\/catalogo-maquinas-proceso-peletizado\\\/mas-soluciones\\\/greenloader\\\/\"]}]},{\"@type\":\"ImageObject\",\"inLanguage\":\"es-AR\",\"@id\":\"https:\\\/\\\/peletizadoras.net\\\/es-ar\\\/catalogo-maquinas-proceso-peletizado\\\/mas-soluciones\\\/greenloader\\\/#primaryimage\",\"url\":\"https:\\\/\\\/peletizadoras.net\\\/wp-content\\\/uploads\\\/2025\\\/11\\\/sistema-transporte-aereo-biomasa-greenloader.webp\",\"contentUrl\":\"https:\\\/\\\/peletizadoras.net\\\/wp-content\\\/uploads\\\/2025\\\/11\\\/sistema-transporte-aereo-biomasa-greenloader.webp\",\"width\":1024,\"height\":768,\"caption\":\"Dise\u00f1o 3D del sistema GreenLoader: transporte a\u00e9reo y almacenamiento autom\u00e1tico para silos de biomasa.\"},{\"@type\":\"BreadcrumbList\",\"@id\":\"https:\\\/\\\/peletizadoras.net\\\/es-ar\\\/catalogo-maquinas-proceso-peletizado\\\/mas-soluciones\\\/greenloader\\\/#breadcrumb\",\"itemListElement\":[{\"@type\":\"ListItem\",\"position\":1,\"name\":\"Portada\",\"item\":\"https:\\\/\\\/peletizadoras.net\\\/es-ar\\\/pagina-de-inicio\\\/\"},{\"@type\":\"ListItem\",\"position\":2,\"name\":\"Tienda\",\"item\":\"https:\\\/\\\/peletizadoras.net\\\/tienda\\\/\"},{\"@type\":\"ListItem\",\"position\":3,\"name\":\"Greenloader\"}]},{\"@type\":\"WebSite\",\"@id\":\"https:\\\/\\\/peletizadoras.net\\\/es-ar\\\/#website\",\"url\":\"https:\\\/\\\/peletizadoras.net\\\/es-ar\\\/\",\"name\":\"Ecofricalia. Soluciones Integrales para la Producci\u00f3n de Pellet\",\"description\":\"Plantas y L\u00edneas industriales de peletizaci\u00f3n y m\u00e1quinas de fabricaci\u00f3n de pellet\",\"publisher\":{\"@id\":\"https:\\\/\\\/peletizadoras.net\\\/es-ar\\\/#organization\"},\"potentialAction\":[{\"@type\":\"SearchAction\",\"target\":{\"@type\":\"EntryPoint\",\"urlTemplate\":\"https:\\\/\\\/peletizadoras.net\\\/es-ar\\\/?s={search_term_string}\"},\"query-input\":{\"@type\":\"PropertyValueSpecification\",\"valueRequired\":true,\"valueName\":\"search_term_string\"}}],\"inLanguage\":\"es-AR\"},{\"@type\":\"Organization\",\"@id\":\"https:\\\/\\\/peletizadoras.net\\\/es-ar\\\/#organization\",\"name\":\"Ecofricalia. Soluciones Integrales para la Producci\u00f3n de Pellet\",\"url\":\"https:\\\/\\\/peletizadoras.net\\\/es-ar\\\/\",\"logo\":{\"@type\":\"ImageObject\",\"inLanguage\":\"es-AR\",\"@id\":\"https:\\\/\\\/peletizadoras.net\\\/es-ar\\\/#\\\/schema\\\/logo\\\/image\\\/\",\"url\":\"https:\\\/\\\/peletizadoras.net\\\/wp-content\\\/uploads\\\/2025\\\/05\\\/logo-ecofricalia-tapasweb.png\",\"contentUrl\":\"https:\\\/\\\/peletizadoras.net\\\/wp-content\\\/uploads\\\/2025\\\/05\\\/logo-ecofricalia-tapasweb.png\",\"width\":881,\"height\":418,\"caption\":\"Ecofricalia. Soluciones Integrales para la Producci\u00f3n de Pellet\"},\"image\":{\"@id\":\"https:\\\/\\\/peletizadoras.net\\\/es-ar\\\/#\\\/schema\\\/logo\\\/image\\\/\"},\"sameAs\":[\"https:\\\/\\\/www.facebook.com\\\/EcofricaliaSostenible\",\"https:\\\/\\\/x.com\\\/_ecofricalia\",\"https:\\\/\\\/www.youtube.com\\\/channel\\\/UCCvdG5pWUGvH4G5wP8TXuPw\",\"https:\\\/\\\/www.instagram.com\\\/ecofricalia_sostenible\\\/\"]}]}<\/script>\n<!-- \/ Yoast SEO plugin. -->","yoast_head_json":{"title":"GreenLoader: Sistema Autom\u00e1tico de Almacenamiento de Biomasa | Ecofricalia","description":"Descubre el GreenLoader, sistema de transporte a\u00e9reo para silos de biomasa. Automatiza la alimentaci\u00f3n de tu planta de pellets, optimiza espacio y reduce costes. Certificaci\u00f3n ATEX.","robots":{"index":"index","follow":"follow","max-snippet":"max-snippet:-1","max-image-preview":"max-image-preview:large","max-video-preview":"max-video-preview:-1"},"canonical":"https:\/\/peletizadoras.net\/es-ar\/catalogo-maquinas-proceso-peletizado\/mas-soluciones\/greenloader\/","og_locale":"es_ES","og_type":"article","og_title":"GreenLoader: Sistema Autom\u00e1tico de Almacenamiento de Biomasa | Ecofricalia","og_description":"Descubre el GreenLoader, sistema de transporte a\u00e9reo para silos de biomasa. Automatiza la alimentaci\u00f3n de tu planta de pellets, optimiza espacio y reduce costes. Certificaci\u00f3n ATEX.","og_url":"https:\/\/peletizadoras.net\/es-ar\/catalogo-maquinas-proceso-peletizado\/mas-soluciones\/greenloader\/","og_site_name":"Ecofricalia. Soluciones Integrales para la Producci\u00f3n de Pellet","article_publisher":"https:\/\/www.facebook.com\/EcofricaliaSostenible","og_image":[{"width":1024,"height":768,"url":"https:\/\/peletizadoras.net\/wp-content\/uploads\/2025\/11\/sistema-transporte-aereo-biomasa-greenloader.webp","type":"image\/webp"}],"twitter_card":"summary_large_image","twitter_site":"@_ecofricalia","schema":{"@context":"https:\/\/schema.org","@graph":[{"@type":"WebPage","@id":"https:\/\/peletizadoras.net\/es-ar\/catalogo-maquinas-proceso-peletizado\/mas-soluciones\/greenloader\/","url":"https:\/\/peletizadoras.net\/es-ar\/catalogo-maquinas-proceso-peletizado\/mas-soluciones\/greenloader\/","name":"GreenLoader: Sistema Autom\u00e1tico de Almacenamiento de Biomasa | Ecofricalia","isPartOf":{"@id":"https:\/\/peletizadoras.net\/es-ar\/#website"},"primaryImageOfPage":{"@id":"https:\/\/peletizadoras.net\/es-ar\/catalogo-maquinas-proceso-peletizado\/mas-soluciones\/greenloader\/#primaryimage"},"image":{"@id":"https:\/\/peletizadoras.net\/es-ar\/catalogo-maquinas-proceso-peletizado\/mas-soluciones\/greenloader\/#primaryimage"},"thumbnailUrl":"https:\/\/peletizadoras.net\/wp-content\/uploads\/2025\/11\/sistema-transporte-aereo-biomasa-greenloader.webp","datePublished":"2025-11-27T16:11:51+00:00","description":"Descubre el GreenLoader, sistema de transporte a\u00e9reo para silos de biomasa. Automatiza la alimentaci\u00f3n de tu planta de pellets, optimiza espacio y reduce costes. Certificaci\u00f3n ATEX.","breadcrumb":{"@id":"https:\/\/peletizadoras.net\/es-ar\/catalogo-maquinas-proceso-peletizado\/mas-soluciones\/greenloader\/#breadcrumb"},"inLanguage":"es-AR","potentialAction":[{"@type":"ReadAction","target":["https:\/\/peletizadoras.net\/es-ar\/catalogo-maquinas-proceso-peletizado\/mas-soluciones\/greenloader\/"]}]},{"@type":"ImageObject","inLanguage":"es-AR","@id":"https:\/\/peletizadoras.net\/es-ar\/catalogo-maquinas-proceso-peletizado\/mas-soluciones\/greenloader\/#primaryimage","url":"https:\/\/peletizadoras.net\/wp-content\/uploads\/2025\/11\/sistema-transporte-aereo-biomasa-greenloader.webp","contentUrl":"https:\/\/peletizadoras.net\/wp-content\/uploads\/2025\/11\/sistema-transporte-aereo-biomasa-greenloader.webp","width":1024,"height":768,"caption":"Dise\u00f1o 3D del sistema GreenLoader: transporte a\u00e9reo y almacenamiento autom\u00e1tico para silos de biomasa."},{"@type":"BreadcrumbList","@id":"https:\/\/peletizadoras.net\/es-ar\/catalogo-maquinas-proceso-peletizado\/mas-soluciones\/greenloader\/#breadcrumb","itemListElement":[{"@type":"ListItem","position":1,"name":"Portada","item":"https:\/\/peletizadoras.net\/es-ar\/pagina-de-inicio\/"},{"@type":"ListItem","position":2,"name":"Tienda","item":"https:\/\/peletizadoras.net\/tienda\/"},{"@type":"ListItem","position":3,"name":"Greenloader"}]},{"@type":"WebSite","@id":"https:\/\/peletizadoras.net\/es-ar\/#website","url":"https:\/\/peletizadoras.net\/es-ar\/","name":"Ecofricalia. Soluciones Integrales para la Producci\u00f3n de Pellet","description":"Plantas y L\u00edneas industriales de peletizaci\u00f3n y m\u00e1quinas de fabricaci\u00f3n de pellet","publisher":{"@id":"https:\/\/peletizadoras.net\/es-ar\/#organization"},"potentialAction":[{"@type":"SearchAction","target":{"@type":"EntryPoint","urlTemplate":"https:\/\/peletizadoras.net\/es-ar\/?s={search_term_string}"},"query-input":{"@type":"PropertyValueSpecification","valueRequired":true,"valueName":"search_term_string"}}],"inLanguage":"es-AR"},{"@type":"Organization","@id":"https:\/\/peletizadoras.net\/es-ar\/#organization","name":"Ecofricalia. Soluciones Integrales para la Producci\u00f3n de Pellet","url":"https:\/\/peletizadoras.net\/es-ar\/","logo":{"@type":"ImageObject","inLanguage":"es-AR","@id":"https:\/\/peletizadoras.net\/es-ar\/#\/schema\/logo\/image\/","url":"https:\/\/peletizadoras.net\/wp-content\/uploads\/2025\/05\/logo-ecofricalia-tapasweb.png","contentUrl":"https:\/\/peletizadoras.net\/wp-content\/uploads\/2025\/05\/logo-ecofricalia-tapasweb.png","width":881,"height":418,"caption":"Ecofricalia. Soluciones Integrales para la Producci\u00f3n de Pellet"},"image":{"@id":"https:\/\/peletizadoras.net\/es-ar\/#\/schema\/logo\/image\/"},"sameAs":["https:\/\/www.facebook.com\/EcofricaliaSostenible","https:\/\/x.com\/_ecofricalia","https:\/\/www.youtube.com\/channel\/UCCvdG5pWUGvH4G5wP8TXuPw","https:\/\/www.instagram.com\/ecofricalia_sostenible\/"]}]}},"_links":{"self":[{"href":"https:\/\/peletizadoras.net\/es-ar\/wp-json\/wp\/v2\/product\/102887","targetHints":{"allow":["GET"]}}],"collection":[{"href":"https:\/\/peletizadoras.net\/es-ar\/wp-json\/wp\/v2\/product"}],"about":[{"href":"https:\/\/peletizadoras.net\/es-ar\/wp-json\/wp\/v2\/types\/product"}],"wp:featuredmedia":[{"embeddable":true,"href":"https:\/\/peletizadoras.net\/es-ar\/wp-json\/wp\/v2\/media\/102881"}],"wp:attachment":[{"href":"https:\/\/peletizadoras.net\/es-ar\/wp-json\/wp\/v2\/media?parent=102887"}],"wp:term":[{"taxonomy":"product_brand","embeddable":true,"href":"https:\/\/peletizadoras.net\/es-ar\/wp-json\/wp\/v2\/product_brand?post=102887"},{"taxonomy":"product_cat","embeddable":true,"href":"https:\/\/peletizadoras.net\/es-ar\/wp-json\/wp\/v2\/product_cat?post=102887"},{"taxonomy":"product_tag","embeddable":true,"href":"https:\/\/peletizadoras.net\/es-ar\/wp-json\/wp\/v2\/product_tag?post=102887"}],"curies":[{"name":"wp","href":"https:\/\/api.w.org\/{rel}","templated":true}]}}