{"id":103316,"date":"2025-02-23T14:05:12","date_gmt":"2025-02-23T13:05:12","guid":{"rendered":"https:\/\/peletizadoras.net\/catalogo-maquinas-proceso-peletizado\/sem categoria\/moinhos-refinadores-serie-rc\/"},"modified":"2025-02-23T14:05:12","modified_gmt":"2025-02-23T13:05:12","slug":"moinhos-refinadores-serie-rc","status":"publish","type":"product","link":"https:\/\/peletizadoras.net\/pt-pt\/catalogo-maquinas-proceso-peletizado\/equipamentos-industriais\/equipamentos-individuais\/moinhos-refinadores-serie-rc\/","title":{"rendered":"Moinhos Refinadores S\u00e9rie RC"},"content":{"rendered":"","protected":false},"excerpt":{"rendered":"<p>SOLU\u00c7\u00d5ES COMPACTAS E DE ALTO RENDIMENTO PARA PELETIZA\u00c7\u00c3O OU REDU\u00c7\u00c3O DE GRANULOMETRIA DO MATERIAL PARA OUTROS PROCESSOS PRODUTIVOS<\/p>\n<p>Os refinadores da s\u00e9rie RC foram projetados para otimizar a prepara\u00e7\u00e3o de material pr\u00e9via a processos de peletiza\u00e7\u00e3o ou outros processos produtivos nos quais seja necess\u00e1rio reduzir o tamanho do material, garantindo um tamanho homog\u00e9neo e um equil\u00edbrio ideal de humidade e aglomerantes (adicionados previamente nos processos de pr\u00e9-peletiza\u00e7\u00e3o).<\/p>\n<p>O seu design modular e robusto permite a sua incorpora\u00e7\u00e3o em configura\u00e7\u00f5es industriais de pequena e m\u00e9dia escala, adaptando-se \u00e0s necessidades espec\u00edficas de cada cliente.<\/p>\n<p>\u00c9 imprescind\u00edvel conectar os refinadores com sistemas de aspira\u00e7\u00e3o adequados \u00e0 sua capacidade para uma correta circula\u00e7\u00e3o do material.<\/p>\n<h3>Caracter\u00edsticas principais:<\/h3>\n<ul>\n<li><strong>Versatilidade e Adaptabilidade: <\/strong>Equipados com rotores de alta qualidade e uma ampla gama de peneiras intercambi\u00e1veis para ajustar a refina\u00e7\u00e3o segundo as caracter\u00edsticas do material.<\/li>\n<li><strong>Efici\u00eancia no Uso do Espa\u00e7o: <\/strong>O seu design compacto nos modelos inferiores permite configura\u00e7\u00f5es em instala\u00e7\u00f5es reduzidas sem comprometer o rendimento.<\/li>\n<li><strong>Material Homog\u00e9neo e de Qualidade: <\/strong>Transformam madeira e outros materiais dando lugar a um produto final uniforme e de alta qualidade, resultando num tamanho de material ideal para a peletiza\u00e7\u00e3o ou outros processos produtivos (dependendo da peneira ou da finalidade do material).<\/li>\n<li><strong>Compatibilidade Industrial: <\/strong>Integra\u00e7\u00e3o eficiente com sistemas de transporte e carga em configura\u00e7\u00f5es de peletiza\u00e7\u00e3o, como o Carregador CRT100.<\/li>\n<\/ul>\n<h3>Op\u00e7\u00f5es Dispon\u00edveis:<\/h3>\n<p>Cada modelo da s\u00e9rie RC oferece caracter\u00edsticas espec\u00edficas para diferentes escalas de produ\u00e7\u00e3o:<\/p>\n<ul>\n<li><strong>RC300: <\/strong>O modelo mais compacto da gama, projetado com capacidade de produ\u00e7\u00e3o adequada para alimentar a peletizadora PLT200 (Produ\u00e7\u00e3o hor\u00e1ria entre 80 e 150 kg). Com a sua instala\u00e7\u00e3o sobre o carregador CRT100 (conectado \u00e0 aspira\u00e7\u00e3o), \u00e9 a solu\u00e7\u00e3o ideal para otimizar o espa\u00e7o ao m\u00e1ximo em instala\u00e7\u00f5es de produ\u00e7\u00e3o m\u00e9dia, facilitando a automatiza\u00e7\u00e3o do processo. <\/li>\n<li>RC400: Projetado especificamente para ser instalado sobre o carregador CRT100, com uma capacidade de produ\u00e7\u00e3o para alimentar material \u00e0s peletizadoras PLT400 \/ PLT800 (produ\u00e7\u00f5es de entre 150 e 400 kg por hora, ideal para Planta m\u00e9dia 1, planta m\u00e9dia 2 ou planta m\u00e9dia C). \u00c9 a solu\u00e7\u00e3o ideal para otimizar o espa\u00e7o ao m\u00e1ximo em instala\u00e7\u00f5es de m\u00e9dia produ\u00e7\u00e3o, facilitando a automatiza\u00e7\u00e3o do processo. <\/li>\n<li>RC1000: Projetado para opera\u00e7\u00f5es de maior capacidade (400-1500 kg\/h), compat\u00edvel com plantas de peletiza\u00e7\u00e3o completas, assegurando um alto rendimento com as peletizadoras PLT1000 ou PLT2000.<\/li>\n<\/ul>\n<p>*As produ\u00e7\u00f5es informadas dependem do tipo de material, suas dimens\u00f5es e a peneira utilizada.<\/p>\n<h3>Aplica\u00e7\u00f5es comuns:<\/h3>\n<ul>\n<li>Redu\u00e7\u00e3o da granulometria (refina\u00e7\u00e3o) na prepara\u00e7\u00e3o pr\u00e9via de materiais como madeira e outros, destinado a processos de peletiza\u00e7\u00e3o (ou outros usos industriais).<\/li>\n<li>Homogeneiza\u00e7\u00e3o do material com a humidade e o aditivo adicionados previamente.<\/li>\n<li>Refinador imprescind\u00edvel para o pr\u00e9-condicionamento do material em uma produ\u00e7\u00e3o industrial de pellets destinados a diferentes usos (energ\u00e9ticos, agr\u00edcolas ou industriais).<\/li>\n<\/ul>\n<h3>Vantagens Competitivas:<\/h3>\n<ul>\n<li>M\u00e1xima flexibilidade para adaptar-se a diferentes tipos de materiais e necessidades.<\/li>\n<li>Respaldo t\u00e9cnico e suporte p\u00f3s-venda garantidos pela Ecofricalia.<\/li>\n<li>Cumprimento com padr\u00f5es de sustentabilidade, efici\u00eancia energ\u00e9tica e qualidade europeia.<\/li>\n<\/ul>\n","protected":false},"featured_media":103309,"template":"","meta":{"_et_pb_use_builder":"","_et_pb_old_content":"","_et_gb_content_width":""},"product_brand":[],"product_cat":[151,145],"product_tag":[],"class_list":{"0":"post-103316","1":"product","2":"type-product","3":"status-publish","4":"has-post-thumbnail","6":"product_cat-equipamentos-individuais","7":"product_cat-equipamentos-industriais","9":"first","10":"instock","11":"shipping-taxable","12":"product-type-simple"},"yoast_head":"<!-- This site is optimized with the Yoast SEO plugin v27.4 - https:\/\/yoast.com\/product\/yoast-seo-wordpress\/ -->\n<title>Refinadores RC para Peletiza\u00e7\u00e3o | RC300, RC400 e RC1000 - Ecofricalia<\/title>\n<meta name=\"description\" content=\"Descubra os refinadores RC, incluindo os modelos RC300, RC400 e RC1000. M\u00e1xima efici\u00eancia e versatilidade na prepara\u00e7\u00e3o de madeira para peletiza\u00e7\u00e3o. Ideal para configura\u00e7\u00f5es compactas e industriais.\" \/>\n<meta name=\"robots\" content=\"index, follow, max-snippet:-1, max-image-preview:large, max-video-preview:-1\" \/>\n<link rel=\"canonical\" href=\"https:\/\/peletizadoras.net\/pt-pt\/catalogo-maquinas-proceso-peletizado\/equipamentos-industriais\/equipamentos-individuais\/moinhos-refinadores-serie-rc\/\" \/>\n<meta property=\"og:locale\" content=\"pt_PT\" \/>\n<meta property=\"og:type\" content=\"article\" \/>\n<meta property=\"og:title\" content=\"Refinadores RC para Peletiza\u00e7\u00e3o | RC300, RC400 e RC1000 - Ecofricalia\" \/>\n<meta property=\"og:description\" content=\"Descubra os refinadores RC, incluindo os modelos RC300, RC400 e RC1000. M\u00e1xima efici\u00eancia e versatilidade na prepara\u00e7\u00e3o de madeira para peletiza\u00e7\u00e3o. Ideal para configura\u00e7\u00f5es compactas e industriais.\" \/>\n<meta property=\"og:url\" content=\"https:\/\/peletizadoras.net\/pt-pt\/catalogo-maquinas-proceso-peletizado\/equipamentos-industriais\/equipamentos-individuais\/moinhos-refinadores-serie-rc\/\" \/>\n<meta property=\"og:site_name\" content=\"Ecofricalia. Soluciones Integrales para la Producci\u00f3n de Pellet\" \/>\n<meta property=\"article:publisher\" content=\"https:\/\/www.facebook.com\/EcofricaliaSostenible\" \/>\n<meta property=\"og:image\" content=\"https:\/\/peletizadoras.net\/wp-content\/uploads\/2025\/02\/molinos-refinadores-serie-rc-ecofricalia.webp\" \/>\n\t<meta property=\"og:image:width\" content=\"1024\" \/>\n\t<meta property=\"og:image:height\" content=\"768\" \/>\n\t<meta property=\"og:image:type\" content=\"image\/webp\" \/>\n<meta name=\"twitter:card\" content=\"summary_large_image\" \/>\n<meta name=\"twitter:site\" content=\"@_ecofricalia\" \/>\n<script type=\"application\/ld+json\" class=\"yoast-schema-graph\">{\"@context\":\"https:\\\/\\\/schema.org\",\"@graph\":[{\"@type\":\"WebPage\",\"@id\":\"https:\\\/\\\/peletizadoras.net\\\/pt-pt\\\/catalogo-maquinas-proceso-peletizado\\\/equipamentos-industriais\\\/equipamentos-individuais\\\/moinhos-refinadores-serie-rc\\\/\",\"url\":\"https:\\\/\\\/peletizadoras.net\\\/pt-pt\\\/catalogo-maquinas-proceso-peletizado\\\/equipamentos-industriais\\\/equipamentos-individuais\\\/moinhos-refinadores-serie-rc\\\/\",\"name\":\"Refinadores RC para Peletiza\u00e7\u00e3o | RC300, RC400 e RC1000 - Ecofricalia\",\"isPartOf\":{\"@id\":\"https:\\\/\\\/peletizadoras.net\\\/pt-pt\\\/#website\"},\"primaryImageOfPage\":{\"@id\":\"https:\\\/\\\/peletizadoras.net\\\/pt-pt\\\/catalogo-maquinas-proceso-peletizado\\\/equipamentos-industriais\\\/equipamentos-individuais\\\/moinhos-refinadores-serie-rc\\\/#primaryimage\"},\"image\":{\"@id\":\"https:\\\/\\\/peletizadoras.net\\\/pt-pt\\\/catalogo-maquinas-proceso-peletizado\\\/equipamentos-industriais\\\/equipamentos-individuais\\\/moinhos-refinadores-serie-rc\\\/#primaryimage\"},\"thumbnailUrl\":\"https:\\\/\\\/peletizadoras.net\\\/wp-content\\\/uploads\\\/2025\\\/02\\\/molinos-refinadores-serie-rc-ecofricalia.webp\",\"datePublished\":\"2025-02-23T13:05:12+00:00\",\"description\":\"Descubra os refinadores RC, incluindo os modelos RC300, RC400 e RC1000. M\u00e1xima efici\u00eancia e versatilidade na prepara\u00e7\u00e3o de madeira para peletiza\u00e7\u00e3o. Ideal para configura\u00e7\u00f5es compactas e industriais.\",\"breadcrumb\":{\"@id\":\"https:\\\/\\\/peletizadoras.net\\\/pt-pt\\\/catalogo-maquinas-proceso-peletizado\\\/equipamentos-industriais\\\/equipamentos-individuais\\\/moinhos-refinadores-serie-rc\\\/#breadcrumb\"},\"inLanguage\":\"pt-PT\",\"potentialAction\":[{\"@type\":\"ReadAction\",\"target\":[\"https:\\\/\\\/peletizadoras.net\\\/pt-pt\\\/catalogo-maquinas-proceso-peletizado\\\/equipamentos-industriais\\\/equipamentos-individuais\\\/moinhos-refinadores-serie-rc\\\/\"]}]},{\"@type\":\"ImageObject\",\"inLanguage\":\"pt-PT\",\"@id\":\"https:\\\/\\\/peletizadoras.net\\\/pt-pt\\\/catalogo-maquinas-proceso-peletizado\\\/equipamentos-industriais\\\/equipamentos-individuais\\\/moinhos-refinadores-serie-rc\\\/#primaryimage\",\"url\":\"https:\\\/\\\/peletizadoras.net\\\/wp-content\\\/uploads\\\/2025\\\/02\\\/molinos-refinadores-serie-rc-ecofricalia.webp\",\"contentUrl\":\"https:\\\/\\\/peletizadoras.net\\\/wp-content\\\/uploads\\\/2025\\\/02\\\/molinos-refinadores-serie-rc-ecofricalia.webp\",\"width\":1024,\"height\":768,\"caption\":\"Moinhos Refinadores S\u00e9rie RC para peletiza\u00e7\u00e3o ou redu\u00e7\u00e3o de granulometria do material para outros processos produtivos\"},{\"@type\":\"BreadcrumbList\",\"@id\":\"https:\\\/\\\/peletizadoras.net\\\/pt-pt\\\/catalogo-maquinas-proceso-peletizado\\\/equipamentos-industriais\\\/equipamentos-individuais\\\/moinhos-refinadores-serie-rc\\\/#breadcrumb\",\"itemListElement\":[{\"@type\":\"ListItem\",\"position\":1,\"name\":\"Portada\",\"item\":\"https:\\\/\\\/peletizadoras.net\\\/pt-pt\\\/pagina-de-inicio\\\/\"},{\"@type\":\"ListItem\",\"position\":2,\"name\":\"Tienda\",\"item\":\"https:\\\/\\\/peletizadoras.net\\\/tienda\\\/\"},{\"@type\":\"ListItem\",\"position\":3,\"name\":\"Moinhos Refinadores S\u00e9rie RC\"}]},{\"@type\":\"WebSite\",\"@id\":\"https:\\\/\\\/peletizadoras.net\\\/pt-pt\\\/#website\",\"url\":\"https:\\\/\\\/peletizadoras.net\\\/pt-pt\\\/\",\"name\":\"Ecofricalia. Soluciones Integrales para la Producci\u00f3n de Pellet\",\"description\":\"Plantas y L\u00edneas industriales de peletizaci\u00f3n y m\u00e1quinas de fabricaci\u00f3n de pellet\",\"publisher\":{\"@id\":\"https:\\\/\\\/peletizadoras.net\\\/pt-pt\\\/#organization\"},\"potentialAction\":[{\"@type\":\"SearchAction\",\"target\":{\"@type\":\"EntryPoint\",\"urlTemplate\":\"https:\\\/\\\/peletizadoras.net\\\/pt-pt\\\/?s={search_term_string}\"},\"query-input\":{\"@type\":\"PropertyValueSpecification\",\"valueRequired\":true,\"valueName\":\"search_term_string\"}}],\"inLanguage\":\"pt-PT\"},{\"@type\":\"Organization\",\"@id\":\"https:\\\/\\\/peletizadoras.net\\\/pt-pt\\\/#organization\",\"name\":\"Ecofricalia. Soluciones Integrales para la Producci\u00f3n de Pellet\",\"url\":\"https:\\\/\\\/peletizadoras.net\\\/pt-pt\\\/\",\"logo\":{\"@type\":\"ImageObject\",\"inLanguage\":\"pt-PT\",\"@id\":\"https:\\\/\\\/peletizadoras.net\\\/pt-pt\\\/#\\\/schema\\\/logo\\\/image\\\/\",\"url\":\"https:\\\/\\\/peletizadoras.net\\\/wp-content\\\/uploads\\\/2025\\\/05\\\/logo-ecofricalia-tapasweb.png\",\"contentUrl\":\"https:\\\/\\\/peletizadoras.net\\\/wp-content\\\/uploads\\\/2025\\\/05\\\/logo-ecofricalia-tapasweb.png\",\"width\":881,\"height\":418,\"caption\":\"Ecofricalia. Soluciones Integrales para la Producci\u00f3n de Pellet\"},\"image\":{\"@id\":\"https:\\\/\\\/peletizadoras.net\\\/pt-pt\\\/#\\\/schema\\\/logo\\\/image\\\/\"},\"sameAs\":[\"https:\\\/\\\/www.facebook.com\\\/EcofricaliaSostenible\",\"https:\\\/\\\/x.com\\\/_ecofricalia\",\"https:\\\/\\\/www.youtube.com\\\/channel\\\/UCCvdG5pWUGvH4G5wP8TXuPw\",\"https:\\\/\\\/www.instagram.com\\\/ecofricalia_sostenible\\\/\"]}]}<\/script>\n<!-- \/ Yoast SEO plugin. -->","yoast_head_json":{"title":"Refinadores RC para Peletiza\u00e7\u00e3o | RC300, RC400 e RC1000 - Ecofricalia","description":"Descubra os refinadores RC, incluindo os modelos RC300, RC400 e RC1000. M\u00e1xima efici\u00eancia e versatilidade na prepara\u00e7\u00e3o de madeira para peletiza\u00e7\u00e3o. Ideal para configura\u00e7\u00f5es compactas e industriais.","robots":{"index":"index","follow":"follow","max-snippet":"max-snippet:-1","max-image-preview":"max-image-preview:large","max-video-preview":"max-video-preview:-1"},"canonical":"https:\/\/peletizadoras.net\/pt-pt\/catalogo-maquinas-proceso-peletizado\/equipamentos-industriais\/equipamentos-individuais\/moinhos-refinadores-serie-rc\/","og_locale":"pt_PT","og_type":"article","og_title":"Refinadores RC para Peletiza\u00e7\u00e3o | RC300, RC400 e RC1000 - Ecofricalia","og_description":"Descubra os refinadores RC, incluindo os modelos RC300, RC400 e RC1000. M\u00e1xima efici\u00eancia e versatilidade na prepara\u00e7\u00e3o de madeira para peletiza\u00e7\u00e3o. Ideal para configura\u00e7\u00f5es compactas e industriais.","og_url":"https:\/\/peletizadoras.net\/pt-pt\/catalogo-maquinas-proceso-peletizado\/equipamentos-industriais\/equipamentos-individuais\/moinhos-refinadores-serie-rc\/","og_site_name":"Ecofricalia. Soluciones Integrales para la Producci\u00f3n de Pellet","article_publisher":"https:\/\/www.facebook.com\/EcofricaliaSostenible","og_image":[{"width":1024,"height":768,"url":"https:\/\/peletizadoras.net\/wp-content\/uploads\/2025\/02\/molinos-refinadores-serie-rc-ecofricalia.webp","type":"image\/webp"}],"twitter_card":"summary_large_image","twitter_site":"@_ecofricalia","schema":{"@context":"https:\/\/schema.org","@graph":[{"@type":"WebPage","@id":"https:\/\/peletizadoras.net\/pt-pt\/catalogo-maquinas-proceso-peletizado\/equipamentos-industriais\/equipamentos-individuais\/moinhos-refinadores-serie-rc\/","url":"https:\/\/peletizadoras.net\/pt-pt\/catalogo-maquinas-proceso-peletizado\/equipamentos-industriais\/equipamentos-individuais\/moinhos-refinadores-serie-rc\/","name":"Refinadores RC para Peletiza\u00e7\u00e3o | RC300, RC400 e RC1000 - Ecofricalia","isPartOf":{"@id":"https:\/\/peletizadoras.net\/pt-pt\/#website"},"primaryImageOfPage":{"@id":"https:\/\/peletizadoras.net\/pt-pt\/catalogo-maquinas-proceso-peletizado\/equipamentos-industriais\/equipamentos-individuais\/moinhos-refinadores-serie-rc\/#primaryimage"},"image":{"@id":"https:\/\/peletizadoras.net\/pt-pt\/catalogo-maquinas-proceso-peletizado\/equipamentos-industriais\/equipamentos-individuais\/moinhos-refinadores-serie-rc\/#primaryimage"},"thumbnailUrl":"https:\/\/peletizadoras.net\/wp-content\/uploads\/2025\/02\/molinos-refinadores-serie-rc-ecofricalia.webp","datePublished":"2025-02-23T13:05:12+00:00","description":"Descubra os refinadores RC, incluindo os modelos RC300, RC400 e RC1000. M\u00e1xima efici\u00eancia e versatilidade na prepara\u00e7\u00e3o de madeira para peletiza\u00e7\u00e3o. Ideal para configura\u00e7\u00f5es compactas e industriais.","breadcrumb":{"@id":"https:\/\/peletizadoras.net\/pt-pt\/catalogo-maquinas-proceso-peletizado\/equipamentos-industriais\/equipamentos-individuais\/moinhos-refinadores-serie-rc\/#breadcrumb"},"inLanguage":"pt-PT","potentialAction":[{"@type":"ReadAction","target":["https:\/\/peletizadoras.net\/pt-pt\/catalogo-maquinas-proceso-peletizado\/equipamentos-industriais\/equipamentos-individuais\/moinhos-refinadores-serie-rc\/"]}]},{"@type":"ImageObject","inLanguage":"pt-PT","@id":"https:\/\/peletizadoras.net\/pt-pt\/catalogo-maquinas-proceso-peletizado\/equipamentos-industriais\/equipamentos-individuais\/moinhos-refinadores-serie-rc\/#primaryimage","url":"https:\/\/peletizadoras.net\/wp-content\/uploads\/2025\/02\/molinos-refinadores-serie-rc-ecofricalia.webp","contentUrl":"https:\/\/peletizadoras.net\/wp-content\/uploads\/2025\/02\/molinos-refinadores-serie-rc-ecofricalia.webp","width":1024,"height":768,"caption":"Moinhos Refinadores S\u00e9rie RC para peletiza\u00e7\u00e3o ou redu\u00e7\u00e3o de granulometria do material para outros processos produtivos"},{"@type":"BreadcrumbList","@id":"https:\/\/peletizadoras.net\/pt-pt\/catalogo-maquinas-proceso-peletizado\/equipamentos-industriais\/equipamentos-individuais\/moinhos-refinadores-serie-rc\/#breadcrumb","itemListElement":[{"@type":"ListItem","position":1,"name":"Portada","item":"https:\/\/peletizadoras.net\/pt-pt\/pagina-de-inicio\/"},{"@type":"ListItem","position":2,"name":"Tienda","item":"https:\/\/peletizadoras.net\/tienda\/"},{"@type":"ListItem","position":3,"name":"Moinhos Refinadores S\u00e9rie RC"}]},{"@type":"WebSite","@id":"https:\/\/peletizadoras.net\/pt-pt\/#website","url":"https:\/\/peletizadoras.net\/pt-pt\/","name":"Ecofricalia. Soluciones Integrales para la Producci\u00f3n de Pellet","description":"Plantas y L\u00edneas industriales de peletizaci\u00f3n y m\u00e1quinas de fabricaci\u00f3n de pellet","publisher":{"@id":"https:\/\/peletizadoras.net\/pt-pt\/#organization"},"potentialAction":[{"@type":"SearchAction","target":{"@type":"EntryPoint","urlTemplate":"https:\/\/peletizadoras.net\/pt-pt\/?s={search_term_string}"},"query-input":{"@type":"PropertyValueSpecification","valueRequired":true,"valueName":"search_term_string"}}],"inLanguage":"pt-PT"},{"@type":"Organization","@id":"https:\/\/peletizadoras.net\/pt-pt\/#organization","name":"Ecofricalia. Soluciones Integrales para la Producci\u00f3n de Pellet","url":"https:\/\/peletizadoras.net\/pt-pt\/","logo":{"@type":"ImageObject","inLanguage":"pt-PT","@id":"https:\/\/peletizadoras.net\/pt-pt\/#\/schema\/logo\/image\/","url":"https:\/\/peletizadoras.net\/wp-content\/uploads\/2025\/05\/logo-ecofricalia-tapasweb.png","contentUrl":"https:\/\/peletizadoras.net\/wp-content\/uploads\/2025\/05\/logo-ecofricalia-tapasweb.png","width":881,"height":418,"caption":"Ecofricalia. Soluciones Integrales para la Producci\u00f3n de Pellet"},"image":{"@id":"https:\/\/peletizadoras.net\/pt-pt\/#\/schema\/logo\/image\/"},"sameAs":["https:\/\/www.facebook.com\/EcofricaliaSostenible","https:\/\/x.com\/_ecofricalia","https:\/\/www.youtube.com\/channel\/UCCvdG5pWUGvH4G5wP8TXuPw","https:\/\/www.instagram.com\/ecofricalia_sostenible\/"]}]}},"_links":{"self":[{"href":"https:\/\/peletizadoras.net\/pt-pt\/wp-json\/wp\/v2\/product\/103316","targetHints":{"allow":["GET"]}}],"collection":[{"href":"https:\/\/peletizadoras.net\/pt-pt\/wp-json\/wp\/v2\/product"}],"about":[{"href":"https:\/\/peletizadoras.net\/pt-pt\/wp-json\/wp\/v2\/types\/product"}],"wp:featuredmedia":[{"embeddable":true,"href":"https:\/\/peletizadoras.net\/pt-pt\/wp-json\/wp\/v2\/media\/103309"}],"wp:attachment":[{"href":"https:\/\/peletizadoras.net\/pt-pt\/wp-json\/wp\/v2\/media?parent=103316"}],"wp:term":[{"taxonomy":"product_brand","embeddable":true,"href":"https:\/\/peletizadoras.net\/pt-pt\/wp-json\/wp\/v2\/product_brand?post=103316"},{"taxonomy":"product_cat","embeddable":true,"href":"https:\/\/peletizadoras.net\/pt-pt\/wp-json\/wp\/v2\/product_cat?post=103316"},{"taxonomy":"product_tag","embeddable":true,"href":"https:\/\/peletizadoras.net\/pt-pt\/wp-json\/wp\/v2\/product_tag?post=103316"}],"curies":[{"name":"wp","href":"https:\/\/api.w.org\/{rel}","templated":true}]}}