{"id":103344,"date":"2025-02-23T14:04:23","date_gmt":"2025-02-23T13:04:23","guid":{"rendered":"https:\/\/peletizadoras.net\/catalogo-maquinas-proceso-peletizado\/sem categoria\/kit-humidificador\/"},"modified":"2025-02-23T14:04:23","modified_gmt":"2025-02-23T13:04:23","slug":"kit-humidificador","status":"publish","type":"product","link":"https:\/\/peletizadoras.net\/pt-pt\/catalogo-maquinas-proceso-peletizado\/equipamentos-industriais\/equipamentos-individuais\/kit-humidificador\/","title":{"rendered":"Kit Humidificador"},"content":{"rendered":"","protected":false},"excerpt":{"rendered":"<p>MATERIAL ADEQUADO EM CADA MOMENTO<\/p>\n<p>Conseguir uma humidade adequada no material \u00e9 um elemento central na hora de conseguir uma correta compacta\u00e7\u00e3o. O Kit Humidificador fornece a humidade em caso de necessidade. <\/p>\n<p>Sistema regul\u00e1vel com funcionamento mediante ar comprimido. Inclui dep\u00f3sito, bomba e pulverizador. <\/p>\n<p>&nbsp;<\/p>\n","protected":false},"featured_media":103340,"template":"","meta":{"_et_pb_use_builder":"","_et_pb_old_content":"","_et_gb_content_width":""},"product_brand":[],"product_cat":[151,145],"product_tag":[],"class_list":{"0":"post-103344","1":"product","2":"type-product","3":"status-publish","4":"has-post-thumbnail","6":"product_cat-equipamentos-individuais","7":"product_cat-equipamentos-industriais","9":"first","10":"instock","11":"shipping-taxable","12":"product-type-simple"},"yoast_head":"<!-- This site is optimized with the Yoast SEO plugin v27.4 - https:\/\/yoast.com\/product\/yoast-seo-wordpress\/ -->\n<title>Kit Humidificador - Ecofricalia. Soluciones Integrales para la Producci\u00f3n de Pellet<\/title>\n<meta name=\"description\" content=\"Kit humidificador regul\u00e1vel para planta de peletiza\u00e7\u00e3o. Ajuste a humidade necess\u00e1ria no seu material e consiga uma produ\u00e7\u00e3o \u00f3tima.\" \/>\n<meta name=\"robots\" content=\"index, follow, max-snippet:-1, max-image-preview:large, max-video-preview:-1\" \/>\n<link rel=\"canonical\" href=\"https:\/\/peletizadoras.net\/pt-pt\/catalogo-maquinas-proceso-peletizado\/equipamentos-industriais\/equipamentos-individuais\/kit-humidificador\/\" \/>\n<meta property=\"og:locale\" content=\"pt_PT\" \/>\n<meta property=\"og:type\" content=\"article\" \/>\n<meta property=\"og:title\" content=\"Kit Humidificador - Ecofricalia. Soluciones Integrales para la Producci\u00f3n de Pellet\" \/>\n<meta property=\"og:description\" content=\"Kit humidificador regul\u00e1vel para planta de peletiza\u00e7\u00e3o. Ajuste a humidade necess\u00e1ria no seu material e consiga uma produ\u00e7\u00e3o \u00f3tima.\" \/>\n<meta property=\"og:url\" content=\"https:\/\/peletizadoras.net\/pt-pt\/catalogo-maquinas-proceso-peletizado\/equipamentos-industriais\/equipamentos-individuais\/kit-humidificador\/\" \/>\n<meta property=\"og:site_name\" content=\"Ecofricalia. Soluciones Integrales para la Producci\u00f3n de Pellet\" \/>\n<meta property=\"article:publisher\" content=\"https:\/\/www.facebook.com\/EcofricaliaSostenible\" \/>\n<meta property=\"og:image\" content=\"https:\/\/peletizadoras.net\/wp-content\/uploads\/2025\/02\/kit-humidificador-ecofricalia.png\" \/>\n\t<meta property=\"og:image:width\" content=\"712\" \/>\n\t<meta property=\"og:image:height\" content=\"725\" \/>\n\t<meta property=\"og:image:type\" content=\"image\/png\" \/>\n<meta name=\"twitter:card\" content=\"summary_large_image\" \/>\n<meta name=\"twitter:site\" content=\"@_ecofricalia\" \/>\n<script type=\"application\/ld+json\" class=\"yoast-schema-graph\">{\"@context\":\"https:\\\/\\\/schema.org\",\"@graph\":[{\"@type\":\"WebPage\",\"@id\":\"https:\\\/\\\/peletizadoras.net\\\/pt-pt\\\/catalogo-maquinas-proceso-peletizado\\\/equipamentos-industriais\\\/equipamentos-individuais\\\/kit-humidificador\\\/\",\"url\":\"https:\\\/\\\/peletizadoras.net\\\/pt-pt\\\/catalogo-maquinas-proceso-peletizado\\\/equipamentos-industriais\\\/equipamentos-individuais\\\/kit-humidificador\\\/\",\"name\":\"Kit Humidificador - Ecofricalia. Soluciones Integrales para la Producci\u00f3n de Pellet\",\"isPartOf\":{\"@id\":\"https:\\\/\\\/peletizadoras.net\\\/pt-pt\\\/#website\"},\"primaryImageOfPage\":{\"@id\":\"https:\\\/\\\/peletizadoras.net\\\/pt-pt\\\/catalogo-maquinas-proceso-peletizado\\\/equipamentos-industriais\\\/equipamentos-individuais\\\/kit-humidificador\\\/#primaryimage\"},\"image\":{\"@id\":\"https:\\\/\\\/peletizadoras.net\\\/pt-pt\\\/catalogo-maquinas-proceso-peletizado\\\/equipamentos-industriais\\\/equipamentos-individuais\\\/kit-humidificador\\\/#primaryimage\"},\"thumbnailUrl\":\"https:\\\/\\\/peletizadoras.net\\\/wp-content\\\/uploads\\\/2025\\\/02\\\/kit-humidificador-ecofricalia.png\",\"datePublished\":\"2025-02-23T13:04:23+00:00\",\"description\":\"Kit humidificador regul\u00e1vel para planta de peletiza\u00e7\u00e3o. Ajuste a humidade necess\u00e1ria no seu material e consiga uma produ\u00e7\u00e3o \u00f3tima.\",\"breadcrumb\":{\"@id\":\"https:\\\/\\\/peletizadoras.net\\\/pt-pt\\\/catalogo-maquinas-proceso-peletizado\\\/equipamentos-industriais\\\/equipamentos-individuais\\\/kit-humidificador\\\/#breadcrumb\"},\"inLanguage\":\"pt-PT\",\"potentialAction\":[{\"@type\":\"ReadAction\",\"target\":[\"https:\\\/\\\/peletizadoras.net\\\/pt-pt\\\/catalogo-maquinas-proceso-peletizado\\\/equipamentos-industriais\\\/equipamentos-individuais\\\/kit-humidificador\\\/\"]}]},{\"@type\":\"ImageObject\",\"inLanguage\":\"pt-PT\",\"@id\":\"https:\\\/\\\/peletizadoras.net\\\/pt-pt\\\/catalogo-maquinas-proceso-peletizado\\\/equipamentos-industriais\\\/equipamentos-individuais\\\/kit-humidificador\\\/#primaryimage\",\"url\":\"https:\\\/\\\/peletizadoras.net\\\/wp-content\\\/uploads\\\/2025\\\/02\\\/kit-humidificador-ecofricalia.png\",\"contentUrl\":\"https:\\\/\\\/peletizadoras.net\\\/wp-content\\\/uploads\\\/2025\\\/02\\\/kit-humidificador-ecofricalia.png\",\"width\":712,\"height\":725},{\"@type\":\"BreadcrumbList\",\"@id\":\"https:\\\/\\\/peletizadoras.net\\\/pt-pt\\\/catalogo-maquinas-proceso-peletizado\\\/equipamentos-industriais\\\/equipamentos-individuais\\\/kit-humidificador\\\/#breadcrumb\",\"itemListElement\":[{\"@type\":\"ListItem\",\"position\":1,\"name\":\"Portada\",\"item\":\"https:\\\/\\\/peletizadoras.net\\\/pt-pt\\\/pagina-de-inicio\\\/\"},{\"@type\":\"ListItem\",\"position\":2,\"name\":\"Tienda\",\"item\":\"https:\\\/\\\/peletizadoras.net\\\/tienda\\\/\"},{\"@type\":\"ListItem\",\"position\":3,\"name\":\"Kit Humidificador\"}]},{\"@type\":\"WebSite\",\"@id\":\"https:\\\/\\\/peletizadoras.net\\\/pt-pt\\\/#website\",\"url\":\"https:\\\/\\\/peletizadoras.net\\\/pt-pt\\\/\",\"name\":\"Ecofricalia. Soluciones Integrales para la Producci\u00f3n de Pellet\",\"description\":\"Plantas y L\u00edneas industriales de peletizaci\u00f3n y m\u00e1quinas de fabricaci\u00f3n de pellet\",\"publisher\":{\"@id\":\"https:\\\/\\\/peletizadoras.net\\\/pt-pt\\\/#organization\"},\"potentialAction\":[{\"@type\":\"SearchAction\",\"target\":{\"@type\":\"EntryPoint\",\"urlTemplate\":\"https:\\\/\\\/peletizadoras.net\\\/pt-pt\\\/?s={search_term_string}\"},\"query-input\":{\"@type\":\"PropertyValueSpecification\",\"valueRequired\":true,\"valueName\":\"search_term_string\"}}],\"inLanguage\":\"pt-PT\"},{\"@type\":\"Organization\",\"@id\":\"https:\\\/\\\/peletizadoras.net\\\/pt-pt\\\/#organization\",\"name\":\"Ecofricalia. Soluciones Integrales para la Producci\u00f3n de Pellet\",\"url\":\"https:\\\/\\\/peletizadoras.net\\\/pt-pt\\\/\",\"logo\":{\"@type\":\"ImageObject\",\"inLanguage\":\"pt-PT\",\"@id\":\"https:\\\/\\\/peletizadoras.net\\\/pt-pt\\\/#\\\/schema\\\/logo\\\/image\\\/\",\"url\":\"https:\\\/\\\/peletizadoras.net\\\/wp-content\\\/uploads\\\/2025\\\/05\\\/logo-ecofricalia-tapasweb.png\",\"contentUrl\":\"https:\\\/\\\/peletizadoras.net\\\/wp-content\\\/uploads\\\/2025\\\/05\\\/logo-ecofricalia-tapasweb.png\",\"width\":881,\"height\":418,\"caption\":\"Ecofricalia. Soluciones Integrales para la Producci\u00f3n de Pellet\"},\"image\":{\"@id\":\"https:\\\/\\\/peletizadoras.net\\\/pt-pt\\\/#\\\/schema\\\/logo\\\/image\\\/\"},\"sameAs\":[\"https:\\\/\\\/www.facebook.com\\\/EcofricaliaSostenible\",\"https:\\\/\\\/x.com\\\/_ecofricalia\",\"https:\\\/\\\/www.youtube.com\\\/channel\\\/UCCvdG5pWUGvH4G5wP8TXuPw\",\"https:\\\/\\\/www.instagram.com\\\/ecofricalia_sostenible\\\/\"]}]}<\/script>\n<!-- \/ Yoast SEO plugin. -->","yoast_head_json":{"title":"Kit Humidificador - Ecofricalia. Soluciones Integrales para la Producci\u00f3n de Pellet","description":"Kit humidificador regul\u00e1vel para planta de peletiza\u00e7\u00e3o. Ajuste a humidade necess\u00e1ria no seu material e consiga uma produ\u00e7\u00e3o \u00f3tima.","robots":{"index":"index","follow":"follow","max-snippet":"max-snippet:-1","max-image-preview":"max-image-preview:large","max-video-preview":"max-video-preview:-1"},"canonical":"https:\/\/peletizadoras.net\/pt-pt\/catalogo-maquinas-proceso-peletizado\/equipamentos-industriais\/equipamentos-individuais\/kit-humidificador\/","og_locale":"pt_PT","og_type":"article","og_title":"Kit Humidificador - Ecofricalia. Soluciones Integrales para la Producci\u00f3n de Pellet","og_description":"Kit humidificador regul\u00e1vel para planta de peletiza\u00e7\u00e3o. Ajuste a humidade necess\u00e1ria no seu material e consiga uma produ\u00e7\u00e3o \u00f3tima.","og_url":"https:\/\/peletizadoras.net\/pt-pt\/catalogo-maquinas-proceso-peletizado\/equipamentos-industriais\/equipamentos-individuais\/kit-humidificador\/","og_site_name":"Ecofricalia. Soluciones Integrales para la Producci\u00f3n de Pellet","article_publisher":"https:\/\/www.facebook.com\/EcofricaliaSostenible","og_image":[{"width":712,"height":725,"url":"https:\/\/peletizadoras.net\/wp-content\/uploads\/2025\/02\/kit-humidificador-ecofricalia.png","type":"image\/png"}],"twitter_card":"summary_large_image","twitter_site":"@_ecofricalia","schema":{"@context":"https:\/\/schema.org","@graph":[{"@type":"WebPage","@id":"https:\/\/peletizadoras.net\/pt-pt\/catalogo-maquinas-proceso-peletizado\/equipamentos-industriais\/equipamentos-individuais\/kit-humidificador\/","url":"https:\/\/peletizadoras.net\/pt-pt\/catalogo-maquinas-proceso-peletizado\/equipamentos-industriais\/equipamentos-individuais\/kit-humidificador\/","name":"Kit Humidificador - Ecofricalia. Soluciones Integrales para la Producci\u00f3n de Pellet","isPartOf":{"@id":"https:\/\/peletizadoras.net\/pt-pt\/#website"},"primaryImageOfPage":{"@id":"https:\/\/peletizadoras.net\/pt-pt\/catalogo-maquinas-proceso-peletizado\/equipamentos-industriais\/equipamentos-individuais\/kit-humidificador\/#primaryimage"},"image":{"@id":"https:\/\/peletizadoras.net\/pt-pt\/catalogo-maquinas-proceso-peletizado\/equipamentos-industriais\/equipamentos-individuais\/kit-humidificador\/#primaryimage"},"thumbnailUrl":"https:\/\/peletizadoras.net\/wp-content\/uploads\/2025\/02\/kit-humidificador-ecofricalia.png","datePublished":"2025-02-23T13:04:23+00:00","description":"Kit humidificador regul\u00e1vel para planta de peletiza\u00e7\u00e3o. Ajuste a humidade necess\u00e1ria no seu material e consiga uma produ\u00e7\u00e3o \u00f3tima.","breadcrumb":{"@id":"https:\/\/peletizadoras.net\/pt-pt\/catalogo-maquinas-proceso-peletizado\/equipamentos-industriais\/equipamentos-individuais\/kit-humidificador\/#breadcrumb"},"inLanguage":"pt-PT","potentialAction":[{"@type":"ReadAction","target":["https:\/\/peletizadoras.net\/pt-pt\/catalogo-maquinas-proceso-peletizado\/equipamentos-industriais\/equipamentos-individuais\/kit-humidificador\/"]}]},{"@type":"ImageObject","inLanguage":"pt-PT","@id":"https:\/\/peletizadoras.net\/pt-pt\/catalogo-maquinas-proceso-peletizado\/equipamentos-industriais\/equipamentos-individuais\/kit-humidificador\/#primaryimage","url":"https:\/\/peletizadoras.net\/wp-content\/uploads\/2025\/02\/kit-humidificador-ecofricalia.png","contentUrl":"https:\/\/peletizadoras.net\/wp-content\/uploads\/2025\/02\/kit-humidificador-ecofricalia.png","width":712,"height":725},{"@type":"BreadcrumbList","@id":"https:\/\/peletizadoras.net\/pt-pt\/catalogo-maquinas-proceso-peletizado\/equipamentos-industriais\/equipamentos-individuais\/kit-humidificador\/#breadcrumb","itemListElement":[{"@type":"ListItem","position":1,"name":"Portada","item":"https:\/\/peletizadoras.net\/pt-pt\/pagina-de-inicio\/"},{"@type":"ListItem","position":2,"name":"Tienda","item":"https:\/\/peletizadoras.net\/tienda\/"},{"@type":"ListItem","position":3,"name":"Kit Humidificador"}]},{"@type":"WebSite","@id":"https:\/\/peletizadoras.net\/pt-pt\/#website","url":"https:\/\/peletizadoras.net\/pt-pt\/","name":"Ecofricalia. Soluciones Integrales para la Producci\u00f3n de Pellet","description":"Plantas y L\u00edneas industriales de peletizaci\u00f3n y m\u00e1quinas de fabricaci\u00f3n de pellet","publisher":{"@id":"https:\/\/peletizadoras.net\/pt-pt\/#organization"},"potentialAction":[{"@type":"SearchAction","target":{"@type":"EntryPoint","urlTemplate":"https:\/\/peletizadoras.net\/pt-pt\/?s={search_term_string}"},"query-input":{"@type":"PropertyValueSpecification","valueRequired":true,"valueName":"search_term_string"}}],"inLanguage":"pt-PT"},{"@type":"Organization","@id":"https:\/\/peletizadoras.net\/pt-pt\/#organization","name":"Ecofricalia. Soluciones Integrales para la Producci\u00f3n de Pellet","url":"https:\/\/peletizadoras.net\/pt-pt\/","logo":{"@type":"ImageObject","inLanguage":"pt-PT","@id":"https:\/\/peletizadoras.net\/pt-pt\/#\/schema\/logo\/image\/","url":"https:\/\/peletizadoras.net\/wp-content\/uploads\/2025\/05\/logo-ecofricalia-tapasweb.png","contentUrl":"https:\/\/peletizadoras.net\/wp-content\/uploads\/2025\/05\/logo-ecofricalia-tapasweb.png","width":881,"height":418,"caption":"Ecofricalia. Soluciones Integrales para la Producci\u00f3n de Pellet"},"image":{"@id":"https:\/\/peletizadoras.net\/pt-pt\/#\/schema\/logo\/image\/"},"sameAs":["https:\/\/www.facebook.com\/EcofricaliaSostenible","https:\/\/x.com\/_ecofricalia","https:\/\/www.youtube.com\/channel\/UCCvdG5pWUGvH4G5wP8TXuPw","https:\/\/www.instagram.com\/ecofricalia_sostenible\/"]}]}},"_links":{"self":[{"href":"https:\/\/peletizadoras.net\/pt-pt\/wp-json\/wp\/v2\/product\/103344","targetHints":{"allow":["GET"]}}],"collection":[{"href":"https:\/\/peletizadoras.net\/pt-pt\/wp-json\/wp\/v2\/product"}],"about":[{"href":"https:\/\/peletizadoras.net\/pt-pt\/wp-json\/wp\/v2\/types\/product"}],"wp:featuredmedia":[{"embeddable":true,"href":"https:\/\/peletizadoras.net\/pt-pt\/wp-json\/wp\/v2\/media\/103340"}],"wp:attachment":[{"href":"https:\/\/peletizadoras.net\/pt-pt\/wp-json\/wp\/v2\/media?parent=103344"}],"wp:term":[{"taxonomy":"product_brand","embeddable":true,"href":"https:\/\/peletizadoras.net\/pt-pt\/wp-json\/wp\/v2\/product_brand?post=103344"},{"taxonomy":"product_cat","embeddable":true,"href":"https:\/\/peletizadoras.net\/pt-pt\/wp-json\/wp\/v2\/product_cat?post=103344"},{"taxonomy":"product_tag","embeddable":true,"href":"https:\/\/peletizadoras.net\/pt-pt\/wp-json\/wp\/v2\/product_tag?post=103344"}],"curies":[{"name":"wp","href":"https:\/\/api.w.org\/{rel}","templated":true}]}}