{"id":103380,"date":"2025-02-23T14:04:18","date_gmt":"2025-02-23T13:04:18","guid":{"rendered":"https:\/\/peletizadoras.net\/catalogo-maquinas-proceso-peletizado\/sem categoria\/peletizadora-plt400\/"},"modified":"2025-02-23T14:04:18","modified_gmt":"2025-02-23T13:04:18","slug":"peletizadora-plt400","status":"publish","type":"product","link":"https:\/\/peletizadoras.net\/pt-pt\/catalogo-maquinas-proceso-peletizado\/equipamentos-industriais\/equipamentos-individuais\/peletizadora-plt400\/","title":{"rendered":"Peletizadora PLT400"},"content":{"rendered":"","protected":false},"excerpt":{"rendered":"<p>EQUIPAMENTO PROFISSIONAL PARA FABRICAR PELLET<\/p>\n<p>Peletizadora de matriz plana e 4 rolos, quadro el\u00e9trico com soft-starter e prote\u00e7\u00f5es, lubrificadores autom\u00e1ticos e redutor sem necessidade de refrigera\u00e7\u00e3o.<\/p>\n","protected":false},"featured_media":103373,"template":"","meta":{"_et_pb_use_builder":"","_et_pb_old_content":"","_et_gb_content_width":""},"product_brand":[],"product_cat":[151,145],"product_tag":[158,159,160,161,162],"class_list":{"0":"post-103380","1":"product","2":"type-product","3":"status-publish","4":"has-post-thumbnail","6":"product_cat-equipamentos-individuais","7":"product_cat-equipamentos-industriais","8":"product_tag-balanceado","9":"product_tag-granuladora","10":"product_tag-matriz","11":"product_tag-peletizadora","12":"product_tag-pellet","14":"first","15":"instock","16":"shipping-taxable","17":"product-type-simple"},"yoast_head":"<!-- This site is optimized with the Yoast SEO plugin v27.4 - https:\/\/yoast.com\/product\/yoast-seo-wordpress\/ -->\n<title>Peletizadora PLT400 - Ecofricalia. Soluciones Integrales para la Producci\u00f3n de Pellet<\/title>\n<meta name=\"description\" content=\"Peletizadora industrial ideal para o tratamento de materiais diversos: lenhosos, minerais, agr\u00edcolas, res\u00edduos... Garantia de qualidade 100% UE.\" \/>\n<meta name=\"robots\" content=\"index, follow, max-snippet:-1, max-image-preview:large, max-video-preview:-1\" \/>\n<link rel=\"canonical\" href=\"https:\/\/peletizadoras.net\/pt-pt\/catalogo-maquinas-proceso-peletizado\/equipamentos-industriais\/equipamentos-individuais\/peletizadora-plt400\/\" \/>\n<meta property=\"og:locale\" content=\"pt_PT\" \/>\n<meta property=\"og:type\" content=\"article\" \/>\n<meta property=\"og:title\" content=\"Peletizadora PLT400 - Ecofricalia. Soluciones Integrales para la Producci\u00f3n de Pellet\" \/>\n<meta property=\"og:description\" content=\"Peletizadora industrial ideal para o tratamento de materiais diversos: lenhosos, minerais, agr\u00edcolas, res\u00edduos... Garantia de qualidade 100% UE.\" \/>\n<meta property=\"og:url\" content=\"https:\/\/peletizadoras.net\/pt-pt\/catalogo-maquinas-proceso-peletizado\/equipamentos-industriais\/equipamentos-individuais\/peletizadora-plt400\/\" \/>\n<meta property=\"og:site_name\" content=\"Ecofricalia. Soluciones Integrales para la Producci\u00f3n de Pellet\" \/>\n<meta property=\"article:publisher\" content=\"https:\/\/www.facebook.com\/EcofricaliaSostenible\" \/>\n<meta property=\"og:image\" content=\"https:\/\/peletizadoras.net\/wp-content\/uploads\/2025\/02\/maquinas-equipos-peletizadoras-pellet-individuales-plt400.jpg\" \/>\n\t<meta property=\"og:image:width\" content=\"1024\" \/>\n\t<meta property=\"og:image:height\" content=\"768\" \/>\n\t<meta property=\"og:image:type\" content=\"image\/jpeg\" \/>\n<meta name=\"twitter:card\" content=\"summary_large_image\" \/>\n<meta name=\"twitter:site\" content=\"@_ecofricalia\" \/>\n<script type=\"application\/ld+json\" class=\"yoast-schema-graph\">{\"@context\":\"https:\\\/\\\/schema.org\",\"@graph\":[{\"@type\":\"WebPage\",\"@id\":\"https:\\\/\\\/peletizadoras.net\\\/pt-pt\\\/catalogo-maquinas-proceso-peletizado\\\/equipamentos-industriais\\\/equipamentos-individuais\\\/peletizadora-plt400\\\/\",\"url\":\"https:\\\/\\\/peletizadoras.net\\\/pt-pt\\\/catalogo-maquinas-proceso-peletizado\\\/equipamentos-industriais\\\/equipamentos-individuais\\\/peletizadora-plt400\\\/\",\"name\":\"Peletizadora PLT400 - Ecofricalia. Soluciones Integrales para la Producci\u00f3n de Pellet\",\"isPartOf\":{\"@id\":\"https:\\\/\\\/peletizadoras.net\\\/pt-pt\\\/#website\"},\"primaryImageOfPage\":{\"@id\":\"https:\\\/\\\/peletizadoras.net\\\/pt-pt\\\/catalogo-maquinas-proceso-peletizado\\\/equipamentos-industriais\\\/equipamentos-individuais\\\/peletizadora-plt400\\\/#primaryimage\"},\"image\":{\"@id\":\"https:\\\/\\\/peletizadoras.net\\\/pt-pt\\\/catalogo-maquinas-proceso-peletizado\\\/equipamentos-industriais\\\/equipamentos-individuais\\\/peletizadora-plt400\\\/#primaryimage\"},\"thumbnailUrl\":\"https:\\\/\\\/peletizadoras.net\\\/wp-content\\\/uploads\\\/2025\\\/02\\\/maquinas-equipos-peletizadoras-pellet-individuales-plt400.jpg\",\"datePublished\":\"2025-02-23T13:04:18+00:00\",\"description\":\"Peletizadora industrial ideal para o tratamento de materiais diversos: lenhosos, minerais, agr\u00edcolas, res\u00edduos... Garantia de qualidade 100% UE.\",\"breadcrumb\":{\"@id\":\"https:\\\/\\\/peletizadoras.net\\\/pt-pt\\\/catalogo-maquinas-proceso-peletizado\\\/equipamentos-industriais\\\/equipamentos-individuais\\\/peletizadora-plt400\\\/#breadcrumb\"},\"inLanguage\":\"pt-PT\",\"potentialAction\":[{\"@type\":\"ReadAction\",\"target\":[\"https:\\\/\\\/peletizadoras.net\\\/pt-pt\\\/catalogo-maquinas-proceso-peletizado\\\/equipamentos-industriais\\\/equipamentos-individuais\\\/peletizadora-plt400\\\/\"]}]},{\"@type\":\"ImageObject\",\"inLanguage\":\"pt-PT\",\"@id\":\"https:\\\/\\\/peletizadoras.net\\\/pt-pt\\\/catalogo-maquinas-proceso-peletizado\\\/equipamentos-industriais\\\/equipamentos-individuais\\\/peletizadora-plt400\\\/#primaryimage\",\"url\":\"https:\\\/\\\/peletizadoras.net\\\/wp-content\\\/uploads\\\/2025\\\/02\\\/maquinas-equipos-peletizadoras-pellet-individuales-plt400.jpg\",\"contentUrl\":\"https:\\\/\\\/peletizadoras.net\\\/wp-content\\\/uploads\\\/2025\\\/02\\\/maquinas-equipos-peletizadoras-pellet-individuales-plt400.jpg\",\"width\":1024,\"height\":768},{\"@type\":\"BreadcrumbList\",\"@id\":\"https:\\\/\\\/peletizadoras.net\\\/pt-pt\\\/catalogo-maquinas-proceso-peletizado\\\/equipamentos-industriais\\\/equipamentos-individuais\\\/peletizadora-plt400\\\/#breadcrumb\",\"itemListElement\":[{\"@type\":\"ListItem\",\"position\":1,\"name\":\"Portada\",\"item\":\"https:\\\/\\\/peletizadoras.net\\\/pt-pt\\\/pagina-de-inicio\\\/\"},{\"@type\":\"ListItem\",\"position\":2,\"name\":\"Tienda\",\"item\":\"https:\\\/\\\/peletizadoras.net\\\/tienda\\\/\"},{\"@type\":\"ListItem\",\"position\":3,\"name\":\"Peletizadora PLT400\"}]},{\"@type\":\"WebSite\",\"@id\":\"https:\\\/\\\/peletizadoras.net\\\/pt-pt\\\/#website\",\"url\":\"https:\\\/\\\/peletizadoras.net\\\/pt-pt\\\/\",\"name\":\"Ecofricalia. Soluciones Integrales para la Producci\u00f3n de Pellet\",\"description\":\"Plantas y L\u00edneas industriales de peletizaci\u00f3n y m\u00e1quinas de fabricaci\u00f3n de pellet\",\"publisher\":{\"@id\":\"https:\\\/\\\/peletizadoras.net\\\/pt-pt\\\/#organization\"},\"potentialAction\":[{\"@type\":\"SearchAction\",\"target\":{\"@type\":\"EntryPoint\",\"urlTemplate\":\"https:\\\/\\\/peletizadoras.net\\\/pt-pt\\\/?s={search_term_string}\"},\"query-input\":{\"@type\":\"PropertyValueSpecification\",\"valueRequired\":true,\"valueName\":\"search_term_string\"}}],\"inLanguage\":\"pt-PT\"},{\"@type\":\"Organization\",\"@id\":\"https:\\\/\\\/peletizadoras.net\\\/pt-pt\\\/#organization\",\"name\":\"Ecofricalia. Soluciones Integrales para la Producci\u00f3n de Pellet\",\"url\":\"https:\\\/\\\/peletizadoras.net\\\/pt-pt\\\/\",\"logo\":{\"@type\":\"ImageObject\",\"inLanguage\":\"pt-PT\",\"@id\":\"https:\\\/\\\/peletizadoras.net\\\/pt-pt\\\/#\\\/schema\\\/logo\\\/image\\\/\",\"url\":\"https:\\\/\\\/peletizadoras.net\\\/wp-content\\\/uploads\\\/2025\\\/05\\\/logo-ecofricalia-tapasweb.png\",\"contentUrl\":\"https:\\\/\\\/peletizadoras.net\\\/wp-content\\\/uploads\\\/2025\\\/05\\\/logo-ecofricalia-tapasweb.png\",\"width\":881,\"height\":418,\"caption\":\"Ecofricalia. Soluciones Integrales para la Producci\u00f3n de Pellet\"},\"image\":{\"@id\":\"https:\\\/\\\/peletizadoras.net\\\/pt-pt\\\/#\\\/schema\\\/logo\\\/image\\\/\"},\"sameAs\":[\"https:\\\/\\\/www.facebook.com\\\/EcofricaliaSostenible\",\"https:\\\/\\\/x.com\\\/_ecofricalia\",\"https:\\\/\\\/www.youtube.com\\\/channel\\\/UCCvdG5pWUGvH4G5wP8TXuPw\",\"https:\\\/\\\/www.instagram.com\\\/ecofricalia_sostenible\\\/\"]}]}<\/script>\n<!-- \/ Yoast SEO plugin. -->","yoast_head_json":{"title":"Peletizadora PLT400 - Ecofricalia. Soluciones Integrales para la Producci\u00f3n de Pellet","description":"Peletizadora industrial ideal para o tratamento de materiais diversos: lenhosos, minerais, agr\u00edcolas, res\u00edduos... Garantia de qualidade 100% UE.","robots":{"index":"index","follow":"follow","max-snippet":"max-snippet:-1","max-image-preview":"max-image-preview:large","max-video-preview":"max-video-preview:-1"},"canonical":"https:\/\/peletizadoras.net\/pt-pt\/catalogo-maquinas-proceso-peletizado\/equipamentos-industriais\/equipamentos-individuais\/peletizadora-plt400\/","og_locale":"pt_PT","og_type":"article","og_title":"Peletizadora PLT400 - Ecofricalia. Soluciones Integrales para la Producci\u00f3n de Pellet","og_description":"Peletizadora industrial ideal para o tratamento de materiais diversos: lenhosos, minerais, agr\u00edcolas, res\u00edduos... Garantia de qualidade 100% UE.","og_url":"https:\/\/peletizadoras.net\/pt-pt\/catalogo-maquinas-proceso-peletizado\/equipamentos-industriais\/equipamentos-individuais\/peletizadora-plt400\/","og_site_name":"Ecofricalia. Soluciones Integrales para la Producci\u00f3n de Pellet","article_publisher":"https:\/\/www.facebook.com\/EcofricaliaSostenible","og_image":[{"width":1024,"height":768,"url":"https:\/\/peletizadoras.net\/wp-content\/uploads\/2025\/02\/maquinas-equipos-peletizadoras-pellet-individuales-plt400.jpg","type":"image\/jpeg"}],"twitter_card":"summary_large_image","twitter_site":"@_ecofricalia","schema":{"@context":"https:\/\/schema.org","@graph":[{"@type":"WebPage","@id":"https:\/\/peletizadoras.net\/pt-pt\/catalogo-maquinas-proceso-peletizado\/equipamentos-industriais\/equipamentos-individuais\/peletizadora-plt400\/","url":"https:\/\/peletizadoras.net\/pt-pt\/catalogo-maquinas-proceso-peletizado\/equipamentos-industriais\/equipamentos-individuais\/peletizadora-plt400\/","name":"Peletizadora PLT400 - Ecofricalia. Soluciones Integrales para la Producci\u00f3n de Pellet","isPartOf":{"@id":"https:\/\/peletizadoras.net\/pt-pt\/#website"},"primaryImageOfPage":{"@id":"https:\/\/peletizadoras.net\/pt-pt\/catalogo-maquinas-proceso-peletizado\/equipamentos-industriais\/equipamentos-individuais\/peletizadora-plt400\/#primaryimage"},"image":{"@id":"https:\/\/peletizadoras.net\/pt-pt\/catalogo-maquinas-proceso-peletizado\/equipamentos-industriais\/equipamentos-individuais\/peletizadora-plt400\/#primaryimage"},"thumbnailUrl":"https:\/\/peletizadoras.net\/wp-content\/uploads\/2025\/02\/maquinas-equipos-peletizadoras-pellet-individuales-plt400.jpg","datePublished":"2025-02-23T13:04:18+00:00","description":"Peletizadora industrial ideal para o tratamento de materiais diversos: lenhosos, minerais, agr\u00edcolas, res\u00edduos... Garantia de qualidade 100% UE.","breadcrumb":{"@id":"https:\/\/peletizadoras.net\/pt-pt\/catalogo-maquinas-proceso-peletizado\/equipamentos-industriais\/equipamentos-individuais\/peletizadora-plt400\/#breadcrumb"},"inLanguage":"pt-PT","potentialAction":[{"@type":"ReadAction","target":["https:\/\/peletizadoras.net\/pt-pt\/catalogo-maquinas-proceso-peletizado\/equipamentos-industriais\/equipamentos-individuais\/peletizadora-plt400\/"]}]},{"@type":"ImageObject","inLanguage":"pt-PT","@id":"https:\/\/peletizadoras.net\/pt-pt\/catalogo-maquinas-proceso-peletizado\/equipamentos-industriais\/equipamentos-individuais\/peletizadora-plt400\/#primaryimage","url":"https:\/\/peletizadoras.net\/wp-content\/uploads\/2025\/02\/maquinas-equipos-peletizadoras-pellet-individuales-plt400.jpg","contentUrl":"https:\/\/peletizadoras.net\/wp-content\/uploads\/2025\/02\/maquinas-equipos-peletizadoras-pellet-individuales-plt400.jpg","width":1024,"height":768},{"@type":"BreadcrumbList","@id":"https:\/\/peletizadoras.net\/pt-pt\/catalogo-maquinas-proceso-peletizado\/equipamentos-industriais\/equipamentos-individuais\/peletizadora-plt400\/#breadcrumb","itemListElement":[{"@type":"ListItem","position":1,"name":"Portada","item":"https:\/\/peletizadoras.net\/pt-pt\/pagina-de-inicio\/"},{"@type":"ListItem","position":2,"name":"Tienda","item":"https:\/\/peletizadoras.net\/tienda\/"},{"@type":"ListItem","position":3,"name":"Peletizadora PLT400"}]},{"@type":"WebSite","@id":"https:\/\/peletizadoras.net\/pt-pt\/#website","url":"https:\/\/peletizadoras.net\/pt-pt\/","name":"Ecofricalia. Soluciones Integrales para la Producci\u00f3n de Pellet","description":"Plantas y L\u00edneas industriales de peletizaci\u00f3n y m\u00e1quinas de fabricaci\u00f3n de pellet","publisher":{"@id":"https:\/\/peletizadoras.net\/pt-pt\/#organization"},"potentialAction":[{"@type":"SearchAction","target":{"@type":"EntryPoint","urlTemplate":"https:\/\/peletizadoras.net\/pt-pt\/?s={search_term_string}"},"query-input":{"@type":"PropertyValueSpecification","valueRequired":true,"valueName":"search_term_string"}}],"inLanguage":"pt-PT"},{"@type":"Organization","@id":"https:\/\/peletizadoras.net\/pt-pt\/#organization","name":"Ecofricalia. Soluciones Integrales para la Producci\u00f3n de Pellet","url":"https:\/\/peletizadoras.net\/pt-pt\/","logo":{"@type":"ImageObject","inLanguage":"pt-PT","@id":"https:\/\/peletizadoras.net\/pt-pt\/#\/schema\/logo\/image\/","url":"https:\/\/peletizadoras.net\/wp-content\/uploads\/2025\/05\/logo-ecofricalia-tapasweb.png","contentUrl":"https:\/\/peletizadoras.net\/wp-content\/uploads\/2025\/05\/logo-ecofricalia-tapasweb.png","width":881,"height":418,"caption":"Ecofricalia. Soluciones Integrales para la Producci\u00f3n de Pellet"},"image":{"@id":"https:\/\/peletizadoras.net\/pt-pt\/#\/schema\/logo\/image\/"},"sameAs":["https:\/\/www.facebook.com\/EcofricaliaSostenible","https:\/\/x.com\/_ecofricalia","https:\/\/www.youtube.com\/channel\/UCCvdG5pWUGvH4G5wP8TXuPw","https:\/\/www.instagram.com\/ecofricalia_sostenible\/"]}]}},"_links":{"self":[{"href":"https:\/\/peletizadoras.net\/pt-pt\/wp-json\/wp\/v2\/product\/103380","targetHints":{"allow":["GET"]}}],"collection":[{"href":"https:\/\/peletizadoras.net\/pt-pt\/wp-json\/wp\/v2\/product"}],"about":[{"href":"https:\/\/peletizadoras.net\/pt-pt\/wp-json\/wp\/v2\/types\/product"}],"wp:featuredmedia":[{"embeddable":true,"href":"https:\/\/peletizadoras.net\/pt-pt\/wp-json\/wp\/v2\/media\/103373"}],"wp:attachment":[{"href":"https:\/\/peletizadoras.net\/pt-pt\/wp-json\/wp\/v2\/media?parent=103380"}],"wp:term":[{"taxonomy":"product_brand","embeddable":true,"href":"https:\/\/peletizadoras.net\/pt-pt\/wp-json\/wp\/v2\/product_brand?post=103380"},{"taxonomy":"product_cat","embeddable":true,"href":"https:\/\/peletizadoras.net\/pt-pt\/wp-json\/wp\/v2\/product_cat?post=103380"},{"taxonomy":"product_tag","embeddable":true,"href":"https:\/\/peletizadoras.net\/pt-pt\/wp-json\/wp\/v2\/product_tag?post=103380"}],"curies":[{"name":"wp","href":"https:\/\/api.w.org\/{rel}","templated":true}]}}