{"id":103399,"date":"2025-05-14T17:42:46","date_gmt":"2025-05-14T15:42:46","guid":{"rendered":"https:\/\/peletizadoras.net\/catalogo-maquinas-proceso-peletizado\/sem categoria\/plt-25-peletizadora-de-mesa\/"},"modified":"2025-05-14T17:42:46","modified_gmt":"2025-05-14T15:42:46","slug":"plt-25-peletizadora-de-mesa","status":"publish","type":"product","link":"https:\/\/peletizadoras.net\/pt-pt\/catalogo-maquinas-proceso-peletizado\/equipamentos-para-autoconsumo\/plt-25-peletizadora-de-mesa\/","title":{"rendered":"PLT-25 \u2013 Peletizadora de mesa"},"content":{"rendered":"<h3>PLT-25: a primeira peletizadora de mesa do mundo &#8211; EM BREVE<\/h3>\n<p>A primeira peletizadora de sobremesa, compacta, silenciosa e conect\u00e1vel a uma tomada dom\u00e9stica (220 V), a PLT-25 aproxima a tecnologia industrial de peletiza\u00e7\u00e3o de oficinas, explora\u00e7\u00f5es agr\u00edcolas, centros de investiga\u00e7\u00e3o e amadores avan\u00e7ados.<\/p>\n<p>Vantagens chave:<\/p>\n<ul>\n<li>Versatilidade de mat\u00e9rias-primas: serragem, alfafa, subprodutos agr\u00edcolas, misturas arom\u00e1ticas e inclusive formula\u00e7\u00f5es para I+D, etc.<\/li>\n<li>Matrizes intercambi\u00e1veis de distinta compress\u00e3o segundo o material a peletizar.<\/li>\n<li>Baixo consumo: apenas 1,1 kW &#8211; \u2264 0,25 kWh por kg de pellet.<\/li>\n<li>Design plug-and-play: sem quadro externo; basta uma tomada monof\u00e1sica.<\/li>\n<li>Fabrica\u00e7\u00e3o europeia e servi\u00e7o Ecofricalia (forma\u00e7\u00e3o e pe\u00e7as de reposi\u00e7\u00e3o).<\/li>\n<\/ul>\n<h3>Especifica\u00e7\u00f5es t\u00e9cnicas<\/h3>\n<table style=\"height: 230px; border: 1px; width: 437px;\">\n<tbody>\n<tr style=\"height: 23px;\">\n<td style=\"height: 23px; width: 181.172px;\">Produ\u00e7\u00e3o<\/td>\n<td style=\"height: 23px; width: 241.828px;\">10 \u2013 20 kg\/h (segundo mat\u00e9ria-prima)<\/td>\n<\/tr>\n<tr style=\"height: 23px;\">\n<td style=\"height: 23px; width: 181.172px;\">Pot\u00eancia instalada<\/td>\n<td style=\"height: 23px; width: 241.828px;\">1 100 W<\/td>\n<\/tr>\n<tr style=\"height: 23px;\">\n<td style=\"height: 23px; width: 181.172px;\">Alimenta\u00e7\u00e3o<\/td>\n<td style=\"height: 23px; width: 241.828px;\">220 V monof\u00e1sico \u00b7 50\/60 Hz<\/td>\n<\/tr>\n<tr style=\"height: 23px;\">\n<td style=\"height: 23px; width: 181.172px;\">Matriz<\/td>\n<td style=\"height: 23px; width: 241.828px;\">\u00d8 106 mm \u00b7 A\u00e7o temperado<\/td>\n<\/tr>\n<tr style=\"height: 23px;\">\n<td style=\"height: 23px; width: 181.172px;\">Rodillos<\/td>\n<td style=\"height: 23px; width: 241.828px;\">\u00d8 70 mm doble rodillo<\/td>\n<\/tr>\n<tr style=\"height: 23px;\">\n<td style=\"height: 23px; width: 181.172px;\">Di\u00e2metro de pellet<\/td>\n<td style=\"height: 23px; width: 241.828px;\">6 mm (outros sob pedido)<\/td>\n<\/tr>\n<tr style=\"height: 23px;\">\n<td style=\"height: 23px; width: 181.172px;\">Dimens\u00f5es (L \u00d7 P \u00d7 H)<\/td>\n<td style=\"height: 23px; width: 241.828px;\">314 \u00d7 455 \u00d7 582 mm<\/td>\n<\/tr>\n<tr style=\"height: 23px;\">\n<td style=\"height: 23px; width: 181.172px;\">Peso<\/td>\n<td style=\"height: 23px; width: 241.828px;\">30 kg<\/td>\n<\/tr>\n<tr style=\"height: 23px;\">\n<td style=\"height: 23px; width: 181.172px;\">N\u00edvel sonoro<\/td>\n<td style=\"height: 23px; width: 241.828px;\">&lt;75 dB (a 1 m)<\/td>\n<\/tr>\n<tr style=\"height: 23px;\">\n<td style=\"height: 23px; width: 181.172px;\">Certifica\u00e7\u00f5es<\/td>\n<td style=\"height: 23px; width: 241.828px;\">CE \u00b7 Manual em ES\/IT<\/td>\n<\/tr>\n<\/tbody>\n<\/table>\n<p>&nbsp;<\/p>\n<h3>Casos de uso<\/h3>\n<ul>\n<li><strong>Aquecimento dom\u00e9stico:<\/strong> produz o pellet de uma estufa padr\u00e3o para 24 h em apenas 45 min.<\/li>\n<li><strong>Carpintarias: <\/strong>para aproveitar excedentes de serragem e convert\u00ea-los em biocombust\u00edvel.<\/li>\n<li><strong>Laborat\u00f3rios e universidades: <\/strong>ajusta compress\u00f5es e umidade para ensaios com diferentes materiais.<\/li>\n<li><strong>Agropecu\u00e1ria:<\/strong> fabrica pequenos lotes de ra\u00e7\u00e3o peletizada in situ.<\/li>\n<li><strong>Gourmet BBQ:<\/strong> pellets arom\u00e1ticos de madeira nobre para defuma\u00e7\u00e3o de carnes.<\/li>\n<li>E muitos outros mais&#8230;<\/li>\n<\/ul>\n<h3>Conte\u00fado do fornecimento<\/h3>\n<ul>\n<li>Peletizadora PLT-25.<\/li>\n<li>Matriz padr\u00e3o 6 mm di\u00e2metro (compress\u00e3o m\u00e9dia).<\/li>\n<li>Manual e checklist de coloca\u00e7\u00e3o em funcionamento.<\/li>\n<li>Tubo de graxa para altas temperaturas.<\/li>\n<\/ul>\n","protected":false},"excerpt":{"rendered":"<h3><span style=\"color: #ff0000;\"><strong>EM BREVE<\/strong><\/span><\/h3>\n<p>Concebida para quem procura uma solu\u00e7\u00e3o ultraleve, pr\u00e1tica e surpreendentemente eficaz para produzir pellets em quantidades muito pequenas.<\/p>\n<p>Com motor monof\u00e1sico de 1 100 W e matrizes intercambi\u00e1veis, a PLT-25 produz 10-20 kg\/h de pellet com \u00d8 de 6 mm e um consumo energ\u00e9tico m\u00ednimo.<\/p>\n<p>Ideal para:<\/p>\n<ul>\n<li>Autoconsumo (aquecimento di\u00e1rio em menos de 1 h).<\/li>\n<li>Estudos de viabilidade e ensaios de I+D.<\/li>\n<li>Elabora\u00e7\u00e3o de pellets com diferentes materiais para usos variados.<\/li>\n<\/ul>\n","protected":false},"featured_media":103398,"template":"","meta":{"_et_pb_use_builder":"","_et_pb_old_content":"","_et_gb_content_width":""},"product_brand":[],"product_cat":[152],"product_tag":[],"class_list":{"0":"post-103399","1":"product","2":"type-product","3":"status-publish","4":"has-post-thumbnail","6":"product_cat-equipamentos-para-autoconsumo","8":"first","9":"instock","10":"shipping-taxable","11":"product-type-simple"},"yoast_head":"<!-- This site is optimized with the Yoast SEO plugin v27.4 - https:\/\/yoast.com\/product\/yoast-seo-wordpress\/ -->\n<title>PLT-25 Peletizadora de mesa | 10-20 kg\/h | 220 V | Ecofricalia<\/title>\n<meta name=\"description\" content=\"Compre a PLT-25, a primeira peletizadora de mesa: 10-20 kg\/h, baixo consumo 1 100 W, ideal para autoconsumo, laborat\u00f3rio e ra\u00e7\u00f5es.\" \/>\n<meta name=\"robots\" content=\"index, follow, max-snippet:-1, max-image-preview:large, max-video-preview:-1\" \/>\n<link rel=\"canonical\" href=\"https:\/\/peletizadoras.net\/pt-pt\/catalogo-maquinas-proceso-peletizado\/equipamentos-para-autoconsumo\/plt-25-peletizadora-de-mesa\/\" \/>\n<meta property=\"og:locale\" content=\"pt_PT\" \/>\n<meta property=\"og:type\" content=\"article\" \/>\n<meta property=\"og:title\" content=\"PLT-25 Peletizadora de mesa | 10-20 kg\/h | 220 V | Ecofricalia\" \/>\n<meta property=\"og:description\" content=\"Compre a PLT-25, a primeira peletizadora de mesa: 10-20 kg\/h, baixo consumo 1 100 W, ideal para autoconsumo, laborat\u00f3rio e ra\u00e7\u00f5es.\" \/>\n<meta property=\"og:url\" content=\"https:\/\/peletizadoras.net\/pt-pt\/catalogo-maquinas-proceso-peletizado\/equipamentos-para-autoconsumo\/plt-25-peletizadora-de-mesa\/\" \/>\n<meta property=\"og:site_name\" content=\"Ecofricalia. Soluciones Integrales para la Producci\u00f3n de Pellet\" \/>\n<meta property=\"article:publisher\" content=\"https:\/\/www.facebook.com\/EcofricaliaSostenible\" \/>\n<meta property=\"og:image\" content=\"https:\/\/peletizadoras.net\/wp-content\/uploads\/2025\/05\/peletizadora-autoconsumo-domestica-casera-laboratorio-plt25-fabricacion-pellet-pelet-mesa.jpg\" \/>\n\t<meta property=\"og:image:width\" content=\"1024\" \/>\n\t<meta property=\"og:image:height\" content=\"768\" \/>\n\t<meta property=\"og:image:type\" content=\"image\/jpeg\" \/>\n<meta name=\"twitter:card\" content=\"summary_large_image\" \/>\n<meta name=\"twitter:site\" content=\"@_ecofricalia\" \/>\n<meta name=\"twitter:label1\" content=\"Tempo estimado de leitura\" \/>\n\t<meta name=\"twitter:data1\" content=\"1 minuto\" \/>\n<script type=\"application\/ld+json\" class=\"yoast-schema-graph\">{\"@context\":\"https:\\\/\\\/schema.org\",\"@graph\":[{\"@type\":\"WebPage\",\"@id\":\"https:\\\/\\\/peletizadoras.net\\\/pt-pt\\\/catalogo-maquinas-proceso-peletizado\\\/equipamentos-para-autoconsumo\\\/plt-25-peletizadora-de-mesa\\\/\",\"url\":\"https:\\\/\\\/peletizadoras.net\\\/pt-pt\\\/catalogo-maquinas-proceso-peletizado\\\/equipamentos-para-autoconsumo\\\/plt-25-peletizadora-de-mesa\\\/\",\"name\":\"PLT-25 Peletizadora de mesa | 10-20 kg\\\/h | 220 V | Ecofricalia\",\"isPartOf\":{\"@id\":\"https:\\\/\\\/peletizadoras.net\\\/pt-pt\\\/#website\"},\"primaryImageOfPage\":{\"@id\":\"https:\\\/\\\/peletizadoras.net\\\/pt-pt\\\/catalogo-maquinas-proceso-peletizado\\\/equipamentos-para-autoconsumo\\\/plt-25-peletizadora-de-mesa\\\/#primaryimage\"},\"image\":{\"@id\":\"https:\\\/\\\/peletizadoras.net\\\/pt-pt\\\/catalogo-maquinas-proceso-peletizado\\\/equipamentos-para-autoconsumo\\\/plt-25-peletizadora-de-mesa\\\/#primaryimage\"},\"thumbnailUrl\":\"https:\\\/\\\/peletizadoras.net\\\/wp-content\\\/uploads\\\/2025\\\/05\\\/peletizadora-autoconsumo-domestica-casera-laboratorio-plt25-fabricacion-pellet-pelet-mesa.jpg\",\"datePublished\":\"2025-05-14T15:42:46+00:00\",\"description\":\"Compre a PLT-25, a primeira peletizadora de mesa: 10-20 kg\\\/h, baixo consumo 1 100 W, ideal para autoconsumo, laborat\u00f3rio e ra\u00e7\u00f5es.\",\"breadcrumb\":{\"@id\":\"https:\\\/\\\/peletizadoras.net\\\/pt-pt\\\/catalogo-maquinas-proceso-peletizado\\\/equipamentos-para-autoconsumo\\\/plt-25-peletizadora-de-mesa\\\/#breadcrumb\"},\"inLanguage\":\"pt-PT\",\"potentialAction\":[{\"@type\":\"ReadAction\",\"target\":[\"https:\\\/\\\/peletizadoras.net\\\/pt-pt\\\/catalogo-maquinas-proceso-peletizado\\\/equipamentos-para-autoconsumo\\\/plt-25-peletizadora-de-mesa\\\/\"]}]},{\"@type\":\"ImageObject\",\"inLanguage\":\"pt-PT\",\"@id\":\"https:\\\/\\\/peletizadoras.net\\\/pt-pt\\\/catalogo-maquinas-proceso-peletizado\\\/equipamentos-para-autoconsumo\\\/plt-25-peletizadora-de-mesa\\\/#primaryimage\",\"url\":\"https:\\\/\\\/peletizadoras.net\\\/wp-content\\\/uploads\\\/2025\\\/05\\\/peletizadora-autoconsumo-domestica-casera-laboratorio-plt25-fabricacion-pellet-pelet-mesa.jpg\",\"contentUrl\":\"https:\\\/\\\/peletizadoras.net\\\/wp-content\\\/uploads\\\/2025\\\/05\\\/peletizadora-autoconsumo-domestica-casera-laboratorio-plt25-fabricacion-pellet-pelet-mesa.jpg\",\"width\":1024,\"height\":768,\"caption\":\"Peletizadora Dom\u00e9stica, Autoconsumo, Caseira para fabrica\u00e7\u00e3o de Pellet. M\u00e1quina de Mesa.\"},{\"@type\":\"BreadcrumbList\",\"@id\":\"https:\\\/\\\/peletizadoras.net\\\/pt-pt\\\/catalogo-maquinas-proceso-peletizado\\\/equipamentos-para-autoconsumo\\\/plt-25-peletizadora-de-mesa\\\/#breadcrumb\",\"itemListElement\":[{\"@type\":\"ListItem\",\"position\":1,\"name\":\"Portada\",\"item\":\"https:\\\/\\\/peletizadoras.net\\\/pt-pt\\\/pagina-de-inicio\\\/\"},{\"@type\":\"ListItem\",\"position\":2,\"name\":\"Tienda\",\"item\":\"https:\\\/\\\/peletizadoras.net\\\/tienda\\\/\"},{\"@type\":\"ListItem\",\"position\":3,\"name\":\"PLT-25 \u2013 Peletizadora de mesa\"}]},{\"@type\":\"WebSite\",\"@id\":\"https:\\\/\\\/peletizadoras.net\\\/pt-pt\\\/#website\",\"url\":\"https:\\\/\\\/peletizadoras.net\\\/pt-pt\\\/\",\"name\":\"Ecofricalia. Soluciones Integrales para la Producci\u00f3n de Pellet\",\"description\":\"Plantas y L\u00edneas industriales de peletizaci\u00f3n y m\u00e1quinas de fabricaci\u00f3n de pellet\",\"publisher\":{\"@id\":\"https:\\\/\\\/peletizadoras.net\\\/pt-pt\\\/#organization\"},\"potentialAction\":[{\"@type\":\"SearchAction\",\"target\":{\"@type\":\"EntryPoint\",\"urlTemplate\":\"https:\\\/\\\/peletizadoras.net\\\/pt-pt\\\/?s={search_term_string}\"},\"query-input\":{\"@type\":\"PropertyValueSpecification\",\"valueRequired\":true,\"valueName\":\"search_term_string\"}}],\"inLanguage\":\"pt-PT\"},{\"@type\":\"Organization\",\"@id\":\"https:\\\/\\\/peletizadoras.net\\\/pt-pt\\\/#organization\",\"name\":\"Ecofricalia. Soluciones Integrales para la Producci\u00f3n de Pellet\",\"url\":\"https:\\\/\\\/peletizadoras.net\\\/pt-pt\\\/\",\"logo\":{\"@type\":\"ImageObject\",\"inLanguage\":\"pt-PT\",\"@id\":\"https:\\\/\\\/peletizadoras.net\\\/pt-pt\\\/#\\\/schema\\\/logo\\\/image\\\/\",\"url\":\"https:\\\/\\\/peletizadoras.net\\\/wp-content\\\/uploads\\\/2025\\\/05\\\/logo-ecofricalia-tapasweb.png\",\"contentUrl\":\"https:\\\/\\\/peletizadoras.net\\\/wp-content\\\/uploads\\\/2025\\\/05\\\/logo-ecofricalia-tapasweb.png\",\"width\":881,\"height\":418,\"caption\":\"Ecofricalia. Soluciones Integrales para la Producci\u00f3n de Pellet\"},\"image\":{\"@id\":\"https:\\\/\\\/peletizadoras.net\\\/pt-pt\\\/#\\\/schema\\\/logo\\\/image\\\/\"},\"sameAs\":[\"https:\\\/\\\/www.facebook.com\\\/EcofricaliaSostenible\",\"https:\\\/\\\/x.com\\\/_ecofricalia\",\"https:\\\/\\\/www.youtube.com\\\/channel\\\/UCCvdG5pWUGvH4G5wP8TXuPw\",\"https:\\\/\\\/www.instagram.com\\\/ecofricalia_sostenible\\\/\"]}]}<\/script>\n<!-- \/ Yoast SEO plugin. -->","yoast_head_json":{"title":"PLT-25 Peletizadora de mesa | 10-20 kg\/h | 220 V | Ecofricalia","description":"Compre a PLT-25, a primeira peletizadora de mesa: 10-20 kg\/h, baixo consumo 1 100 W, ideal para autoconsumo, laborat\u00f3rio e ra\u00e7\u00f5es.","robots":{"index":"index","follow":"follow","max-snippet":"max-snippet:-1","max-image-preview":"max-image-preview:large","max-video-preview":"max-video-preview:-1"},"canonical":"https:\/\/peletizadoras.net\/pt-pt\/catalogo-maquinas-proceso-peletizado\/equipamentos-para-autoconsumo\/plt-25-peletizadora-de-mesa\/","og_locale":"pt_PT","og_type":"article","og_title":"PLT-25 Peletizadora de mesa | 10-20 kg\/h | 220 V | Ecofricalia","og_description":"Compre a PLT-25, a primeira peletizadora de mesa: 10-20 kg\/h, baixo consumo 1 100 W, ideal para autoconsumo, laborat\u00f3rio e ra\u00e7\u00f5es.","og_url":"https:\/\/peletizadoras.net\/pt-pt\/catalogo-maquinas-proceso-peletizado\/equipamentos-para-autoconsumo\/plt-25-peletizadora-de-mesa\/","og_site_name":"Ecofricalia. Soluciones Integrales para la Producci\u00f3n de Pellet","article_publisher":"https:\/\/www.facebook.com\/EcofricaliaSostenible","og_image":[{"width":1024,"height":768,"url":"https:\/\/peletizadoras.net\/wp-content\/uploads\/2025\/05\/peletizadora-autoconsumo-domestica-casera-laboratorio-plt25-fabricacion-pellet-pelet-mesa.jpg","type":"image\/jpeg"}],"twitter_card":"summary_large_image","twitter_site":"@_ecofricalia","twitter_misc":{"Tempo estimado de leitura":"1 minuto"},"schema":{"@context":"https:\/\/schema.org","@graph":[{"@type":"WebPage","@id":"https:\/\/peletizadoras.net\/pt-pt\/catalogo-maquinas-proceso-peletizado\/equipamentos-para-autoconsumo\/plt-25-peletizadora-de-mesa\/","url":"https:\/\/peletizadoras.net\/pt-pt\/catalogo-maquinas-proceso-peletizado\/equipamentos-para-autoconsumo\/plt-25-peletizadora-de-mesa\/","name":"PLT-25 Peletizadora de mesa | 10-20 kg\/h | 220 V | Ecofricalia","isPartOf":{"@id":"https:\/\/peletizadoras.net\/pt-pt\/#website"},"primaryImageOfPage":{"@id":"https:\/\/peletizadoras.net\/pt-pt\/catalogo-maquinas-proceso-peletizado\/equipamentos-para-autoconsumo\/plt-25-peletizadora-de-mesa\/#primaryimage"},"image":{"@id":"https:\/\/peletizadoras.net\/pt-pt\/catalogo-maquinas-proceso-peletizado\/equipamentos-para-autoconsumo\/plt-25-peletizadora-de-mesa\/#primaryimage"},"thumbnailUrl":"https:\/\/peletizadoras.net\/wp-content\/uploads\/2025\/05\/peletizadora-autoconsumo-domestica-casera-laboratorio-plt25-fabricacion-pellet-pelet-mesa.jpg","datePublished":"2025-05-14T15:42:46+00:00","description":"Compre a PLT-25, a primeira peletizadora de mesa: 10-20 kg\/h, baixo consumo 1 100 W, ideal para autoconsumo, laborat\u00f3rio e ra\u00e7\u00f5es.","breadcrumb":{"@id":"https:\/\/peletizadoras.net\/pt-pt\/catalogo-maquinas-proceso-peletizado\/equipamentos-para-autoconsumo\/plt-25-peletizadora-de-mesa\/#breadcrumb"},"inLanguage":"pt-PT","potentialAction":[{"@type":"ReadAction","target":["https:\/\/peletizadoras.net\/pt-pt\/catalogo-maquinas-proceso-peletizado\/equipamentos-para-autoconsumo\/plt-25-peletizadora-de-mesa\/"]}]},{"@type":"ImageObject","inLanguage":"pt-PT","@id":"https:\/\/peletizadoras.net\/pt-pt\/catalogo-maquinas-proceso-peletizado\/equipamentos-para-autoconsumo\/plt-25-peletizadora-de-mesa\/#primaryimage","url":"https:\/\/peletizadoras.net\/wp-content\/uploads\/2025\/05\/peletizadora-autoconsumo-domestica-casera-laboratorio-plt25-fabricacion-pellet-pelet-mesa.jpg","contentUrl":"https:\/\/peletizadoras.net\/wp-content\/uploads\/2025\/05\/peletizadora-autoconsumo-domestica-casera-laboratorio-plt25-fabricacion-pellet-pelet-mesa.jpg","width":1024,"height":768,"caption":"Peletizadora Dom\u00e9stica, Autoconsumo, Caseira para fabrica\u00e7\u00e3o de Pellet. M\u00e1quina de Mesa."},{"@type":"BreadcrumbList","@id":"https:\/\/peletizadoras.net\/pt-pt\/catalogo-maquinas-proceso-peletizado\/equipamentos-para-autoconsumo\/plt-25-peletizadora-de-mesa\/#breadcrumb","itemListElement":[{"@type":"ListItem","position":1,"name":"Portada","item":"https:\/\/peletizadoras.net\/pt-pt\/pagina-de-inicio\/"},{"@type":"ListItem","position":2,"name":"Tienda","item":"https:\/\/peletizadoras.net\/tienda\/"},{"@type":"ListItem","position":3,"name":"PLT-25 \u2013 Peletizadora de mesa"}]},{"@type":"WebSite","@id":"https:\/\/peletizadoras.net\/pt-pt\/#website","url":"https:\/\/peletizadoras.net\/pt-pt\/","name":"Ecofricalia. Soluciones Integrales para la Producci\u00f3n de Pellet","description":"Plantas y L\u00edneas industriales de peletizaci\u00f3n y m\u00e1quinas de fabricaci\u00f3n de pellet","publisher":{"@id":"https:\/\/peletizadoras.net\/pt-pt\/#organization"},"potentialAction":[{"@type":"SearchAction","target":{"@type":"EntryPoint","urlTemplate":"https:\/\/peletizadoras.net\/pt-pt\/?s={search_term_string}"},"query-input":{"@type":"PropertyValueSpecification","valueRequired":true,"valueName":"search_term_string"}}],"inLanguage":"pt-PT"},{"@type":"Organization","@id":"https:\/\/peletizadoras.net\/pt-pt\/#organization","name":"Ecofricalia. Soluciones Integrales para la Producci\u00f3n de Pellet","url":"https:\/\/peletizadoras.net\/pt-pt\/","logo":{"@type":"ImageObject","inLanguage":"pt-PT","@id":"https:\/\/peletizadoras.net\/pt-pt\/#\/schema\/logo\/image\/","url":"https:\/\/peletizadoras.net\/wp-content\/uploads\/2025\/05\/logo-ecofricalia-tapasweb.png","contentUrl":"https:\/\/peletizadoras.net\/wp-content\/uploads\/2025\/05\/logo-ecofricalia-tapasweb.png","width":881,"height":418,"caption":"Ecofricalia. Soluciones Integrales para la Producci\u00f3n de Pellet"},"image":{"@id":"https:\/\/peletizadoras.net\/pt-pt\/#\/schema\/logo\/image\/"},"sameAs":["https:\/\/www.facebook.com\/EcofricaliaSostenible","https:\/\/x.com\/_ecofricalia","https:\/\/www.youtube.com\/channel\/UCCvdG5pWUGvH4G5wP8TXuPw","https:\/\/www.instagram.com\/ecofricalia_sostenible\/"]}]}},"_links":{"self":[{"href":"https:\/\/peletizadoras.net\/pt-pt\/wp-json\/wp\/v2\/product\/103399","targetHints":{"allow":["GET"]}}],"collection":[{"href":"https:\/\/peletizadoras.net\/pt-pt\/wp-json\/wp\/v2\/product"}],"about":[{"href":"https:\/\/peletizadoras.net\/pt-pt\/wp-json\/wp\/v2\/types\/product"}],"wp:featuredmedia":[{"embeddable":true,"href":"https:\/\/peletizadoras.net\/pt-pt\/wp-json\/wp\/v2\/media\/103398"}],"wp:attachment":[{"href":"https:\/\/peletizadoras.net\/pt-pt\/wp-json\/wp\/v2\/media?parent=103399"}],"wp:term":[{"taxonomy":"product_brand","embeddable":true,"href":"https:\/\/peletizadoras.net\/pt-pt\/wp-json\/wp\/v2\/product_brand?post=103399"},{"taxonomy":"product_cat","embeddable":true,"href":"https:\/\/peletizadoras.net\/pt-pt\/wp-json\/wp\/v2\/product_cat?post=103399"},{"taxonomy":"product_tag","embeddable":true,"href":"https:\/\/peletizadoras.net\/pt-pt\/wp-json\/wp\/v2\/product_tag?post=103399"}],"curies":[{"name":"wp","href":"https:\/\/api.w.org\/{rel}","templated":true}]}}