{"id":103428,"date":"2025-07-09T17:52:44","date_gmt":"2025-07-09T15:52:44","guid":{"rendered":"https:\/\/peletizadoras.net\/catalogo-maquinas-proceso-peletizado\/sem categoria\/trituradora-agricola-serie-a\/"},"modified":"2025-07-09T17:52:44","modified_gmt":"2025-07-09T15:52:44","slug":"trituradora-agricola-serie-a","status":"publish","type":"product","link":"https:\/\/peletizadoras.net\/pt-pt\/catalogo-maquinas-proceso-peletizado\/equipamentos-complementares\/trituradora-agricola-serie-a\/","title":{"rendered":"Trituradora Agr\u00edcola S\u00e9rie A"},"content":{"rendered":"","protected":false},"excerpt":{"rendered":"<p data-prosemirror-content-type=\"node\" data-prosemirror-node-name=\"paragraph\" data-prosemirror-node-block=\"true\" data-pm-slice=\"1 3 []\"><em data-prosemirror-content-type=\"mark\" data-prosemirror-mark-name=\"em\">RECOLHA E ESTILHA\u00c7AMENTO DE PODAS AGR\u00cdCOLAS.<\/em><\/p>\n<p data-prosemirror-content-type=\"node\" data-prosemirror-node-name=\"paragraph\" data-prosemirror-node-block=\"true\"><em data-prosemirror-content-type=\"mark\" data-prosemirror-mark-name=\"em\">A recolha de Biomassa converte-se em um verdadeiro recurso das explora\u00e7\u00f5es.<\/em><\/p>\n<p data-prosemirror-content-type=\"node\" data-prosemirror-node-name=\"paragraph\" data-prosemirror-node-block=\"true\">Anteriormente ao seu uso na planta peletizadora, o res\u00edduo deve ser estilhado em tamanho homog\u00e9neo para conseguir os melhores resultados na manipula\u00e7\u00e3o e transforma\u00e7\u00e3o.<\/p>\n<p data-prosemirror-content-type=\"node\" data-prosemirror-node-name=\"paragraph\" data-prosemirror-node-block=\"true\">Esta maquinaria est\u00e1 destinada \u00e0 recolha e \u00e0 tritura\u00e7\u00e3o de restos de poda para o seu aproveitamento como Biomassa. O material \u00e9 triturado com um acabamento fino e carregado simultaneamente pela pr\u00f3pria m\u00e1quina a um caix\u00e3o acoplado rebat\u00edvel; desta maneira resulta ideal para o seu transporte e posterior descarga sobre um cami\u00e3o ou em zonas destinadas para o seu armazenamento. <\/p>\n<p data-prosemirror-content-type=\"node\" data-prosemirror-node-name=\"paragraph\" data-prosemirror-node-block=\"true\">Ideais para a elimina\u00e7\u00e3o de restos de poda em planta\u00e7\u00f5es de frut\u00edferas, olivais, amendoeiras e similares, dado que a queima em campo aberto estar\u00e1 regulada por normativas europeias para reduzir as emiss\u00f5es de CO2 e as part\u00edculas que geram a sua incinera\u00e7\u00e3o.<\/p>\n<p data-prosemirror-content-type=\"node\" data-prosemirror-node-name=\"paragraph\" data-prosemirror-node-block=\"true\">Este equipamento compacto adapta-se a terrenos complexos onde a manobrabilidade \u00e9 um fator importante nas tarefas agr\u00edcolas.<\/p>\n<p data-prosemirror-content-type=\"node\" data-prosemirror-node-name=\"paragraph\" data-prosemirror-node-block=\"true\">Trituradoras dotadas de dupla alimenta\u00e7\u00e3o hidr\u00e1ulica, de f\u00e1cil manuten\u00e7\u00e3o e acessibilidade. Na sua fabrica\u00e7\u00e3o empregam-se componentes de primeiras marcas para garantir a sua durabilidade: Chassis central em chapa Strenx de 6 mm sob refor\u00e7o e ambas as laterais em chapa de 12 mm. <\/p>\n<ul class=\"ak-ul\" data-prosemirror-content-type=\"node\" data-prosemirror-node-name=\"bulletList\" data-prosemirror-node-block=\"true\">\n<li data-prosemirror-content-type=\"node\" data-prosemirror-node-name=\"listItem\" data-prosemirror-node-block=\"true\">\n<p data-prosemirror-content-type=\"node\" data-prosemirror-node-name=\"paragraph\" data-prosemirror-node-block=\"true\">Rotor refor\u00e7ado de martelos florestais oscilantes.<\/p>\n<\/li>\n<li data-prosemirror-content-type=\"node\" data-prosemirror-node-name=\"listItem\" data-prosemirror-node-block=\"true\">\n<p data-prosemirror-content-type=\"node\" data-prosemirror-node-name=\"paragraph\" data-prosemirror-node-block=\"true\">Rotor refor\u00e7ado de dentes tratados revers\u00edveis.<\/p>\n<\/li>\n<\/ul>\n","protected":false},"featured_media":103423,"template":"","meta":{"_et_pb_use_builder":"","_et_pb_old_content":"","_et_gb_content_width":""},"product_brand":[],"product_cat":[153],"product_tag":[],"class_list":{"0":"post-103428","1":"product","2":"type-product","3":"status-publish","4":"has-post-thumbnail","6":"product_cat-equipamentos-complementares","8":"first","9":"instock","10":"shipping-taxable","11":"product-type-simple"},"yoast_head":"<!-- This site is optimized with the Yoast SEO plugin v27.3 - https:\/\/yoast.com\/product\/yoast-seo-wordpress\/ -->\n<title>Trituradora Agr\u00edcola S\u00e9rie A - Ecofricalia. Soluciones Integrales para la Producci\u00f3n de Pellet<\/title>\n<meta name=\"robots\" content=\"index, follow, max-snippet:-1, max-image-preview:large, max-video-preview:-1\" \/>\n<link rel=\"canonical\" href=\"https:\/\/peletizadoras.net\/pt-pt\/catalogo-maquinas-proceso-peletizado\/equipamentos-complementares\/trituradora-agricola-serie-a\/\" \/>\n<meta property=\"og:locale\" content=\"pt_PT\" \/>\n<meta property=\"og:type\" content=\"article\" \/>\n<meta property=\"og:title\" content=\"Trituradora Agr\u00edcola S\u00e9rie A - Ecofricalia. Soluciones Integrales para la Producci\u00f3n de Pellet\" \/>\n<meta property=\"og:description\" content=\"RECOLHA E ESTILHA\u00c7AMENTO DE PODAS AGR\u00cdCOLAS. A recolha de Biomassa converte-se em um verdadeiro recurso das explora\u00e7\u00f5es. Anteriormente ao seu uso na planta peletizadora, o res\u00edduo deve ser estilhado em tamanho homog\u00e9neo para conseguir os melhores resultados na manipula\u00e7\u00e3o e transforma\u00e7\u00e3o. Esta maquinaria est\u00e1 destinada \u00e0 recolha e \u00e0 tritura\u00e7\u00e3o de restos de poda para o seu aproveitamento como Biomassa. O material \u00e9 triturado com um acabamento fino e carregado simultaneamente pela pr\u00f3pria m\u00e1quina a um caix\u00e3o acoplado rebat\u00edvel; desta maneira resulta ideal para o seu transporte e posterior descarga sobre um cami\u00e3o ou em zonas destinadas para o seu armazenamento. Ideais para a elimina\u00e7\u00e3o de restos de poda em planta\u00e7\u00f5es de frut\u00edferas, olivais, amendoeiras e similares, dado que a queima em campo aberto estar\u00e1 regulada por normativas europeias para reduzir as emiss\u00f5es de CO2 e as part\u00edculas que geram a sua incinera\u00e7\u00e3o. Este equipamento compacto adapta-se a terrenos complexos onde a manobrabilidade \u00e9 um fator importante nas tarefas agr\u00edcolas. Trituradoras dotadas de dupla alimenta\u00e7\u00e3o hidr\u00e1ulica, de f\u00e1cil manuten\u00e7\u00e3o e acessibilidade. Na sua fabrica\u00e7\u00e3o empregam-se componentes de primeiras marcas para garantir a sua durabilidade: Chassis central em chapa Strenx de 6 mm sob refor\u00e7o e ambas as laterais em chapa de 12 mm.    Rotor refor\u00e7ado de martelos florestais oscilantes.   Rotor refor\u00e7ado de dentes tratados revers\u00edveis.\" \/>\n<meta property=\"og:url\" content=\"https:\/\/peletizadoras.net\/pt-pt\/catalogo-maquinas-proceso-peletizado\/equipamentos-complementares\/trituradora-agricola-serie-a\/\" \/>\n<meta property=\"og:site_name\" content=\"Ecofricalia. Soluciones Integrales para la Producci\u00f3n de Pellet\" \/>\n<meta property=\"article:publisher\" content=\"https:\/\/www.facebook.com\/EcofricaliaSostenible\" \/>\n<meta property=\"og:image\" content=\"https:\/\/peletizadoras.net\/wp-content\/uploads\/2025\/07\/trituradora-agricola-serie-A-basic-restos-poda-ecofricalia-destacada.jpg\" \/>\n\t<meta property=\"og:image:width\" content=\"1024\" \/>\n\t<meta property=\"og:image:height\" content=\"800\" \/>\n\t<meta property=\"og:image:type\" content=\"image\/jpeg\" \/>\n<meta name=\"twitter:card\" content=\"summary_large_image\" \/>\n<meta name=\"twitter:site\" content=\"@_ecofricalia\" \/>\n<script type=\"application\/ld+json\" class=\"yoast-schema-graph\">{\"@context\":\"https:\\\/\\\/schema.org\",\"@graph\":[{\"@type\":\"WebPage\",\"@id\":\"https:\\\/\\\/peletizadoras.net\\\/pt-pt\\\/catalogo-maquinas-proceso-peletizado\\\/equipamentos-complementares\\\/trituradora-agricola-serie-a\\\/\",\"url\":\"https:\\\/\\\/peletizadoras.net\\\/pt-pt\\\/catalogo-maquinas-proceso-peletizado\\\/equipamentos-complementares\\\/trituradora-agricola-serie-a\\\/\",\"name\":\"Trituradora Agr\u00edcola S\u00e9rie A - Ecofricalia. Soluciones Integrales para la Producci\u00f3n de Pellet\",\"isPartOf\":{\"@id\":\"https:\\\/\\\/peletizadoras.net\\\/pt-pt\\\/#website\"},\"primaryImageOfPage\":{\"@id\":\"https:\\\/\\\/peletizadoras.net\\\/pt-pt\\\/catalogo-maquinas-proceso-peletizado\\\/equipamentos-complementares\\\/trituradora-agricola-serie-a\\\/#primaryimage\"},\"image\":{\"@id\":\"https:\\\/\\\/peletizadoras.net\\\/pt-pt\\\/catalogo-maquinas-proceso-peletizado\\\/equipamentos-complementares\\\/trituradora-agricola-serie-a\\\/#primaryimage\"},\"thumbnailUrl\":\"https:\\\/\\\/peletizadoras.net\\\/wp-content\\\/uploads\\\/2025\\\/07\\\/trituradora-agricola-serie-A-basic-restos-poda-ecofricalia-destacada.jpg\",\"datePublished\":\"2025-07-09T15:52:44+00:00\",\"breadcrumb\":{\"@id\":\"https:\\\/\\\/peletizadoras.net\\\/pt-pt\\\/catalogo-maquinas-proceso-peletizado\\\/equipamentos-complementares\\\/trituradora-agricola-serie-a\\\/#breadcrumb\"},\"inLanguage\":\"pt-PT\",\"potentialAction\":[{\"@type\":\"ReadAction\",\"target\":[\"https:\\\/\\\/peletizadoras.net\\\/pt-pt\\\/catalogo-maquinas-proceso-peletizado\\\/equipamentos-complementares\\\/trituradora-agricola-serie-a\\\/\"]}]},{\"@type\":\"ImageObject\",\"inLanguage\":\"pt-PT\",\"@id\":\"https:\\\/\\\/peletizadoras.net\\\/pt-pt\\\/catalogo-maquinas-proceso-peletizado\\\/equipamentos-complementares\\\/trituradora-agricola-serie-a\\\/#primaryimage\",\"url\":\"https:\\\/\\\/peletizadoras.net\\\/wp-content\\\/uploads\\\/2025\\\/07\\\/trituradora-agricola-serie-A-basic-restos-poda-ecofricalia-destacada.jpg\",\"contentUrl\":\"https:\\\/\\\/peletizadoras.net\\\/wp-content\\\/uploads\\\/2025\\\/07\\\/trituradora-agricola-serie-A-basic-restos-poda-ecofricalia-destacada.jpg\",\"width\":1024,\"height\":800,\"caption\":\"Trituradora para Poda Agr\u00edcola S\u00e9rie A\"},{\"@type\":\"BreadcrumbList\",\"@id\":\"https:\\\/\\\/peletizadoras.net\\\/pt-pt\\\/catalogo-maquinas-proceso-peletizado\\\/equipamentos-complementares\\\/trituradora-agricola-serie-a\\\/#breadcrumb\",\"itemListElement\":[{\"@type\":\"ListItem\",\"position\":1,\"name\":\"Portada\",\"item\":\"https:\\\/\\\/peletizadoras.net\\\/pt-pt\\\/pagina-de-inicio\\\/\"},{\"@type\":\"ListItem\",\"position\":2,\"name\":\"Tienda\",\"item\":\"https:\\\/\\\/peletizadoras.net\\\/tienda\\\/\"},{\"@type\":\"ListItem\",\"position\":3,\"name\":\"Trituradora Agr\u00edcola S\u00e9rie A\"}]},{\"@type\":\"WebSite\",\"@id\":\"https:\\\/\\\/peletizadoras.net\\\/pt-pt\\\/#website\",\"url\":\"https:\\\/\\\/peletizadoras.net\\\/pt-pt\\\/\",\"name\":\"Ecofricalia. Soluciones Integrales para la Producci\u00f3n de Pellet\",\"description\":\"Plantas y L\u00edneas industriales de peletizaci\u00f3n y m\u00e1quinas de fabricaci\u00f3n de pellet\",\"publisher\":{\"@id\":\"https:\\\/\\\/peletizadoras.net\\\/pt-pt\\\/#organization\"},\"potentialAction\":[{\"@type\":\"SearchAction\",\"target\":{\"@type\":\"EntryPoint\",\"urlTemplate\":\"https:\\\/\\\/peletizadoras.net\\\/pt-pt\\\/?s={search_term_string}\"},\"query-input\":{\"@type\":\"PropertyValueSpecification\",\"valueRequired\":true,\"valueName\":\"search_term_string\"}}],\"inLanguage\":\"pt-PT\"},{\"@type\":\"Organization\",\"@id\":\"https:\\\/\\\/peletizadoras.net\\\/pt-pt\\\/#organization\",\"name\":\"Ecofricalia. Soluciones Integrales para la Producci\u00f3n de Pellet\",\"url\":\"https:\\\/\\\/peletizadoras.net\\\/pt-pt\\\/\",\"logo\":{\"@type\":\"ImageObject\",\"inLanguage\":\"pt-PT\",\"@id\":\"https:\\\/\\\/peletizadoras.net\\\/pt-pt\\\/#\\\/schema\\\/logo\\\/image\\\/\",\"url\":\"https:\\\/\\\/peletizadoras.net\\\/wp-content\\\/uploads\\\/2025\\\/05\\\/logo-ecofricalia-tapasweb.png\",\"contentUrl\":\"https:\\\/\\\/peletizadoras.net\\\/wp-content\\\/uploads\\\/2025\\\/05\\\/logo-ecofricalia-tapasweb.png\",\"width\":881,\"height\":418,\"caption\":\"Ecofricalia. Soluciones Integrales para la Producci\u00f3n de Pellet\"},\"image\":{\"@id\":\"https:\\\/\\\/peletizadoras.net\\\/pt-pt\\\/#\\\/schema\\\/logo\\\/image\\\/\"},\"sameAs\":[\"https:\\\/\\\/www.facebook.com\\\/EcofricaliaSostenible\",\"https:\\\/\\\/x.com\\\/_ecofricalia\",\"https:\\\/\\\/www.youtube.com\\\/channel\\\/UCCvdG5pWUGvH4G5wP8TXuPw\",\"https:\\\/\\\/www.instagram.com\\\/ecofricalia_sostenible\\\/\"]}]}<\/script>\n<!-- \/ Yoast SEO plugin. -->","yoast_head_json":{"title":"Trituradora Agr\u00edcola S\u00e9rie A - Ecofricalia. Soluciones Integrales para la Producci\u00f3n de Pellet","robots":{"index":"index","follow":"follow","max-snippet":"max-snippet:-1","max-image-preview":"max-image-preview:large","max-video-preview":"max-video-preview:-1"},"canonical":"https:\/\/peletizadoras.net\/pt-pt\/catalogo-maquinas-proceso-peletizado\/equipamentos-complementares\/trituradora-agricola-serie-a\/","og_locale":"pt_PT","og_type":"article","og_title":"Trituradora Agr\u00edcola S\u00e9rie A - Ecofricalia. Soluciones Integrales para la Producci\u00f3n de Pellet","og_description":"RECOLHA E ESTILHA\u00c7AMENTO DE PODAS AGR\u00cdCOLAS. A recolha de Biomassa converte-se em um verdadeiro recurso das explora\u00e7\u00f5es. Anteriormente ao seu uso na planta peletizadora, o res\u00edduo deve ser estilhado em tamanho homog\u00e9neo para conseguir os melhores resultados na manipula\u00e7\u00e3o e transforma\u00e7\u00e3o. Esta maquinaria est\u00e1 destinada \u00e0 recolha e \u00e0 tritura\u00e7\u00e3o de restos de poda para o seu aproveitamento como Biomassa. O material \u00e9 triturado com um acabamento fino e carregado simultaneamente pela pr\u00f3pria m\u00e1quina a um caix\u00e3o acoplado rebat\u00edvel; desta maneira resulta ideal para o seu transporte e posterior descarga sobre um cami\u00e3o ou em zonas destinadas para o seu armazenamento. Ideais para a elimina\u00e7\u00e3o de restos de poda em planta\u00e7\u00f5es de frut\u00edferas, olivais, amendoeiras e similares, dado que a queima em campo aberto estar\u00e1 regulada por normativas europeias para reduzir as emiss\u00f5es de CO2 e as part\u00edculas que geram a sua incinera\u00e7\u00e3o. Este equipamento compacto adapta-se a terrenos complexos onde a manobrabilidade \u00e9 um fator importante nas tarefas agr\u00edcolas. Trituradoras dotadas de dupla alimenta\u00e7\u00e3o hidr\u00e1ulica, de f\u00e1cil manuten\u00e7\u00e3o e acessibilidade. Na sua fabrica\u00e7\u00e3o empregam-se componentes de primeiras marcas para garantir a sua durabilidade: Chassis central em chapa Strenx de 6 mm sob refor\u00e7o e ambas as laterais em chapa de 12 mm.    Rotor refor\u00e7ado de martelos florestais oscilantes.   Rotor refor\u00e7ado de dentes tratados revers\u00edveis.","og_url":"https:\/\/peletizadoras.net\/pt-pt\/catalogo-maquinas-proceso-peletizado\/equipamentos-complementares\/trituradora-agricola-serie-a\/","og_site_name":"Ecofricalia. Soluciones Integrales para la Producci\u00f3n de Pellet","article_publisher":"https:\/\/www.facebook.com\/EcofricaliaSostenible","og_image":[{"width":1024,"height":800,"url":"https:\/\/peletizadoras.net\/wp-content\/uploads\/2025\/07\/trituradora-agricola-serie-A-basic-restos-poda-ecofricalia-destacada.jpg","type":"image\/jpeg"}],"twitter_card":"summary_large_image","twitter_site":"@_ecofricalia","schema":{"@context":"https:\/\/schema.org","@graph":[{"@type":"WebPage","@id":"https:\/\/peletizadoras.net\/pt-pt\/catalogo-maquinas-proceso-peletizado\/equipamentos-complementares\/trituradora-agricola-serie-a\/","url":"https:\/\/peletizadoras.net\/pt-pt\/catalogo-maquinas-proceso-peletizado\/equipamentos-complementares\/trituradora-agricola-serie-a\/","name":"Trituradora Agr\u00edcola S\u00e9rie A - Ecofricalia. Soluciones Integrales para la Producci\u00f3n de Pellet","isPartOf":{"@id":"https:\/\/peletizadoras.net\/pt-pt\/#website"},"primaryImageOfPage":{"@id":"https:\/\/peletizadoras.net\/pt-pt\/catalogo-maquinas-proceso-peletizado\/equipamentos-complementares\/trituradora-agricola-serie-a\/#primaryimage"},"image":{"@id":"https:\/\/peletizadoras.net\/pt-pt\/catalogo-maquinas-proceso-peletizado\/equipamentos-complementares\/trituradora-agricola-serie-a\/#primaryimage"},"thumbnailUrl":"https:\/\/peletizadoras.net\/wp-content\/uploads\/2025\/07\/trituradora-agricola-serie-A-basic-restos-poda-ecofricalia-destacada.jpg","datePublished":"2025-07-09T15:52:44+00:00","breadcrumb":{"@id":"https:\/\/peletizadoras.net\/pt-pt\/catalogo-maquinas-proceso-peletizado\/equipamentos-complementares\/trituradora-agricola-serie-a\/#breadcrumb"},"inLanguage":"pt-PT","potentialAction":[{"@type":"ReadAction","target":["https:\/\/peletizadoras.net\/pt-pt\/catalogo-maquinas-proceso-peletizado\/equipamentos-complementares\/trituradora-agricola-serie-a\/"]}]},{"@type":"ImageObject","inLanguage":"pt-PT","@id":"https:\/\/peletizadoras.net\/pt-pt\/catalogo-maquinas-proceso-peletizado\/equipamentos-complementares\/trituradora-agricola-serie-a\/#primaryimage","url":"https:\/\/peletizadoras.net\/wp-content\/uploads\/2025\/07\/trituradora-agricola-serie-A-basic-restos-poda-ecofricalia-destacada.jpg","contentUrl":"https:\/\/peletizadoras.net\/wp-content\/uploads\/2025\/07\/trituradora-agricola-serie-A-basic-restos-poda-ecofricalia-destacada.jpg","width":1024,"height":800,"caption":"Trituradora para Poda Agr\u00edcola S\u00e9rie A"},{"@type":"BreadcrumbList","@id":"https:\/\/peletizadoras.net\/pt-pt\/catalogo-maquinas-proceso-peletizado\/equipamentos-complementares\/trituradora-agricola-serie-a\/#breadcrumb","itemListElement":[{"@type":"ListItem","position":1,"name":"Portada","item":"https:\/\/peletizadoras.net\/pt-pt\/pagina-de-inicio\/"},{"@type":"ListItem","position":2,"name":"Tienda","item":"https:\/\/peletizadoras.net\/tienda\/"},{"@type":"ListItem","position":3,"name":"Trituradora Agr\u00edcola S\u00e9rie A"}]},{"@type":"WebSite","@id":"https:\/\/peletizadoras.net\/pt-pt\/#website","url":"https:\/\/peletizadoras.net\/pt-pt\/","name":"Ecofricalia. Soluciones Integrales para la Producci\u00f3n de Pellet","description":"Plantas y L\u00edneas industriales de peletizaci\u00f3n y m\u00e1quinas de fabricaci\u00f3n de pellet","publisher":{"@id":"https:\/\/peletizadoras.net\/pt-pt\/#organization"},"potentialAction":[{"@type":"SearchAction","target":{"@type":"EntryPoint","urlTemplate":"https:\/\/peletizadoras.net\/pt-pt\/?s={search_term_string}"},"query-input":{"@type":"PropertyValueSpecification","valueRequired":true,"valueName":"search_term_string"}}],"inLanguage":"pt-PT"},{"@type":"Organization","@id":"https:\/\/peletizadoras.net\/pt-pt\/#organization","name":"Ecofricalia. Soluciones Integrales para la Producci\u00f3n de Pellet","url":"https:\/\/peletizadoras.net\/pt-pt\/","logo":{"@type":"ImageObject","inLanguage":"pt-PT","@id":"https:\/\/peletizadoras.net\/pt-pt\/#\/schema\/logo\/image\/","url":"https:\/\/peletizadoras.net\/wp-content\/uploads\/2025\/05\/logo-ecofricalia-tapasweb.png","contentUrl":"https:\/\/peletizadoras.net\/wp-content\/uploads\/2025\/05\/logo-ecofricalia-tapasweb.png","width":881,"height":418,"caption":"Ecofricalia. Soluciones Integrales para la Producci\u00f3n de Pellet"},"image":{"@id":"https:\/\/peletizadoras.net\/pt-pt\/#\/schema\/logo\/image\/"},"sameAs":["https:\/\/www.facebook.com\/EcofricaliaSostenible","https:\/\/x.com\/_ecofricalia","https:\/\/www.youtube.com\/channel\/UCCvdG5pWUGvH4G5wP8TXuPw","https:\/\/www.instagram.com\/ecofricalia_sostenible\/"]}]}},"_links":{"self":[{"href":"https:\/\/peletizadoras.net\/pt-pt\/wp-json\/wp\/v2\/product\/103428","targetHints":{"allow":["GET"]}}],"collection":[{"href":"https:\/\/peletizadoras.net\/pt-pt\/wp-json\/wp\/v2\/product"}],"about":[{"href":"https:\/\/peletizadoras.net\/pt-pt\/wp-json\/wp\/v2\/types\/product"}],"wp:featuredmedia":[{"embeddable":true,"href":"https:\/\/peletizadoras.net\/pt-pt\/wp-json\/wp\/v2\/media\/103423"}],"wp:attachment":[{"href":"https:\/\/peletizadoras.net\/pt-pt\/wp-json\/wp\/v2\/media?parent=103428"}],"wp:term":[{"taxonomy":"product_brand","embeddable":true,"href":"https:\/\/peletizadoras.net\/pt-pt\/wp-json\/wp\/v2\/product_brand?post=103428"},{"taxonomy":"product_cat","embeddable":true,"href":"https:\/\/peletizadoras.net\/pt-pt\/wp-json\/wp\/v2\/product_cat?post=103428"},{"taxonomy":"product_tag","embeddable":true,"href":"https:\/\/peletizadoras.net\/pt-pt\/wp-json\/wp\/v2\/product_tag?post=103428"}],"curies":[{"name":"wp","href":"https:\/\/api.w.org\/{rel}","templated":true}]}}