{"id":103443,"date":"2025-02-23T14:04:50","date_gmt":"2025-02-23T13:04:50","guid":{"rendered":"https:\/\/peletizadoras.net\/catalogo-maquinas-proceso-peletizado\/sem categoria\/dispensador-automatico-myopellet\/"},"modified":"2025-02-23T14:04:50","modified_gmt":"2025-02-23T13:04:50","slug":"dispensador-automatico-myopellet","status":"publish","type":"product","link":"https:\/\/peletizadoras.net\/pt-pt\/catalogo-maquinas-proceso-peletizado\/equipamentos-complementares\/dispensador-automatico-myopellet\/","title":{"rendered":"Dispensador Autom\u00e1tico MYOPELLET"},"content":{"rendered":"","protected":false},"excerpt":{"rendered":"<p>O dispensador autom\u00e1tico MYOPELLET \u00e9 uma solu\u00e7\u00e3o inovadora para a venda de pellet a granel, desenhada para operar 24 horas por dia sem necessidade de intermedi\u00e1rios. Este sistema otimiza a experi\u00eancia do utilizador final ao oferecer pellets a um pre\u00e7o mais competitivo, eliminando os custos associados ao ensacamento e \u00e0 venda ao p\u00fablico. Al\u00e9m disso, o seu enfoque sustent\u00e1vel destaca-se ao substituir o uso de pl\u00e1sticos de um s\u00f3 uso por embalagens reutiliz\u00e1veis, como baldes ou sacos de r\u00e1fia, que s\u00e3o f\u00e1ceis de transportar e respeitadores do meio ambiente.  <\/p>\n<p>O MYOPELLET conta com um design adapt\u00e1vel e funcional que permite preencher o seu dep\u00f3sito mediante bocais de carga pneum\u00e1ticos traseiros ou superiores, facilitando a descarga de big-bags. O sistema inteligente 4.0 integrado garante a efici\u00eancia operativa ao comunicar automaticamente qualquer incid\u00eancia que possa afetar o funcionamento da m\u00e1quina, oferecendo tranquilidade ao propriet\u00e1rio. <\/p>\n<p>A experi\u00eancia de compra \u00e9 completamente automatizada e f\u00e1cil de usar. Atrav\u00e9s de um ecr\u00e3 t\u00e1til, os utilizadores podem selecionar a quantidade de pellet desejada e realizar o pagamento de forma segura com cart\u00e3o banc\u00e1rio. Uma vez completada a transa\u00e7\u00e3o, o sistema guia o cliente para colocar a sua embalagem no recet\u00e1culo, onde se realiza o enchimento preciso e eficiente do pellet solicitado.  <\/p>\n<p>Com o MYOPELLET, fomenta-se a sustentabilidade, simplifica-se o acesso ao biocombust\u00edvel e otimiza-se a opera\u00e7\u00e3o para propriet\u00e1rios e utilizadores finais por igual. \u00c9 a solu\u00e7\u00e3o perfeita para uma economia mais circular e respeitadora do meio ambiente. <\/p>\n","protected":false},"featured_media":103442,"template":"","meta":{"_et_pb_use_builder":"","_et_pb_old_content":"","_et_gb_content_width":""},"product_brand":[],"product_cat":[153],"product_tag":[],"class_list":{"0":"post-103443","1":"product","2":"type-product","3":"status-publish","4":"has-post-thumbnail","6":"product_cat-equipamentos-complementares","8":"first","9":"instock","10":"shipping-taxable","11":"product-type-simple"},"yoast_head":"<!-- This site is optimized with the Yoast SEO plugin v27.3 - https:\/\/yoast.com\/product\/yoast-seo-wordpress\/ -->\n<title>MYOPELLET: Dispensador Autom\u00e1tico de Pellet a Granel 24\/7<\/title>\n<meta name=\"description\" content=\"Descubra o MYOPELLET, o dispensador autom\u00e1tico de pellet que opera 24\/7. Sem intermedi\u00e1rios, elimina pl\u00e1sticos de um s\u00f3 uso e oferece um fornecimento eficiente e sustent\u00e1vel. Otimize o seu acesso ao biocombust\u00edvel!\" \/>\n<meta name=\"robots\" content=\"index, follow, max-snippet:-1, max-image-preview:large, max-video-preview:-1\" \/>\n<link rel=\"canonical\" href=\"https:\/\/peletizadoras.net\/pt-pt\/catalogo-maquinas-proceso-peletizado\/equipamentos-complementares\/dispensador-automatico-myopellet\/\" \/>\n<meta property=\"og:locale\" content=\"pt_PT\" \/>\n<meta property=\"og:type\" content=\"article\" \/>\n<meta property=\"og:title\" content=\"MYOPELLET: Dispensador Autom\u00e1tico de Pellet a Granel 24\/7\" \/>\n<meta property=\"og:description\" content=\"Descubra o MYOPELLET, o dispensador autom\u00e1tico de pellet que opera 24\/7. Sem intermedi\u00e1rios, elimina pl\u00e1sticos de um s\u00f3 uso e oferece um fornecimento eficiente e sustent\u00e1vel. Otimize o seu acesso ao biocombust\u00edvel!\" \/>\n<meta property=\"og:url\" content=\"https:\/\/peletizadoras.net\/pt-pt\/catalogo-maquinas-proceso-peletizado\/equipamentos-complementares\/dispensador-automatico-myopellet\/\" \/>\n<meta property=\"og:site_name\" content=\"Ecofricalia. Soluciones Integrales para la Producci\u00f3n de Pellet\" \/>\n<meta property=\"article:publisher\" content=\"https:\/\/www.facebook.com\/EcofricaliaSostenible\" \/>\n<meta property=\"og:image\" content=\"https:\/\/peletizadoras.net\/wp-content\/uploads\/2025\/02\/dispensador-automatico-pellet-myopellet-suministro-a-granel.jpg\" \/>\n\t<meta property=\"og:image:width\" content=\"1024\" \/>\n\t<meta property=\"og:image:height\" content=\"872\" \/>\n\t<meta property=\"og:image:type\" content=\"image\/jpeg\" \/>\n<meta name=\"twitter:card\" content=\"summary_large_image\" \/>\n<meta name=\"twitter:site\" content=\"@_ecofricalia\" \/>\n<script type=\"application\/ld+json\" class=\"yoast-schema-graph\">{\"@context\":\"https:\\\/\\\/schema.org\",\"@graph\":[{\"@type\":\"WebPage\",\"@id\":\"https:\\\/\\\/peletizadoras.net\\\/pt-pt\\\/catalogo-maquinas-proceso-peletizado\\\/equipamentos-complementares\\\/dispensador-automatico-myopellet\\\/\",\"url\":\"https:\\\/\\\/peletizadoras.net\\\/pt-pt\\\/catalogo-maquinas-proceso-peletizado\\\/equipamentos-complementares\\\/dispensador-automatico-myopellet\\\/\",\"name\":\"MYOPELLET: Dispensador Autom\u00e1tico de Pellet a Granel 24\\\/7\",\"isPartOf\":{\"@id\":\"https:\\\/\\\/peletizadoras.net\\\/pt-pt\\\/#website\"},\"primaryImageOfPage\":{\"@id\":\"https:\\\/\\\/peletizadoras.net\\\/pt-pt\\\/catalogo-maquinas-proceso-peletizado\\\/equipamentos-complementares\\\/dispensador-automatico-myopellet\\\/#primaryimage\"},\"image\":{\"@id\":\"https:\\\/\\\/peletizadoras.net\\\/pt-pt\\\/catalogo-maquinas-proceso-peletizado\\\/equipamentos-complementares\\\/dispensador-automatico-myopellet\\\/#primaryimage\"},\"thumbnailUrl\":\"https:\\\/\\\/peletizadoras.net\\\/wp-content\\\/uploads\\\/2025\\\/02\\\/dispensador-automatico-pellet-myopellet-suministro-a-granel.jpg\",\"datePublished\":\"2025-02-23T13:04:50+00:00\",\"description\":\"Descubra o MYOPELLET, o dispensador autom\u00e1tico de pellet que opera 24\\\/7. Sem intermedi\u00e1rios, elimina pl\u00e1sticos de um s\u00f3 uso e oferece um fornecimento eficiente e sustent\u00e1vel. Otimize o seu acesso ao biocombust\u00edvel!\",\"breadcrumb\":{\"@id\":\"https:\\\/\\\/peletizadoras.net\\\/pt-pt\\\/catalogo-maquinas-proceso-peletizado\\\/equipamentos-complementares\\\/dispensador-automatico-myopellet\\\/#breadcrumb\"},\"inLanguage\":\"pt-PT\",\"potentialAction\":[{\"@type\":\"ReadAction\",\"target\":[\"https:\\\/\\\/peletizadoras.net\\\/pt-pt\\\/catalogo-maquinas-proceso-peletizado\\\/equipamentos-complementares\\\/dispensador-automatico-myopellet\\\/\"]}]},{\"@type\":\"ImageObject\",\"inLanguage\":\"pt-PT\",\"@id\":\"https:\\\/\\\/peletizadoras.net\\\/pt-pt\\\/catalogo-maquinas-proceso-peletizado\\\/equipamentos-complementares\\\/dispensador-automatico-myopellet\\\/#primaryimage\",\"url\":\"https:\\\/\\\/peletizadoras.net\\\/wp-content\\\/uploads\\\/2025\\\/02\\\/dispensador-automatico-pellet-myopellet-suministro-a-granel.jpg\",\"contentUrl\":\"https:\\\/\\\/peletizadoras.net\\\/wp-content\\\/uploads\\\/2025\\\/02\\\/dispensador-automatico-pellet-myopellet-suministro-a-granel.jpg\",\"width\":1024,\"height\":872},{\"@type\":\"BreadcrumbList\",\"@id\":\"https:\\\/\\\/peletizadoras.net\\\/pt-pt\\\/catalogo-maquinas-proceso-peletizado\\\/equipamentos-complementares\\\/dispensador-automatico-myopellet\\\/#breadcrumb\",\"itemListElement\":[{\"@type\":\"ListItem\",\"position\":1,\"name\":\"Portada\",\"item\":\"https:\\\/\\\/peletizadoras.net\\\/pt-pt\\\/pagina-de-inicio\\\/\"},{\"@type\":\"ListItem\",\"position\":2,\"name\":\"Tienda\",\"item\":\"https:\\\/\\\/peletizadoras.net\\\/tienda\\\/\"},{\"@type\":\"ListItem\",\"position\":3,\"name\":\"Dispensador Autom\u00e1tico MYOPELLET\"}]},{\"@type\":\"WebSite\",\"@id\":\"https:\\\/\\\/peletizadoras.net\\\/pt-pt\\\/#website\",\"url\":\"https:\\\/\\\/peletizadoras.net\\\/pt-pt\\\/\",\"name\":\"Ecofricalia. Soluciones Integrales para la Producci\u00f3n de Pellet\",\"description\":\"Plantas y L\u00edneas industriales de peletizaci\u00f3n y m\u00e1quinas de fabricaci\u00f3n de pellet\",\"publisher\":{\"@id\":\"https:\\\/\\\/peletizadoras.net\\\/pt-pt\\\/#organization\"},\"potentialAction\":[{\"@type\":\"SearchAction\",\"target\":{\"@type\":\"EntryPoint\",\"urlTemplate\":\"https:\\\/\\\/peletizadoras.net\\\/pt-pt\\\/?s={search_term_string}\"},\"query-input\":{\"@type\":\"PropertyValueSpecification\",\"valueRequired\":true,\"valueName\":\"search_term_string\"}}],\"inLanguage\":\"pt-PT\"},{\"@type\":\"Organization\",\"@id\":\"https:\\\/\\\/peletizadoras.net\\\/pt-pt\\\/#organization\",\"name\":\"Ecofricalia. Soluciones Integrales para la Producci\u00f3n de Pellet\",\"url\":\"https:\\\/\\\/peletizadoras.net\\\/pt-pt\\\/\",\"logo\":{\"@type\":\"ImageObject\",\"inLanguage\":\"pt-PT\",\"@id\":\"https:\\\/\\\/peletizadoras.net\\\/pt-pt\\\/#\\\/schema\\\/logo\\\/image\\\/\",\"url\":\"https:\\\/\\\/peletizadoras.net\\\/wp-content\\\/uploads\\\/2025\\\/05\\\/logo-ecofricalia-tapasweb.png\",\"contentUrl\":\"https:\\\/\\\/peletizadoras.net\\\/wp-content\\\/uploads\\\/2025\\\/05\\\/logo-ecofricalia-tapasweb.png\",\"width\":881,\"height\":418,\"caption\":\"Ecofricalia. Soluciones Integrales para la Producci\u00f3n de Pellet\"},\"image\":{\"@id\":\"https:\\\/\\\/peletizadoras.net\\\/pt-pt\\\/#\\\/schema\\\/logo\\\/image\\\/\"},\"sameAs\":[\"https:\\\/\\\/www.facebook.com\\\/EcofricaliaSostenible\",\"https:\\\/\\\/x.com\\\/_ecofricalia\",\"https:\\\/\\\/www.youtube.com\\\/channel\\\/UCCvdG5pWUGvH4G5wP8TXuPw\",\"https:\\\/\\\/www.instagram.com\\\/ecofricalia_sostenible\\\/\"]}]}<\/script>\n<!-- \/ Yoast SEO plugin. -->","yoast_head_json":{"title":"MYOPELLET: Dispensador Autom\u00e1tico de Pellet a Granel 24\/7","description":"Descubra o MYOPELLET, o dispensador autom\u00e1tico de pellet que opera 24\/7. Sem intermedi\u00e1rios, elimina pl\u00e1sticos de um s\u00f3 uso e oferece um fornecimento eficiente e sustent\u00e1vel. Otimize o seu acesso ao biocombust\u00edvel!","robots":{"index":"index","follow":"follow","max-snippet":"max-snippet:-1","max-image-preview":"max-image-preview:large","max-video-preview":"max-video-preview:-1"},"canonical":"https:\/\/peletizadoras.net\/pt-pt\/catalogo-maquinas-proceso-peletizado\/equipamentos-complementares\/dispensador-automatico-myopellet\/","og_locale":"pt_PT","og_type":"article","og_title":"MYOPELLET: Dispensador Autom\u00e1tico de Pellet a Granel 24\/7","og_description":"Descubra o MYOPELLET, o dispensador autom\u00e1tico de pellet que opera 24\/7. Sem intermedi\u00e1rios, elimina pl\u00e1sticos de um s\u00f3 uso e oferece um fornecimento eficiente e sustent\u00e1vel. Otimize o seu acesso ao biocombust\u00edvel!","og_url":"https:\/\/peletizadoras.net\/pt-pt\/catalogo-maquinas-proceso-peletizado\/equipamentos-complementares\/dispensador-automatico-myopellet\/","og_site_name":"Ecofricalia. Soluciones Integrales para la Producci\u00f3n de Pellet","article_publisher":"https:\/\/www.facebook.com\/EcofricaliaSostenible","og_image":[{"width":1024,"height":872,"url":"https:\/\/peletizadoras.net\/wp-content\/uploads\/2025\/02\/dispensador-automatico-pellet-myopellet-suministro-a-granel.jpg","type":"image\/jpeg"}],"twitter_card":"summary_large_image","twitter_site":"@_ecofricalia","schema":{"@context":"https:\/\/schema.org","@graph":[{"@type":"WebPage","@id":"https:\/\/peletizadoras.net\/pt-pt\/catalogo-maquinas-proceso-peletizado\/equipamentos-complementares\/dispensador-automatico-myopellet\/","url":"https:\/\/peletizadoras.net\/pt-pt\/catalogo-maquinas-proceso-peletizado\/equipamentos-complementares\/dispensador-automatico-myopellet\/","name":"MYOPELLET: Dispensador Autom\u00e1tico de Pellet a Granel 24\/7","isPartOf":{"@id":"https:\/\/peletizadoras.net\/pt-pt\/#website"},"primaryImageOfPage":{"@id":"https:\/\/peletizadoras.net\/pt-pt\/catalogo-maquinas-proceso-peletizado\/equipamentos-complementares\/dispensador-automatico-myopellet\/#primaryimage"},"image":{"@id":"https:\/\/peletizadoras.net\/pt-pt\/catalogo-maquinas-proceso-peletizado\/equipamentos-complementares\/dispensador-automatico-myopellet\/#primaryimage"},"thumbnailUrl":"https:\/\/peletizadoras.net\/wp-content\/uploads\/2025\/02\/dispensador-automatico-pellet-myopellet-suministro-a-granel.jpg","datePublished":"2025-02-23T13:04:50+00:00","description":"Descubra o MYOPELLET, o dispensador autom\u00e1tico de pellet que opera 24\/7. Sem intermedi\u00e1rios, elimina pl\u00e1sticos de um s\u00f3 uso e oferece um fornecimento eficiente e sustent\u00e1vel. Otimize o seu acesso ao biocombust\u00edvel!","breadcrumb":{"@id":"https:\/\/peletizadoras.net\/pt-pt\/catalogo-maquinas-proceso-peletizado\/equipamentos-complementares\/dispensador-automatico-myopellet\/#breadcrumb"},"inLanguage":"pt-PT","potentialAction":[{"@type":"ReadAction","target":["https:\/\/peletizadoras.net\/pt-pt\/catalogo-maquinas-proceso-peletizado\/equipamentos-complementares\/dispensador-automatico-myopellet\/"]}]},{"@type":"ImageObject","inLanguage":"pt-PT","@id":"https:\/\/peletizadoras.net\/pt-pt\/catalogo-maquinas-proceso-peletizado\/equipamentos-complementares\/dispensador-automatico-myopellet\/#primaryimage","url":"https:\/\/peletizadoras.net\/wp-content\/uploads\/2025\/02\/dispensador-automatico-pellet-myopellet-suministro-a-granel.jpg","contentUrl":"https:\/\/peletizadoras.net\/wp-content\/uploads\/2025\/02\/dispensador-automatico-pellet-myopellet-suministro-a-granel.jpg","width":1024,"height":872},{"@type":"BreadcrumbList","@id":"https:\/\/peletizadoras.net\/pt-pt\/catalogo-maquinas-proceso-peletizado\/equipamentos-complementares\/dispensador-automatico-myopellet\/#breadcrumb","itemListElement":[{"@type":"ListItem","position":1,"name":"Portada","item":"https:\/\/peletizadoras.net\/pt-pt\/pagina-de-inicio\/"},{"@type":"ListItem","position":2,"name":"Tienda","item":"https:\/\/peletizadoras.net\/tienda\/"},{"@type":"ListItem","position":3,"name":"Dispensador Autom\u00e1tico MYOPELLET"}]},{"@type":"WebSite","@id":"https:\/\/peletizadoras.net\/pt-pt\/#website","url":"https:\/\/peletizadoras.net\/pt-pt\/","name":"Ecofricalia. Soluciones Integrales para la Producci\u00f3n de Pellet","description":"Plantas y L\u00edneas industriales de peletizaci\u00f3n y m\u00e1quinas de fabricaci\u00f3n de pellet","publisher":{"@id":"https:\/\/peletizadoras.net\/pt-pt\/#organization"},"potentialAction":[{"@type":"SearchAction","target":{"@type":"EntryPoint","urlTemplate":"https:\/\/peletizadoras.net\/pt-pt\/?s={search_term_string}"},"query-input":{"@type":"PropertyValueSpecification","valueRequired":true,"valueName":"search_term_string"}}],"inLanguage":"pt-PT"},{"@type":"Organization","@id":"https:\/\/peletizadoras.net\/pt-pt\/#organization","name":"Ecofricalia. Soluciones Integrales para la Producci\u00f3n de Pellet","url":"https:\/\/peletizadoras.net\/pt-pt\/","logo":{"@type":"ImageObject","inLanguage":"pt-PT","@id":"https:\/\/peletizadoras.net\/pt-pt\/#\/schema\/logo\/image\/","url":"https:\/\/peletizadoras.net\/wp-content\/uploads\/2025\/05\/logo-ecofricalia-tapasweb.png","contentUrl":"https:\/\/peletizadoras.net\/wp-content\/uploads\/2025\/05\/logo-ecofricalia-tapasweb.png","width":881,"height":418,"caption":"Ecofricalia. Soluciones Integrales para la Producci\u00f3n de Pellet"},"image":{"@id":"https:\/\/peletizadoras.net\/pt-pt\/#\/schema\/logo\/image\/"},"sameAs":["https:\/\/www.facebook.com\/EcofricaliaSostenible","https:\/\/x.com\/_ecofricalia","https:\/\/www.youtube.com\/channel\/UCCvdG5pWUGvH4G5wP8TXuPw","https:\/\/www.instagram.com\/ecofricalia_sostenible\/"]}]}},"_links":{"self":[{"href":"https:\/\/peletizadoras.net\/pt-pt\/wp-json\/wp\/v2\/product\/103443","targetHints":{"allow":["GET"]}}],"collection":[{"href":"https:\/\/peletizadoras.net\/pt-pt\/wp-json\/wp\/v2\/product"}],"about":[{"href":"https:\/\/peletizadoras.net\/pt-pt\/wp-json\/wp\/v2\/types\/product"}],"wp:featuredmedia":[{"embeddable":true,"href":"https:\/\/peletizadoras.net\/pt-pt\/wp-json\/wp\/v2\/media\/103442"}],"wp:attachment":[{"href":"https:\/\/peletizadoras.net\/pt-pt\/wp-json\/wp\/v2\/media?parent=103443"}],"wp:term":[{"taxonomy":"product_brand","embeddable":true,"href":"https:\/\/peletizadoras.net\/pt-pt\/wp-json\/wp\/v2\/product_brand?post=103443"},{"taxonomy":"product_cat","embeddable":true,"href":"https:\/\/peletizadoras.net\/pt-pt\/wp-json\/wp\/v2\/product_cat?post=103443"},{"taxonomy":"product_tag","embeddable":true,"href":"https:\/\/peletizadoras.net\/pt-pt\/wp-json\/wp\/v2\/product_tag?post=103443"}],"curies":[{"name":"wp","href":"https:\/\/api.w.org\/{rel}","templated":true}]}}