{"id":103445,"date":"2025-02-23T14:04:49","date_gmt":"2025-02-23T13:04:49","guid":{"rendered":"https:\/\/peletizadoras.net\/catalogo-maquinas-proceso-peletizado\/sem categoria\/carregadoras-pneumaticas-gama-spv\/"},"modified":"2025-02-23T14:04:49","modified_gmt":"2025-02-23T13:04:49","slug":"carregadoras-pneumaticas-gama-spv","status":"publish","type":"product","link":"https:\/\/peletizadoras.net\/pt-pt\/catalogo-maquinas-proceso-peletizado\/equipamentos-complementares\/carregadoras-pneumaticas-gama-spv\/","title":{"rendered":"Carregadoras Pneum\u00e1ticas Gama SPV"},"content":{"rendered":"<p>As carregadoras pneum\u00e1ticas da Gama SPV s\u00e3o a solu\u00e7\u00e3o ideal para o fornecimento de pellets a granel e ao domic\u00edlio sem necessidade de ve\u00edculos especializados de grande tamanho. Simplesmente introduza o granulado na tremonha de carga e transporte o dispositivo num ve\u00edculo padr\u00e3o. <\/p>\n<p>Uma vez no destino, basta desdobrar o tubo retr\u00e1til, acopl\u00e1-lo ao bocal de carga do dep\u00f3sito recetor e ativar o sistema. As carregadoras SPV est\u00e3o desenhadas para serem eficientes, pr\u00e1ticas e adapt\u00e1veis a diferentes necessidades. <\/p>\n<p>&nbsp;<\/p>\n","protected":false},"excerpt":{"rendered":"<p>Carregadoras pneum\u00e1ticas SPV para fornecimento de pellets a granel e ao domic\u00edlio. Desenhadas para ve\u00edculos padr\u00e3o, com f\u00e1cil manuseio e alta efici\u00eancia. <\/p>\n","protected":false},"featured_media":103444,"template":"","meta":{"_et_pb_use_builder":"","_et_pb_old_content":"","_et_gb_content_width":""},"product_brand":[],"product_cat":[153],"product_tag":[],"class_list":{"0":"post-103445","1":"product","2":"type-product","3":"status-publish","4":"has-post-thumbnail","6":"product_cat-equipamentos-complementares","8":"first","9":"instock","10":"shipping-taxable","11":"product-type-simple"},"yoast_head":"<!-- This site is optimized with the Yoast SEO plugin v27.3 - https:\/\/yoast.com\/product\/yoast-seo-wordpress\/ -->\n<title>Carregadoras Pneum\u00e1ticas SPV \u2013 Transporte de Pellets Eficiente<\/title>\n<meta name=\"description\" content=\"Descubra as carregadoras pneum\u00e1ticas SPV para fornecimento de pellets a granel. Modelos SPV30 e SPV55, eficientes, ligeiras e f\u00e1ceis de usar com ve\u00edculos padr\u00e3o.\" \/>\n<meta name=\"robots\" content=\"index, follow, max-snippet:-1, max-image-preview:large, max-video-preview:-1\" \/>\n<link rel=\"canonical\" href=\"https:\/\/peletizadoras.net\/pt-pt\/catalogo-maquinas-proceso-peletizado\/equipamentos-complementares\/carregadoras-pneumaticas-gama-spv\/\" \/>\n<meta property=\"og:locale\" content=\"pt_PT\" \/>\n<meta property=\"og:type\" content=\"article\" \/>\n<meta property=\"og:title\" content=\"Carregadoras Pneum\u00e1ticas SPV \u2013 Transporte de Pellets Eficiente\" \/>\n<meta property=\"og:description\" content=\"Descubra as carregadoras pneum\u00e1ticas SPV para fornecimento de pellets a granel. Modelos SPV30 e SPV55, eficientes, ligeiras e f\u00e1ceis de usar com ve\u00edculos padr\u00e3o.\" \/>\n<meta property=\"og:url\" content=\"https:\/\/peletizadoras.net\/pt-pt\/catalogo-maquinas-proceso-peletizado\/equipamentos-complementares\/carregadoras-pneumaticas-gama-spv\/\" \/>\n<meta property=\"og:site_name\" content=\"Ecofricalia. Soluciones Integrales para la Producci\u00f3n de Pellet\" \/>\n<meta property=\"article:publisher\" content=\"https:\/\/www.facebook.com\/EcofricaliaSostenible\" \/>\n<meta property=\"og:image\" content=\"https:\/\/peletizadoras.net\/wp-content\/uploads\/2025\/02\/cargadoras-neumaticas-gama-spv-pellets.jpg\" \/>\n\t<meta property=\"og:image:width\" content=\"1024\" \/>\n\t<meta property=\"og:image:height\" content=\"768\" \/>\n\t<meta property=\"og:image:type\" content=\"image\/jpeg\" \/>\n<meta name=\"twitter:card\" content=\"summary_large_image\" \/>\n<meta name=\"twitter:site\" content=\"@_ecofricalia\" \/>\n<script type=\"application\/ld+json\" class=\"yoast-schema-graph\">{\"@context\":\"https:\\\/\\\/schema.org\",\"@graph\":[{\"@type\":\"WebPage\",\"@id\":\"https:\\\/\\\/peletizadoras.net\\\/pt-pt\\\/catalogo-maquinas-proceso-peletizado\\\/equipamentos-complementares\\\/carregadoras-pneumaticas-gama-spv\\\/\",\"url\":\"https:\\\/\\\/peletizadoras.net\\\/pt-pt\\\/catalogo-maquinas-proceso-peletizado\\\/equipamentos-complementares\\\/carregadoras-pneumaticas-gama-spv\\\/\",\"name\":\"Carregadoras Pneum\u00e1ticas SPV \u2013 Transporte de Pellets Eficiente\",\"isPartOf\":{\"@id\":\"https:\\\/\\\/peletizadoras.net\\\/pt-pt\\\/#website\"},\"primaryImageOfPage\":{\"@id\":\"https:\\\/\\\/peletizadoras.net\\\/pt-pt\\\/catalogo-maquinas-proceso-peletizado\\\/equipamentos-complementares\\\/carregadoras-pneumaticas-gama-spv\\\/#primaryimage\"},\"image\":{\"@id\":\"https:\\\/\\\/peletizadoras.net\\\/pt-pt\\\/catalogo-maquinas-proceso-peletizado\\\/equipamentos-complementares\\\/carregadoras-pneumaticas-gama-spv\\\/#primaryimage\"},\"thumbnailUrl\":\"https:\\\/\\\/peletizadoras.net\\\/wp-content\\\/uploads\\\/2025\\\/02\\\/cargadoras-neumaticas-gama-spv-pellets.jpg\",\"datePublished\":\"2025-02-23T13:04:49+00:00\",\"description\":\"Descubra as carregadoras pneum\u00e1ticas SPV para fornecimento de pellets a granel. Modelos SPV30 e SPV55, eficientes, ligeiras e f\u00e1ceis de usar com ve\u00edculos padr\u00e3o.\",\"breadcrumb\":{\"@id\":\"https:\\\/\\\/peletizadoras.net\\\/pt-pt\\\/catalogo-maquinas-proceso-peletizado\\\/equipamentos-complementares\\\/carregadoras-pneumaticas-gama-spv\\\/#breadcrumb\"},\"inLanguage\":\"pt-PT\",\"potentialAction\":[{\"@type\":\"ReadAction\",\"target\":[\"https:\\\/\\\/peletizadoras.net\\\/pt-pt\\\/catalogo-maquinas-proceso-peletizado\\\/equipamentos-complementares\\\/carregadoras-pneumaticas-gama-spv\\\/\"]}]},{\"@type\":\"ImageObject\",\"inLanguage\":\"pt-PT\",\"@id\":\"https:\\\/\\\/peletizadoras.net\\\/pt-pt\\\/catalogo-maquinas-proceso-peletizado\\\/equipamentos-complementares\\\/carregadoras-pneumaticas-gama-spv\\\/#primaryimage\",\"url\":\"https:\\\/\\\/peletizadoras.net\\\/wp-content\\\/uploads\\\/2025\\\/02\\\/cargadoras-neumaticas-gama-spv-pellets.jpg\",\"contentUrl\":\"https:\\\/\\\/peletizadoras.net\\\/wp-content\\\/uploads\\\/2025\\\/02\\\/cargadoras-neumaticas-gama-spv-pellets.jpg\",\"width\":1024,\"height\":768},{\"@type\":\"BreadcrumbList\",\"@id\":\"https:\\\/\\\/peletizadoras.net\\\/pt-pt\\\/catalogo-maquinas-proceso-peletizado\\\/equipamentos-complementares\\\/carregadoras-pneumaticas-gama-spv\\\/#breadcrumb\",\"itemListElement\":[{\"@type\":\"ListItem\",\"position\":1,\"name\":\"Portada\",\"item\":\"https:\\\/\\\/peletizadoras.net\\\/pt-pt\\\/pagina-de-inicio\\\/\"},{\"@type\":\"ListItem\",\"position\":2,\"name\":\"Tienda\",\"item\":\"https:\\\/\\\/peletizadoras.net\\\/tienda\\\/\"},{\"@type\":\"ListItem\",\"position\":3,\"name\":\"Carregadoras Pneum\u00e1ticas Gama SPV\"}]},{\"@type\":\"WebSite\",\"@id\":\"https:\\\/\\\/peletizadoras.net\\\/pt-pt\\\/#website\",\"url\":\"https:\\\/\\\/peletizadoras.net\\\/pt-pt\\\/\",\"name\":\"Ecofricalia. Soluciones Integrales para la Producci\u00f3n de Pellet\",\"description\":\"Plantas y L\u00edneas industriales de peletizaci\u00f3n y m\u00e1quinas de fabricaci\u00f3n de pellet\",\"publisher\":{\"@id\":\"https:\\\/\\\/peletizadoras.net\\\/pt-pt\\\/#organization\"},\"potentialAction\":[{\"@type\":\"SearchAction\",\"target\":{\"@type\":\"EntryPoint\",\"urlTemplate\":\"https:\\\/\\\/peletizadoras.net\\\/pt-pt\\\/?s={search_term_string}\"},\"query-input\":{\"@type\":\"PropertyValueSpecification\",\"valueRequired\":true,\"valueName\":\"search_term_string\"}}],\"inLanguage\":\"pt-PT\"},{\"@type\":\"Organization\",\"@id\":\"https:\\\/\\\/peletizadoras.net\\\/pt-pt\\\/#organization\",\"name\":\"Ecofricalia. Soluciones Integrales para la Producci\u00f3n de Pellet\",\"url\":\"https:\\\/\\\/peletizadoras.net\\\/pt-pt\\\/\",\"logo\":{\"@type\":\"ImageObject\",\"inLanguage\":\"pt-PT\",\"@id\":\"https:\\\/\\\/peletizadoras.net\\\/pt-pt\\\/#\\\/schema\\\/logo\\\/image\\\/\",\"url\":\"https:\\\/\\\/peletizadoras.net\\\/wp-content\\\/uploads\\\/2025\\\/05\\\/logo-ecofricalia-tapasweb.png\",\"contentUrl\":\"https:\\\/\\\/peletizadoras.net\\\/wp-content\\\/uploads\\\/2025\\\/05\\\/logo-ecofricalia-tapasweb.png\",\"width\":881,\"height\":418,\"caption\":\"Ecofricalia. Soluciones Integrales para la Producci\u00f3n de Pellet\"},\"image\":{\"@id\":\"https:\\\/\\\/peletizadoras.net\\\/pt-pt\\\/#\\\/schema\\\/logo\\\/image\\\/\"},\"sameAs\":[\"https:\\\/\\\/www.facebook.com\\\/EcofricaliaSostenible\",\"https:\\\/\\\/x.com\\\/_ecofricalia\",\"https:\\\/\\\/www.youtube.com\\\/channel\\\/UCCvdG5pWUGvH4G5wP8TXuPw\",\"https:\\\/\\\/www.instagram.com\\\/ecofricalia_sostenible\\\/\"]}]}<\/script>\n<!-- \/ Yoast SEO plugin. -->","yoast_head_json":{"title":"Carregadoras Pneum\u00e1ticas SPV \u2013 Transporte de Pellets Eficiente","description":"Descubra as carregadoras pneum\u00e1ticas SPV para fornecimento de pellets a granel. Modelos SPV30 e SPV55, eficientes, ligeiras e f\u00e1ceis de usar com ve\u00edculos padr\u00e3o.","robots":{"index":"index","follow":"follow","max-snippet":"max-snippet:-1","max-image-preview":"max-image-preview:large","max-video-preview":"max-video-preview:-1"},"canonical":"https:\/\/peletizadoras.net\/pt-pt\/catalogo-maquinas-proceso-peletizado\/equipamentos-complementares\/carregadoras-pneumaticas-gama-spv\/","og_locale":"pt_PT","og_type":"article","og_title":"Carregadoras Pneum\u00e1ticas SPV \u2013 Transporte de Pellets Eficiente","og_description":"Descubra as carregadoras pneum\u00e1ticas SPV para fornecimento de pellets a granel. Modelos SPV30 e SPV55, eficientes, ligeiras e f\u00e1ceis de usar com ve\u00edculos padr\u00e3o.","og_url":"https:\/\/peletizadoras.net\/pt-pt\/catalogo-maquinas-proceso-peletizado\/equipamentos-complementares\/carregadoras-pneumaticas-gama-spv\/","og_site_name":"Ecofricalia. Soluciones Integrales para la Producci\u00f3n de Pellet","article_publisher":"https:\/\/www.facebook.com\/EcofricaliaSostenible","og_image":[{"width":1024,"height":768,"url":"https:\/\/peletizadoras.net\/wp-content\/uploads\/2025\/02\/cargadoras-neumaticas-gama-spv-pellets.jpg","type":"image\/jpeg"}],"twitter_card":"summary_large_image","twitter_site":"@_ecofricalia","schema":{"@context":"https:\/\/schema.org","@graph":[{"@type":"WebPage","@id":"https:\/\/peletizadoras.net\/pt-pt\/catalogo-maquinas-proceso-peletizado\/equipamentos-complementares\/carregadoras-pneumaticas-gama-spv\/","url":"https:\/\/peletizadoras.net\/pt-pt\/catalogo-maquinas-proceso-peletizado\/equipamentos-complementares\/carregadoras-pneumaticas-gama-spv\/","name":"Carregadoras Pneum\u00e1ticas SPV \u2013 Transporte de Pellets Eficiente","isPartOf":{"@id":"https:\/\/peletizadoras.net\/pt-pt\/#website"},"primaryImageOfPage":{"@id":"https:\/\/peletizadoras.net\/pt-pt\/catalogo-maquinas-proceso-peletizado\/equipamentos-complementares\/carregadoras-pneumaticas-gama-spv\/#primaryimage"},"image":{"@id":"https:\/\/peletizadoras.net\/pt-pt\/catalogo-maquinas-proceso-peletizado\/equipamentos-complementares\/carregadoras-pneumaticas-gama-spv\/#primaryimage"},"thumbnailUrl":"https:\/\/peletizadoras.net\/wp-content\/uploads\/2025\/02\/cargadoras-neumaticas-gama-spv-pellets.jpg","datePublished":"2025-02-23T13:04:49+00:00","description":"Descubra as carregadoras pneum\u00e1ticas SPV para fornecimento de pellets a granel. Modelos SPV30 e SPV55, eficientes, ligeiras e f\u00e1ceis de usar com ve\u00edculos padr\u00e3o.","breadcrumb":{"@id":"https:\/\/peletizadoras.net\/pt-pt\/catalogo-maquinas-proceso-peletizado\/equipamentos-complementares\/carregadoras-pneumaticas-gama-spv\/#breadcrumb"},"inLanguage":"pt-PT","potentialAction":[{"@type":"ReadAction","target":["https:\/\/peletizadoras.net\/pt-pt\/catalogo-maquinas-proceso-peletizado\/equipamentos-complementares\/carregadoras-pneumaticas-gama-spv\/"]}]},{"@type":"ImageObject","inLanguage":"pt-PT","@id":"https:\/\/peletizadoras.net\/pt-pt\/catalogo-maquinas-proceso-peletizado\/equipamentos-complementares\/carregadoras-pneumaticas-gama-spv\/#primaryimage","url":"https:\/\/peletizadoras.net\/wp-content\/uploads\/2025\/02\/cargadoras-neumaticas-gama-spv-pellets.jpg","contentUrl":"https:\/\/peletizadoras.net\/wp-content\/uploads\/2025\/02\/cargadoras-neumaticas-gama-spv-pellets.jpg","width":1024,"height":768},{"@type":"BreadcrumbList","@id":"https:\/\/peletizadoras.net\/pt-pt\/catalogo-maquinas-proceso-peletizado\/equipamentos-complementares\/carregadoras-pneumaticas-gama-spv\/#breadcrumb","itemListElement":[{"@type":"ListItem","position":1,"name":"Portada","item":"https:\/\/peletizadoras.net\/pt-pt\/pagina-de-inicio\/"},{"@type":"ListItem","position":2,"name":"Tienda","item":"https:\/\/peletizadoras.net\/tienda\/"},{"@type":"ListItem","position":3,"name":"Carregadoras Pneum\u00e1ticas Gama SPV"}]},{"@type":"WebSite","@id":"https:\/\/peletizadoras.net\/pt-pt\/#website","url":"https:\/\/peletizadoras.net\/pt-pt\/","name":"Ecofricalia. Soluciones Integrales para la Producci\u00f3n de Pellet","description":"Plantas y L\u00edneas industriales de peletizaci\u00f3n y m\u00e1quinas de fabricaci\u00f3n de pellet","publisher":{"@id":"https:\/\/peletizadoras.net\/pt-pt\/#organization"},"potentialAction":[{"@type":"SearchAction","target":{"@type":"EntryPoint","urlTemplate":"https:\/\/peletizadoras.net\/pt-pt\/?s={search_term_string}"},"query-input":{"@type":"PropertyValueSpecification","valueRequired":true,"valueName":"search_term_string"}}],"inLanguage":"pt-PT"},{"@type":"Organization","@id":"https:\/\/peletizadoras.net\/pt-pt\/#organization","name":"Ecofricalia. Soluciones Integrales para la Producci\u00f3n de Pellet","url":"https:\/\/peletizadoras.net\/pt-pt\/","logo":{"@type":"ImageObject","inLanguage":"pt-PT","@id":"https:\/\/peletizadoras.net\/pt-pt\/#\/schema\/logo\/image\/","url":"https:\/\/peletizadoras.net\/wp-content\/uploads\/2025\/05\/logo-ecofricalia-tapasweb.png","contentUrl":"https:\/\/peletizadoras.net\/wp-content\/uploads\/2025\/05\/logo-ecofricalia-tapasweb.png","width":881,"height":418,"caption":"Ecofricalia. Soluciones Integrales para la Producci\u00f3n de Pellet"},"image":{"@id":"https:\/\/peletizadoras.net\/pt-pt\/#\/schema\/logo\/image\/"},"sameAs":["https:\/\/www.facebook.com\/EcofricaliaSostenible","https:\/\/x.com\/_ecofricalia","https:\/\/www.youtube.com\/channel\/UCCvdG5pWUGvH4G5wP8TXuPw","https:\/\/www.instagram.com\/ecofricalia_sostenible\/"]}]}},"_links":{"self":[{"href":"https:\/\/peletizadoras.net\/pt-pt\/wp-json\/wp\/v2\/product\/103445","targetHints":{"allow":["GET"]}}],"collection":[{"href":"https:\/\/peletizadoras.net\/pt-pt\/wp-json\/wp\/v2\/product"}],"about":[{"href":"https:\/\/peletizadoras.net\/pt-pt\/wp-json\/wp\/v2\/types\/product"}],"wp:featuredmedia":[{"embeddable":true,"href":"https:\/\/peletizadoras.net\/pt-pt\/wp-json\/wp\/v2\/media\/103444"}],"wp:attachment":[{"href":"https:\/\/peletizadoras.net\/pt-pt\/wp-json\/wp\/v2\/media?parent=103445"}],"wp:term":[{"taxonomy":"product_brand","embeddable":true,"href":"https:\/\/peletizadoras.net\/pt-pt\/wp-json\/wp\/v2\/product_brand?post=103445"},{"taxonomy":"product_cat","embeddable":true,"href":"https:\/\/peletizadoras.net\/pt-pt\/wp-json\/wp\/v2\/product_cat?post=103445"},{"taxonomy":"product_tag","embeddable":true,"href":"https:\/\/peletizadoras.net\/pt-pt\/wp-json\/wp\/v2\/product_tag?post=103445"}],"curies":[{"name":"wp","href":"https:\/\/api.w.org\/{rel}","templated":true}]}}