{"id":103469,"date":"2025-02-23T14:04:20","date_gmt":"2025-02-23T13:04:20","guid":{"rendered":"https:\/\/peletizadoras.net\/catalogo-maquinas-proceso-peletizado\/sem categoria\/secadero-de-bandas-para-biomassa-e-estilhas-katres-e-ecofricalia\/"},"modified":"2025-02-23T14:04:20","modified_gmt":"2025-02-23T13:04:20","slug":"secadero-de-bandas-para-biomassa-e-estilhas-katres-e-ecofricalia","status":"publish","type":"product","link":"https:\/\/peletizadoras.net\/pt-pt\/catalogo-maquinas-proceso-peletizado\/equipamentos-complementares\/secadero-de-bandas-para-biomassa-e-estilhas-katres-e-ecofricalia\/","title":{"rendered":"Secadero de Bandas para Biomassa e Estilhas | KATRES e Ecofricalia"},"content":{"rendered":"<p>Um sistema de secagem \u00e9 essencial na fabrica\u00e7\u00e3o de pellets quando o res\u00edduo tem uma percentagem de humidade superior ao n\u00edvel necess\u00e1rio para peletizar. A escolha do secador adequado depender\u00e1 da produ\u00e7\u00e3o requerida, da humidade de entrada do material e das necessidades espec\u00edficas de cada cliente. <\/p>\n<p>Cada projeto exige um equipamento personalizado, tendo em conta aspetos como a localiza\u00e7\u00e3o, a altitude, o clima, o tipo e tamanho do res\u00edduo, e a produ\u00e7\u00e3o estimada. Nesse sentido, os secadores s\u00e3o estudados de maneira individualizada para garantir o melhor rendimento segundo as exig\u00eancias de cada projeto. <\/p>\n<p>Na Ecofricalia oferecemos secadores de cintas ou bandas a partir de 300 kg\/h de sa\u00edda, adaptados \u00e0s necessidades espec\u00edficas de cada projeto. N\u00e3o hesite em consultar-nos para encontrar a op\u00e7\u00e3o mais adequada para o seu caso. <\/p>\n<p>O Secadero de Cinta K est\u00e1 desenhado para secar materiais atrav\u00e9s de convec\u00e7\u00e3o a baixa temperatura, com uma gama de 40 a 120\u00b0C. \u00c9 ideal para materiais soltos como serradura, estilhas de madeira, palha, feno, culturas forrageiras, frutas, legumes, peda\u00e7os de beterraba, colza, cereais, milho, forragem granulada e n\u00e3o granulada, fertilizantes, digestato de plantas de biog\u00e1s e combust\u00edveis s\u00f3lidos alternativos. <\/p>\n<p>Este secador \u00e9 fabricado com materiais de alta qualidade, alum\u00ednio, a\u00e7o inoxid\u00e1vel e a\u00e7o galvanizado, o que o torna resistente tanto \u00e0s intemp\u00e9ries clim\u00e1ticas como ao ambiente agressivo gerado durante o processo de secagem. Al\u00e9m disso, pode ser instalado ao ar livre sem necessidade de prote\u00e7\u00e3o adicional. <\/p>\n<p>Desenhado para um funcionamento cont\u00ednuo durante todo o ano, o secador \u00e9 controlado atrav\u00e9s de um sistema de controlo autom\u00e1tico, o que garante uma opera\u00e7\u00e3o eficiente e sem interrup\u00e7\u00f5es.<\/p>\n<p>A sua estrutura modular, composta por componentes pr\u00e9-montados, permite uma r\u00e1pida instala\u00e7\u00e3o e entrega, com a possibilidade de ampliar a sua capacidade em caso de ser necess\u00e1rio, a um custo m\u00ednimo.<\/p>\n<p>Na <strong>Ecofricalia <\/strong>tamb\u00e9m oferecemos aconselhamento e assist\u00eancia t\u00e9cnica, al\u00e9m de um servi\u00e7o \u00e1gil de entrega de pe\u00e7as de substitui\u00e7\u00e3o, assegurando o bom funcionamento das suas instala\u00e7\u00f5es ao longo do tempo.<\/p>\n","protected":false},"excerpt":{"rendered":"<p data-pm-slice=\"1 1 []\">Sistema de secagem industrial por convec\u00e7\u00e3o a baixa temperatura (40-120\u00b0C), desenhado para reduzir a humidade de serradura, estilhas e res\u00edduos org\u00e2nicos, garantindo uma peletiza\u00e7\u00e3o ideal. Estrutura modular resistente \u00e0s intemp\u00e9ries (apta para exteriores), funcionamento cont\u00ednuo 24\/7 e poupan\u00e7a energ\u00e9tica de 40-50%. Capacidade adapt\u00e1vel a partir de 300 kg\/h.  <\/p>\n<p>Na <strong>Ecofricalia <\/strong>ajudamo-lo na sele\u00e7\u00e3o do secador adequado. PE\u00c7A INFORMA\u00c7\u00c3O OU OR\u00c7AMENTO SEM COMPROMISSO. <\/p>\n","protected":false},"featured_media":103467,"template":"","meta":{"_et_pb_use_builder":"","_et_pb_old_content":"","_et_gb_content_width":""},"product_brand":[],"product_cat":[153],"product_tag":[],"class_list":{"0":"post-103469","1":"product","2":"type-product","3":"status-publish","4":"has-post-thumbnail","6":"product_cat-equipamentos-complementares","8":"first","9":"instock","10":"shipping-taxable","11":"product-type-simple"},"yoast_head":"<!-- This site is optimized with the Yoast SEO plugin v27.3 - https:\/\/yoast.com\/product\/yoast-seo-wordpress\/ -->\n<title>Secador de Biomassa e Estilhas | Poupan\u00e7a Energ\u00e9tica | Ecofricalia<\/title>\n<meta name=\"description\" content=\"Otimize a sua planta de pellets com o Secador de Bandas Ecofricalia. Apto para exterior, poupan\u00e7a de 50% de energia e controlo autom\u00e1tico. Solicite estudo!\" \/>\n<meta name=\"robots\" content=\"index, follow, max-snippet:-1, max-image-preview:large, max-video-preview:-1\" \/>\n<link rel=\"canonical\" href=\"https:\/\/peletizadoras.net\/pt-pt\/catalogo-maquinas-proceso-peletizado\/equipamentos-complementares\/secadero-de-bandas-para-biomassa-e-estilhas-katres-e-ecofricalia\/\" \/>\n<meta property=\"og:locale\" content=\"pt_PT\" \/>\n<meta property=\"og:type\" content=\"article\" \/>\n<meta property=\"og:title\" content=\"Secador de Biomassa e Estilhas | Poupan\u00e7a Energ\u00e9tica | Ecofricalia\" \/>\n<meta property=\"og:description\" content=\"Otimize a sua planta de pellets com o Secador de Bandas Ecofricalia. Apto para exterior, poupan\u00e7a de 50% de energia e controlo autom\u00e1tico. Solicite estudo!\" \/>\n<meta property=\"og:url\" content=\"https:\/\/peletizadoras.net\/pt-pt\/catalogo-maquinas-proceso-peletizado\/equipamentos-complementares\/secadero-de-bandas-para-biomassa-e-estilhas-katres-e-ecofricalia\/\" \/>\n<meta property=\"og:site_name\" content=\"Ecofricalia. Soluciones Integrales para la Producci\u00f3n de Pellet\" \/>\n<meta property=\"article:publisher\" content=\"https:\/\/www.facebook.com\/EcofricaliaSostenible\" \/>\n<meta property=\"og:image\" content=\"https:\/\/peletizadoras.net\/wp-content\/uploads\/2025\/02\/secadero-bandas-biomasa-exterior-ecofricalia.webp\" \/>\n\t<meta property=\"og:image:width\" content=\"1024\" \/>\n\t<meta property=\"og:image:height\" content=\"624\" \/>\n\t<meta property=\"og:image:type\" content=\"image\/webp\" \/>\n<meta name=\"twitter:card\" content=\"summary_large_image\" \/>\n<meta name=\"twitter:site\" content=\"@_ecofricalia\" \/>\n<meta name=\"twitter:label1\" content=\"Tempo estimado de leitura\" \/>\n\t<meta name=\"twitter:data1\" content=\"2 minutos\" \/>\n<script type=\"application\/ld+json\" class=\"yoast-schema-graph\">{\"@context\":\"https:\\\/\\\/schema.org\",\"@graph\":[{\"@type\":\"WebPage\",\"@id\":\"https:\\\/\\\/peletizadoras.net\\\/pt-pt\\\/catalogo-maquinas-proceso-peletizado\\\/equipamentos-complementares\\\/secadero-de-bandas-para-biomassa-e-estilhas-katres-e-ecofricalia\\\/\",\"url\":\"https:\\\/\\\/peletizadoras.net\\\/pt-pt\\\/catalogo-maquinas-proceso-peletizado\\\/equipamentos-complementares\\\/secadero-de-bandas-para-biomassa-e-estilhas-katres-e-ecofricalia\\\/\",\"name\":\"Secador de Biomassa e Estilhas | Poupan\u00e7a Energ\u00e9tica | Ecofricalia\",\"isPartOf\":{\"@id\":\"https:\\\/\\\/peletizadoras.net\\\/pt-pt\\\/#website\"},\"primaryImageOfPage\":{\"@id\":\"https:\\\/\\\/peletizadoras.net\\\/pt-pt\\\/catalogo-maquinas-proceso-peletizado\\\/equipamentos-complementares\\\/secadero-de-bandas-para-biomassa-e-estilhas-katres-e-ecofricalia\\\/#primaryimage\"},\"image\":{\"@id\":\"https:\\\/\\\/peletizadoras.net\\\/pt-pt\\\/catalogo-maquinas-proceso-peletizado\\\/equipamentos-complementares\\\/secadero-de-bandas-para-biomassa-e-estilhas-katres-e-ecofricalia\\\/#primaryimage\"},\"thumbnailUrl\":\"https:\\\/\\\/peletizadoras.net\\\/wp-content\\\/uploads\\\/2025\\\/02\\\/secadero-bandas-biomasa-exterior-ecofricalia.webp\",\"datePublished\":\"2025-02-23T13:04:20+00:00\",\"description\":\"Otimize a sua planta de pellets com o Secador de Bandas Ecofricalia. Apto para exterior, poupan\u00e7a de 50% de energia e controlo autom\u00e1tico. Solicite estudo!\",\"breadcrumb\":{\"@id\":\"https:\\\/\\\/peletizadoras.net\\\/pt-pt\\\/catalogo-maquinas-proceso-peletizado\\\/equipamentos-complementares\\\/secadero-de-bandas-para-biomassa-e-estilhas-katres-e-ecofricalia\\\/#breadcrumb\"},\"inLanguage\":\"pt-PT\",\"potentialAction\":[{\"@type\":\"ReadAction\",\"target\":[\"https:\\\/\\\/peletizadoras.net\\\/pt-pt\\\/catalogo-maquinas-proceso-peletizado\\\/equipamentos-complementares\\\/secadero-de-bandas-para-biomassa-e-estilhas-katres-e-ecofricalia\\\/\"]}]},{\"@type\":\"ImageObject\",\"inLanguage\":\"pt-PT\",\"@id\":\"https:\\\/\\\/peletizadoras.net\\\/pt-pt\\\/catalogo-maquinas-proceso-peletizado\\\/equipamentos-complementares\\\/secadero-de-bandas-para-biomassa-e-estilhas-katres-e-ecofricalia\\\/#primaryimage\",\"url\":\"https:\\\/\\\/peletizadoras.net\\\/wp-content\\\/uploads\\\/2025\\\/02\\\/secadero-bandas-biomasa-exterior-ecofricalia.webp\",\"contentUrl\":\"https:\\\/\\\/peletizadoras.net\\\/wp-content\\\/uploads\\\/2025\\\/02\\\/secadero-bandas-biomasa-exterior-ecofricalia.webp\",\"width\":1024,\"height\":624,\"caption\":\"Secador de bandas industrial para biomassa instalado ao ar livre, estrutura modular de a\u00e7o galvanizado.\"},{\"@type\":\"BreadcrumbList\",\"@id\":\"https:\\\/\\\/peletizadoras.net\\\/pt-pt\\\/catalogo-maquinas-proceso-peletizado\\\/equipamentos-complementares\\\/secadero-de-bandas-para-biomassa-e-estilhas-katres-e-ecofricalia\\\/#breadcrumb\",\"itemListElement\":[{\"@type\":\"ListItem\",\"position\":1,\"name\":\"Portada\",\"item\":\"https:\\\/\\\/peletizadoras.net\\\/pt-pt\\\/pagina-de-inicio\\\/\"},{\"@type\":\"ListItem\",\"position\":2,\"name\":\"Tienda\",\"item\":\"https:\\\/\\\/peletizadoras.net\\\/tienda\\\/\"},{\"@type\":\"ListItem\",\"position\":3,\"name\":\"Secadero de Bandas para Biomassa e Estilhas | KATRES e Ecofricalia\"}]},{\"@type\":\"WebSite\",\"@id\":\"https:\\\/\\\/peletizadoras.net\\\/pt-pt\\\/#website\",\"url\":\"https:\\\/\\\/peletizadoras.net\\\/pt-pt\\\/\",\"name\":\"Ecofricalia. Soluciones Integrales para la Producci\u00f3n de Pellet\",\"description\":\"Plantas y L\u00edneas industriales de peletizaci\u00f3n y m\u00e1quinas de fabricaci\u00f3n de pellet\",\"publisher\":{\"@id\":\"https:\\\/\\\/peletizadoras.net\\\/pt-pt\\\/#organization\"},\"potentialAction\":[{\"@type\":\"SearchAction\",\"target\":{\"@type\":\"EntryPoint\",\"urlTemplate\":\"https:\\\/\\\/peletizadoras.net\\\/pt-pt\\\/?s={search_term_string}\"},\"query-input\":{\"@type\":\"PropertyValueSpecification\",\"valueRequired\":true,\"valueName\":\"search_term_string\"}}],\"inLanguage\":\"pt-PT\"},{\"@type\":\"Organization\",\"@id\":\"https:\\\/\\\/peletizadoras.net\\\/pt-pt\\\/#organization\",\"name\":\"Ecofricalia. Soluciones Integrales para la Producci\u00f3n de Pellet\",\"url\":\"https:\\\/\\\/peletizadoras.net\\\/pt-pt\\\/\",\"logo\":{\"@type\":\"ImageObject\",\"inLanguage\":\"pt-PT\",\"@id\":\"https:\\\/\\\/peletizadoras.net\\\/pt-pt\\\/#\\\/schema\\\/logo\\\/image\\\/\",\"url\":\"https:\\\/\\\/peletizadoras.net\\\/wp-content\\\/uploads\\\/2025\\\/05\\\/logo-ecofricalia-tapasweb.png\",\"contentUrl\":\"https:\\\/\\\/peletizadoras.net\\\/wp-content\\\/uploads\\\/2025\\\/05\\\/logo-ecofricalia-tapasweb.png\",\"width\":881,\"height\":418,\"caption\":\"Ecofricalia. Soluciones Integrales para la Producci\u00f3n de Pellet\"},\"image\":{\"@id\":\"https:\\\/\\\/peletizadoras.net\\\/pt-pt\\\/#\\\/schema\\\/logo\\\/image\\\/\"},\"sameAs\":[\"https:\\\/\\\/www.facebook.com\\\/EcofricaliaSostenible\",\"https:\\\/\\\/x.com\\\/_ecofricalia\",\"https:\\\/\\\/www.youtube.com\\\/channel\\\/UCCvdG5pWUGvH4G5wP8TXuPw\",\"https:\\\/\\\/www.instagram.com\\\/ecofricalia_sostenible\\\/\"]}]}<\/script>\n<!-- \/ Yoast SEO plugin. -->","yoast_head_json":{"title":"Secador de Biomassa e Estilhas | Poupan\u00e7a Energ\u00e9tica | Ecofricalia","description":"Otimize a sua planta de pellets com o Secador de Bandas Ecofricalia. Apto para exterior, poupan\u00e7a de 50% de energia e controlo autom\u00e1tico. Solicite estudo!","robots":{"index":"index","follow":"follow","max-snippet":"max-snippet:-1","max-image-preview":"max-image-preview:large","max-video-preview":"max-video-preview:-1"},"canonical":"https:\/\/peletizadoras.net\/pt-pt\/catalogo-maquinas-proceso-peletizado\/equipamentos-complementares\/secadero-de-bandas-para-biomassa-e-estilhas-katres-e-ecofricalia\/","og_locale":"pt_PT","og_type":"article","og_title":"Secador de Biomassa e Estilhas | Poupan\u00e7a Energ\u00e9tica | Ecofricalia","og_description":"Otimize a sua planta de pellets com o Secador de Bandas Ecofricalia. Apto para exterior, poupan\u00e7a de 50% de energia e controlo autom\u00e1tico. Solicite estudo!","og_url":"https:\/\/peletizadoras.net\/pt-pt\/catalogo-maquinas-proceso-peletizado\/equipamentos-complementares\/secadero-de-bandas-para-biomassa-e-estilhas-katres-e-ecofricalia\/","og_site_name":"Ecofricalia. Soluciones Integrales para la Producci\u00f3n de Pellet","article_publisher":"https:\/\/www.facebook.com\/EcofricaliaSostenible","og_image":[{"width":1024,"height":624,"url":"https:\/\/peletizadoras.net\/wp-content\/uploads\/2025\/02\/secadero-bandas-biomasa-exterior-ecofricalia.webp","type":"image\/webp"}],"twitter_card":"summary_large_image","twitter_site":"@_ecofricalia","twitter_misc":{"Tempo estimado de leitura":"2 minutos"},"schema":{"@context":"https:\/\/schema.org","@graph":[{"@type":"WebPage","@id":"https:\/\/peletizadoras.net\/pt-pt\/catalogo-maquinas-proceso-peletizado\/equipamentos-complementares\/secadero-de-bandas-para-biomassa-e-estilhas-katres-e-ecofricalia\/","url":"https:\/\/peletizadoras.net\/pt-pt\/catalogo-maquinas-proceso-peletizado\/equipamentos-complementares\/secadero-de-bandas-para-biomassa-e-estilhas-katres-e-ecofricalia\/","name":"Secador de Biomassa e Estilhas | Poupan\u00e7a Energ\u00e9tica | Ecofricalia","isPartOf":{"@id":"https:\/\/peletizadoras.net\/pt-pt\/#website"},"primaryImageOfPage":{"@id":"https:\/\/peletizadoras.net\/pt-pt\/catalogo-maquinas-proceso-peletizado\/equipamentos-complementares\/secadero-de-bandas-para-biomassa-e-estilhas-katres-e-ecofricalia\/#primaryimage"},"image":{"@id":"https:\/\/peletizadoras.net\/pt-pt\/catalogo-maquinas-proceso-peletizado\/equipamentos-complementares\/secadero-de-bandas-para-biomassa-e-estilhas-katres-e-ecofricalia\/#primaryimage"},"thumbnailUrl":"https:\/\/peletizadoras.net\/wp-content\/uploads\/2025\/02\/secadero-bandas-biomasa-exterior-ecofricalia.webp","datePublished":"2025-02-23T13:04:20+00:00","description":"Otimize a sua planta de pellets com o Secador de Bandas Ecofricalia. Apto para exterior, poupan\u00e7a de 50% de energia e controlo autom\u00e1tico. Solicite estudo!","breadcrumb":{"@id":"https:\/\/peletizadoras.net\/pt-pt\/catalogo-maquinas-proceso-peletizado\/equipamentos-complementares\/secadero-de-bandas-para-biomassa-e-estilhas-katres-e-ecofricalia\/#breadcrumb"},"inLanguage":"pt-PT","potentialAction":[{"@type":"ReadAction","target":["https:\/\/peletizadoras.net\/pt-pt\/catalogo-maquinas-proceso-peletizado\/equipamentos-complementares\/secadero-de-bandas-para-biomassa-e-estilhas-katres-e-ecofricalia\/"]}]},{"@type":"ImageObject","inLanguage":"pt-PT","@id":"https:\/\/peletizadoras.net\/pt-pt\/catalogo-maquinas-proceso-peletizado\/equipamentos-complementares\/secadero-de-bandas-para-biomassa-e-estilhas-katres-e-ecofricalia\/#primaryimage","url":"https:\/\/peletizadoras.net\/wp-content\/uploads\/2025\/02\/secadero-bandas-biomasa-exterior-ecofricalia.webp","contentUrl":"https:\/\/peletizadoras.net\/wp-content\/uploads\/2025\/02\/secadero-bandas-biomasa-exterior-ecofricalia.webp","width":1024,"height":624,"caption":"Secador de bandas industrial para biomassa instalado ao ar livre, estrutura modular de a\u00e7o galvanizado."},{"@type":"BreadcrumbList","@id":"https:\/\/peletizadoras.net\/pt-pt\/catalogo-maquinas-proceso-peletizado\/equipamentos-complementares\/secadero-de-bandas-para-biomassa-e-estilhas-katres-e-ecofricalia\/#breadcrumb","itemListElement":[{"@type":"ListItem","position":1,"name":"Portada","item":"https:\/\/peletizadoras.net\/pt-pt\/pagina-de-inicio\/"},{"@type":"ListItem","position":2,"name":"Tienda","item":"https:\/\/peletizadoras.net\/tienda\/"},{"@type":"ListItem","position":3,"name":"Secadero de Bandas para Biomassa e Estilhas | KATRES e Ecofricalia"}]},{"@type":"WebSite","@id":"https:\/\/peletizadoras.net\/pt-pt\/#website","url":"https:\/\/peletizadoras.net\/pt-pt\/","name":"Ecofricalia. Soluciones Integrales para la Producci\u00f3n de Pellet","description":"Plantas y L\u00edneas industriales de peletizaci\u00f3n y m\u00e1quinas de fabricaci\u00f3n de pellet","publisher":{"@id":"https:\/\/peletizadoras.net\/pt-pt\/#organization"},"potentialAction":[{"@type":"SearchAction","target":{"@type":"EntryPoint","urlTemplate":"https:\/\/peletizadoras.net\/pt-pt\/?s={search_term_string}"},"query-input":{"@type":"PropertyValueSpecification","valueRequired":true,"valueName":"search_term_string"}}],"inLanguage":"pt-PT"},{"@type":"Organization","@id":"https:\/\/peletizadoras.net\/pt-pt\/#organization","name":"Ecofricalia. Soluciones Integrales para la Producci\u00f3n de Pellet","url":"https:\/\/peletizadoras.net\/pt-pt\/","logo":{"@type":"ImageObject","inLanguage":"pt-PT","@id":"https:\/\/peletizadoras.net\/pt-pt\/#\/schema\/logo\/image\/","url":"https:\/\/peletizadoras.net\/wp-content\/uploads\/2025\/05\/logo-ecofricalia-tapasweb.png","contentUrl":"https:\/\/peletizadoras.net\/wp-content\/uploads\/2025\/05\/logo-ecofricalia-tapasweb.png","width":881,"height":418,"caption":"Ecofricalia. Soluciones Integrales para la Producci\u00f3n de Pellet"},"image":{"@id":"https:\/\/peletizadoras.net\/pt-pt\/#\/schema\/logo\/image\/"},"sameAs":["https:\/\/www.facebook.com\/EcofricaliaSostenible","https:\/\/x.com\/_ecofricalia","https:\/\/www.youtube.com\/channel\/UCCvdG5pWUGvH4G5wP8TXuPw","https:\/\/www.instagram.com\/ecofricalia_sostenible\/"]}]}},"_links":{"self":[{"href":"https:\/\/peletizadoras.net\/pt-pt\/wp-json\/wp\/v2\/product\/103469","targetHints":{"allow":["GET"]}}],"collection":[{"href":"https:\/\/peletizadoras.net\/pt-pt\/wp-json\/wp\/v2\/product"}],"about":[{"href":"https:\/\/peletizadoras.net\/pt-pt\/wp-json\/wp\/v2\/types\/product"}],"wp:featuredmedia":[{"embeddable":true,"href":"https:\/\/peletizadoras.net\/pt-pt\/wp-json\/wp\/v2\/media\/103467"}],"wp:attachment":[{"href":"https:\/\/peletizadoras.net\/pt-pt\/wp-json\/wp\/v2\/media?parent=103469"}],"wp:term":[{"taxonomy":"product_brand","embeddable":true,"href":"https:\/\/peletizadoras.net\/pt-pt\/wp-json\/wp\/v2\/product_brand?post=103469"},{"taxonomy":"product_cat","embeddable":true,"href":"https:\/\/peletizadoras.net\/pt-pt\/wp-json\/wp\/v2\/product_cat?post=103469"},{"taxonomy":"product_tag","embeddable":true,"href":"https:\/\/peletizadoras.net\/pt-pt\/wp-json\/wp\/v2\/product_tag?post=103469"}],"curies":[{"name":"wp","href":"https:\/\/api.w.org\/{rel}","templated":true}]}}